{"id":5093,"date":"2025-10-06T21:50:00","date_gmt":"2025-10-06T18:50:00","guid":{"rendered":"https:\/\/wristbandfactory.eu\/?post_type=product&#038;p=5093"},"modified":"2026-04-01T21:52:04","modified_gmt":"2026-04-01T18:52:04","slug":"custom-iron-medals-with-full-color-doming","status":"publish","type":"product","link":"https:\/\/displayproducts.eu\/lv\/p\/custom-iron-medals-with-full-color-doming\/","title":{"rendered":"Piel\u0101gotas dzelzs meda\u013cas ar pilnkr\u0101su kupolu"},"content":{"rendered":"<p>Ieg\u016bstiet spilgtu, pilnkr\u0101su apbalvojumu par izcilu cenu ar m\u016bsu piel\u0101gotaj\u0101m dzelzs meda\u013c\u0101m ar kupolu. \u0160\u012b opcija ir ide\u0101ls risin\u0101jums, lai atdz\u012bvin\u0101tu sare\u017e\u0123\u012btus logotipus, att\u0113lus un gradientus uz izmaksu zi\u0146\u0101 efekt\u012bvas meda\u013cas, padarot to ide\u0101li piem\u0113rotu liela m\u0113roga pas\u0101kumiem, rekl\u0101mas kampa\u0146\u0101m un turn\u012briem, kur svar\u012bgs ir gan bud\u017eets, gan vizu\u0101lais efekts.<\/p>\n<p><b>Pilnkr\u0101su par gudru bud\u017eetu<\/b> \u0160\u012b meda\u013ca apvieno iztur\u012bgu dzelzs pamatni ar modernu, pilnkr\u0101su kupolveida apdari. Kupolveida apstr\u0101des process ietver caursp\u012bd\u012bgas, skr\u0101p\u0113jumiem iztur\u012bgas poliuret\u0101na sve\u0137u k\u0101rtas uzkl\u0101\u0161anu uz j\u016bsu iespiest\u0101 dizaina, kas to aizsarg\u0101 un pie\u0161\u0137ir tam sp\u012bd\u012bgu 3D efektu. Izmantojot dzelzs pamatni, m\u0113s varam pied\u0101v\u0101t \u0161o izcilo, pilnkr\u0101su stilu par pieejam\u0101ku cenu. \u0160\u012bs meda\u013cas var izgatavot jebkur\u0101 piel\u0101got\u0101 form\u0101 l\u012bdz 50 mm.<\/p>\n<p><b>Piln\u012bgas piel\u0101go\u0161anas iesp\u0113jas<\/b><\/p>\n<ul>\n<li><b>Meda\u013ca:<\/b> J\u016bsu dizainu var izgatavot jebkur\u0101 piel\u0101got\u0101 form\u0101. Izv\u0113lieties no 8 da\u017e\u0101d\u0101m met\u0101la apmales p\u0101rkl\u0101juma kr\u0101s\u0101m un personaliz\u0113jiet katru meda\u013cu ar individu\u0101liem v\u0101rdiem, cipariem vai iegrav\u0113tu logotipu aizmugur\u0113.<\/li>\n<li><b>Lente:<\/b> Katrai meda\u013cai ir pievienota 80 cm gara poliestera lente ar V veida \u0161uv\u0113m. Lentes var izgatavot l\u012bdz pat 3 j\u016bsu izv\u0113l\u0113taj\u0101s kr\u0101s\u0101s, un j\u016bs varat pievienot savu sietspiedes logotipu vien\u0101 vai ab\u0101s pus\u0113s.<\/li>\n<\/ul>\n<p>&nbsp;<\/p>\n<p><b>\u201cUzvaro\u0161o meda\u013cu\u201d pakete<\/b> \u0160im meda\u013cu veidam ir pieejams ar\u012b m\u016bsu unik\u0101lais komplekts \u201cUzvar\u0113t\u0101ju meda\u013cas\u201d, kas \u013cauj pas\u016bt\u012bjum\u0101 iek\u013caut 1., 2. un 3. vietas meda\u013cu komplektu, lai izveidotu piln\u012bgu un pieejamu apbalvo\u0161anas risin\u0101jumu.<\/p>\n<p><b>Galven\u0101s iez\u012bmes:<\/b><\/p>\n<ul>\n<li><b>Izmaksu zi\u0146\u0101 efekt\u012bva dzelzs pamatne:<\/b> Ide\u0101la izv\u0113le lieliem pas\u016bt\u012bjumiem un bud\u017eeta zi\u0146\u0101 ierobe\u017eotiem pas\u0101kumiem.<\/li>\n<li><b>Pilnkr\u0101su kupolveida apdare:<\/b> Lieliski atveido sare\u017e\u0123\u012btus logotipus, fotoatt\u0113lus un kr\u0101su gradientus.<\/li>\n<li><b>Skr\u0101p\u0113jumiem iztur\u012bgs sp\u012bd\u012bgs kupols:<\/b> Aizsarg\u0101 j\u016bsu dizainu un pie\u0161\u0137ir tam augst\u0101k\u0101s kvalit\u0101tes 3D izskatu.<\/li>\n<li><b>Piln\u012bb\u0101 piel\u0101gota forma:<\/b> Izveidojiet unik\u0101lu meda\u013cu, kas p\u0101rst\u0101v j\u016bsu z\u012bmolu vai pas\u0101kumu.<\/li>\n<li><b>Pieejam\u0101 pakete \u201cUzvar\u0113t\u0101ju meda\u013cas\u201d:<\/b> Viegli iek\u013caujiet 1., 2. un 3. vietas meda\u013cas.<\/li>\n<li><b>Individu\u0101la v\u0101rda un numura grav\u0113\u0161ana:<\/b> Personaliz\u0113jiet katru meda\u013cu sa\u0146\u0113m\u0113jam.<\/li>\n<li><b>Papildus iegrav\u0113ts logotips aizmugur\u0113:<\/b> Pievienojiet papildu z\u012bmolu meda\u013cas aizmugur\u0113.<\/li>\n<li><b>Iek\u013cautas piel\u0101gojamas V veida \u0161uves lentes:<\/b> Izv\u0113lieties kr\u0101sas un pievienojiet savu logotipu.<\/li>\n<\/ul>","protected":false},"excerpt":{"rendered":"<p>Ieg\u016bstiet spilgtas, pilnkr\u0101su, piel\u0101gotas meda\u013cas par nep\u0101rsp\u0113jamu cenu. M\u016bsu dzelzs meda\u013cas ar sp\u012bd\u012bgu kupolveida apdari ir ide\u0101li piem\u0113rotas sare\u017e\u0123\u012btu logotipu reproduc\u0113\u0161anai uz bud\u017eetam draudz\u012bgiem apbalvojumiem.<\/p>","protected":false},"featured_media":6464,"comment_status":"closed","ping_status":"closed","template":"","meta":[],"product_brand":[],"product_cat":[68,102,45],"product_tag":[],"class_list":{"0":"post-5093","1":"product","2":"type-product","3":"status-publish","4":"has-post-thumbnail","6":"product_cat-event-supplies","7":"product_cat-medals","8":"product_cat-other","10":"first","11":"instock","12":"shipping-taxable","13":"purchasable","14":"product-type-simple"},"_links":{"self":[{"href":"https:\/\/displayproducts.eu\/lv\/wp-json\/wp\/v2\/product\/5093","targetHints":{"allow":["GET"]}}],"collection":[{"href":"https:\/\/displayproducts.eu\/lv\/wp-json\/wp\/v2\/product"}],"about":[{"href":"https:\/\/displayproducts.eu\/lv\/wp-json\/wp\/v2\/types\/product"}],"replies":[{"embeddable":true,"href":"https:\/\/displayproducts.eu\/lv\/wp-json\/wp\/v2\/comments?post=5093"}],"wp:featuredmedia":[{"embeddable":true,"href":"https:\/\/displayproducts.eu\/lv\/wp-json\/wp\/v2\/media\/6464"}],"wp:attachment":[{"href":"https:\/\/displayproducts.eu\/lv\/wp-json\/wp\/v2\/media?parent=5093"}],"wp:term":[{"taxonomy":"product_brand","embeddable":true,"href":"https:\/\/displayproducts.eu\/lv\/wp-json\/wp\/v2\/product_brand?post=5093"},{"taxonomy":"product_cat","embeddable":true,"href":"https:\/\/displayproducts.eu\/lv\/wp-json\/wp\/v2\/product_cat?post=5093"},{"taxonomy":"product_tag","embeddable":true,"href":"https:\/\/displayproducts.eu\/lv\/wp-json\/wp\/v2\/product_tag?post=5093"}],"curies":[{"name":"wp","href":"https:\/\/api.w.org\/{rel}","templated":true}]}}