{"id":5088,"date":"2025-10-06T21:44:18","date_gmt":"2025-10-06T18:44:18","guid":{"rendered":"https:\/\/wristbandfactory.eu\/?post_type=product&#038;p=5088"},"modified":"2026-04-01T21:52:35","modified_gmt":"2026-04-01T18:52:35","slug":"custom-medals-with-full-color-doming","status":"publish","type":"product","link":"https:\/\/displayproducts.eu\/lv\/p\/custom-medals-with-full-color-doming\/","title":{"rendered":"Piel\u0101gotas meda\u013cas ar pilnkr\u0101su kupolu"},"content":{"rendered":"<p>Dizainiem, kam nepiecie\u0161amas spilgtas, pilnkr\u0101su deta\u013cas, m\u016bsu piel\u0101got\u0101s meda\u013cas ar kupolu ir ide\u0101ls risin\u0101jums. \u0160\u012b tehnika \u013cauj perfekti reproduc\u0113t sare\u017e\u0123\u012btus logotipus, gradientus un pat fotoatt\u0113lus, kurus p\u0113c tam aizsarg\u0101 krist\u0101ldzidrs, skr\u0101p\u0113jumiem iztur\u012bgs kupols. T\u0101 ir lab\u0101k\u0101 izv\u0113le moderniem, uzman\u012bbu piesaisto\u0161iem apbalvojumiem.<\/p>\n<p><b>Spilgta pilnkr\u0101su apdare<\/b> Kupolveida veido\u0161anas process ietver caursp\u012bd\u012bgas poliuret\u0101na sve\u0137u k\u0101rtas uzkl\u0101\u0161anu virs pilnkr\u0101su druk\u0101ta dizaina. Tas rada iztur\u012bgu, sp\u012bd\u012bgu 3D burbu\u013ca efektu, kas izce\u013c j\u016bsu m\u0101kslas darbu un aizsarg\u0101 to no nodiluma. Meda\u013cas pamatne ir izgatavota no augst\u0101k\u0101s kvalit\u0101tes cinka sakaus\u0113juma, kas \u013cauj pa\u0161u meda\u013cu veidot jebkur\u0101 sare\u017e\u0123\u012bt\u0101 form\u0101 ar smalk\u0101m deta\u013c\u0101m un piel\u0101gotiem izgriezumiem (caurumiem), kas perfekti ier\u0101m\u0113 j\u016bsu kr\u0101saino dizainu.<\/p>\n<p><b>Piln\u012bgas piel\u0101go\u0161anas iesp\u0113jas<\/b><\/p>\n<ul>\n<li><b>Meda\u013ca:<\/b> J\u016bsu dizainu var izgatavot jebkur\u0101 piel\u0101got\u0101 form\u0101. Izv\u0113lieties no 8 da\u017e\u0101d\u0101m met\u0101la pamatnes ap\u0161uvuma kr\u0101s\u0101m. P\u0113c izv\u0113les varat pievienot paceltu vai iegremd\u0113tu logotipa dizainu aizmugur\u0113, k\u0101 ar\u012b iegrav\u0113t individu\u0101lus v\u0101rdus un ciparus.<\/li>\n<li><b>Lente:<\/b> Katrai meda\u013cai ir pievienota 80 cm gara poliestera lente ar cilpu \u0161uv\u0113m. Lentes var izgatavot l\u012bdz pat 3 j\u016bsu izv\u0113l\u0113taj\u0101s kr\u0101s\u0101s, un j\u016bs varat pievienot savu sietspiedes logotipu vien\u0101 vai ab\u0101s pus\u0113s.<\/li>\n<\/ul>\n<p>&nbsp;<\/p>\n<p><b>\u201cUzvaro\u0161o meda\u013cu\u201d pakete<\/b> \u0160im meda\u013cu stilam ir pieejams ar\u012b m\u016bsu unik\u0101lais \u201cUzvar\u0113t\u0101ju meda\u013cu\u201d komplekts. Jebkuram pas\u016bt\u012bjumam varat izv\u0113l\u0113ties tr\u012bs meda\u013cas, kas izgatavotas ar klasisko zelta, sudraba un bronzas p\u0101rkl\u0101jumu 1., 2. un 3. vietai, t\u0101d\u0113j\u0101di izveidojot piln\u012bgu apbalvojumu komplektu j\u016bsu sacens\u012bb\u0101m.<\/p>\n<p><b>Galven\u0101s iez\u012bmes:<\/b><\/p>\n<ul>\n<li><b>Pilnkr\u0101su kupolveida apdare:<\/b> Lieliski piem\u0113rots sare\u017e\u0123\u012btiem logotipiem, fotoatt\u0113liem un kr\u0101su gradientiem.<\/li>\n<li><b>Augst\u0101k\u0101s kvalit\u0101tes cinka sakaus\u0113juma materi\u0101ls:<\/b> \u013bauj veidot sare\u017e\u0123\u012btas piel\u0101gotas formas un izgriezumus meda\u013cas pamatnei.<\/li>\n<li><b>Skr\u0101p\u0113jumiem iztur\u012bgs sp\u012bd\u012bgs kupols:<\/b> Aizsarg\u0101 dizainu un pie\u0161\u0137ir izcilu 3D izskatu.<\/li>\n<li><b>Piln\u012bb\u0101 piel\u0101gota forma:<\/b> J\u016bsu meda\u013cu var atliet jebkur\u0101 form\u0101, lai t\u0101 p\u0101rst\u0101v\u0113tu j\u016bsu z\u012bmolu vai notikumu.<\/li>\n<li><b>Pieejam\u0101 pakete \u201cUzvar\u0113t\u0101ju meda\u013cas\u201d:<\/b> Sav\u0101 pas\u016bt\u012bjum\u0101 \u0113rti iek\u013caujiet 1., 2. un 3. vietas meda\u013cas.<\/li>\n<li><b>Individu\u0101la v\u0101rda un numura grav\u0113\u0161ana:<\/b> Personaliz\u0113jiet katru meda\u013cu sa\u0146\u0113m\u0113jam.<\/li>\n<li><b>Iek\u013cautas piel\u0101gojamas cilpu d\u016brienu lentes:<\/b> Izv\u0113lieties kr\u0101sas un pievienojiet savu logotipu.<\/li>\n<li><b>8 meda\u013cas pamatnes p\u0101rkl\u0101juma kr\u0101sas:<\/b> Izv\u0113lieties perfektu met\u0101lisku apdari, kas papildina j\u016bsu dizainu.<\/li>\n<\/ul>","protected":false},"excerpt":{"rendered":"<p>Atdz\u012bviniet savus ko\u0161os, pilnkr\u0101su dizainus ar m\u016bsu piel\u0101gotaj\u0101m kupolveida meda\u013c\u0101m. T\u0101s ir izgatavotas no augst\u0101k\u0101s kvalit\u0101tes cinka sakaus\u0113juma, un t\u0101m ir sp\u012bd\u012bgs, aizsarg\u0101jo\u0161s kupolveida p\u0101rkl\u0101jums virs j\u016bsu druk\u0101t\u0101 logotipa vai att\u0113la.<\/p>","protected":false},"featured_media":6471,"comment_status":"closed","ping_status":"closed","template":"","meta":[],"product_brand":[],"product_cat":[102,45],"product_tag":[],"class_list":{"0":"post-5088","1":"product","2":"type-product","3":"status-publish","4":"has-post-thumbnail","6":"product_cat-medals","7":"product_cat-other","9":"first","10":"instock","11":"shipping-taxable","12":"purchasable","13":"product-type-simple"},"_links":{"self":[{"href":"https:\/\/displayproducts.eu\/lv\/wp-json\/wp\/v2\/product\/5088","targetHints":{"allow":["GET"]}}],"collection":[{"href":"https:\/\/displayproducts.eu\/lv\/wp-json\/wp\/v2\/product"}],"about":[{"href":"https:\/\/displayproducts.eu\/lv\/wp-json\/wp\/v2\/types\/product"}],"replies":[{"embeddable":true,"href":"https:\/\/displayproducts.eu\/lv\/wp-json\/wp\/v2\/comments?post=5088"}],"wp:featuredmedia":[{"embeddable":true,"href":"https:\/\/displayproducts.eu\/lv\/wp-json\/wp\/v2\/media\/6471"}],"wp:attachment":[{"href":"https:\/\/displayproducts.eu\/lv\/wp-json\/wp\/v2\/media?parent=5088"}],"wp:term":[{"taxonomy":"product_brand","embeddable":true,"href":"https:\/\/displayproducts.eu\/lv\/wp-json\/wp\/v2\/product_brand?post=5088"},{"taxonomy":"product_cat","embeddable":true,"href":"https:\/\/displayproducts.eu\/lv\/wp-json\/wp\/v2\/product_cat?post=5088"},{"taxonomy":"product_tag","embeddable":true,"href":"https:\/\/displayproducts.eu\/lv\/wp-json\/wp\/v2\/product_tag?post=5088"}],"curies":[{"name":"wp","href":"https:\/\/api.w.org\/{rel}","templated":true}]}}