{"id":5083,"date":"2025-10-06T21:37:53","date_gmt":"2025-10-06T18:37:53","guid":{"rendered":"https:\/\/wristbandfactory.eu\/?post_type=product&#038;p=5083"},"modified":"2026-04-01T21:52:35","modified_gmt":"2026-04-01T18:52:35","slug":"custom-3d-relief-iron-medals","status":"publish","type":"product","link":"https:\/\/displayproducts.eu\/lv\/p\/custom-3d-relief-iron-medals\/","title":{"rendered":"Piel\u0101gotas 3D reljefa dzelzs meda\u013cas"},"content":{"rendered":"<p>Pie\u0161\u0137iriet saviem apbalvojumiem klasisku, augstas klases izskatu par augst\u0101ko cenu. M\u016bsu piel\u0101got\u0101s 3D reljefa dzelzs meda\u013cas pied\u0101v\u0101 neemalj\u0113ta, lieta dizaina izsmalcin\u0101tu est\u0113tiku apvienojum\u0101 ar dzelzs izmaksu zi\u0146\u0101 efekt\u012bvaj\u0101m priek\u0161roc\u012bb\u0101m, padarot t\u0101s par ide\u0101lu izv\u0113li liela m\u0113roga pas\u0101kumiem, sacens\u012bb\u0101m un turn\u012briem.<\/p>\n<p><b>Klasisks met\u0101ls par lielisku cenu<\/b> \u0160is meda\u013cas stils koncentr\u0113jas uz pa\u0161a met\u0101la 3D tekst\u016bru un deta\u013c\u0101m, radot m\u016b\u017e\u012bgu apbalvojumu ar taust\u0101mu, reljefu apdari. Izmantojot dzelzi, m\u0113s varam pied\u0101v\u0101t \u0161o eleganto stilu par pieejamu cenu. Lai gan dzelzs ir bud\u017eetam draudz\u012bg\u0101ks un ne\u013cauj veidot izgriezumus k\u0101 cinka sakaus\u0113jums, tas joproj\u0101m nodro\u0161ina iztur\u012bgu, svara saj\u016btu un skaistu, detaliz\u0113tu apdari dizainiem l\u012bdz 50 mm platum\u0101.<\/p>\n<p><b>Piln\u012bgas piel\u0101go\u0161anas iesp\u0113jas<\/b><\/p>\n<ul>\n<li><b>Meda\u013ca:<\/b> J\u016bsu dizainu var izgatavot jebkur\u0101 piel\u0101got\u0101 form\u0101. Izv\u0113lieties no 8 da\u017e\u0101d\u0101m ap\u0161uvuma kr\u0101s\u0101m un personaliz\u0113jiet katru meda\u013cu ar individu\u0101liem v\u0101rdiem, cipariem vai iegrav\u0113tu logotipu aizmugur\u0113.<\/li>\n<li><b>Lente:<\/b> Katrai meda\u013cai ir pievienota 80 cm gara poliestera lente ar V veida \u0161uv\u0113m. Lentes var izgatavot l\u012bdz pat 3 j\u016bsu izv\u0113l\u0113taj\u0101s kr\u0101s\u0101s, un j\u016bs varat pievienot savu sietspiedes logotipu vien\u0101 vai ab\u0101s pus\u0113s.<\/li>\n<\/ul>\n<p>&nbsp;<\/p>\n<p><b>\u201cUzvaro\u0161o meda\u013cu\u201d pakete<\/b> \u0160im meda\u013cu veidam ir pieejams ar\u012b m\u016bsu unik\u0101lais komplekts \u201cUzvar\u0113t\u0101ju meda\u013cas\u201d, kas \u013cauj pas\u016bt\u012bjum\u0101 iek\u013caut 1., 2. un 3. vietas meda\u013cu komplektu, t\u0101d\u0113j\u0101di pie\u0161\u0137irot iev\u0113rojamu v\u0113rt\u012bbu sacens\u012bb\u0101m.<\/p>\n<p><b>Galven\u0101s iez\u012bmes:<\/b><\/p>\n<ul>\n<li><b>Izmaksu zi\u0146\u0101 efekt\u012bvs dzelzs materi\u0101ls:<\/b> Lieliska izv\u0113le, lai pan\u0101ktu klasisku izskatu par pie\u0146emamu cenu.<\/li>\n<li><b>Klasisks 3D reljefa dizains:<\/b> Neemalj\u0113ta, piln\u012bb\u0101 met\u0101la apdare izsmalcin\u0101tam izskatam.<\/li>\n<li><b>Piln\u012bb\u0101 piel\u0101gota forma:<\/b> J\u016bsu meda\u013cu var izgatavot jebk\u0101d\u0101 form\u0101, lai t\u0101 p\u0101rst\u0101v\u0113tu j\u016bsu z\u012bmolu vai notikumu.<\/li>\n<li><b>Pieejam\u0101 pakete \u201cUzvar\u0113t\u0101ju meda\u013cas\u201d:<\/b> Viegli iek\u013caujiet 1., 2. un 3. vietas meda\u013cas.<\/li>\n<li><b>Individu\u0101la v\u0101rda un numura grav\u0113\u0161ana:<\/b> Personaliz\u0113jiet katru meda\u013cu sa\u0146\u0113m\u0113jam.<\/li>\n<li><b>Papildus iegrav\u0113ts logotips aizmugur\u0113:<\/b> Pievienojiet papildu z\u012bmolu meda\u013cas aizmugur\u0113.<\/li>\n<li><b>Iek\u013cautas piel\u0101gojamas V veida \u0161uves lentes:<\/b> Izv\u0113lieties kr\u0101sas un pievienojiet savu logotipu.<\/li>\n<li><b>8 da\u017e\u0101das p\u0101rkl\u0101juma kr\u0101sas:<\/b> Izv\u0113lieties savam dizainam perfektu met\u0101lisku apdari.<\/li>\n<\/ul>","protected":false},"excerpt":{"rendered":"<p>Ieg\u016bstiet m\u016b\u017e\u012bgu, klasisku apbalvojumu par lielisku cenu ar m\u016bsu 3D reljefa dzelzs meda\u013c\u0101m. \u0160\u012bm neemalj\u0113taj\u0101m meda\u013c\u0101m ir detaliz\u0113ts met\u0101lisks dizains, kas ir ide\u0101li piem\u0113rots augstas klases izskatam par pie\u0146emamu cenu.<\/p>","protected":false},"featured_media":6451,"comment_status":"closed","ping_status":"closed","template":"","meta":[],"product_brand":[],"product_cat":[102],"product_tag":[],"class_list":{"0":"post-5083","1":"product","2":"type-product","3":"status-publish","4":"has-post-thumbnail","6":"product_cat-medals","8":"first","9":"instock","10":"shipping-taxable","11":"purchasable","12":"product-type-simple"},"_links":{"self":[{"href":"https:\/\/displayproducts.eu\/lv\/wp-json\/wp\/v2\/product\/5083","targetHints":{"allow":["GET"]}}],"collection":[{"href":"https:\/\/displayproducts.eu\/lv\/wp-json\/wp\/v2\/product"}],"about":[{"href":"https:\/\/displayproducts.eu\/lv\/wp-json\/wp\/v2\/types\/product"}],"replies":[{"embeddable":true,"href":"https:\/\/displayproducts.eu\/lv\/wp-json\/wp\/v2\/comments?post=5083"}],"wp:featuredmedia":[{"embeddable":true,"href":"https:\/\/displayproducts.eu\/lv\/wp-json\/wp\/v2\/media\/6451"}],"wp:attachment":[{"href":"https:\/\/displayproducts.eu\/lv\/wp-json\/wp\/v2\/media?parent=5083"}],"wp:term":[{"taxonomy":"product_brand","embeddable":true,"href":"https:\/\/displayproducts.eu\/lv\/wp-json\/wp\/v2\/product_brand?post=5083"},{"taxonomy":"product_cat","embeddable":true,"href":"https:\/\/displayproducts.eu\/lv\/wp-json\/wp\/v2\/product_cat?post=5083"},{"taxonomy":"product_tag","embeddable":true,"href":"https:\/\/displayproducts.eu\/lv\/wp-json\/wp\/v2\/product_tag?post=5083"}],"curies":[{"name":"wp","href":"https:\/\/api.w.org\/{rel}","templated":true}]}}