{"id":5080,"date":"2025-10-06T21:31:57","date_gmt":"2025-10-06T18:31:57","guid":{"rendered":"https:\/\/wristbandfactory.eu\/?post_type=product&#038;p=5080"},"modified":"2026-04-01T21:52:35","modified_gmt":"2026-04-01T18:52:35","slug":"custom-3d-relief-zinc-alloy-medals","status":"publish","type":"product","link":"https:\/\/displayproducts.eu\/lv\/p\/custom-3d-relief-zinc-alloy-medals\/","title":{"rendered":"Piel\u0101gotas 3D reljefa cinka sakaus\u0113juma meda\u013cas"},"content":{"rendered":"<p>Izbaudiet m\u016b\u017e\u012bgu un izsmalcin\u0101tu est\u0113tiku ar m\u016bsu piel\u0101gotaj\u0101m 3D reljefa cinka sakaus\u0113juma meda\u013c\u0101m. \u0160\u012bs meda\u013cas ir lieliski piem\u0113rotas korporat\u012bvai atzin\u012bbai, jubilej\u0101m un presti\u017eiem apbalvojumiem, jo t\u0101s ir izgatavotas bez emaljas, lai uzsv\u0113rtu pa\u0161a lieta met\u0101la satrieco\u0161\u0101s deta\u013cas un tekst\u016bru. Rezult\u0101ts ir klasiska balva ar taustes, augstas kvalit\u0101tes saj\u016btu.<\/p>\n<p><b>T\u012bra met\u0101la elegance<\/b> Neemalj\u0113tais reljefais dizains rada kontrastainu 3D efektu ar pacelt\u0101m un padzi\u013cin\u0101t\u0101m zon\u0101m, skaisti izce\u013cot j\u016bsu izv\u0113l\u0113to apdari. M\u0113s izmantojam augst\u0101k\u0101s kvalit\u0101tes cinka sakaus\u0113jumu, kas ir b\u016btisks \u0161im stilam, jo tas \u013cauj ieg\u016bt neticami smalkas deta\u013cas un piel\u0101gotus izgriezumus (caurumus) \u2013 ide\u0101li piem\u0113rots sare\u017e\u0123\u012btiem logotipiem vai sare\u017e\u0123\u012btiem att\u0113liem, ko izcels t\u012bri met\u0101liska apdare.<\/p>\n<p><b>Piln\u012bgas piel\u0101go\u0161anas iesp\u0113jas<\/b><\/p>\n<ul>\n<li><b>Meda\u013ca:<\/b> J\u016bsu dizainu var izgatavot jebk\u0101d\u0101 form\u0101 l\u012bdz 65 mm. Izv\u0113lieties no 8 da\u017e\u0101d\u0101m ap\u0161uvuma kr\u0101s\u0101m. P\u0113c izv\u0113les varat pievienot paceltu vai iegremd\u0113tu logotipa dizainu aizmugur\u0113, k\u0101 ar\u012b iegrav\u0113t individu\u0101lus v\u0101rdus un ciparus.<\/li>\n<li><b>Lente:<\/b> Katrai meda\u013cai ir pievienota 80 cm gara poliestera lente ar cilpu \u0161uv\u0113m. Lentes var izgatavot l\u012bdz pat 3 j\u016bsu izv\u0113l\u0113taj\u0101s kr\u0101s\u0101s, un j\u016bs varat pievienot savu sietspiedes logotipu vien\u0101 vai ab\u0101s pus\u0113s.<\/li>\n<\/ul>\n<p>&nbsp;<\/p>\n<p><b>\u201cUzvaro\u0161o meda\u013cu\u201d pakete<\/b> \u0160is klasiskais meda\u013cu stils ir pieejams ar\u012b ar m\u016bsu unik\u0101lo komplektu \u201cUzvar\u0113t\u0101ju meda\u013cas\u201d. Jebkuram pas\u016bt\u012bjumam varat izv\u0113l\u0113ties tr\u012bs meda\u013cas, kas izgatavotas klasiskos zelta, sudraba un bronzas to\u0146os 1., 2. un 3. vietai, ar unik\u0101liem nosaukumiem vai numuriem.<\/p>\n<p><b>Galven\u0101s iez\u012bmes:<\/b><\/p>\n<ul>\n<li><b>Satrieco\u0161s 3D reljefa dizains:<\/b> Neemalj\u0113ta, piln\u012bb\u0101 met\u0101la apdare klasiskam un elegantam izskatam.<\/li>\n<li><b>Augst\u0101k\u0101s kvalit\u0101tes cinka sakaus\u0113juma materi\u0101ls:<\/b> \u013bauj veidot sare\u017e\u0123\u012btas deta\u013cas un piel\u0101gotus izgriezumus.<\/li>\n<li><b>Piln\u012bb\u0101 piel\u0101gota forma:<\/b> J\u016bsu meda\u013cu var atliet jebkur\u0101 form\u0101, lai t\u0101 p\u0101rst\u0101v\u0113tu j\u016bsu z\u012bmolu vai notikumu.<\/li>\n<li><b>Pieejam\u0101 pakete \u201cUzvar\u0113t\u0101ju meda\u013cas\u201d:<\/b> Sav\u0101 pas\u016bt\u012bjum\u0101 \u0113rti iek\u013caujiet 1., 2. un 3. vietas meda\u013cas.<\/li>\n<li><b>Individu\u0101la v\u0101rda un numura grav\u0113\u0161ana:<\/b> Personaliz\u0113jiet katru meda\u013cu sa\u0146\u0113m\u0113jam.<\/li>\n<li><b>Iek\u013cautas piel\u0101gojamas cilpu d\u016brienu lentes:<\/b> Izv\u0113lieties kr\u0101sas un pievienojiet savu logotipu.<\/li>\n<li><b>8 da\u017e\u0101das p\u0101rkl\u0101juma kr\u0101sas:<\/b> Izv\u0113lieties perfekto apdari, lai papildin\u0101tu 3D dizainu.<\/li>\n<li><b>Ide\u0101li piem\u0113rots korporat\u012bvaj\u0101m un presti\u017eaj\u0101m balv\u0101m:<\/b> Izsmalcin\u0101ta izv\u0113le ofici\u0101lai atzin\u012bbai.<\/li>\n<\/ul>","protected":false},"excerpt":{"rendered":"<p>Klasiskai un elegantai apbalvo\u0161anai izv\u0113lieties m\u016bsu piel\u0101got\u0101s 3D reljefa meda\u013cas. Izgatavotas no augst\u0101k\u0101s kvalit\u0101tes cinka sakaus\u0113juma, \u0161\u012bs neemalj\u0113t\u0101s meda\u013cas izce\u013c j\u016bsu dizainu ar satrieco\u0161\u0101m met\u0101lisk\u0101m deta\u013c\u0101m.<\/p>","protected":false},"featured_media":6455,"comment_status":"closed","ping_status":"closed","template":"","meta":[],"product_brand":[],"product_cat":[68,102,45],"product_tag":[],"class_list":{"0":"post-5080","1":"product","2":"type-product","3":"status-publish","4":"has-post-thumbnail","6":"product_cat-event-supplies","7":"product_cat-medals","8":"product_cat-other","10":"first","11":"instock","12":"shipping-taxable","13":"purchasable","14":"product-type-simple"},"_links":{"self":[{"href":"https:\/\/displayproducts.eu\/lv\/wp-json\/wp\/v2\/product\/5080","targetHints":{"allow":["GET"]}}],"collection":[{"href":"https:\/\/displayproducts.eu\/lv\/wp-json\/wp\/v2\/product"}],"about":[{"href":"https:\/\/displayproducts.eu\/lv\/wp-json\/wp\/v2\/types\/product"}],"replies":[{"embeddable":true,"href":"https:\/\/displayproducts.eu\/lv\/wp-json\/wp\/v2\/comments?post=5080"}],"wp:featuredmedia":[{"embeddable":true,"href":"https:\/\/displayproducts.eu\/lv\/wp-json\/wp\/v2\/media\/6455"}],"wp:attachment":[{"href":"https:\/\/displayproducts.eu\/lv\/wp-json\/wp\/v2\/media?parent=5080"}],"wp:term":[{"taxonomy":"product_brand","embeddable":true,"href":"https:\/\/displayproducts.eu\/lv\/wp-json\/wp\/v2\/product_brand?post=5080"},{"taxonomy":"product_cat","embeddable":true,"href":"https:\/\/displayproducts.eu\/lv\/wp-json\/wp\/v2\/product_cat?post=5080"},{"taxonomy":"product_tag","embeddable":true,"href":"https:\/\/displayproducts.eu\/lv\/wp-json\/wp\/v2\/product_tag?post=5080"}],"curies":[{"name":"wp","href":"https:\/\/api.w.org\/{rel}","templated":true}]}}