{"id":5078,"date":"2025-10-06T21:26:17","date_gmt":"2025-10-06T18:26:17","guid":{"rendered":"https:\/\/wristbandfactory.eu\/?post_type=product&#038;p=5078"},"modified":"2026-04-01T21:52:35","modified_gmt":"2026-04-01T18:52:35","slug":"custom-iron-medals-with-soft-enamel","status":"publish","type":"product","link":"https:\/\/displayproducts.eu\/lv\/p\/custom-iron-medals-with-soft-enamel\/","title":{"rendered":"Piel\u0101gotas dzelzs meda\u013cas ar m\u012bkstu emalju"},"content":{"rendered":"<p>Izveidojiet skaistas, piel\u0101gotas balvas savam pas\u0101kumam, nep\u0101rsniedzot bud\u017eetu. M\u016bsu piel\u0101got\u0101s dzelzs meda\u013cas ir ide\u0101ls un izmaksu zi\u0146\u0101 efekt\u012bvs risin\u0101jums sac\u012bkst\u0113m, turn\u012briem un korporat\u012bvajiem pas\u0101kumiem ar lielu dal\u012bbnieku skaitu. T\u0101s pied\u0101v\u0101 izcilu v\u0113rt\u012bbu, vienlaikus saglab\u0101jot kvalitat\u012bvas, piel\u0101gotas balvas izskatu un saj\u016btu.<\/p>\n<p><b>Klasiska apdare un dizains<\/b> Dzelzs ir l\u0113t\u0101ks nek\u0101 cinka sakaus\u0113jums, kas nodro\u0161ina pieejam\u0101ku cenu, \u012bpa\u0161i liela apjoma pas\u016bt\u012bjumiem. \u0160\u012bm meda\u013c\u0101m ir tradicion\u0101la m\u012bksta emaljas apdare, kur emaljas kr\u0101sa ir nedaudz padzi\u013cin\u0101ta, radot pat\u012bkamu, tekstur\u0113tu saj\u016btu. Lai gan dzelzs nevar piel\u0101got dizainus ar izgriezumiem vai t\u0101du pa\u0161u sare\u017e\u0123\u012btu deta\u013cu l\u012bmeni k\u0101 cinka sakaus\u0113jums, tas ir iztur\u012bgs un uzticams materi\u0101ls pla\u0161am piel\u0101gotu formu kl\u0101stam l\u012bdz pat 50 mm.<\/p>\n<p><b>Piln\u012bgas piel\u0101go\u0161anas iesp\u0113jas<\/b><\/p>\n<ul>\n<li><b>Meda\u013ca:<\/b> J\u016bsu dizainu var izgatavot jebkur\u0101 piel\u0101got\u0101 form\u0101. Izv\u0113lieties no 8 da\u017e\u0101d\u0101m ap\u0161uvuma kr\u0101s\u0101m un personaliz\u0113jiet katru meda\u013cu ar individu\u0101liem nosaukumiem un cipariem aizmugur\u0113.<\/li>\n<li><b>Lente:<\/b> Katrai meda\u013cai ir pievienota 80 cm gara poliestera lente ar V veida \u0161uv\u0113m. Lentes var izgatavot l\u012bdz pat 3 j\u016bsu izv\u0113l\u0113taj\u0101s kr\u0101s\u0101s, un j\u016bs varat pievienot savu sietspiedes logotipu vien\u0101 vai ab\u0101s pus\u0113s.<\/li>\n<\/ul>\n<p>&nbsp;<\/p>\n<p><b>\u201cUzvaro\u0161o meda\u013cu\u201d pakete<\/b> Pat ar ierobe\u017eotu bud\u017eetu j\u016bs varat atz\u012bm\u0113t savus lab\u0101kos ieguv\u0113jus. M\u016bsu unik\u0101l\u0101 \u201cUzvar\u0113t\u0101ju meda\u013cu\u201d pakete ir pieejama dzelzs meda\u013c\u0101m, kas \u013cauj pas\u016bt\u012bjum\u0101 iek\u013caut 1., 2. un 3. vietas meda\u013cu komplektu ar unik\u0101liem nosaukumiem vai numuriem.<\/p>\n<p><b>Galven\u0101s iez\u012bmes:<\/b><\/p>\n<ul>\n<li><b>Izmaksu zi\u0146\u0101 efekt\u012bvs dzelzs materi\u0101ls:<\/b> Lieliska izv\u0113le pas\u0101kumiem ar lielu dal\u012bbnieku skaitu vai ierobe\u017eotu bud\u017eetu.<\/li>\n<li><b>Klasiska m\u012bksta emaljas apdare:<\/b> Pie\u0161\u0137ir j\u016bsu dizainam tekstur\u0113tu, dimension\u0101lu izskatu.<\/li>\n<li><b>Piln\u012bb\u0101 piel\u0101gota forma:<\/b> J\u016bsu meda\u013cu var izgatavot jebk\u0101d\u0101 form\u0101, lai t\u0101 p\u0101rst\u0101v\u0113tu j\u016bsu z\u012bmolu vai notikumu.<\/li>\n<li><b>Pieejam\u0101 pakete \u201cUzvar\u0113t\u0101ju meda\u013cas\u201d:<\/b> Sav\u0101 pas\u016bt\u012bjum\u0101 \u0113rti iek\u013caujiet 1., 2. un 3. vietas meda\u013cas.<\/li>\n<li><b>Individu\u0101la v\u0101rda un numura grav\u0113\u0161ana:<\/b> Personaliz\u0113jiet katru meda\u013cu sa\u0146\u0113m\u0113jam.<\/li>\n<li><b>Iek\u013cautas piel\u0101gojamas V veida \u0161uves lentes:<\/b> Izv\u0113lieties kr\u0101sas un pievienojiet savu logotipu.<\/li>\n<li><b>8 da\u017e\u0101das p\u0101rkl\u0101juma kr\u0101sas:<\/b> Izv\u0113lieties perfektu apdari, kas atbilst j\u016bsu dizainam.<\/li>\n<li><b>Ide\u0101li piem\u0113rots lieliem pas\u016bt\u012bjumiem:<\/b> Augstas kvalit\u0101tes balva, kas pied\u0101v\u0101 fantastisku v\u0113rt\u012bbu.<\/li>\n<\/ul>","protected":false},"excerpt":{"rendered":"<p>Lieliska izv\u0113le j\u016bsu pas\u0101kumam. M\u016bsu piel\u0101gotaj\u0101m dzelzs meda\u013c\u0101m ir klasiska m\u012bksta emaljas apdare, un t\u0101s var izgatavot jebkur\u0101 form\u0101, pied\u0101v\u0101jot augstas kvalit\u0101tes apbalvojumu par pie\u0146emamu cenu.<\/p>","protected":false},"featured_media":6462,"comment_status":"closed","ping_status":"closed","template":"","meta":[],"product_brand":[],"product_cat":[68,102],"product_tag":[],"class_list":{"0":"post-5078","1":"product","2":"type-product","3":"status-publish","4":"has-post-thumbnail","6":"product_cat-event-supplies","7":"product_cat-medals","9":"first","10":"instock","11":"shipping-taxable","12":"purchasable","13":"product-type-simple"},"_links":{"self":[{"href":"https:\/\/displayproducts.eu\/lv\/wp-json\/wp\/v2\/product\/5078","targetHints":{"allow":["GET"]}}],"collection":[{"href":"https:\/\/displayproducts.eu\/lv\/wp-json\/wp\/v2\/product"}],"about":[{"href":"https:\/\/displayproducts.eu\/lv\/wp-json\/wp\/v2\/types\/product"}],"replies":[{"embeddable":true,"href":"https:\/\/displayproducts.eu\/lv\/wp-json\/wp\/v2\/comments?post=5078"}],"wp:featuredmedia":[{"embeddable":true,"href":"https:\/\/displayproducts.eu\/lv\/wp-json\/wp\/v2\/media\/6462"}],"wp:attachment":[{"href":"https:\/\/displayproducts.eu\/lv\/wp-json\/wp\/v2\/media?parent=5078"}],"wp:term":[{"taxonomy":"product_brand","embeddable":true,"href":"https:\/\/displayproducts.eu\/lv\/wp-json\/wp\/v2\/product_brand?post=5078"},{"taxonomy":"product_cat","embeddable":true,"href":"https:\/\/displayproducts.eu\/lv\/wp-json\/wp\/v2\/product_cat?post=5078"},{"taxonomy":"product_tag","embeddable":true,"href":"https:\/\/displayproducts.eu\/lv\/wp-json\/wp\/v2\/product_tag?post=5078"}],"curies":[{"name":"wp","href":"https:\/\/api.w.org\/{rel}","templated":true}]}}