{"id":5071,"date":"2025-10-06T21:16:24","date_gmt":"2025-10-06T18:16:24","guid":{"rendered":"https:\/\/wristbandfactory.eu\/?post_type=product&#038;p=5071"},"modified":"2026-04-01T21:52:35","modified_gmt":"2026-04-01T18:52:35","slug":"custom-shape-zinc-alloy-medals","status":"publish","type":"product","link":"https:\/\/displayproducts.eu\/lv\/p\/custom-shape-zinc-alloy-medals\/","title":{"rendered":"Piel\u0101gotas formas cinka sakaus\u0113juma meda\u013cas"},"content":{"rendered":"<p>Atz\u012bstiet sasniegumus ar patiesi unik\u0101lu un augst\u0101k\u0101s kvalit\u0101tes apbalvojumu. M\u016bsu piel\u0101got\u0101s formas cinka sakaus\u0113juma meda\u013cas ir lieliska izv\u0113le sporta pas\u0101kumiem, korporat\u012bvaj\u0101m balv\u0101m un sacens\u012bb\u0101m, pied\u0101v\u0101jot nep\u0101rsp\u0113jamu dizaina br\u012bv\u012bbu un augstas kvalit\u0101tes apdari, ko lolos sa\u0146\u0113m\u0113ji.<\/p>\n<p><b>Augst\u0101k\u0101s kvalit\u0101tes materi\u0101li un deta\u013cas<\/b> M\u0113s izmantojam cinka sakaus\u0113jumu \u2014 materi\u0101lu, kas ir viegl\u0101ks un iztur\u012bg\u0101ks nek\u0101 dzelzs. Vissvar\u012bg\u0101kais ir tas, ka tas \u013cauj veidot daudz smalk\u0101kas deta\u013cas, padarot to par lab\u0101ko izv\u0113li dizainiem ar sare\u017e\u0123\u012bt\u0101m deta\u013c\u0101m vai izgriezumiem (caurumiem) meda\u013cas dizain\u0101. Katras meda\u013cas priek\u0161pus\u0113 ir iztur\u012bgs cietas emaljas imit\u0101cijas dizains ar gludu, stiklam l\u012bdz\u012bgu apdari.<\/p>\n<p><b>Piln\u012bgas piel\u0101go\u0161anas iesp\u0113jas<\/b><\/p>\n<ul>\n<li><b>Meda\u013ca:<\/b> J\u016bsu dizainu var izgatavot jebk\u0101d\u0101 form\u0101 l\u012bdz 65 mm. Izv\u0113lieties no 8 da\u017e\u0101d\u0101m ap\u0161uvuma kr\u0101s\u0101m. P\u0113c izv\u0113les varat pievienot paceltu vai iegremd\u0113tu logotipa dizainu aizmugur\u0113, k\u0101 ar\u012b iegrav\u0113t individu\u0101lus v\u0101rdus un ciparus.<\/li>\n<li><b>Lente:<\/b> Katrai meda\u013cai ir pievienota 80 cm gara poliestera lente ar cilpu \u0161uv\u0113m. Lentes var izgatavot l\u012bdz pat 3 j\u016bsu izv\u0113l\u0113taj\u0101s kr\u0101s\u0101s, un j\u016bs varat pievienot savu sietspiedes logotipu vien\u0101 vai ab\u0101s pus\u0113s.<\/li>\n<\/ul>\n<p>&nbsp;<\/p>\n<p><b>\u201cUzvaro\u0161o meda\u013cu\u201d pakete<\/b> Lieliski piem\u0113rots sacens\u012bb\u0101m, m\u0113s pied\u0101v\u0101jam unik\u0101lu komplektu \u201cUzvar\u0113t\u0101ju meda\u013cas\u201d. Jebkuram pas\u016bt\u012bjumam varat izv\u0113l\u0113ties tr\u012bs meda\u013cas, kas izgatavotas klasiskajos zelta, sudraba un bronzas ap\u0161uvuma to\u0146os 1., 2. un 3. vietai, ar unik\u0101liem nosaukumiem vai numuriem. Piem\u0113ram, 100 meda\u013cu pas\u016bt\u012bjum\u0101 b\u016btu 97 meda\u013cas j\u016bsu galvenaj\u0101 dizain\u0101 un 3 uzvar\u0113t\u0101ja ap\u0161uvuma komplekt\u0101.<\/p>\n<p><b>Galven\u0101s iez\u012bmes:<\/b><\/p>\n<ul>\n<li><b>Piln\u012bb\u0101 piel\u0101gota forma:<\/b> J\u016bsu meda\u013cu var atliet jebkur\u0101 form\u0101, ne tikai standarta apl\u012b.<\/li>\n<li><b>Augst\u0101k\u0101s kvalit\u0101tes cinka sakaus\u0113juma materi\u0101ls:<\/b> \u013bauj veidot smalkas, sare\u017e\u0123\u012btas deta\u013cas un piel\u0101gotus izgriezumus.<\/li>\n<li><b>Gluda, cieta emaljas apdare:<\/b> Nodro\u0161ina augstas kvalit\u0101tes, stiklam l\u012bdz\u012bgu virsmu.<\/li>\n<li><b>Pieejam\u0101 pakete \u201cUzvar\u0113t\u0101ju meda\u013cas\u201d:<\/b> Sav\u0101 pas\u016bt\u012bjum\u0101 \u0113rti iek\u013caujiet 1., 2. un 3. vietas meda\u013cas.<\/li>\n<li><b>Individu\u0101la v\u0101rda un numura grav\u0113\u0161ana:<\/b> Personaliz\u0113jiet katru meda\u013cu sa\u0146\u0113m\u0113jam.<\/li>\n<li><b>Iek\u013cautas piel\u0101gojamas lentes:<\/b> Izv\u0113lieties kr\u0101sas un pievienojiet savu logotipu 80 cm lent\u0113m.<\/li>\n<li><b>8 da\u017e\u0101das p\u0101rkl\u0101juma kr\u0101sas:<\/b> Izv\u0113lieties perfektu apdari, kas atbilst j\u016bsu dizainam.<\/li>\n<li><b>Papildu aizmugures logotipa dizains:<\/b> Pievienojiet papildu z\u012bmola t\u0113lu ar paceltu vai iegremd\u0113tu logotipu.<\/li>\n<\/ul>","protected":false},"excerpt":{"rendered":"<p>Izveidojiet satrieco\u0161as, piln\u012bb\u0101 piel\u0101gotas balvas ar m\u016bsu cinka sakaus\u0113juma meda\u013c\u0101m. Ar gludu, cietu emaljas apdari un sare\u017e\u0123\u012bt\u0101m deta\u013c\u0101m t\u0101s var izgatavot jebkur\u0101 form\u0101, lai p\u0101rst\u0101v\u0113tu j\u016bsu pas\u0101kumu.<\/p>","protected":false},"featured_media":6483,"comment_status":"closed","ping_status":"closed","template":"","meta":[],"product_brand":[],"product_cat":[68,102],"product_tag":[],"class_list":{"0":"post-5071","1":"product","2":"type-product","3":"status-publish","4":"has-post-thumbnail","6":"product_cat-event-supplies","7":"product_cat-medals","9":"first","10":"instock","11":"shipping-taxable","12":"purchasable","13":"product-type-simple"},"_links":{"self":[{"href":"https:\/\/displayproducts.eu\/lv\/wp-json\/wp\/v2\/product\/5071","targetHints":{"allow":["GET"]}}],"collection":[{"href":"https:\/\/displayproducts.eu\/lv\/wp-json\/wp\/v2\/product"}],"about":[{"href":"https:\/\/displayproducts.eu\/lv\/wp-json\/wp\/v2\/types\/product"}],"replies":[{"embeddable":true,"href":"https:\/\/displayproducts.eu\/lv\/wp-json\/wp\/v2\/comments?post=5071"}],"wp:featuredmedia":[{"embeddable":true,"href":"https:\/\/displayproducts.eu\/lv\/wp-json\/wp\/v2\/media\/6483"}],"wp:attachment":[{"href":"https:\/\/displayproducts.eu\/lv\/wp-json\/wp\/v2\/media?parent=5071"}],"wp:term":[{"taxonomy":"product_brand","embeddable":true,"href":"https:\/\/displayproducts.eu\/lv\/wp-json\/wp\/v2\/product_brand?post=5071"},{"taxonomy":"product_cat","embeddable":true,"href":"https:\/\/displayproducts.eu\/lv\/wp-json\/wp\/v2\/product_cat?post=5071"},{"taxonomy":"product_tag","embeddable":true,"href":"https:\/\/displayproducts.eu\/lv\/wp-json\/wp\/v2\/product_tag?post=5071"}],"curies":[{"name":"wp","href":"https:\/\/api.w.org\/{rel}","templated":true}]}}