{"id":5067,"date":"2025-10-06T16:53:44","date_gmt":"2025-10-06T13:53:44","guid":{"rendered":"https:\/\/wristbandfactory.eu\/?post_type=product&#038;p=5067"},"modified":"2026-04-01T21:52:04","modified_gmt":"2026-04-01T18:52:04","slug":"sound-activated-led-glow-glasses","status":"publish","type":"product","link":"https:\/\/displayproducts.eu\/lv\/p\/sound-activated-led-glow-glasses\/","title":{"rendered":"Ar ska\u0146u aktiviz\u0113jamas un LED mirdzo\u0161as brilles"},"content":{"rendered":"<p>K\u013c\u016bsti par ball\u012btes dv\u0113seli ar m\u016bsu elektriz\u0113jo\u0161aj\u0101m LED mirdzo\u0161aj\u0101m brill\u0113m. \u0160\u012bs brilles ir lieliski piem\u0113rotas k\u0101 suven\u012brs, rekl\u0101mas pas\u0101kumiem vai vienk\u0101r\u0161i izklaidei, un t\u0101s garant\u0113ti atst\u0101s neaizmirstamu iespaidu. T\u0101m ir spilgts, mirdzo\u0161s EL stiep\u013cu r\u0101mis uz klasiska un \u0113rta plastmasas Wayfarer stila dizaina. L\u0113cas ir bez apdrukas, nodro\u0161inot skaidru redzi, vienlaikus izgaismojot nakti.<\/p>\n<p>B2B klientiem \u0161\u012bs brilles ir fantastisks z\u012bmola veido\u0161anas r\u012bks. Ietvaru un EL stieples kr\u0101su var piel\u0101got j\u016bsu uz\u0146\u0113muma identit\u0101tei vai pas\u0101kuma t\u0113mai. M\u0113s pied\u0101v\u0101jam divas funkcion\u0101las versijas, kas piem\u0113rotas jebkuram gad\u012bjumam.<\/p>\n<p><b>Izv\u0113lieties savu funkciju:<\/b><\/p>\n<ol start=\"1\">\n<li><b>Ar pogu vad\u0101ms:<\/b> \u0160\u012b versija pied\u0101v\u0101 manu\u0101lu gaismas re\u017e\u012bmu vad\u012bbu, parasti iek\u013caujot nep\u0101rtrauktu iesl\u0113g\u0161anu, l\u0113nu mirgo\u0161anu un \u0101tru mirgo\u0161anu, \u013caujot lietot\u0101jam izv\u0113l\u0113ties v\u0113lamo stilu.<\/li>\n<li><b>Ska\u0146as aktiviz\u0113\u0161ana:<\/b> Gal\u012bgais ball\u012b\u0161u re\u017e\u012bms. \u0160aj\u0101 versij\u0101 ir ieb\u016bv\u0113ts sensors, kas liek gaism\u0101m puls\u0113t un mirgot sinhroni ar m\u016bzikas ritmu, radot dinamisku un interakt\u012bvu pieredzi.<\/li>\n<\/ol>\n<p>Darbin\u0101ms ar diskr\u0113tu bateriju bloku, kur\u0101 tiek izmantotas divas AAA baterijas, \u0161\u012bs brilles ir rad\u012btas ilgam kalpo\u0161anas laikam. M\u0113s garant\u0113jam to kvalit\u0101ti ar <b>2 gadu garantija<\/b> un pilns <b>CE un ROHS sertifik\u0101cija<\/b>, padarot tos par uzticamu izv\u0113li Eiropas tirg\u016b.<\/p>\n<p><b>Galven\u0101s iez\u012bmes:<\/b><\/p>\n<ul>\n<li><b>Pieejamas divas versijas:<\/b> Izv\u0113lieties starp manu\u0101liem pog\u0101m vad\u0101miem vai interakt\u012bviem ar ska\u0146u aktiviz\u0113tiem mode\u013ciem.<\/li>\n<li><b>10 spilgtas mirdzo\u0161as kr\u0101sas:<\/b> Izv\u0113lieties EL vadam no pla\u0161a kr\u0101su kl\u0101sta.<\/li>\n<li><b>Piel\u0101gojamas r\u0101mja kr\u0101sas:<\/b> Piel\u0101gojiet r\u0101mjus savam z\u012bmolam vai pas\u0101kuma t\u0113mai.<\/li>\n<li><b>CE un ROHS sertific\u0113ts:<\/b> Kvalitat\u012bvs, Eiropas tirgum atbilsto\u0161s produkts.<\/li>\n<li><b>2 gadu garantija:<\/b> M\u0113s garant\u0113jam savu produktu iztur\u012bbu un veiktsp\u0113ju.<\/li>\n<li><b>Darbojas ar 2xAAA baterij\u0101m:<\/b> Izplat\u012bts un viegli nomain\u0101ms baro\u0161anas avots.<\/li>\n<li><b>Klasiskais ce\u013cot\u0101ja stils:<\/b> Univers\u0101li popul\u0101rs un \u0113rts dizains.<\/li>\n<\/ul>","protected":false},"excerpt":{"rendered":"<p>Izcelieties jebkur\u0101 pas\u0101kum\u0101 ar m\u016bsu piel\u0101gotaj\u0101m mirdzo\u0161aj\u0101m brill\u0113m. Pieejamas 10 ko\u0161\u0101s kr\u0101s\u0101s un div\u0101s versij\u0101s: manu\u0101la vad\u012bba vai ska\u0146as aktiviz\u0113\u0161ana, kas puls\u0113 m\u016bzikas ritm\u0101. CE sertific\u0113tas.<\/p>","protected":false},"featured_media":6638,"comment_status":"closed","ping_status":"closed","template":"","meta":[],"product_brand":[],"product_cat":[68,76,45],"product_tag":[],"class_list":{"0":"post-5067","1":"product","2":"type-product","3":"status-publish","4":"has-post-thumbnail","6":"product_cat-event-supplies","7":"product_cat-glow-led-products","8":"product_cat-other","10":"first","11":"instock","12":"shipping-taxable","13":"purchasable","14":"product-type-simple"},"_links":{"self":[{"href":"https:\/\/displayproducts.eu\/lv\/wp-json\/wp\/v2\/product\/5067","targetHints":{"allow":["GET"]}}],"collection":[{"href":"https:\/\/displayproducts.eu\/lv\/wp-json\/wp\/v2\/product"}],"about":[{"href":"https:\/\/displayproducts.eu\/lv\/wp-json\/wp\/v2\/types\/product"}],"replies":[{"embeddable":true,"href":"https:\/\/displayproducts.eu\/lv\/wp-json\/wp\/v2\/comments?post=5067"}],"wp:featuredmedia":[{"embeddable":true,"href":"https:\/\/displayproducts.eu\/lv\/wp-json\/wp\/v2\/media\/6638"}],"wp:attachment":[{"href":"https:\/\/displayproducts.eu\/lv\/wp-json\/wp\/v2\/media?parent=5067"}],"wp:term":[{"taxonomy":"product_brand","embeddable":true,"href":"https:\/\/displayproducts.eu\/lv\/wp-json\/wp\/v2\/product_brand?post=5067"},{"taxonomy":"product_cat","embeddable":true,"href":"https:\/\/displayproducts.eu\/lv\/wp-json\/wp\/v2\/product_cat?post=5067"},{"taxonomy":"product_tag","embeddable":true,"href":"https:\/\/displayproducts.eu\/lv\/wp-json\/wp\/v2\/product_tag?post=5067"}],"curies":[{"name":"wp","href":"https:\/\/api.w.org\/{rel}","templated":true}]}}