{"id":5063,"date":"2025-10-06T16:48:59","date_gmt":"2025-10-06T13:48:59","guid":{"rendered":"https:\/\/wristbandfactory.eu\/?post_type=product&#038;p=5063"},"modified":"2026-04-01T21:52:04","modified_gmt":"2026-04-01T18:52:04","slug":"remote-controlled-led-glow-wands","status":"publish","type":"product","link":"https:\/\/displayproducts.eu\/lv\/p\/remote-controlled-led-glow-wands\/","title":{"rendered":"T\u0101lvad\u012bbas LED gaismas n\u016bji\u0146as"},"content":{"rendered":"<p>Iekustiniet p\u016bli un radiet satrieco\u0161u vizu\u0101lo ainavu ar m\u016bsu piel\u0101gojamajiem LED sp\u012bduma n\u016bji\u0146\u0101m. \u0160\u012bs 30 cm gar\u0101s n\u016bji\u0146as ir neaizst\u0101jama prece koncertiem, festiv\u0101liem un sporta pas\u0101kumiem, un t\u0101s ir paredz\u0113tas iespaid\u012bgai auditorijas l\u012bdzdal\u012bbai. Ar \u0113rtu, ergonomisku ABS rokturi un spilgtu n\u016bji\u0146u, ko izgaismo 4 jaud\u012bgas LED gaismas, t\u0101s ir iev\u0113rojams uzlabojums sal\u012bdzin\u0101jum\u0101 ar standarta vienreizlietojamaj\u0101m putuplasta n\u016bji\u0146\u0101m.<\/p>\n<p>Rokturi var piel\u0101got j\u016bsu z\u012bmola kr\u0101sai un logotipam, p\u0101rv\u0113r\u0161ot katru zizli par sp\u0113c\u012bgu rekl\u0101mas r\u012bku. M\u0113s pied\u0101v\u0101jam divas funkcion\u0101las versijas, kas lieliski atbilst j\u016bsu pas\u0101kuma vajadz\u012bb\u0101m.<\/p>\n<p><b>Izv\u0113lieties savu versiju:<\/b><\/p>\n<ol start=\"1\">\n<li><b>Pogas sl\u0113d\u017ea versija:<\/b> Klasiska izv\u0113le vienk\u0101r\u0161ai lieto\u0161anai. Lietot\u0101ji var p\u0101rsl\u0113gties starp 15 spilgt\u0101m kr\u0101s\u0101m un da\u017e\u0101diem re\u017e\u012bmiem, izmantojot vienk\u0101r\u0161u pogu, kas atrodas uz roktura.<\/li>\n<li><b>T\u0101lvad\u012bbas pults versija:<\/b> P\u0101rveidojiet savu pas\u0101kumu interakt\u012bv\u0101 gaismas \u0161ov\u0101. \u0160\u012b versija ir sader\u012bga ar m\u016bsu <b><a class=\"ng-star-inserted\" href=\"https:\/\/displayproducts.eu\/lv\/p\/remote-dmx-controllers-for-led-wristbands\/\" target=\"_blank\" rel=\"noopener\" data-hveid=\"0\" data-ved=\"0CAAQ_4QMahgKEwih_pyAto-QAxUAAAAAHQAAAAAQ7Rg\">T\u0101lvad\u012bbas un DMX kontrolieri<\/a><\/b>, \u013caujot sinhroniz\u0113t katru auditorijas zizli patiesi neaizmirstamai un koordin\u0113tai izr\u0101dei.<\/li>\n<\/ol>\n<p>Pats lab\u0101kais ir tas, ka katram zizlim ir pievienotas baterijas, nodro\u0161inot, ka tie ir gatavi lieto\u0161anai uzreiz p\u0113c iz\u0146em\u0161anas no kastes.<\/p>\n<p><b>Galven\u0101s iez\u012bmes:<\/b><\/p>\n<ul>\n<li><b>Ergonomisks atk\u0101rtoti lietojams rokturis:<\/b> Nodro\u0161ina \u0113rtu un iztur\u012bgu satv\u0113rienu.<\/li>\n<li><b>Spilgts 30 cm mirdzo\u0161s z\u012bmulis:<\/b> Apgaismots ar 4 iek\u0161\u0113j\u0101m gaismas diod\u0113m, kas nodro\u0161ina lielisku redzam\u012bbu.<\/li>\n<li><b>Pieejamas divas versijas:<\/b> Izv\u0113lieties starp manu\u0101lu pogas sl\u0113dzi vai pilnu t\u0101lvad\u012bbas pults modeli.<\/li>\n<li><b>15 spilgtas kr\u0101su opcijas:<\/b> Pla\u0161s kr\u0101su spektrs, lai pie\u0161\u0137irtu ener\u0123iju jebkuram pas\u0101kumam.<\/li>\n<li><b>Iek\u013caut\u0101s baterijas:<\/b> Gatavs t\u016bl\u012bt\u0113jai lieto\u0161anai, bez raiz\u0113m pas\u0101kumu organizatoriem.<\/li>\n<li><b>Piel\u0101gojams rokturis z\u012bmola veido\u0161anai:<\/b> Pievienojiet savu logotipu vai piel\u0101gotu kr\u0101su z\u012bmola reklam\u0113\u0161anai.<\/li>\n<\/ul>","protected":false},"excerpt":{"rendered":"<p>Izgaismojiet savu koncertu vai ball\u012bti ar m\u016bsu augst\u0101k\u0101s kvalit\u0101tes LED gaismas n\u016bji\u0146\u0101m. Apr\u012bkot\u0101m ar \u0113rtu rokturi un spilgt\u0101m gaism\u0101m, t\u0101s ir pieejamas manu\u0101l\u0101 vai t\u0101lvad\u012bbas interakt\u012bv\u0101 model\u012b.<\/p>","protected":false},"featured_media":6596,"comment_status":"closed","ping_status":"closed","template":"","meta":[],"product_brand":[],"product_cat":[68,76,45],"product_tag":[],"class_list":{"0":"post-5063","1":"product","2":"type-product","3":"status-publish","4":"has-post-thumbnail","6":"product_cat-event-supplies","7":"product_cat-glow-led-products","8":"product_cat-other","10":"first","11":"instock","12":"shipping-taxable","13":"product-type-simple"},"_links":{"self":[{"href":"https:\/\/displayproducts.eu\/lv\/wp-json\/wp\/v2\/product\/5063","targetHints":{"allow":["GET"]}}],"collection":[{"href":"https:\/\/displayproducts.eu\/lv\/wp-json\/wp\/v2\/product"}],"about":[{"href":"https:\/\/displayproducts.eu\/lv\/wp-json\/wp\/v2\/types\/product"}],"replies":[{"embeddable":true,"href":"https:\/\/displayproducts.eu\/lv\/wp-json\/wp\/v2\/comments?post=5063"}],"wp:featuredmedia":[{"embeddable":true,"href":"https:\/\/displayproducts.eu\/lv\/wp-json\/wp\/v2\/media\/6596"}],"wp:attachment":[{"href":"https:\/\/displayproducts.eu\/lv\/wp-json\/wp\/v2\/media?parent=5063"}],"wp:term":[{"taxonomy":"product_brand","embeddable":true,"href":"https:\/\/displayproducts.eu\/lv\/wp-json\/wp\/v2\/product_brand?post=5063"},{"taxonomy":"product_cat","embeddable":true,"href":"https:\/\/displayproducts.eu\/lv\/wp-json\/wp\/v2\/product_cat?post=5063"},{"taxonomy":"product_tag","embeddable":true,"href":"https:\/\/displayproducts.eu\/lv\/wp-json\/wp\/v2\/product_tag?post=5063"}],"curies":[{"name":"wp","href":"https:\/\/api.w.org\/{rel}","templated":true}]}}