{"id":5058,"date":"2025-10-06T16:43:30","date_gmt":"2025-10-06T13:43:30","guid":{"rendered":"https:\/\/wristbandfactory.eu\/?post_type=product&#038;p=5058"},"modified":"2026-04-01T21:52:35","modified_gmt":"2026-04-01T18:52:35","slug":"custom-shaped-led-light-sticks","status":"publish","type":"product","link":"https:\/\/displayproducts.eu\/lv\/p\/custom-shaped-led-light-sticks\/","title":{"rendered":"Piel\u0101gotas formas LED gaismas stie\u0146i"},"content":{"rendered":"<p data-path-to-node=\"7\">Radiet ieskaujo\u0161u \u201cgaismas j\u016bru\u201d un nep\u0101rsp\u0113jamu fanu pieredzi ar m\u016bsu piln\u012bb\u0101 piel\u0101gojamajiem LED koncerta gaismas stie\u0146iem. \u0160is ir augst\u0101k\u0101s klases r\u012bks m\u0101ksliniekiem, m\u016bzi\u0137iem un korporat\u012bvajiem pas\u0101kumiem, kas mekl\u0113 iespaid\u012bgas, kolekcion\u0113jamas preces, kas tie\u0161i savieno auditoriju ar z\u012bmolu.<\/p>\n<p data-path-to-node=\"8\">\u0160\u012b produkta paties\u0101 jauda sl\u0113pjas t\u0101 nep\u0101rsp\u0113jamaj\u0101 piel\u0101go\u0161anas l\u012bmen\u012b. Lielo akrila globusu var piel\u0101got j\u016bsu organiz\u0101cijas prec\u012bzaj\u0101m vajadz\u012bb\u0101m:<\/p>\n<ul data-path-to-node=\"9\">\n<li>\n<p data-path-to-node=\"9,0,0\"><b>Piel\u0101gotas 3D fig\u016bri\u0146as:<\/b> Ievietojiet globusa iek\u0161pus\u0113 \u012bpa\u0161i izgatavotu 3D fig\u016bru, lai ieg\u016btu patiesi unik\u0101lu un augstv\u0113rt\u012bgu kolekcion\u0113jamu priek\u0161metu.<\/p>\n<\/li>\n<li>\n<p data-path-to-node=\"9,1,0\"><b>L\u0101zergrav\u0113ti ielikt\u0146i:<\/b> Iegrav\u0113jiet savu logotipu, pas\u0101kuma simbolu vai tekstu, lai ieg\u016btu asu un elegantu izskatu.<\/p>\n<\/li>\n<li>\n<p data-path-to-node=\"9,2,0\"><b>Pilnkr\u0101su druk\u0101ti ielikt\u0146i:<\/b> Demonstr\u0113jiet detaliz\u0113tus, pilnkr\u0101su z\u012bmola att\u0113lus vai dizainus.<\/p>\n<\/li>\n<\/ul>\n<p data-path-to-node=\"10\">Lai pabeigtu z\u012bmola veido\u0161anu, rokturi var izgatavot j\u016bsu piel\u0101gotaj\u0101 korporat\u012bvaj\u0101 kr\u0101s\u0101 un apdruk\u0101t ar j\u016bsu logotipu.<\/p>\n<p data-path-to-node=\"11\">Izv\u0113lieties tehnolo\u0123ijas versiju, kas vislab\u0101k atbilst j\u016bsu pas\u0101kuma bud\u017eetam un tehniskaj\u0101m vajadz\u012bb\u0101m:<\/p>\n<ol start=\"1\" data-path-to-node=\"12\">\n<li>\n<p data-path-to-node=\"12,0,0\"><b>Manu\u0101li (vienkr\u0101saini):<\/b> Ide\u0101li piem\u0113rots sp\u0113c\u012bgai, vienm\u0113r\u012bgai z\u012bmola kr\u0101sai.<\/p>\n<\/li>\n<li>\n<p data-path-to-node=\"12,1,0\"><b>Rokasgr\u0101mata (15 kr\u0101su):<\/b> Daudzpus\u012bga opcija, kas \u013cauj lietot\u0101jiem p\u0101rsl\u0113gties starp 15 da\u017e\u0101d\u0101m kr\u0101s\u0101m.<\/p>\n<\/li>\n<li>\n<p data-path-to-node=\"12,2,0\"><b>DMX t\u0101lvad\u012bbas pults:<\/b> Vislab\u0101k\u0101 interakt\u012bv\u0101 pieredze. \u0160\u012b versija ir sader\u012bga ar m\u016bsu t\u0101lvad\u012bbas un DMX kontrolieriem, \u013caujot j\u016bsu komandai sinhroniz\u0113t katru gaismas stieni norises viet\u0101, lai rad\u012btu satrieco\u0161us, koordin\u0113tus gaismas \u0161ovus m\u016bzikas ritm\u0101.<\/p>\n<\/li>\n<\/ol>\n<p data-path-to-node=\"13\">Katrs gaismas stienis ir izgatavots no iztur\u012bga ABS un akrila, un to darbina tr\u012bs AAA baterijas (nav iek\u013cautas komplekt\u0101).<\/p>\n<p data-path-to-node=\"14\"><b>Galven\u0101s iez\u012bmes:<\/b><\/p>\n<ul data-path-to-node=\"15\">\n<li>\n<p data-path-to-node=\"15,0,0\"><b>Piln\u012bb\u0101 piel\u0101gojams globuss:<\/b> Iesp\u0113jas piel\u0101got 3D fig\u016bri\u0146as, l\u0101zergrav\u0113jumu vai pilnkr\u0101su drukas ielikt\u0146us.<\/p>\n<\/li>\n<li>\n<p data-path-to-node=\"15,1,0\"><b>Piel\u0101gots firmas rokturis:<\/b> Var tikt kr\u0101sots p\u0113c pas\u016bt\u012bjuma un apdruk\u0101ts ar logotipu.<\/p>\n<\/li>\n<li>\n<p data-path-to-node=\"15,2,0\"><b>DMX t\u0101lvad\u012bbas pults opcija:<\/b> \u013bauj veikt piln\u012bb\u0101 sinhroniz\u0113tus, vis\u0101 norises viet\u0101 notieko\u0161us p\u016b\u013ca gaismas \u0161ovus.<\/p>\n<\/li>\n<li>\n<p data-path-to-node=\"15,3,0\"><b>Manu\u0101l\u0101s tehnisk\u0101s iesp\u0113jas:<\/b> Pieejams ar\u012b bud\u017eetam draudz\u012bg\u0101s vienkr\u0101sas vai 15 kr\u0101su manu\u0101l\u0101s versij\u0101s.<\/p>\n<\/li>\n<li>\n<p data-path-to-node=\"15,4,0\"><b>Iztur\u012bgi materi\u0101li:<\/b> Izgatavots no pas\u0101kumiem gatava, iztur\u012bga ABS un akrila.<\/p>\n<\/li>\n<li>\n<p data-path-to-node=\"15,5,0\"><b>Augstas ietekmes preces:<\/b> Lielisks kolekcion\u0113jams priek\u0161mets koncertiem, fanu turnej\u0101m un korporat\u012bvajiem pas\u0101kumiem.<\/p>\n<\/li>\n<\/ul>","protected":false},"excerpt":{"rendered":"<ul data-path-to-node=\"6\">\n<li>\n<p data-path-to-node=\"6,0,0\">Piln\u012bb\u0101 piel\u0101gojama akrila globusa: ievietojiet iek\u0161pus\u0113 3D fig\u016bri\u0146u, iegrav\u0113jiet logotipu ar l\u0101zeru vai izmantojiet pilnkr\u0101su druk\u0101tu ieliktni.<\/p>\n<\/li>\n<li>\n<p data-path-to-node=\"6,1,0\">Pieejams piel\u0101gotas kr\u0101sas rokturis ar j\u016bsu logotipa apdruku.<\/p>\n<\/li>\n<li>\n<p data-path-to-node=\"6,2,0\">Izv\u0113lieties savu tehnolo\u0123iju: vienkr\u0101sainu, 15 kr\u0101su manu\u0101lu vai DMX t\u0101lvad\u012bbas versijas sinhroniz\u0113tiem gaismas \u0161oviem.<\/p>\n<\/li>\n<li>\n<p data-path-to-node=\"6,3,0\">Vislab\u0101k\u0101s ietekmes preces koncertiem, fanu pulc\u0113\u0161an\u0101s pas\u0101kumiem un z\u012bmolu pas\u0101kumiem.<\/p>\n<\/li>\n<\/ul>","protected":false},"featured_media":5057,"comment_status":"closed","ping_status":"closed","template":"","meta":[],"product_brand":[],"product_cat":[76,45],"product_tag":[],"class_list":{"0":"post-5058","1":"product","2":"type-product","3":"status-publish","4":"has-post-thumbnail","6":"product_cat-glow-led-products","7":"product_cat-other","9":"first","10":"instock","11":"shipping-taxable","12":"product-type-simple"},"_links":{"self":[{"href":"https:\/\/displayproducts.eu\/lv\/wp-json\/wp\/v2\/product\/5058","targetHints":{"allow":["GET"]}}],"collection":[{"href":"https:\/\/displayproducts.eu\/lv\/wp-json\/wp\/v2\/product"}],"about":[{"href":"https:\/\/displayproducts.eu\/lv\/wp-json\/wp\/v2\/types\/product"}],"replies":[{"embeddable":true,"href":"https:\/\/displayproducts.eu\/lv\/wp-json\/wp\/v2\/comments?post=5058"}],"wp:featuredmedia":[{"embeddable":true,"href":"https:\/\/displayproducts.eu\/lv\/wp-json\/wp\/v2\/media\/5057"}],"wp:attachment":[{"href":"https:\/\/displayproducts.eu\/lv\/wp-json\/wp\/v2\/media?parent=5058"}],"wp:term":[{"taxonomy":"product_brand","embeddable":true,"href":"https:\/\/displayproducts.eu\/lv\/wp-json\/wp\/v2\/product_brand?post=5058"},{"taxonomy":"product_cat","embeddable":true,"href":"https:\/\/displayproducts.eu\/lv\/wp-json\/wp\/v2\/product_cat?post=5058"},{"taxonomy":"product_tag","embeddable":true,"href":"https:\/\/displayproducts.eu\/lv\/wp-json\/wp\/v2\/product_tag?post=5058"}],"curies":[{"name":"wp","href":"https:\/\/api.w.org\/{rel}","templated":true}]}}