{"id":5052,"date":"2025-10-06T16:33:54","date_gmt":"2025-10-06T13:33:54","guid":{"rendered":"https:\/\/wristbandfactory.eu\/?post_type=product&#038;p=5052"},"modified":"2026-04-01T21:52:35","modified_gmt":"2026-04-01T18:52:35","slug":"remote-dmx-controllers-for-led-wristbands","status":"publish","type":"product","link":"https:\/\/displayproducts.eu\/lv\/p\/remote-dmx-controllers-for-led-wristbands\/","title":{"rendered":"LED apro\u010du t\u0101lvad\u012bbas pultis un DMX kontrolieri"},"content":{"rendered":"<p>Lai pan\u0101ktu piln\u012bgu sinhroniz\u0101ciju un rad\u012btu ieskaujo\u0161us gaismas \u0161ovus ar m\u016bsu t\u0101lvad\u012bbas aproc\u0113m, centr\u0101lais kontrolieris ir b\u016btisks aksesu\u0101rs. M\u016bsu kontrolieri sniedz jums absol\u016btu kontroli p\u0101r norises vietas atmosf\u0113ru, \u013caujot vienam operatoram aktiviz\u0113t spilgtas kr\u0101su mai\u0146as un dinamiskas mirgo\u0161anas sec\u012bbas vis\u0101 p\u016bl\u012b. Neatkar\u012bgi no t\u0101, vai r\u012bkojat korporat\u012bvo svin\u012bgo pas\u0101kumu vai pasaules l\u012bme\u0146a stadiona t\u016bri, \u0161\u012bs ier\u012bces nodro\u0161ina, ka katra aproce ir perfekti sinhroniz\u0113ta.<\/p>\n<h2 data-path-to-node=\"12\">\u201cLielais\u201d DMX kontrolieris (profesion\u0101lais centrmezgls)<\/h2>\n<p data-path-to-node=\"13\">\u0160\u012b ir m\u016bsu jaud\u012bg\u0101k\u0101 vad\u012bbas ier\u012bce, kas paredz\u0113ta profesion\u0101liem apgaismojuma tehni\u0137iem un liela m\u0113roga produc\u0113\u0161an\u0101m. T\u0101 pied\u0101v\u0101 piln\u012bgu DMX512 sader\u012bbu, kas \u013cauj integr\u0113t aproces tie\u0161i j\u016bsu norises vietas eso\u0161aj\u0101 apgaismojuma konsol\u0113.<\/p>\n<ul data-path-to-node=\"14\">\n<li>\n<p data-path-to-node=\"14,0,0\"><b data-path-to-node=\"14,0,0\" data-index-in-node=\"0\">Diapazons:<\/b> L\u012bdz 500 metriem atkl\u0101t\u0101s telp\u0101s.<\/p>\n<\/li>\n<li>\n<p data-path-to-node=\"14,1,0\"><b data-path-to-node=\"14,1,0\" data-index-in-node=\"0\">Ietilp\u012bba:<\/b> Vienlaikus kontrol\u0113 l\u012bdz pat 5000+ aproc\u0113m.<\/p>\n<\/li>\n<li>\n<p data-path-to-node=\"14,2,0\"><b data-path-to-node=\"14,2,0\" data-index-in-node=\"0\">Jauda:<\/b> \u0100r\u0113jais baro\u0161anas avots nep\u0101rtrauktai darb\u012bbai.<\/p>\n<\/li>\n<\/ul>\n<h2 data-path-to-node=\"15\">\u201cMazais\u201d rokas kontrolieris (p\u0101rn\u0113s\u0101jams)<\/h2>\n<p data-path-to-node=\"16\">Mazais kontrolieris ir ide\u0101li piem\u0113rots maz\u0101kiem pas\u0101kumiem, ball\u012bt\u0113m un produktu prezent\u0101cij\u0101m, pied\u0101v\u0101jot vienk\u0101r\u0161u, intuit\u012bvu saskarni manu\u0101lai vad\u012bbai. Tas darbojas ar baterij\u0101m un ir p\u0101rn\u0113s\u0101jams, dodot operatoram br\u012bv\u012bbu p\u0101rvietoties pa norises vietu, vienlaikus p\u0101rvaldot gaismas \u0161ovu.<\/p>\n<ul data-path-to-node=\"17\">\n<li>\n<p data-path-to-node=\"17,0,0\"><b data-path-to-node=\"17,0,0\" data-index-in-node=\"0\">Diapazons:<\/b> Uzticams sign\u0101ls l\u012bdz 200-300 metriem.<\/p>\n<\/li>\n<li>\n<p data-path-to-node=\"17,1,0\"><b data-path-to-node=\"17,1,0\" data-index-in-node=\"0\">Funkcijas:<\/b> Vienk\u0101r\u0161i lietojamas pogas 15 kr\u0101su iestat\u012bjumiem un 8 mirgo\u0161anas re\u017e\u012bmiem.<\/p>\n<\/li>\n<li>\n<p data-path-to-node=\"17,2,0\"><b data-path-to-node=\"17,2,0\" data-index-in-node=\"0\">P\u0101rnesam\u012bba:<\/b> Viegls dizains ar ilgu akumulatora darb\u012bbas laiku.<\/p>\n<\/li>\n<\/ul>\n<h2 data-path-to-node=\"18\">Galven\u0101s funkcijas un savienojam\u012bba<\/h2>\n<ul data-path-to-node=\"19\">\n<li>\n<p data-path-to-node=\"19,0,0\"><b data-path-to-node=\"19,0,0\" data-index-in-node=\"0\">RF tehnolo\u0123ija:<\/b> Izmanto augstas stabilit\u0101tes 433 MHz frekvenci, lai nodro\u0161in\u0101tu sign\u0101la caurlaid\u012bbu pat bl\u012bv\u0101s cilv\u0113ku p\u016b\u013cos.<\/p>\n<\/li>\n<li>\n<p data-path-to-node=\"19,1,0\"><b data-path-to-node=\"19,1,0\" data-index-in-node=\"0\">DMX512 integr\u0101cija:<\/b> Neman\u0101mi sinhroniz\u0113jas ar profesion\u0101liem apgaismojuma galdiem iepriek\u0161 ieprogramm\u0113t\u0101m \u0161ovu sekvenc\u0113m.<\/p>\n<\/li>\n<li>\n<p data-path-to-node=\"19,2,0\"><b data-path-to-node=\"19,2,0\" data-index-in-node=\"0\">T\u016bl\u012bt\u0113ja atbilde:<\/b> Nulles latentuma sign\u0101la p\u0101rraide perfektam laika noteik\u0161an\u0101 ar m\u016bziku un vizu\u0101liem nor\u0101d\u012bjumiem.<\/p>\n<\/li>\n<\/ul>\n<h2 data-path-to-node=\"20\">Specifik\u0101cijas<\/h2>\n<ul data-path-to-node=\"21\">\n<li>\n<p data-path-to-node=\"21,0,0\"><b data-path-to-node=\"21,0,0\" data-index-in-node=\"0\">Frekvences:<\/b> 433,92 MHz.<\/p>\n<\/li>\n<li>\n<p data-path-to-node=\"21,1,0\"><b data-path-to-node=\"21,1,0\" data-index-in-node=\"0\">Darba spriegums:<\/b> DC 5V (mazs) \/ DC 12V (liels).<\/p>\n<\/li>\n<li>\n<p data-path-to-node=\"21,2,0\"><b data-path-to-node=\"21,2,0\" data-index-in-node=\"0\">Kan\u0101li:<\/b> Atbalsta vair\u0101kas zonas un grupai specifisku vad\u012bbu.<\/p>\n<\/li>\n<li>\n<p data-path-to-node=\"21,3,0\"><b data-path-to-node=\"21,3,0\" data-index-in-node=\"0\">Izm\u0113ri:<\/b> P\u0101rn\u0113s\u0101jama, rokas izm\u0113ra vai plaukt\u0101 mont\u0113jama profesion\u0101la ier\u012bce.<\/p>\n<\/li>\n<\/ul>\n<p data-path-to-node=\"22\">","protected":false},"excerpt":{"rendered":"<ul>\n<li>\n<p data-path-to-node=\"10,0,0\"><b data-path-to-node=\"10,0,0\" data-index-in-node=\"0\">Univers\u0101l\u0101 komanda:<\/b> Vienlaikus kontrol\u0113jiet t\u016bksto\u0161iem LED apro\u010du l\u012bdz pat 500 metru r\u0101dius\u0101.<\/p>\n<\/li>\n<li>\n<p data-path-to-node=\"10,1,0\"><b data-path-to-node=\"10,1,0\" data-index-in-node=\"0\">Divk\u0101r\u0161a tehnolo\u0123ija:<\/b> Atbalsta gan manu\u0101lu RF (radiofrekvences) t\u0101lvad\u012bbas pulti, gan profesion\u0101lu DMX512 integr\u0101ciju.<\/p>\n<\/li>\n<li>\n<p data-path-to-node=\"10,2,0\"><b data-path-to-node=\"10,2,0\" data-index-in-node=\"0\">M\u0113rogojami risin\u0101jumi:<\/b> Izv\u0113lieties starp p\u0101rn\u0113s\u0101jamo mazo kontrolieri neliel\u0101m norises viet\u0101m vai lielo kontrolieri stadiona lieluma pas\u0101kumiem.<\/p>\n<\/li>\n<li>\n<p data-path-to-node=\"10,3,0\"><b data-path-to-node=\"10,3,0\" data-index-in-node=\"0\">Re\u0101llaika efekti:<\/b> T\u016bl\u012bt\u0113ji p\u0101rsl\u0113dzieties starp vair\u0101k nek\u0101 15 kr\u0101s\u0101m un da\u017e\u0101diem mirgo\u0161anas mode\u013ciem, lai tie atbilstu j\u016bsu pas\u0101kuma ritmam.<\/p>\n<\/li>\n<\/ul>","protected":false},"featured_media":5980,"comment_status":"closed","ping_status":"closed","template":"","meta":[],"product_brand":[],"product_cat":[80],"product_tag":[],"class_list":{"0":"post-5052","1":"product","2":"type-product","3":"status-publish","4":"has-post-thumbnail","6":"product_cat-led-wristbands","8":"first","9":"instock","10":"shipping-taxable","11":"purchasable","12":"product-type-simple"},"_links":{"self":[{"href":"https:\/\/displayproducts.eu\/lv\/wp-json\/wp\/v2\/product\/5052","targetHints":{"allow":["GET"]}}],"collection":[{"href":"https:\/\/displayproducts.eu\/lv\/wp-json\/wp\/v2\/product"}],"about":[{"href":"https:\/\/displayproducts.eu\/lv\/wp-json\/wp\/v2\/types\/product"}],"replies":[{"embeddable":true,"href":"https:\/\/displayproducts.eu\/lv\/wp-json\/wp\/v2\/comments?post=5052"}],"wp:featuredmedia":[{"embeddable":true,"href":"https:\/\/displayproducts.eu\/lv\/wp-json\/wp\/v2\/media\/5980"}],"wp:attachment":[{"href":"https:\/\/displayproducts.eu\/lv\/wp-json\/wp\/v2\/media?parent=5052"}],"wp:term":[{"taxonomy":"product_brand","embeddable":true,"href":"https:\/\/displayproducts.eu\/lv\/wp-json\/wp\/v2\/product_brand?post=5052"},{"taxonomy":"product_cat","embeddable":true,"href":"https:\/\/displayproducts.eu\/lv\/wp-json\/wp\/v2\/product_cat?post=5052"},{"taxonomy":"product_tag","embeddable":true,"href":"https:\/\/displayproducts.eu\/lv\/wp-json\/wp\/v2\/product_tag?post=5052"}],"curies":[{"name":"wp","href":"https:\/\/api.w.org\/{rel}","templated":true}]}}