{"id":5034,"date":"2025-10-06T16:03:54","date_gmt":"2025-10-06T13:03:54","guid":{"rendered":"https:\/\/wristbandfactory.eu\/?post_type=product&#038;p=5034"},"modified":"2026-04-01T21:52:35","modified_gmt":"2026-04-01T18:52:35","slug":"custom-glow-flashing-led-wristbands","status":"publish","type":"product","link":"https:\/\/displayproducts.eu\/lv\/p\/custom-glow-flashing-led-wristbands\/","title":{"rendered":"Piel\u0101gotas sp\u012bdo\u0161as un mirgojo\u0161as LED aproces"},"content":{"rendered":"<p data-path-to-node=\"9\">Ja nepiecie\u0161ams vienk\u0101r\u0161s, rentabls un spilgts z\u012bmola risin\u0101jums, m\u016bsu piel\u0101got\u0101s sp\u012bdo\u0161\u0101s un mirgojo\u0161\u0101s LED aproces ir lieliska izv\u0113le. \u0160\u012bs aproces ir paredz\u0113tas labai redzam\u012bbai un nodro\u0161ina jaud\u012bgu, vienm\u0113r\u012bgu gaismu bez nepiecie\u0161am\u012bbas p\u0113c sare\u017e\u0123\u012bt\u0101m t\u0101lvad\u012bbas pult\u012bm.<\/p>\n<p data-path-to-node=\"10\">\u0160is ir m\u016bsu univers\u0101lais centrmezgls manu\u0101l\u0101m (ne t\u0101lvad\u012bbas) LED josl\u0101m, kas ir ide\u0101li piem\u0113rots korporat\u012bviem pas\u0101kumiem, produktu atkl\u0101\u0161anas pas\u0101kumiem, festiv\u0101liem un inform\u0113t\u012bbas kampa\u0146\u0101m, kur vienots z\u012bmola t\u0113ls ir \u013coti svar\u012bgs.<\/p>\n<h2><strong>Izv\u0113lieties savu manu\u0101lo LED modeli<\/strong><\/h2>\n<p data-path-to-node=\"12\">Izv\u0113lieties modeli, kas vislab\u0101k atbilst j\u016bsu pas\u0101kuma t\u0113mai:<\/p>\n<h3 data-path-to-node=\"13,0,0\"><strong>Vienkr\u0101sains mirdzuma modelis<\/strong><\/h3>\n<p><img fetchpriority=\"high\" decoding=\"async\" class=\"alignnone wp-image-5554\" src=\"https:\/\/displayproducts.eu\/wp-content\/uploads\/2025\/10\/flashing-led-1.jpeg\" alt=\"\" width=\"300\" height=\"300\" srcset=\"https:\/\/displayproducts.eu\/wp-content\/uploads\/2025\/10\/flashing-led-1.jpeg 600w, https:\/\/displayproducts.eu\/wp-content\/uploads\/2025\/10\/flashing-led-1-12x12.jpeg 12w, https:\/\/displayproducts.eu\/wp-content\/uploads\/2025\/10\/flashing-led-1-300x300.jpeg 300w, https:\/\/displayproducts.eu\/wp-content\/uploads\/2025\/10\/flashing-led-1-100x100.jpeg 100w, https:\/\/displayproducts.eu\/wp-content\/uploads\/2025\/10\/flashing-led-1-64x64.jpeg 64w\" sizes=\"(max-width: 300px) 100vw, 300px\" \/><\/p>\n<p>\u0160\u012b mode\u013ca stipr\u0101 puse ir t\u0101 vienk\u0101r\u0161\u012bba. Tas iedegas <b>viena konkr\u0113ta, spilgta kr\u0101sa<\/b> (sarkans, zils, za\u013c\u0161 utt.), lai perfekti atbilstu j\u016bsu korporat\u012bvajam z\u012bmolam vai pas\u0101kuma t\u0113mai. Tas ir izgatavots no \u012bpa\u0161i viegla (17 g) un iztur\u012bga TPU materi\u0101la un pied\u0101v\u0101 \u013coti ilgu kalpo\u0161anas laiku. <b>12 stundu akumulatora darb\u012bbas laiks<\/b>.<\/p>\n<h3 data-path-to-node=\"13,1,0\"><strong>Daudzkr\u0101su mirgojo\u0161s modelis<\/strong><\/h3>\n<p data-path-to-node=\"13,1,0\"><img decoding=\"async\" class=\"alignnone wp-image-5556\" src=\"https:\/\/displayproducts.eu\/wp-content\/uploads\/2025\/10\/flashing-led.jpg\" alt=\"\" width=\"300\" height=\"300\" srcset=\"https:\/\/displayproducts.eu\/wp-content\/uploads\/2025\/10\/flashing-led.jpg 1080w, https:\/\/displayproducts.eu\/wp-content\/uploads\/2025\/10\/flashing-led-768x768.jpg 768w, https:\/\/displayproducts.eu\/wp-content\/uploads\/2025\/10\/flashing-led-12x12.jpg 12w, https:\/\/displayproducts.eu\/wp-content\/uploads\/2025\/10\/flashing-led-300x300.jpg 300w, https:\/\/displayproducts.eu\/wp-content\/uploads\/2025\/10\/flashing-led-600x600.jpg 600w, https:\/\/displayproducts.eu\/wp-content\/uploads\/2025\/10\/flashing-led-100x100.jpg 100w, https:\/\/displayproducts.eu\/wp-content\/uploads\/2025\/10\/flashing-led-64x64.jpg 64w\" sizes=\"(max-width: 300px) 100vw, 300px\" \/><\/p>\n<p data-path-to-node=\"13,1,0\">\u0160is modelis ir klasisks uzman\u012bbu piesaisto\u0161s. Tam ir kr\u0101saina siksni\u0146a (fuksijas, za\u013ca, zila utt.) un spilgta LED gaisma, kas izgaismo visu joslu. Diskr\u0113ts iesl\u0113g\u0161anas\/izsl\u0113g\u0161anas sl\u0113dzis \u013cauj lietot\u0101jam kontrol\u0113t mirgo\u0161anu, padarot to par perfektu interakt\u012bvu aksesu\u0101ru ball\u012bt\u0113m un koncertiem.<\/p>\n<p data-path-to-node=\"14\">Abus mode\u013cus darbina iek\u013caut\u0101s baterijas, un tie ir gatavi lieto\u0161anai nekav\u0113joties. J\u016bsu piel\u0101gotajam logotipam vai pas\u0101kuma zi\u0146ojumam pied\u0101v\u0101jam vienkr\u0101sainu tampondruku uz \u012bpa\u0161as drukas zonas.<\/p>\n<h2 data-path-to-node=\"15\"><b>Galven\u0101s iez\u012bmes:<\/b><\/h2>\n<ul data-path-to-node=\"16\">\n<li>\n<p data-path-to-node=\"16,0,0\"><b>Divas mode\u013ca iesp\u0113jas:<\/b> Izv\u0113lieties no <b>Vienkr\u0101sains mirdzums<\/b> vai a <b>Daudzkr\u0101su mirgo\u0161ana<\/b> modelis.<\/p>\n<\/li>\n<li>\n<p data-path-to-node=\"16,1,0\"><b>Vienk\u0101r\u0161a manu\u0101la vad\u012bba:<\/b> Abiem mode\u013ciem ir vienk\u0101r\u0161s iesl\u0113g\u0161anas\/izsl\u0113g\u0161anas sl\u0113dzis.<\/p>\n<\/li>\n<li>\n<p data-path-to-node=\"16,2,0\"><b>Ultraviegls komforts:<\/b> Vienkr\u0101sainais modelis sver tikai 17 g, nodro\u0161inot piln\u012bgu komfortu.<\/p>\n<\/li>\n<li>\n<p data-path-to-node=\"16,3,0\"><b>Ilgs akumulatora darb\u012bbas laiks:<\/b> Uzticama veiktsp\u0113ja, vienkr\u0101sainajam modelim darbojoties l\u012bdz pat 12 stund\u0101m.<\/p>\n<\/li>\n<li>\n<p data-path-to-node=\"16,4,0\"><b>Piel\u0101gots z\u012bmols:<\/b> Abiem mode\u013ciem ir \u012bpa\u0161a drukas zona vienkr\u0101sainam (melnam vai baltam) logotipam.<\/p>\n<\/li>\n<li>\n<p data-path-to-node=\"16,5,0\"><b>Gatavs lieto\u0161anai:<\/b> Darbojas ar komplekt\u0101 iek\u013cautaj\u0101m pogas tipa baterij\u0101m.<\/p>\n<\/li>\n<li>\n<p data-path-to-node=\"16,6,0\"><b>Ide\u0101li piem\u0113rots:<\/b> Lielapjoma pas\u016bt\u012bjumi akcij\u0101m, ball\u012bt\u0113m un z\u012bmola atpaz\u012bstam\u012bbas kampa\u0146\u0101m.<\/p>\n<\/li>\n<\/ul>\n<p data-path-to-node=\"17\">","protected":false},"excerpt":{"rendered":"<p>Izgaismojiet savu z\u012bmolu ar m\u016bsu piel\u0101gotaj\u0101m kr\u0101sainaj\u0101m LED aproc\u0113m. \u0160\u012bs \u012bpa\u0161i viegl\u0101s TPU aproces ir pieejamas vien\u0101, ko\u0161\u0101s kr\u0101s\u0101s, lai t\u0101s lieliski atbilstu j\u016bsu pas\u0101kuma t\u0113mai.<\/p>","protected":false},"featured_media":5035,"comment_status":"closed","ping_status":"closed","template":"","meta":[],"product_brand":[],"product_cat":[80],"product_tag":[],"class_list":{"0":"post-5034","1":"product","2":"type-product","3":"status-publish","4":"has-post-thumbnail","6":"product_cat-led-wristbands","8":"first","9":"instock","10":"shipping-taxable","11":"purchasable","12":"product-type-simple"},"_links":{"self":[{"href":"https:\/\/displayproducts.eu\/lv\/wp-json\/wp\/v2\/product\/5034","targetHints":{"allow":["GET"]}}],"collection":[{"href":"https:\/\/displayproducts.eu\/lv\/wp-json\/wp\/v2\/product"}],"about":[{"href":"https:\/\/displayproducts.eu\/lv\/wp-json\/wp\/v2\/types\/product"}],"replies":[{"embeddable":true,"href":"https:\/\/displayproducts.eu\/lv\/wp-json\/wp\/v2\/comments?post=5034"}],"wp:featuredmedia":[{"embeddable":true,"href":"https:\/\/displayproducts.eu\/lv\/wp-json\/wp\/v2\/media\/5035"}],"wp:attachment":[{"href":"https:\/\/displayproducts.eu\/lv\/wp-json\/wp\/v2\/media?parent=5034"}],"wp:term":[{"taxonomy":"product_brand","embeddable":true,"href":"https:\/\/displayproducts.eu\/lv\/wp-json\/wp\/v2\/product_brand?post=5034"},{"taxonomy":"product_cat","embeddable":true,"href":"https:\/\/displayproducts.eu\/lv\/wp-json\/wp\/v2\/product_cat?post=5034"},{"taxonomy":"product_tag","embeddable":true,"href":"https:\/\/displayproducts.eu\/lv\/wp-json\/wp\/v2\/product_tag?post=5034"}],"curies":[{"name":"wp","href":"https:\/\/api.w.org\/{rel}","templated":true}]}}