{"id":5012,"date":"2025-10-06T15:39:59","date_gmt":"2025-10-06T12:39:59","guid":{"rendered":"https:\/\/wristbandfactory.eu\/?post_type=product&#038;p=5012"},"modified":"2026-04-01T21:52:35","modified_gmt":"2026-04-01T18:52:35","slug":"remote-controlled-fabric-led-wristbands","status":"publish","type":"product","link":"https:\/\/displayproducts.eu\/lv\/p\/remote-controlled-fabric-led-wristbands\/","title":{"rendered":"T\u0101lvad\u012bbas auduma LED aproces"},"content":{"rendered":"<p data-path-to-node=\"11\">Padariet savu pas\u0101kumu v\u0113l \u012bpa\u0161\u0101ku ar m\u016bsu augst\u0101k\u0101s kvalit\u0101tes t\u0101lvad\u012bbas auduma LED aproc\u0113m. \u0160is ir ide\u0101ls risin\u0101jums B2B klientiem un augstas klases pas\u0101kumiem, kuriem nepiecie\u0161ams tekstila aproces komforts un augst\u0101k\u0101s klases saj\u016bta apvienojum\u0101 ar sinhroniz\u0113tas gaismas \u0161ova satrieco\u0161o vizu\u0101lo efektu. Visi mode\u013ci ir sader\u012bgi ar centr\u0101lo t\u0101lvad\u012bbas pulti un DMX kontrolieri (p\u0101rdod atsevi\u0161\u0137i), \u013caujot vienam operatoram vienlaikus p\u0101rvald\u012bt visas aproces norises viet\u0101.<\/p>\n<p data-path-to-node=\"12\">\u0160is ir j\u016bsu centr\u0101lais centrs visiem m\u016bsu auduma b\u0101zes t\u0101lvad\u012bbas mode\u013ciem. Visi mode\u013ci ir sader\u012bgi ar centr\u0101lo <strong><a href=\"https:\/\/displayproducts.eu\/lv\/p\/remote-dmx-controllers-for-led-wristbands\/\">T\u0101lvad\u012bbas pults un DMX kontrolieris<\/a><\/strong> kas tiek p\u0101rdots atsevi\u0161\u0137i m\u016bsu veikal\u0101 <strong><a href=\"https:\/\/displayproducts.eu\/lv\/c\/event-supplies\/\">Pas\u0101kumu piederumi<\/a><\/strong> kategorija. \u0160is kontrolieris \u013cauj vienam operatoram vienlaikus main\u012bt LED kr\u0101sas un mirgo\u0161anas re\u017e\u012bmus vis\u0101m aproc\u0113m norises viet\u0101.<\/p>\n<h2>Izv\u0113lieties savu auduma modeli<\/h2>\n<p data-path-to-node=\"14\">Izv\u0113lieties konkr\u0113tu auduma modeli, kas atbilst j\u016bsu pas\u0101kuma est\u0113tiskaj\u0101m un tehniskaj\u0101m vajadz\u012bb\u0101m:<\/p>\n<h2 data-path-to-node=\"11\">\u201cStandarta\u201d auduma lente (pilna apdruka)<\/h2>\n<h2 data-path-to-node=\"11\"><img fetchpriority=\"high\" decoding=\"async\" class=\"alignnone wp-image-5551\" src=\"https:\/\/displayproducts.eu\/wp-content\/uploads\/2025\/10\/standard-fabric.jpg\" alt=\"\" width=\"300\" height=\"300\" srcset=\"https:\/\/displayproducts.eu\/wp-content\/uploads\/2025\/10\/standard-fabric.jpg 1024w, https:\/\/displayproducts.eu\/wp-content\/uploads\/2025\/10\/standard-fabric-768x768.jpg 768w, https:\/\/displayproducts.eu\/wp-content\/uploads\/2025\/10\/standard-fabric-12x12.jpg 12w, https:\/\/displayproducts.eu\/wp-content\/uploads\/2025\/10\/standard-fabric-300x300.jpg 300w, https:\/\/displayproducts.eu\/wp-content\/uploads\/2025\/10\/standard-fabric-600x600.jpg 600w, https:\/\/displayproducts.eu\/wp-content\/uploads\/2025\/10\/standard-fabric-100x100.jpg 100w, https:\/\/displayproducts.eu\/wp-content\/uploads\/2025\/10\/standard-fabric-64x64.jpg 64w\" sizes=\"(max-width: 300px) 100vw, 300px\" \/><\/h2>\n<p data-path-to-node=\"12\">\u0160im modelim ir iztur\u012bga, m\u012bksta neilona aproce ar spilgtu, t\u0101lvad\u012bbas LED moduli. Pati auduma aproce ir piln\u012bb\u0101 piel\u0101gojama ar spilgtu, pilnkr\u0101su sublim\u0101cijas apdruku, padarot to ide\u0101li piem\u0113rotu detaliz\u0113tiem logotipiem vai sare\u017e\u0123\u012btu pas\u0101kumu z\u012bmola veido\u0161anai.<\/p>\n<ul data-path-to-node=\"13\">\n<li>\n<p data-path-to-node=\"13,0,0\"><b data-path-to-node=\"13,0,0\" data-index-in-node=\"0\">Vislab\u0101k piem\u0113rots:<\/b> Korporat\u012bvie pas\u0101kumi, sponsor\u0113\u0161ana un \u0123imenes sv\u0113tki.<\/p>\n<\/li>\n<li>\n<p data-path-to-node=\"13,1,0\"><b data-path-to-node=\"13,1,0\" data-index-in-node=\"0\">Akumulatora darb\u012bbas laiks:<\/b> 12 stundu darb\u012bbas laiks ar 2x CR2032 nomain\u0101m\u0101m baterij\u0101m.<\/p>\n<\/li>\n<\/ul>\n<h2 data-path-to-node=\"14\">\u201c360\u00b0 gaismas\u201d auduma josla<\/h2>\n<p><img decoding=\"async\" class=\"alignnone wp-image-5044\" src=\"https:\/\/displayproducts.eu\/wp-content\/uploads\/2025\/10\/360\u00b0-Luminous-Remote-LED-Wristbands_main-e1763322702945.jpg\" alt=\"\" width=\"300\" height=\"131\" srcset=\"https:\/\/displayproducts.eu\/wp-content\/uploads\/2025\/10\/360\u00b0-Luminous-Remote-LED-Wristbands_main-e1763322702945.jpg 1080w, https:\/\/displayproducts.eu\/wp-content\/uploads\/2025\/10\/360\u00b0-Luminous-Remote-LED-Wristbands_main-e1763322702945-768x336.jpg 768w, https:\/\/displayproducts.eu\/wp-content\/uploads\/2025\/10\/360\u00b0-Luminous-Remote-LED-Wristbands_main-e1763322702945-18x8.jpg 18w, https:\/\/displayproducts.eu\/wp-content\/uploads\/2025\/10\/360\u00b0-Luminous-Remote-LED-Wristbands_main-e1763322702945-600x263.jpg 600w, https:\/\/displayproducts.eu\/wp-content\/uploads\/2025\/10\/360\u00b0-Luminous-Remote-LED-Wristbands_main-e1763322702945-64x28.jpg 64w\" sizes=\"(max-width: 300px) 100vw, 300px\" \/><\/p>\n<p data-path-to-node=\"19\">\u0160im inovat\u012bvajam modelim ir integr\u0113tas gaismas diodes gar <b>vis\u0101 \u0113rt\u0101s neilona lentes garum\u0101<\/b>, nodro\u0161inot piln\u012bgu, visaptvero\u0161u apgaismojumu. \u0160is unik\u0101lais dizains garant\u0113 satrieco\u0161u vizu\u0101lo iespaidu no jebkura le\u0146\u0137a.<\/p>\n<ul data-path-to-node=\"20\">\n<li>\n<p data-path-to-node=\"20,0,0\"><b>Vislab\u0101k piem\u0113rots:<\/b> Pas\u0101kumi, kas prasa absol\u016bti maksim\u0101lu vizu\u0101lo izr\u0101di.<\/p>\n<\/li>\n<li>\n<p data-path-to-node=\"20,1,0\"><b>Akumulators:<\/b> 8 stundu (2x CR2032)<\/p>\n<\/li>\n<\/ul>\n<h2 data-path-to-node=\"17\">\u201cHibr\u012bda\u201d auduma un silikona siksni\u0146a<\/h2>\n<p><img decoding=\"async\" class=\"alignnone wp-image-5552\" src=\"https:\/\/displayproducts.eu\/wp-content\/uploads\/2025\/10\/hybrid-led.jpg\" alt=\"\" width=\"300\" height=\"300\" srcset=\"https:\/\/displayproducts.eu\/wp-content\/uploads\/2025\/10\/hybrid-led.jpg 2048w, https:\/\/displayproducts.eu\/wp-content\/uploads\/2025\/10\/hybrid-led-768x768.jpg 768w, https:\/\/displayproducts.eu\/wp-content\/uploads\/2025\/10\/hybrid-led-1536x1536.jpg 1536w, https:\/\/displayproducts.eu\/wp-content\/uploads\/2025\/10\/hybrid-led-12x12.jpg 12w, https:\/\/displayproducts.eu\/wp-content\/uploads\/2025\/10\/hybrid-led-300x300.jpg 300w, https:\/\/displayproducts.eu\/wp-content\/uploads\/2025\/10\/hybrid-led-600x600.jpg 600w, https:\/\/displayproducts.eu\/wp-content\/uploads\/2025\/10\/hybrid-led-100x100.jpg 100w, https:\/\/displayproducts.eu\/wp-content\/uploads\/2025\/10\/hybrid-led-64x64.jpg 64w\" sizes=\"(max-width: 300px) 100vw, 300px\" \/><\/p>\n<p data-path-to-node=\"22\">\u0160is modelis apvieno m\u012bkstu auduma siksni\u0146u ar \u0113rtu, gludu silikona\/ABS LED moduli, pied\u0101v\u0101jot unik\u0101lu komforta un iztur\u012bbas apvienojumu vair\u0101ku dienu lieto\u0161anai.<\/p>\n<ul data-path-to-node=\"23\">\n<li>\n<p data-path-to-node=\"23,0,0\"><b>Vislab\u0101k piem\u0113rots:<\/b> Vair\u0101ku dienu festiv\u0101li, kuros nepiecie\u0161ams gan komforts, gan iztur\u012bgs dizains.<\/p>\n<\/li>\n<li>\n<p data-path-to-node=\"23,1,0\"><b>Akumulators:<\/b> 12 stundu (2x CR2032)<\/p>\n<\/li>\n<\/ul>\n<h2 data-path-to-node=\"20\">Galven\u0101s funkcijas un tehnolo\u0123ijas<\/h2>\n<ul data-path-to-node=\"21\">\n<li>\n<p data-path-to-node=\"21,0,0\"><b data-path-to-node=\"21,0,0\" data-index-in-node=\"0\">Centraliz\u0113ta RF\/DMX vad\u012bba:<\/b> Visi auduma mode\u013ci tiek sinhroniz\u0113ti ar centr\u0101lo kontrolieri, lai re\u0101llaik\u0101 main\u012btu kr\u0101su un rakstu.<\/p>\n<\/li>\n<li>\n<p data-path-to-node=\"21,1,0\"><b data-path-to-node=\"21,1,0\" data-index-in-node=\"0\">Regul\u0113jama piegriezne:<\/b> Pieejams ar da\u017e\u0101diem fiks\u0101cijas meh\u0101nismiem (p\u0113rl\u012bt\u0113m vai cilp\u0101m), lai dro\u0161i der\u0113tu visiem viesiem.<\/p>\n<\/li>\n<li>\n<p data-path-to-node=\"21,2,0\"><b data-path-to-node=\"21,2,0\" data-index-in-node=\"0\">Piel\u0101gots z\u012bmols:<\/b> Liela, labi redzama zona uz auduma lentass augst\u0101k\u0101s kvalit\u0101tes vienkr\u0101sas vai pilnkr\u0101su druk\u0101\u0161anai.<\/p>\n<\/li>\n<li>\n<p data-path-to-node=\"21,3,0\"><b data-path-to-node=\"21,3,0\" data-index-in-node=\"0\">Liela darb\u012bbas r\u0101diusa:<\/b> Uzticama sign\u0101la uztver\u0161ana l\u012bdz 300\u2013500 metru att\u0101lum\u0101 liel\u0101m norises viet\u0101m.<\/p>\n<\/li>\n<\/ul>\n<h2 data-path-to-node=\"22\">Specifik\u0101cijas<\/h2>\n<ul data-path-to-node=\"23\">\n<li>\n<p data-path-to-node=\"23,0,0\"><b data-path-to-node=\"23,0,0\" data-index-in-node=\"0\">Lentass materi\u0101ls:<\/b> M\u012bksts poliesters vai neilons (15x350 mm).<\/p>\n<\/li>\n<li>\n<p data-path-to-node=\"23,1,0\"><b data-path-to-node=\"23,1,0\" data-index-in-node=\"0\">Svars:<\/b> Aptuveni 24 g.<\/p>\n<\/li>\n<li>\n<p data-path-to-node=\"23,2,0\"><b data-path-to-node=\"23,2,0\" data-index-in-node=\"0\">Bie\u017eums:<\/b> 433 MHz (RF) \/ DMX512.<\/p>\n<\/li>\n<li>\n<p data-path-to-node=\"23,3,0\"><b data-path-to-node=\"23,3,0\" data-index-in-node=\"0\">Akumulators:<\/b> 2x CR2032 (nomain\u0101mas).<\/p>\n<\/li>\n<li>\n<p data-path-to-node=\"23,4,0\"><b data-path-to-node=\"23,4,0\" data-index-in-node=\"0\">Minim\u0101lais pas\u016bt\u012bjums:<\/b> 100 vien\u012bbas.<\/p>\n<\/li>\n<\/ul>\n<h3><strong><a href=\"https:\/\/displayproducts.eu\/lv\/p\/remote-dmx-controllers-for-led-wristbands\/\">T\u0101lvad\u012bbas pults un DMX kontrolieris<\/a><\/strong><\/h3>\n<p><img loading=\"lazy\" decoding=\"async\" class=\"\" src=\"https:\/\/displayproducts.eu\/wp-content\/uploads\/2025\/10\/controller-2-scaled.jpeg\" width=\"365\" height=\"365\" \/><\/p>","protected":false},"excerpt":{"rendered":"<ul>\n<li>\n<p data-path-to-node=\"9,0,0\"><b data-path-to-node=\"9,0,0\" data-index-in-node=\"0\">Augst\u0101k\u0101s klases pas\u0101kumu pieredze:<\/b> Apvieno tekstila joslu m\u012bksto saj\u016btu ar modernu sinhroniz\u0113tu apgaismojuma tehnolo\u0123iju.<\/p>\n<\/li>\n<li>\n<p data-path-to-node=\"9,1,0\"><b data-path-to-node=\"9,1,0\" data-index-in-node=\"0\">Pilnkr\u0101su sublim\u0101cija:<\/b> Augsti piel\u0101gojamas auduma lentass detaliz\u0113tiem logotipiem un spilgtiem z\u012bmola vizu\u0101lajiem efektiem.<\/p>\n<\/li>\n<li>\n<p data-path-to-node=\"9,2,0\"><b data-path-to-node=\"9,2,0\" data-index-in-node=\"0\">Stadiona m\u0113roga kontrole:<\/b> Uzticama RF un DMX sinhroniz\u0101cija vair\u0101k\u0101s t\u016bksto\u0161\u0101s ier\u012bc\u0113s vienlaikus.<\/p>\n<\/li>\n<li>\n<p data-path-to-node=\"9,3,0\"><b data-path-to-node=\"9,3,0\" data-index-in-node=\"0\">Ilgsto\u0161s komforts:<\/b> Viegls 24 g dizains, kas paredz\u0113ts vair\u0101ku dienu festiv\u0101liem un korporat\u012bvajiem pas\u0101kumiem.<\/p>\n<\/li>\n<\/ul>","protected":false},"featured_media":5983,"comment_status":"closed","ping_status":"closed","template":"","meta":[],"product_brand":[],"product_cat":[80],"product_tag":[],"class_list":{"0":"post-5012","1":"product","2":"type-product","3":"status-publish","4":"has-post-thumbnail","6":"product_cat-led-wristbands","8":"first","9":"instock","10":"shipping-taxable","11":"purchasable","12":"product-type-simple"},"_links":{"self":[{"href":"https:\/\/displayproducts.eu\/lv\/wp-json\/wp\/v2\/product\/5012","targetHints":{"allow":["GET"]}}],"collection":[{"href":"https:\/\/displayproducts.eu\/lv\/wp-json\/wp\/v2\/product"}],"about":[{"href":"https:\/\/displayproducts.eu\/lv\/wp-json\/wp\/v2\/types\/product"}],"replies":[{"embeddable":true,"href":"https:\/\/displayproducts.eu\/lv\/wp-json\/wp\/v2\/comments?post=5012"}],"wp:featuredmedia":[{"embeddable":true,"href":"https:\/\/displayproducts.eu\/lv\/wp-json\/wp\/v2\/media\/5983"}],"wp:attachment":[{"href":"https:\/\/displayproducts.eu\/lv\/wp-json\/wp\/v2\/media?parent=5012"}],"wp:term":[{"taxonomy":"product_brand","embeddable":true,"href":"https:\/\/displayproducts.eu\/lv\/wp-json\/wp\/v2\/product_brand?post=5012"},{"taxonomy":"product_cat","embeddable":true,"href":"https:\/\/displayproducts.eu\/lv\/wp-json\/wp\/v2\/product_cat?post=5012"},{"taxonomy":"product_tag","embeddable":true,"href":"https:\/\/displayproducts.eu\/lv\/wp-json\/wp\/v2\/product_tag?post=5012"}],"curies":[{"name":"wp","href":"https:\/\/api.w.org\/{rel}","templated":true}]}}