{"id":4988,"date":"2025-10-06T14:34:19","date_gmt":"2025-10-06T11:34:19","guid":{"rendered":"https:\/\/wristbandfactory.eu\/?post_type=product&#038;p=4988"},"modified":"2026-04-01T21:52:35","modified_gmt":"2026-04-01T18:52:35","slug":"rechargeable-waterproof-led-sports-belt-for-runners","status":"publish","type":"product","link":"https:\/\/displayproducts.eu\/lv\/p\/rechargeable-waterproof-led-sports-belt-for-runners\/","title":{"rendered":"Uzl\u0101d\u0113jama un \u016bdensiztur\u012bga LED sporta josta skr\u0113j\u0113jiem"},"content":{"rendered":"<p>Esiet redzams un dro\u0161\u012bb\u0101 ar Wristbandfactory \u012bpa\u0161i labi redzamo LED sporta jostu. \u0160\u012b josta, kas paredz\u0113ta sportistiem, b\u0113rniem un ikvienam, kas akt\u012bvi darbojas v\u0101j\u0101 apgaismojum\u0101, ir svar\u012bgs dro\u0161\u012bbas ekip\u0113juma elements. <span class=\"citation-148 citation-end-148\">Tas ir izgatavots no \u0113rta un \u016bdensnecaurlaid\u012bga likras un TPU mais\u012bjuma, nodro\u0161inot t\u0101 funkcionalit\u0101ti visos laika apst\u0101k\u013cos.<\/span>.<\/p>\n<p><span class=\"citation-147 citation-end-147\">Josta ir viegla, sver tikai 60 g, un to var viegli regul\u0113t no 30 cm l\u012bdz 60 cm, nodro\u0161inot \u0113rtu un dro\u0161u piegul\u0161anu pla\u0161am lietot\u0101ju lokam.<\/span>. <span class=\"citation-146 citation-end-146\">Darbojoties ar \u0113rtu, uzl\u0101d\u0113jamu litija akumulatoru, \u0161\u012b sporta josta ar vienu uzl\u0101di nodro\u0161ina 10 stundu darb\u012bbas laiku.<\/span>. <span class=\"citation-145 citation-end-145\">Izv\u0113lieties vienu no \u010detr\u0101m at\u0161\u0137ir\u012bg\u0101m apgaismojuma funkcij\u0101m \u2014 ilgu, spilgtu, \u0101tru mirgo\u0161anu, l\u0113nu mirgo\u0161anu vai izsl\u0113gtu \u2014, lai maksim\u0101li palielin\u0101tu redzam\u012bbu autovad\u012bt\u0101jiem un citiem.<\/span>. <span class=\"citation-144 citation-end-144\">M\u0113s pied\u0101v\u0101jam \u0161o produktu standarta OPP iepakojum\u0101, un vairumtirdzniec\u012bbas B2B pas\u016bt\u012bjumiem vis\u0101 Eirop\u0101 ir pieejami piel\u0101goti iepakojuma risin\u0101jumi.<\/span>.<\/p>\n<p><b>Galven\u0101s iez\u012bmes:<\/b><\/p>\n<ul>\n<li><span class=\"citation-143 citation-end-143\">Augstas redzam\u012bbas LED gaismas ar 4 re\u017e\u012bmiem (ilgi spilgti, \u0101tri\/l\u0113ni mirgojo\u0161i, izsl\u0113gti)<\/span>.<\/li>\n<li><span class=\"citation-142 citation-end-142\">Piln\u012bb\u0101 uzl\u0101d\u0113jams litija akumulators ar 10 stundu darb\u012bbas laiku<\/span>.<\/li>\n<li><span class=\"citation-141 citation-end-141\">Izgatavots no \u0113rtiem, \u016bdensnecaurlaid\u012bgiem likras un TPU materi\u0101liem<\/span>.<\/li>\n<li><span class=\"citation-140 citation-end-140\">Regul\u0113jams izm\u0113rs no 30 cm l\u012bdz 60 cm, lai nodro\u0161in\u0101tu perfektu piegul\u0161anu<\/span>.<\/li>\n<li><span class=\"citation-139 citation-end-139\">Viegls dizains, tikai 60 g<\/span>.<\/li>\n<\/ul>","protected":false},"excerpt":{"rendered":"<p>Palieliniet savu dro\u0161\u012bbu nakts aktivit\u0101\u0161u laik\u0101 ar m\u016bsu uzl\u0101d\u0113jamo LED sporta jostu, kas izgatavota no \u016bdensnecaurlaid\u012bgas likras, lai nodro\u0161in\u0101tu maksim\u0101lu komfortu un iztur\u012bbu. Ar \u010detriem at\u0161\u0137ir\u012bgiem gaismas re\u017e\u012bmiem \u0161\u012b regul\u0113jam\u0101 josta nodro\u0161ina, ka esat redzams satiksmei skrienot, braucot ar velosip\u0113du vai ejot.<\/p>","protected":false},"featured_media":4989,"comment_status":"closed","ping_status":"closed","template":"","meta":[],"product_brand":[],"product_cat":[68,118,45],"product_tag":[],"class_list":{"0":"post-4988","1":"product","2":"type-product","3":"status-publish","4":"has-post-thumbnail","6":"product_cat-event-supplies","7":"product_cat-sports-fitness","8":"product_cat-other","10":"first","11":"instock","12":"shipping-taxable","13":"purchasable","14":"product-type-simple"},"_links":{"self":[{"href":"https:\/\/displayproducts.eu\/lv\/wp-json\/wp\/v2\/product\/4988","targetHints":{"allow":["GET"]}}],"collection":[{"href":"https:\/\/displayproducts.eu\/lv\/wp-json\/wp\/v2\/product"}],"about":[{"href":"https:\/\/displayproducts.eu\/lv\/wp-json\/wp\/v2\/types\/product"}],"replies":[{"embeddable":true,"href":"https:\/\/displayproducts.eu\/lv\/wp-json\/wp\/v2\/comments?post=4988"}],"wp:featuredmedia":[{"embeddable":true,"href":"https:\/\/displayproducts.eu\/lv\/wp-json\/wp\/v2\/media\/4989"}],"wp:attachment":[{"href":"https:\/\/displayproducts.eu\/lv\/wp-json\/wp\/v2\/media?parent=4988"}],"wp:term":[{"taxonomy":"product_brand","embeddable":true,"href":"https:\/\/displayproducts.eu\/lv\/wp-json\/wp\/v2\/product_brand?post=4988"},{"taxonomy":"product_cat","embeddable":true,"href":"https:\/\/displayproducts.eu\/lv\/wp-json\/wp\/v2\/product_cat?post=4988"},{"taxonomy":"product_tag","embeddable":true,"href":"https:\/\/displayproducts.eu\/lv\/wp-json\/wp\/v2\/product_tag?post=4988"}],"curies":[{"name":"wp","href":"https:\/\/api.w.org\/{rel}","templated":true}]}}