{"id":4966,"date":"2025-10-06T14:11:43","date_gmt":"2025-10-06T11:11:43","guid":{"rendered":"https:\/\/wristbandfactory.eu\/?post_type=product&#038;p=4966"},"modified":"2026-04-01T21:52:35","modified_gmt":"2026-04-01T18:52:35","slug":"custom-rfid-fabric-wristbands","status":"publish","type":"product","link":"https:\/\/displayproducts.eu\/lv\/p\/custom-rfid-fabric-wristbands\/","title":{"rendered":"Auduma aproces ar RFID"},"content":{"rendered":"<p data-path-to-node=\"10\">Racionaliz\u0113jiet savu pas\u0101kumu darb\u012bbu ar m\u016bsu pal\u012bdz\u012bbu <b data-path-to-node=\"10\" data-index-in-node=\"67\">Auduma aproces ar RFID<\/b>, nozares standarts bezskaidras naudas festiv\u0101liem un augstas dro\u0161\u012bbas norises viet\u0101m. Klasiskais dizains apvieno m\u012bkstu, austu vai sat\u012bna poliestera siksnu ar iztur\u012bgu <b data-path-to-node=\"10\" data-index-in-node=\"250\">PVC viedais sl\u012bdnis<\/b> kas aizsarg\u0101 RFID mikrosh\u0113mu no \u016bdens un triecieniem.<\/p>\n<p data-path-to-node=\"11\"><b data-path-to-node=\"11\" data-index-in-node=\"0\">Vai nepiecie\u0161ams Premium klases jaunin\u0101jums?<\/b> Lai gan PVC sl\u012bdnis ir m\u016bsu popul\u0101r\u0101k\u0101 un izmaksu zi\u0146\u0101 visefekt\u012bv\u0101k\u0101 iesp\u0113ja, m\u0113s pied\u0101v\u0101jam ar\u012b <b data-path-to-node=\"11\" data-index-in-node=\"106\">Iegult\u0101 RFID tehnolo\u0123ija<\/b>. \u0160aj\u0101 augst\u0101k\u0101s klases versij\u0101 mikrosh\u0113ma ir herm\u0113tiski nosl\u0113gta tie\u0161i tekstila sl\u0101\u0146os, radot piln\u012bgi gludu aproci bez sl\u012bd\u0146iem, kas \u0161\u0137iet k\u0101 parasta auduma aproce. <i data-path-to-node=\"11\" data-index-in-node=\"316\">Sazinieties ar m\u016bsu komandu, lai piepras\u012btu iegulto\/mikrosh\u0113mas josl\u0101 modeli.<\/i><\/p>\n<p data-path-to-node=\"12\">Abas versijas pied\u0101v\u0101 <b data-path-to-node=\"12\" data-index-in-node=\"20\">divas at\u0161\u0137ir\u012bgas z\u012bmola virsmas<\/b>Augstas iz\u0161\u0137irtsp\u0113jas sublim\u0101cijas druka uz pa\u0161as aproces un (uz sl\u012bd\u0146a mode\u013ca) piel\u0101gota druka vai l\u0101zergrav\u0113\u0161ana uz PVC birkas.<\/p>\n<h2 data-path-to-node=\"13\">Galven\u0101s iez\u012bmes<\/h2>\n<ul data-path-to-node=\"14\">\n<li>\n<p data-path-to-node=\"14,0,0\"><b data-path-to-node=\"14,0,0\" data-index-in-node=\"0\">Daudzpus\u012bgas iesp\u0113jas:<\/b> Izv\u0113lieties starp standarta <b data-path-to-node=\"14,0,0\" data-index-in-node=\"47\">Ciets PVC sl\u012bdnis<\/b> (maksim\u0101lai iztur\u012bbai) vai <b data-path-to-node=\"14,0,0\" data-index-in-node=\"95\">Iegults viedais audums<\/b> (maksim\u0101lam komfortam).<\/p>\n<\/li>\n<li>\n<p data-path-to-node=\"14,1,0\"><b data-path-to-node=\"14,1,0\" data-index-in-node=\"0\">Uzticama sken\u0113\u0161ana:<\/b> Augstas kvalit\u0101tes antenas nodro\u0161ina \u0101tru nolas\u012b\u0161anu pie v\u0101rtiem un rest\u0113m neatkar\u012bgi no mode\u013ca.<\/p>\n<\/li>\n<li>\n<p data-path-to-node=\"14,2,0\"><b data-path-to-node=\"14,2,0\" data-index-in-node=\"0\">\u010cipa elast\u012bba:<\/b> Savietojams ar Mifare 1K, NTAG213, I-CODE SLIX un UHF mikrosh\u0113m\u0101m, lai atbilstu j\u016bsu sist\u0113mai.<\/p>\n<\/li>\n<li>\n<p data-path-to-node=\"14,3,0\"><b data-path-to-node=\"14,3,0\" data-index-in-node=\"0\">Pret viltojumiem dro\u0161as sl\u0113dzenes:<\/b> Dro\u0161as vienvirziena b\u012bd\u0101m\u0101s sl\u0113dzenes garant\u0113, ka aproci nevar nodot citam viesim.<\/p>\n<\/li>\n<\/ul>\n<h2 data-path-to-node=\"15\">Specifik\u0101cijas<\/h2>\n<ul data-path-to-node=\"16\">\n<li>\n<p data-path-to-node=\"16,0,0\"><b data-path-to-node=\"16,0,0\" data-index-in-node=\"0\">Joslas materi\u0101ls:<\/b> Poliesters (sublim\u0101cija vai austs)<\/p>\n<\/li>\n<li>\n<p data-path-to-node=\"16,1,0\"><b data-path-to-node=\"16,1,0\" data-index-in-node=\"0\">Standarta modelis:<\/b> PVC sl\u012bd\u0146a birka (35x25mm)<\/p>\n<\/li>\n<li>\n<p data-path-to-node=\"16,2,0\"><b data-path-to-node=\"16,2,0\" data-index-in-node=\"0\">Premium modelis:<\/b> Iegult\u0101 mikrosh\u0113ma (neredzama)<\/p>\n<\/li>\n<li>\n<p data-path-to-node=\"16,3,0\"><b data-path-to-node=\"16,3,0\" data-index-in-node=\"0\">\u010cipa frekvence:<\/b> 13,56 MHz (HF) \/ 860\u2013960 MHz (UHF)<\/p>\n<\/li>\n<li>\n<p data-path-to-node=\"16,4,0\"><b data-path-to-node=\"16,4,0\" data-index-in-node=\"0\">Druk\u0101\u0161ana:<\/b> Pilnkr\u0101su CMYK<\/p>\n<\/li>\n<li>\n<p data-path-to-node=\"16,5,0\"><b data-path-to-node=\"16,5,0\" data-index-in-node=\"0\">\u016adensiztur\u012bgs:<\/b> J\u0101 (IP68)<\/p>\n<\/li>\n<\/ul>\n<h2 data-path-to-node=\"17\">Lieto\u0161anas gad\u012bjumi<\/h2>\n<ul data-path-to-node=\"18\">\n<li>\n<p data-path-to-node=\"18,0,0\"><b data-path-to-node=\"18,0,0\" data-index-in-node=\"0\">M\u016bzikas festiv\u0101li:<\/b> \u0100tra ieeja un bezskaidras naudas maks\u0101jumi samazina rindas un palielina b\u0101ra ie\u0146\u0113mumus.<\/p>\n<\/li>\n<li>\n<p data-path-to-node=\"18,1,0\"><b data-path-to-node=\"18,1,0\" data-index-in-node=\"0\">VIP piek\u013cuve:<\/b> Izmantojiet <b data-path-to-node=\"18,1,0\" data-index-in-node=\"20\">Iegults<\/b> versija VIP viesiem, kuri sagaida augst\u0101ku komforta un ekskluzivit\u0101tes l\u012bmeni.<\/p>\n<\/li>\n<li>\n<p data-path-to-node=\"18,2,0\"><b data-path-to-node=\"18,2,0\" data-index-in-node=\"0\">\u016adens parki:<\/b> Iztur\u012bga konstrukcija iztur hloru un piln\u012bgu iegremd\u0113\u0161anu.<\/p>\n<\/li>\n<li>\n<p data-path-to-node=\"18,3,0\"><b data-path-to-node=\"18,3,0\" data-index-in-node=\"0\">Z\u012bmola aktiviz\u0113\u0161ana:<\/b> \u201cPieskarieties\u201d, lai izveidotu savienojumu ar soci\u0101lajiem t\u012bkliem vai atblo\u0137\u0113tu digit\u0101lo saturu.<\/p>\n<\/li>\n<\/ul>","protected":false},"excerpt":{"rendered":"<ul>\n<li>\n<p data-path-to-node=\"9,0,0\"><b data-path-to-node=\"9,0,0\" data-index-in-node=\"0\">Vied\u0101 sl\u012bd\u0146a tehnolo\u0123ija:<\/b> Standarta modelim ir iztur\u012bga PVC birka, kur\u0101 atrodas RFID mikrosh\u0113ma uzticamai sken\u0113\u0161anai.<\/p>\n<\/li>\n<li>\n<p data-path-to-node=\"9,1,0\"><b data-path-to-node=\"9,1,0\" data-index-in-node=\"0\">Pieejama Premium opcija:<\/b> Mekl\u0113jat elegant\u0101ku izskatu? Jaut\u0101jiet par m\u016bsu <b data-path-to-node=\"9,1,0\" data-index-in-node=\"68\">\u201c\u010cips josl\u0101\u201d<\/b> risin\u0101jums, kur mikrosh\u0113ma ir pasl\u0113pta auduma iek\u0161pus\u0113.<\/p>\n<\/li>\n<li>\n<p data-path-to-node=\"9,2,0\"><b data-path-to-node=\"9,2,0\" data-index-in-node=\"0\">Gatavs bezskaidras naudas maks\u0101jumiem:<\/b> Integr\u0113t\u0101s mikrosh\u0113mas (Mifare, NTAG) nodro\u0161ina \u0101trus \u201cTap &amp; Go\u201d maks\u0101jumus un piek\u013cuves kontroli.<\/p>\n<\/li>\n<li>\n<p data-path-to-node=\"9,3,0\"><b data-path-to-node=\"9,3,0\" data-index-in-node=\"0\">Augsta dro\u0161\u012bba:<\/b> Dro\u0161i blo\u0137\u0113\u0161anas zobi nov\u0113r\u0161 p\u0101rskait\u012bjumus un bi\u013ce\u0161u vilto\u0161anu.<\/p>\n<\/li>\n<\/ul>","protected":false},"featured_media":5933,"comment_status":"closed","ping_status":"closed","template":"","meta":[],"product_brand":[],"product_cat":[47,81,88],"product_tag":[],"class_list":{"0":"post-4966","1":"product","2":"type-product","3":"status-publish","4":"has-post-thumbnail","6":"product_cat-fabric-wristbands","7":"product_cat-rfid","8":"product_cat-smart-wristbands","10":"first","11":"instock","12":"shipping-taxable","13":"purchasable","14":"product-type-simple"},"_links":{"self":[{"href":"https:\/\/displayproducts.eu\/lv\/wp-json\/wp\/v2\/product\/4966","targetHints":{"allow":["GET"]}}],"collection":[{"href":"https:\/\/displayproducts.eu\/lv\/wp-json\/wp\/v2\/product"}],"about":[{"href":"https:\/\/displayproducts.eu\/lv\/wp-json\/wp\/v2\/types\/product"}],"replies":[{"embeddable":true,"href":"https:\/\/displayproducts.eu\/lv\/wp-json\/wp\/v2\/comments?post=4966"}],"wp:featuredmedia":[{"embeddable":true,"href":"https:\/\/displayproducts.eu\/lv\/wp-json\/wp\/v2\/media\/5933"}],"wp:attachment":[{"href":"https:\/\/displayproducts.eu\/lv\/wp-json\/wp\/v2\/media?parent=4966"}],"wp:term":[{"taxonomy":"product_brand","embeddable":true,"href":"https:\/\/displayproducts.eu\/lv\/wp-json\/wp\/v2\/product_brand?post=4966"},{"taxonomy":"product_cat","embeddable":true,"href":"https:\/\/displayproducts.eu\/lv\/wp-json\/wp\/v2\/product_cat?post=4966"},{"taxonomy":"product_tag","embeddable":true,"href":"https:\/\/displayproducts.eu\/lv\/wp-json\/wp\/v2\/product_tag?post=4966"}],"curies":[{"name":"wp","href":"https:\/\/api.w.org\/{rel}","templated":true}]}}