{"id":4277,"date":"2025-06-05T15:54:38","date_gmt":"2025-06-05T12:54:38","guid":{"rendered":"https:\/\/wristbandfactory.eu\/?post_type=product&#038;p=4277"},"modified":"2026-04-01T21:52:35","modified_gmt":"2026-04-01T18:52:35","slug":"extra-large-reusable-event-cups-900ml","status":"publish","type":"product","link":"https:\/\/displayproducts.eu\/lv\/p\/extra-large-reusable-event-cups-900ml\/","title":{"rendered":"\u012apa\u0161i lielas, atk\u0101rtoti lietojamas pas\u0101kumu kr\u016bzes (900 ml)"},"content":{"rendered":"<p data-path-to-node=\"8\">Ja ar standarta kr\u016bz\u012bti nepietiek, m\u016bsu 900 ml \u012bpa\u0161i liel\u0101, atk\u0101rtoti lietojam\u0101 pas\u0101kumu kr\u016bz\u012bte ir ide\u0101ls risin\u0101jums. \u0160\u012b kr\u016bz\u012bte, kas \u012bpa\u0161i izstr\u0101d\u0101ta norises viet\u0101m, kur nepiecie\u0161ams liels dz\u0113rienu daudzums un ret\u0101ka uzpild\u012b\u0161ana, ir ide\u0101li piem\u0113rota sporta ar\u0113n\u0101m, ros\u012bgiem br\u012bvdabas festiv\u0101liem un vesel\u012bbas kampa\u0146\u0101m.<\/p>\n<p data-path-to-node=\"9\">Pied\u0101v\u0101jot iev\u0113rojami liel\u0101ku ietilp\u012bbu nek\u0101 standarta 500 ml kr\u016bz\u012btes, 900 ml Malsuk modelis uzlabo apkalpo\u0161anas efektivit\u0101ti un palielina lietot\u0101ja \u0113rt\u012bbas.<\/p>\n<p data-path-to-node=\"10\">Izgatavota no elast\u012bgas un iztur\u012bgas PP (polipropil\u0113na) plastmasas, \u0161\u012b kr\u016bz\u012bte ir paredz\u0113ta ilgsto\u0161ai un uzticamai lieto\u0161anai. T\u0101 ir sertific\u0113ta k\u0101 bez BPA un tai ir t\u012bra, da\u013c\u0113ji caursp\u012bd\u012bga apdare.<\/p>\n<p data-path-to-node=\"11\">\u0160\u012b \u012bpa\u0161i liel\u0101 ietilp\u012bba nodro\u0161ina ar\u012b \u012bpa\u0161i pla\u0161as z\u012bmola izvieto\u0161anas iesp\u0113jas. Kr\u016bzei ir milz\u012bgs 270 x 70 mm apdrukas laukums, kas \u013cauj j\u016bsu logotipu vai kampa\u0146as zi\u0146ojumu att\u0113lot redzam\u0101 viet\u0101, izmantojot vienkr\u0101sainu sietspiedi.<\/p>\n<p data-path-to-node=\"12\"><b>Galven\u0101s iez\u012bmes:<\/b><\/p>\n<ul data-path-to-node=\"13\">\n<li>\n<p data-path-to-node=\"13,0,0\"><b>\u012apa\u0161i liela 900 ml ietilp\u012bba:<\/b> Ide\u0101li piem\u0113rots liel\u0101ku dz\u0113rienu pasnieg\u0161anai un atk\u0101rtotas uzpild\u012b\u0161anas samazin\u0101\u0161anai pas\u0101kumos ar lielu apmekl\u0113t\u0101ju skaitu.<\/p>\n<\/li>\n<li>\n<p data-path-to-node=\"13,1,0\"><b>Iztur\u012bgs un elast\u012bgs materi\u0101ls:<\/b> Izgatavots no iztur\u012bgas, atk\u0101rtoti lietojamas PP plastmasas.<\/p>\n<\/li>\n<li>\n<p data-path-to-node=\"13,2,0\"><b>Dro\u0161s vesel\u012bbai:<\/b> Sertific\u0113ts k\u0101 100% bez BPA.<\/p>\n<\/li>\n<li>\n<p data-path-to-node=\"13,3,0\"><b>Puscaursp\u012bd\u012bga apdare:<\/b> Pied\u0101v\u0101 t\u012bru, modernu izskatu, vienlaikus saglab\u0101jot satura redzam\u012bbu.<\/p>\n<\/li>\n<li>\n<p data-path-to-node=\"13,4,0\"><b>Liela drukas plat\u012bba:<\/b> Nodro\u0161ina 270 x 70 mm laukumu augstas iz\u0161\u0137irtsp\u0113jas vienkr\u0101sas sietspiedei.<\/p>\n<\/li>\n<\/ul>","protected":false},"excerpt":{"rendered":"<ul data-path-to-node=\"7\">\n<li>\n<p data-path-to-node=\"7,0,0\">\u012apa\u0161i liel\u0101 900 ml ietilp\u012bba samazina uzpild\u012b\u0161anas bie\u017eumu liel\u0101s norises viet\u0101s.<\/p>\n<\/li>\n<li>\n<p data-path-to-node=\"7,1,0\">Izgatavots no elast\u012bgas, iztur\u012bgas un BPA nesaturo\u0161as PP plastmasas.<\/p>\n<\/li>\n<li>\n<p data-path-to-node=\"7,2,0\">Rakstur\u012bga t\u012bra, da\u013c\u0113ji caursp\u012bd\u012bga apdare.<\/p>\n<\/li>\n<li>\n<p data-path-to-node=\"7,3,0\">Milz\u012bga 270 x 70 mm drukas plat\u012bba vienkr\u0101sas sietspiedei.<\/p>\n<\/li>\n<\/ul>","protected":false},"featured_media":6493,"comment_status":"closed","ping_status":"closed","template":"","meta":[],"product_brand":[],"product_cat":[111],"product_tag":[],"class_list":{"0":"post-4277","1":"product","2":"type-product","3":"status-publish","4":"has-post-thumbnail","6":"product_cat-reusable-event-cups","8":"first","9":"instock","10":"shipping-taxable","11":"purchasable","12":"product-type-simple"},"_links":{"self":[{"href":"https:\/\/displayproducts.eu\/lv\/wp-json\/wp\/v2\/product\/4277","targetHints":{"allow":["GET"]}}],"collection":[{"href":"https:\/\/displayproducts.eu\/lv\/wp-json\/wp\/v2\/product"}],"about":[{"href":"https:\/\/displayproducts.eu\/lv\/wp-json\/wp\/v2\/types\/product"}],"replies":[{"embeddable":true,"href":"https:\/\/displayproducts.eu\/lv\/wp-json\/wp\/v2\/comments?post=4277"}],"wp:featuredmedia":[{"embeddable":true,"href":"https:\/\/displayproducts.eu\/lv\/wp-json\/wp\/v2\/media\/6493"}],"wp:attachment":[{"href":"https:\/\/displayproducts.eu\/lv\/wp-json\/wp\/v2\/media?parent=4277"}],"wp:term":[{"taxonomy":"product_brand","embeddable":true,"href":"https:\/\/displayproducts.eu\/lv\/wp-json\/wp\/v2\/product_brand?post=4277"},{"taxonomy":"product_cat","embeddable":true,"href":"https:\/\/displayproducts.eu\/lv\/wp-json\/wp\/v2\/product_cat?post=4277"},{"taxonomy":"product_tag","embeddable":true,"href":"https:\/\/displayproducts.eu\/lv\/wp-json\/wp\/v2\/product_tag?post=4277"}],"curies":[{"name":"wp","href":"https:\/\/api.w.org\/{rel}","templated":true}]}}