{"id":4271,"date":"2025-06-05T15:43:08","date_gmt":"2025-06-05T12:43:08","guid":{"rendered":"https:\/\/wristbandfactory.eu\/?post_type=product&#038;p=4271"},"modified":"2026-04-01T21:52:35","modified_gmt":"2026-04-01T18:52:35","slug":"reusable-event-cups-600ml","status":"publish","type":"product","link":"https:\/\/displayproducts.eu\/lv\/p\/reusable-event-cups-600ml\/","title":{"rendered":"Atk\u0101rtoti lietojamas pas\u0101kumu kr\u016bz\u012btes (600 ml)"},"content":{"rendered":"<p data-path-to-node=\"8\">P\u0101rsniedziet standarta 500 ml izm\u0113ru ar m\u016bsu 600 ml atk\u0101rtoti lietojamo pas\u0101kumu kr\u016bz\u012bti. \u0160\u012b kr\u016bz\u012bte ir \u012bpa\u0161i izstr\u0101d\u0101ta viet\u0101m ar lielu cilv\u0113ku pl\u016bsmu, piem\u0113ram, festiv\u0101liem, sporta norises viet\u0101m un liela m\u0113roga koncertiem, kur uzpild\u012b\u0161anas bie\u017euma samazin\u0101\u0161ana ir \u013coti svar\u012bga, lai uzlabotu apkalpo\u0161anas \u0101trumu un apmekl\u0113t\u0101ju apmierin\u0101t\u012bbu.<\/p>\n<p data-path-to-node=\"9\">Izgatavota no elast\u012bgas, bet iztur\u012bgas PP (polipropil\u0113na) plastmasas, \u0161\u012b kr\u016bze ir ar t\u012bru, da\u013c\u0113ji caursp\u012bd\u012bgu apdari, kas labi sader ar jebkuru z\u012bmolu. Liel\u0101ks tilpums pied\u0101v\u0101 papildu \u0113rt\u012bbas apmekl\u0113t\u0101jiem ros\u012bgos \u0101ra pas\u0101kumos.<\/p>\n<p data-path-to-node=\"10\">\u0160\u012b kr\u016bze ir ne tikai praktiska, bet ar\u012b lielisks z\u012bmola veido\u0161anas r\u012bks. T\u0101 pied\u0101v\u0101 pla\u0161u 220 x 70 mm apdrukas laukumu j\u016bsu uz\u0146\u0113muma logotipam vai kampa\u0146as zi\u0146ojumam, ko var uzdruk\u0101t, izmantojot iztur\u012bgu, vienkr\u0101sainu sietspiedi. Materi\u0101ls ir sertific\u0113ts k\u0101 bez BPA, nodro\u0161inot dro\u0161u un augstas kvalit\u0101tes risin\u0101jumu j\u016bsu pas\u0101kumam.<\/p>\n<p data-path-to-node=\"11\"><b>Galven\u0101s iez\u012bmes:<\/b><\/p>\n<ul data-path-to-node=\"12\">\n<li>\n<p data-path-to-node=\"12,0,0\"><b>Virs standarta 600 ml ietilp\u012bba:<\/b> Nodro\u0161ina liel\u0101ku tilpumu, lai samazin\u0101tu uzpild\u012b\u0161anas bie\u017eumu noslogot\u0101s viet\u0101s.<\/p>\n<\/li>\n<li>\n<p data-path-to-node=\"12,1,0\"><b>Iztur\u012bgs un elast\u012bgs materi\u0101ls:<\/b> Izgatavots no atk\u0101rtoti lietojamas, BPA nesaturo\u0161as PP plastmasas.<\/p>\n<\/li>\n<li>\n<p data-path-to-node=\"12,2,0\"><b>Puscaursp\u012bd\u012bga apdare:<\/b> Nodro\u0161ina t\u012bru, modernu pamatu j\u016bsu z\u012bmola veido\u0161anai.<\/p>\n<\/li>\n<li>\n<p data-path-to-node=\"12,3,0\"><b>Liela drukas zona:<\/b> Apr\u012bkots ar 220 x 70 mm laukumu vienkr\u0101sas sietspiedei.<\/p>\n<\/li>\n<li>\n<p data-path-to-node=\"12,4,0\"><b>Videi draudz\u012bgs risin\u0101jums:<\/b> Atk\u0101rtoti lietojama alternat\u012bva vienreizlietojamai plastmasai, ide\u0101li piem\u0113rota liela m\u0113roga izplat\u012b\u0161anai.<\/p>\n<\/li>\n<\/ul>\n<p data-path-to-node=\"13\">","protected":false},"excerpt":{"rendered":"<ul>\n<li>\n<p data-path-to-node=\"7,0,0\">Apr\u012bkots ar virs standarta 600 ml ietilp\u012bbu, lai samazin\u0101tu uzpild\u012b\u0161anas bie\u017eumu.<\/p>\n<\/li>\n<li>\n<p data-path-to-node=\"7,1,0\">Izgatavots no elast\u012bgas, iztur\u012bgas un BPA nesaturo\u0161as PP plastmasas.<\/p>\n<\/li>\n<li>\n<p data-path-to-node=\"7,2,0\">Moderna, da\u013c\u0113ji caursp\u012bd\u012bga apdare nodro\u0161ina t\u012bru izskatu.<\/p>\n<\/li>\n<li>\n<p data-path-to-node=\"7,3,0\">Liels 220 x 70 mm drukas laukums vienkr\u0101sas sietspiedei.<\/p>\n<\/li>\n<\/ul>","protected":false},"featured_media":6621,"comment_status":"closed","ping_status":"closed","template":"","meta":[],"product_brand":[],"product_cat":[111],"product_tag":[],"class_list":{"0":"post-4271","1":"product","2":"type-product","3":"status-publish","4":"has-post-thumbnail","6":"product_cat-reusable-event-cups","8":"first","9":"instock","10":"shipping-taxable","11":"purchasable","12":"product-type-simple"},"_links":{"self":[{"href":"https:\/\/displayproducts.eu\/lv\/wp-json\/wp\/v2\/product\/4271","targetHints":{"allow":["GET"]}}],"collection":[{"href":"https:\/\/displayproducts.eu\/lv\/wp-json\/wp\/v2\/product"}],"about":[{"href":"https:\/\/displayproducts.eu\/lv\/wp-json\/wp\/v2\/types\/product"}],"replies":[{"embeddable":true,"href":"https:\/\/displayproducts.eu\/lv\/wp-json\/wp\/v2\/comments?post=4271"}],"wp:featuredmedia":[{"embeddable":true,"href":"https:\/\/displayproducts.eu\/lv\/wp-json\/wp\/v2\/media\/6621"}],"wp:attachment":[{"href":"https:\/\/displayproducts.eu\/lv\/wp-json\/wp\/v2\/media?parent=4271"}],"wp:term":[{"taxonomy":"product_brand","embeddable":true,"href":"https:\/\/displayproducts.eu\/lv\/wp-json\/wp\/v2\/product_brand?post=4271"},{"taxonomy":"product_cat","embeddable":true,"href":"https:\/\/displayproducts.eu\/lv\/wp-json\/wp\/v2\/product_cat?post=4271"},{"taxonomy":"product_tag","embeddable":true,"href":"https:\/\/displayproducts.eu\/lv\/wp-json\/wp\/v2\/product_tag?post=4271"}],"curies":[{"name":"wp","href":"https:\/\/api.w.org\/{rel}","templated":true}]}}