{"id":4265,"date":"2025-06-05T15:20:53","date_gmt":"2025-06-05T12:20:53","guid":{"rendered":"https:\/\/wristbandfactory.eu\/?post_type=product&#038;p=4265"},"modified":"2026-04-01T21:52:04","modified_gmt":"2026-04-01T18:52:04","slug":"colored-reusable-event-cups-500ml","status":"publish","type":"product","link":"https:\/\/displayproducts.eu\/lv\/p\/colored-reusable-event-cups-500ml\/","title":{"rendered":"Kr\u0101sainas atk\u0101rtoti lietojamas pas\u0101kumu kr\u016bz\u012btes (500ml)"},"content":{"rendered":"<p data-path-to-node=\"7\">Padariet savu z\u012bmolu nepaman\u0101mu ros\u012bgos festiv\u0101los, konferenc\u0113s un rekl\u0101mas pas\u0101kumos ar m\u016bsu kr\u0101sainaj\u0101m atk\u0101rtoti lietojamaj\u0101m pas\u0101kumu kr\u016bz\u012bt\u0113m. Spilgta kr\u016bz\u012bte nodro\u0161ina t\u016bl\u012bt\u0113ju z\u012bmola atpaz\u012bstam\u012bbu un kalpo k\u0101 vienk\u0101r\u0161s, efekt\u012bvs instruments darb\u012bbas efektivit\u0101tei.<\/p>\n<p data-path-to-node=\"8\">\u0160\u012bs kr\u016bzes ir pieejamas se\u0161\u0101s uzman\u012bbu piesaisto\u0161\u0101s, da\u013c\u0113ji caursp\u012bd\u012bg\u0101s kr\u0101s\u0101s (tostarp sarkan\u0101, zil\u0101 un za\u013c\u0101), un t\u0101s ir ide\u0101li piem\u0113rotas, lai t\u0101s atbilstu j\u016bsu z\u012bmola identit\u0101tei vai praktiskai kr\u0101su kod\u0113\u0161anai j\u016bsu pas\u0101kum\u0101. Izmantojiet da\u017e\u0101das kr\u0101sas, lai at\u0161\u0137irtu piek\u013cuves zonas, dz\u0113rienu veidus (piem\u0113ram, alkoholiskos vai bezalkoholiskos) vai lai izceltu da\u017e\u0101dus pas\u0101kuma sponsorus.<\/p>\n<p data-path-to-node=\"9\">\u0160\u012bs 500 ml kr\u016bz\u012btes ir izgatavotas no iztur\u012bgas, elast\u012bgas un vieglas PP plastmasas, un t\u0101s ir paredz\u0113tas atk\u0101rtotai lieto\u0161anai. T\u0101s ir izmaksu zi\u0146\u0101 efekt\u012bva un ilgtsp\u0113j\u012bga alternat\u012bva vienreizlietojam\u0101m plastmas\u0101m. Katra kr\u016bz\u012bte ir sertific\u0113ta k\u0101 nesaturo\u0161a BPA, nodro\u0161inot visu dal\u012bbnieku dro\u0161\u012bbu.<\/p>\n<p data-path-to-node=\"10\">Personaliz\u0113jiet savas kr\u016bz\u012btes ar lielu, vienkr\u0101sainu sietspiedi (170 x 60 mm), lai att\u0113lotu savu logotipu, kampa\u0146as v\u0113st\u012bjumu vai sponsora z\u012bmolu. \u0160\u012b spilgto kr\u0101su un piel\u0101got\u0101s apdrukas kombin\u0101cija rada neaizmirstamu, labi redzamu rekl\u0101mas priek\u0161metu.<\/p>\n<p data-path-to-node=\"11\"><b>Galven\u0101s iez\u012bmes:<\/b><\/p>\n<ul data-path-to-node=\"12\">\n<li>\n<p data-path-to-node=\"12,0,0\"><b>Augstas redzam\u012bbas z\u012bmola veido\u0161ana:<\/b> Pieejams 6 ko\u0161\u0101s, da\u013c\u0113ji caursp\u012bd\u012bg\u0101s kr\u0101s\u0101s, lai atbilstu z\u012bmola identit\u0101tei.<\/p>\n<\/li>\n<li>\n<p data-path-to-node=\"12,1,0\"><b>Iztur\u012bgs un atk\u0101rtoti lietojams:<\/b> Izgatavots no elast\u012bga, viegla un triecieniztur\u012bga PP plastmasas.<\/p>\n<\/li>\n<li>\n<p data-path-to-node=\"12,2,0\"><b>Vesel\u012bbai dro\u0161s materi\u0101ls:<\/b> 100% Nesatur BPA un ir piem\u0113rots visiem pas\u0101kuma apmekl\u0113t\u0101jiem.<\/p>\n<\/li>\n<li>\n<p data-path-to-node=\"12,3,0\"><b>Praktisks pas\u0101kumu r\u012bks:<\/b> Ide\u0101li piem\u0113rots kr\u0101su kod\u0113\u0161anas zon\u0101m, sponsoriem vai dz\u0113rienu veidiem.<\/p>\n<\/li>\n<li>\n<p data-path-to-node=\"12,4,0\"><b>Piel\u0101gojams:<\/b> Pied\u0101v\u0101 lielu 170 x 60 mm drukas laukumu vienkr\u0101sas sietspiedei.<\/p>\n<\/li>\n<li>\n<p data-path-to-node=\"12,5,0\"><b>Standarta 500 ml ietilp\u012bba:<\/b> Lielisks izm\u0113rs alum, bezalkoholiskajiem dz\u0113rieniem un citiem dz\u0113rieniem pas\u0101kumiem.<\/p>\n<\/li>\n<\/ul>","protected":false},"excerpt":{"rendered":"<ul>\n<li>\n<p data-path-to-node=\"6,0,0\">Palieliniet z\u012bmola atpaz\u012bstam\u012bbu ar 6 ko\u0161\u0101m, da\u013c\u0113ji caursp\u012bd\u012bg\u0101m kr\u0101su opcij\u0101m.<\/p>\n<\/li>\n<li>\n<p data-path-to-node=\"6,1,0\">Ide\u0101li piem\u0113rots piek\u013cuves zonu, dz\u0113rienu veidu vai sponsoru zonu kr\u0101su kod\u0113\u0161anai.<\/p>\n<\/li>\n<li>\n<p data-path-to-node=\"6,2,0\">Iztur\u012bga, elast\u012bga un atk\u0101rtoti lietojama PP plastmasa (bez BPA).<\/p>\n<\/li>\n<li>\n<p data-path-to-node=\"6,3,0\">Piel\u0101gojams ar vienkr\u0101sainu sietspiedi (170 x 60 mm laukums).<\/p>\n<\/li>\n<\/ul>","protected":false},"featured_media":6445,"comment_status":"closed","ping_status":"closed","template":"","meta":[],"product_brand":[],"product_cat":[111],"product_tag":[],"class_list":{"0":"post-4265","1":"product","2":"type-product","3":"status-publish","4":"has-post-thumbnail","6":"product_cat-reusable-event-cups","8":"first","9":"instock","10":"shipping-taxable","11":"purchasable","12":"product-type-simple"},"_links":{"self":[{"href":"https:\/\/displayproducts.eu\/lv\/wp-json\/wp\/v2\/product\/4265","targetHints":{"allow":["GET"]}}],"collection":[{"href":"https:\/\/displayproducts.eu\/lv\/wp-json\/wp\/v2\/product"}],"about":[{"href":"https:\/\/displayproducts.eu\/lv\/wp-json\/wp\/v2\/types\/product"}],"replies":[{"embeddable":true,"href":"https:\/\/displayproducts.eu\/lv\/wp-json\/wp\/v2\/comments?post=4265"}],"wp:featuredmedia":[{"embeddable":true,"href":"https:\/\/displayproducts.eu\/lv\/wp-json\/wp\/v2\/media\/6445"}],"wp:attachment":[{"href":"https:\/\/displayproducts.eu\/lv\/wp-json\/wp\/v2\/media?parent=4265"}],"wp:term":[{"taxonomy":"product_brand","embeddable":true,"href":"https:\/\/displayproducts.eu\/lv\/wp-json\/wp\/v2\/product_brand?post=4265"},{"taxonomy":"product_cat","embeddable":true,"href":"https:\/\/displayproducts.eu\/lv\/wp-json\/wp\/v2\/product_cat?post=4265"},{"taxonomy":"product_tag","embeddable":true,"href":"https:\/\/displayproducts.eu\/lv\/wp-json\/wp\/v2\/product_tag?post=4265"}],"curies":[{"name":"wp","href":"https:\/\/api.w.org\/{rel}","templated":true}]}}