{"id":4241,"date":"2025-06-05T15:07:14","date_gmt":"2025-06-05T12:07:14","guid":{"rendered":"https:\/\/wristbandfactory.eu\/?post_type=product&#038;p=4241"},"modified":"2026-04-01T21:52:36","modified_gmt":"2026-04-01T18:52:36","slug":"reusable-event-cups-with-lanyard-hook-500ml","status":"publish","type":"product","link":"https:\/\/displayproducts.eu\/lv\/p\/reusable-event-cups-with-lanyard-hook-500ml\/","title":{"rendered":"Atk\u0101rtoti lietojamas pas\u0101kumu kr\u016bz\u012btes ar \u0101\u0137i kakla siksni\u0146ai (500ml)"},"content":{"rendered":"<p data-path-to-node=\"6\">Nodro\u0161iniet maksim\u0101lu \u0113rt\u012bbu n\u0101kamaj\u0101 festiv\u0101l\u0101, tirdzniec\u012bbas izst\u0101d\u0113 vai pas\u0101kum\u0101 br\u012bv\u0101 dab\u0101 ar m\u016bsu atk\u0101rtoti lietojamaj\u0101m pas\u0101kumu kr\u016bz\u012bt\u0113m ar integr\u0113tu \u0101\u0137i kakla lentasi. \u0160\u012b 500 ml kr\u016bz\u012bte ir ide\u0101ls risin\u0101jums apmekl\u0113t\u0101jiem, nodro\u0161inot br\u012bvroku \u0113rt\u012bbas, p\u0101rvietojoties starp stendiem, veidojot kontaktus vai izmantojot telpas.<\/p>\n<p data-path-to-node=\"7\">Inovat\u012bvais \u0101\u0137is ir sader\u012bgs ar standarta kakla siksn\u0101m, iev\u0113rojami uzlabojot higi\u0113nu un viesu pieredzi. Tas ir praktisks un vieds risin\u0101jums jebkuram liela m\u0113roga pas\u0101kumam, kur\u0101 dal\u012bbniekiem ir j\u0101patur rokas br\u012bvas.<\/p>\n<p data-path-to-node=\"8\">\u0160\u012bs Sp\u0101nij\u0101 ra\u017eot\u0101s kr\u016bzes ir paredz\u0113tas atk\u0101rtotai lieto\u0161anai. T\u0101s ir izgatavotas no iztur\u012bgas, vieglas (21 g) un da\u013c\u0113ji caursp\u012bd\u012bgas PP plastmasas, kas ir 100% bez BPA. Kr\u016bzes ir piln\u012bb\u0101 dro\u0161as mazg\u0101\u0161anai mikrovi\u013c\u0146u kr\u0101sn\u012b un trauku mazg\u0101jam\u0101 ma\u0161\u012bn\u0101, nodro\u0161inot vienk\u0101r\u0161u, higi\u0113nisku t\u012br\u012b\u0161anu un ilgsto\u0161u, ilgtsp\u0113j\u012bgu ieguld\u012bjumu j\u016bsu organiz\u0101cijai. 500 ml kop\u0113j\u0101 ietilp\u012bba (450 ml izmantojamais tilpums) ir ide\u0101li piem\u0113rota standarta dz\u0113rienu pasnieg\u0161anai, vienlaikus pal\u012bdzot nov\u0113rst izlie\u0161anu.<\/p>\n<p data-path-to-node=\"9\">Prezent\u0113jiet savu z\u012bmolu vai sponsorus ar iespaid\u012bgu, piln\u012bb\u0101 apt\u012btu rot\u0101cijas sietspiedes druku. Lielais 200 x 65 mm drukas laukums nodro\u0161ina lielisku redzam\u012bbu j\u016bsu vienkr\u0101sainajam logotipam vai pas\u0101kuma z\u012bmolam.<\/p>\n<p data-path-to-node=\"10\"><b>Galven\u0101s iez\u012bmes:<\/b><\/p>\n<ul data-path-to-node=\"11\">\n<li>\n<p data-path-to-node=\"11,0,0\"><b>Integr\u0113ts aukli\u0146as \u0101\u0137is:<\/b> Nodro\u0161ina dal\u012bbniekiem br\u012bvroku \u0113rt\u012bbas; sader\u012bgs ar standarta kakla siksni\u0146\u0101m.<\/p>\n<\/li>\n<li>\n<p data-path-to-node=\"11,1,0\"><b>Iztur\u012bgs un dro\u0161s materi\u0101ls:<\/b> Ra\u017eots Sp\u0101nij\u0101 no puscaursp\u012bd\u012bgas PP plastmasas; 100% bez BPA.<\/p>\n<\/li>\n<li>\n<p data-path-to-node=\"11,2,0\"><b>Higi\u0113nisks un atk\u0101rtoti lietojams:<\/b> Piln\u012bb\u0101 dro\u0161s mazg\u0101\u0161anai trauku mazg\u0101jam\u0101 ma\u0161\u012bn\u0101 un mikrovi\u013c\u0146u kr\u0101sn\u012b, lai to b\u016btu viegli t\u012br\u012bt un ilgsto\u0161i lietot da\u017e\u0101dos pas\u0101kumos.<\/p>\n<\/li>\n<li>\n<p data-path-to-node=\"11,3,0\"><b>Viegls un iztur\u012bgs:<\/b> Sver tikai 21 gramu, t\u0101p\u0113c tas ir ide\u0101li piem\u0113rots liela m\u0113roga izplat\u012b\u0161anai.<\/p>\n<\/li>\n<li>\n<p data-path-to-node=\"11,4,0\"><b>Liela drukas zona:<\/b> Pied\u0101v\u0101 200 x 65 mm pilna iet\u012b\u0161anas laukumu vienkr\u0101sainai rot\u0101cijas sietspiedei.<\/p>\n<\/li>\n<li>\n<p data-path-to-node=\"11,5,0\"><b>Praktisk\u0101 ietilp\u012bba:<\/b> 500 ml kop\u0113jais tilpums (450 ml lietojams) ir paredz\u0113ts, lai nov\u0113rstu p\u0101rpl\u016b\u0161anu.<\/p>\n<\/li>\n<\/ul>","protected":false},"excerpt":{"rendered":"<ul>\n<li>\n<p data-path-to-node=\"5,0,0\">Apr\u012bkots ar integr\u0113tu \u0101\u0137i kakla siksni\u0146\u0101m \u2014 ide\u0101li piem\u0113rots lieto\u0161anai bez rok\u0101m.<\/p>\n<\/li>\n<li>\n<p data-path-to-node=\"5,1,0\">Iztur\u012bga, viegla (21 g) un da\u013c\u0113ji caursp\u012bd\u012bga PP plastmasa (bez BPA).<\/p>\n<\/li>\n<li>\n<p data-path-to-node=\"5,2,0\">Piln\u012bb\u0101 dro\u0161s mazg\u0101\u0161anai trauku mazg\u0101jam\u0101 ma\u0161\u012bn\u0101 un mikrovi\u013c\u0146u kr\u0101sn\u012b higi\u0113niskai un ilgsto\u0161ai atk\u0101rtotai lieto\u0161anai.<\/p>\n<\/li>\n<li>\n<p data-path-to-node=\"5,3,0\">Liels 200 x 65 mm drukas laukums vienkr\u0101sas rot\u0101cijas sietspiedei.<\/p>\n<\/li>\n<\/ul>","protected":false},"featured_media":6628,"comment_status":"closed","ping_status":"closed","template":"","meta":[],"product_brand":[],"product_cat":[111],"product_tag":[],"class_list":{"0":"post-4241","1":"product","2":"type-product","3":"status-publish","4":"has-post-thumbnail","6":"product_cat-reusable-event-cups","8":"first","9":"instock","10":"shipping-taxable","11":"purchasable","12":"product-type-simple"},"_links":{"self":[{"href":"https:\/\/displayproducts.eu\/lv\/wp-json\/wp\/v2\/product\/4241","targetHints":{"allow":["GET"]}}],"collection":[{"href":"https:\/\/displayproducts.eu\/lv\/wp-json\/wp\/v2\/product"}],"about":[{"href":"https:\/\/displayproducts.eu\/lv\/wp-json\/wp\/v2\/types\/product"}],"replies":[{"embeddable":true,"href":"https:\/\/displayproducts.eu\/lv\/wp-json\/wp\/v2\/comments?post=4241"}],"wp:featuredmedia":[{"embeddable":true,"href":"https:\/\/displayproducts.eu\/lv\/wp-json\/wp\/v2\/media\/6628"}],"wp:attachment":[{"href":"https:\/\/displayproducts.eu\/lv\/wp-json\/wp\/v2\/media?parent=4241"}],"wp:term":[{"taxonomy":"product_brand","embeddable":true,"href":"https:\/\/displayproducts.eu\/lv\/wp-json\/wp\/v2\/product_brand?post=4241"},{"taxonomy":"product_cat","embeddable":true,"href":"https:\/\/displayproducts.eu\/lv\/wp-json\/wp\/v2\/product_cat?post=4241"},{"taxonomy":"product_tag","embeddable":true,"href":"https:\/\/displayproducts.eu\/lv\/wp-json\/wp\/v2\/product_tag?post=4241"}],"curies":[{"name":"wp","href":"https:\/\/api.w.org\/{rel}","templated":true}]}}