{"id":4229,"date":"2025-06-05T14:14:57","date_gmt":"2025-06-05T11:14:57","guid":{"rendered":"https:\/\/wristbandfactory.eu\/?post_type=product&#038;p=4229"},"modified":"2026-04-01T21:52:36","modified_gmt":"2026-04-01T18:52:36","slug":"digital-printed-reusable-cups-360-wrap","status":"publish","type":"product","link":"https:\/\/displayproducts.eu\/lv\/p\/digital-printed-reusable-cups-360-wrap\/","title":{"rendered":"Digit\u0101li druk\u0101tas atk\u0101rtoti lietojamas kr\u016bzes (360\u00b0 iet\u012b\u0161ana)"},"content":{"rendered":"<p data-path-to-node=\"11\">Maksim\u0101li palieliniet sava z\u012bmola ietekmi ar m\u016bsu digit\u0101li druk\u0101taj\u0101m atk\u0101rtoti lietojamaj\u0101m kr\u016bz\u012bt\u0113m. \u0160\u012bs 500 ml kr\u016bz\u012btes ir augst\u0101k\u0101s klases z\u012bmola veido\u0161anas risin\u0101jums, kas pied\u0101v\u0101 uzlabotu 360\u00b0 pilna iet\u012b\u0161anas digit\u0101lo druku, kas atdz\u012bvina sare\u017e\u0123\u012btus, pilnkr\u0101su dizainus un sponsoru logotipus.<\/p>\n<p data-path-to-node=\"12\">Izgatavota no iztur\u012bgas, augstas kvalit\u0101tes PP plastmasas ar elegantu puscaursp\u012bd\u012bgu mat\u0113tu apdari, \u0161\u012b kr\u016bze ir lieliska izv\u0113le augstas klases korporat\u012bvajiem pas\u0101kumiem, produktu prezent\u0101cij\u0101m un festiv\u0101liem, kur z\u012bmola prezent\u0101cija ir kritiski svar\u012bga.<\/p>\n<p data-path-to-node=\"13\">Lai gan \u0161\u012b daudzpus\u012bg\u0101 kr\u016bze ir specializ\u0113jusies augstas ietekmes digit\u0101laj\u0101 druk\u0101, t\u0101 atbalsta pilnu piel\u0101go\u0161anas iesp\u0113ju kl\u0101stu jebkuram bud\u017eetam, tostarp vienkr\u0101sainu pilna iet\u012b\u0161anas sietspiedi un prec\u012bzu vair\u0101ku atra\u0161an\u0101s vietu tampondruku maz\u0101kiem logotipiem.<\/p>\n<p data-path-to-node=\"14\">K\u0101 sakraujams, viegls un videi draudz\u012bgs risin\u0101jums, kas ra\u017eots Eirop\u0101, tas ne tikai samazina plastmasas atkritumus, bet ar\u012b kalpo k\u0101 augstas kvalit\u0101tes, neaizmirstams suven\u012brs, kas sp\u0113c\u012bgi p\u0101rst\u0101v j\u016bsu z\u012bmolu.<\/p>\n<p data-path-to-node=\"15\"><b>Galven\u0101s iez\u012bmes:<\/b><\/p>\n<ul data-path-to-node=\"16\">\n<li>\n<p data-path-to-node=\"16,0,0\"><b>Augst\u0101k\u0101s kvalit\u0101tes 360\u00b0 digit\u0101l\u0101 druka:<\/b> Pied\u0101v\u0101 neman\u0101mu, pilna apjoma druk\u0101\u0161anu (270 x 116 mm) sare\u017e\u0123\u012btai, pilnkr\u0101su grafikai.<\/p>\n<\/li>\n<li>\n<p data-path-to-node=\"16,1,0\"><b>Daudzpus\u012bgas drukas iesp\u0113jas:<\/b> Atbalsta ar\u012b vienkr\u0101sainu sietspiedi un vair\u0101ku atra\u0161an\u0101s vietu tampondruku vienk\u0101r\u0161\u0101k\u0101m z\u012bmola veido\u0161anas vajadz\u012bb\u0101m.<\/p>\n<\/li>\n<li>\n<p data-path-to-node=\"16,2,0\"><b>Iztur\u012bga 500 ml kr\u016bze:<\/b> Izgatavots no augstas kvalit\u0101tes atk\u0101rtoti lietojamas PP plastmasas, ide\u0101li piem\u0113rots dz\u0113rienu pasnieg\u0161anai.<\/p>\n<\/li>\n<li>\n<p data-path-to-node=\"16,3,0\"><b>Eleganta mat\u0113ta apdare:<\/b> Tam ir moderna, da\u013c\u0113ji caursp\u012bd\u012bga mat\u0113ta apdare, kas uzlabo z\u012bmola vizu\u0101los efektus.<\/p>\n<\/li>\n<li>\n<p data-path-to-node=\"16,4,0\"><b>Eiropas produkcija:<\/b> Garant\u0113 atbilst\u012bbu augstiem dro\u0161\u012bbas un kvalit\u0101tes standartiem.<\/p>\n<\/li>\n<\/ul>","protected":false},"excerpt":{"rendered":"<ul data-path-to-node=\"10\">\n<li>\n<p data-path-to-node=\"10,0,0\">Augst\u0101k\u0101s kvalit\u0101tes 360\u00b0 pilna apjoma digit\u0101l\u0101 druka fotore\u0101listiskiem, sare\u017e\u0123\u012btiem dizainiem.<\/p>\n<\/li>\n<li>\n<p data-path-to-node=\"10,1,0\">Iztur\u012bga 500 ml atk\u0101rtoti lietojama PP plastmasa ar modernu puscaursp\u012bd\u012bgu mat\u0113tu apdari.<\/p>\n<\/li>\n<li>\n<p data-path-to-node=\"10,2,0\">Pieejamas vair\u0101kas drukas tehnikas, s\u0101kot no pilna iet\u012b\u0161anas digit\u0101l\u0101s drukas l\u012bdz vienkr\u0101sainam sietspiedei vai tampondrukai.<\/p>\n<\/li>\n<li>\n<p data-path-to-node=\"10,3,0\">Ra\u017eots Eirop\u0101, nodro\u0161inot augstu kvalit\u0101ti un dro\u0161\u012bbas standartus.<\/p>\n<\/li>\n<\/ul>","protected":false},"featured_media":6494,"comment_status":"closed","ping_status":"closed","template":"","meta":[],"product_brand":[],"product_cat":[111],"product_tag":[],"class_list":{"0":"post-4229","1":"product","2":"type-product","3":"status-publish","4":"has-post-thumbnail","6":"product_cat-reusable-event-cups","8":"first","9":"instock","10":"shipping-taxable","11":"purchasable","12":"product-type-simple"},"_links":{"self":[{"href":"https:\/\/displayproducts.eu\/lv\/wp-json\/wp\/v2\/product\/4229","targetHints":{"allow":["GET"]}}],"collection":[{"href":"https:\/\/displayproducts.eu\/lv\/wp-json\/wp\/v2\/product"}],"about":[{"href":"https:\/\/displayproducts.eu\/lv\/wp-json\/wp\/v2\/types\/product"}],"replies":[{"embeddable":true,"href":"https:\/\/displayproducts.eu\/lv\/wp-json\/wp\/v2\/comments?post=4229"}],"wp:featuredmedia":[{"embeddable":true,"href":"https:\/\/displayproducts.eu\/lv\/wp-json\/wp\/v2\/media\/6494"}],"wp:attachment":[{"href":"https:\/\/displayproducts.eu\/lv\/wp-json\/wp\/v2\/media?parent=4229"}],"wp:term":[{"taxonomy":"product_brand","embeddable":true,"href":"https:\/\/displayproducts.eu\/lv\/wp-json\/wp\/v2\/product_brand?post=4229"},{"taxonomy":"product_cat","embeddable":true,"href":"https:\/\/displayproducts.eu\/lv\/wp-json\/wp\/v2\/product_cat?post=4229"},{"taxonomy":"product_tag","embeddable":true,"href":"https:\/\/displayproducts.eu\/lv\/wp-json\/wp\/v2\/product_tag?post=4229"}],"curies":[{"name":"wp","href":"https:\/\/api.w.org\/{rel}","templated":true}]}}