{"id":4202,"date":"2025-06-05T13:39:24","date_gmt":"2025-06-05T10:39:24","guid":{"rendered":"https:\/\/wristbandfactory.eu\/?post_type=product&#038;p=4202"},"modified":"2026-04-01T21:52:04","modified_gmt":"2026-04-01T18:52:04","slug":"standard-reusable-event-cups-500ml","status":"publish","type":"product","link":"https:\/\/displayproducts.eu\/lv\/p\/standard-reusable-event-cups-500ml\/","title":{"rendered":"Standarta atk\u0101rtoti lietojam\u0101s pas\u0101kumu kr\u016bz\u012btes (500 ml)"},"content":{"rendered":"<p data-path-to-node=\"8\">\u0160\u012b standarta atk\u0101rtoti lietojam\u0101 500 ml kr\u016bze ir ide\u0101ls un izmaksu zi\u0146\u0101 efekt\u012bvs risin\u0101jums liela m\u0113roga pas\u0101kumiem, festiv\u0101liem un rekl\u0101mas kampa\u0146\u0101m. T\u0101 ir paredz\u0113ta organiz\u0101cij\u0101m, kas mekl\u0113 iztur\u012bgu, ilgtsp\u0113j\u012bgu un \u013coti z\u012bmolu atpaz\u012bstamu alternat\u012bvu vienreizlietojamajai plastmasai bez sare\u017e\u0123\u012btas uzst\u0101d\u012b\u0161anas.<\/p>\n<p data-path-to-node=\"9\">\u0160\u012b kr\u016bze, kas izgatavota Eirop\u0101 no iztur\u012bgas, viensienu PP plastmasas, ir viegla, tom\u0113r pietiekami stabila, lai iztur\u0113tu ros\u012bgu pas\u0101kumu vidi. T\u0101s 500 ml ietilp\u012bba ir ide\u0101ls standarts vairuma dz\u0113rienu pasnieg\u0161anai. Minim\u0101listiskais dizains nodro\u0161ina t\u012bru audeklu j\u016bsu z\u012bmolam.<\/p>\n<p data-path-to-node=\"10\">\u0160\u012b kr\u016bze ir optimiz\u0113ta pieejamai un skaidrai vienkr\u0101sainai z\u012bmola att\u0113lo\u0161anai. M\u0113s pied\u0101v\u0101jam gan tampondruku, gan sietspiedi, lai efekt\u012bvi att\u0113lotu j\u016bsu logotipu vai pas\u0101kuma v\u0113st\u012bjumu.<\/p>\n<p data-path-to-node=\"11\">Materi\u0101ls ir sertific\u0113ts k\u0101 BPA nesaturo\u0161s, nodro\u0161inot dro\u0161\u012bbu visiem dal\u012bbniekiem. K\u0101 atk\u0101rtoti lietojams, Eirop\u0101 ra\u017eots produkts, t\u0101 ir uzticama un videi draudz\u012bga izv\u0113le jebkuram pas\u0101kumam.<\/p>\n<p data-path-to-node=\"12\"><b>Galven\u0101s iez\u012bmes:<\/b><\/p>\n<ul data-path-to-node=\"13\">\n<li>\n<p data-path-to-node=\"13,0,0\"><b>Izmaksu zi\u0146\u0101 efekt\u012bva z\u012bmola veido\u0161ana:<\/b> Optimiz\u0113ts pieejamai vienkr\u0101sas tampondrukai vai sietspiedei.<\/p>\n<\/li>\n<li>\n<p data-path-to-node=\"13,1,0\"><b>Standarta 500 ml ietilp\u012bba:<\/b> Lielisks un daudzpus\u012bgs izm\u0113rs festiv\u0101liem, korporat\u012bvajiem pas\u0101kumiem un rekl\u0101mas akcij\u0101m.<\/p>\n<\/li>\n<li>\n<p data-path-to-node=\"13,2,0\"><b>Iztur\u012bgs un viegls:<\/b> Izgatavots no iztur\u012bgas, viensienas PP plastmasas, ide\u0101li piem\u0113rots liela m\u0113roga izplat\u012b\u0161anai.<\/p>\n<\/li>\n<li>\n<p data-path-to-node=\"13,3,0\"><b>Dro\u0161i un ilgtsp\u0113j\u012bgi:<\/b> Sertific\u0113ts bez BPA un ra\u017eots Eirop\u0101 atbilsto\u0161i augstiem kvalit\u0101tes standartiem.<\/p>\n<\/li>\n<li>\n<p data-path-to-node=\"13,4,0\"><b>Videi draudz\u012bgs risin\u0101jums:<\/b> Iztur\u012bga, atk\u0101rtoti lietojama alternat\u012bva vienreizlietojam\u0101s plastmasas atkritumu samazin\u0101\u0161anai.<\/p>\n<\/li>\n<\/ul>","protected":false},"excerpt":{"rendered":"<ul>\n<li>\n<p data-path-to-node=\"7,0,0\">J\u016bsu izmaksu zi\u0146\u0101 efekt\u012bv\u0101 izv\u0113le vairumtirdzniec\u012bbas pas\u016bt\u012bjumiem un liela m\u0113roga pas\u0101kumiem.<\/p>\n<\/li>\n<li>\n<p data-path-to-node=\"7,1,0\">Ide\u0101li piem\u0113rots pieejamas cenas vienkr\u0101sainas z\u012bmola veido\u0161anai (spilventi\u0146u vai sietspiedes veid\u0101).<\/p>\n<\/li>\n<li>\n<p data-path-to-node=\"7,2,0\">Iztur\u012bga, viegla, viensienas PP plastmasa.<\/p>\n<\/li>\n<li>\n<p data-path-to-node=\"7,3,0\">Ra\u017eots Eirop\u0101 un sertific\u0113ts bez BPA.<\/p>\n<\/li>\n<\/ul>","protected":false},"featured_media":6639,"comment_status":"closed","ping_status":"closed","template":"","meta":[],"product_brand":[],"product_cat":[111],"product_tag":[],"class_list":{"0":"post-4202","1":"product","2":"type-product","3":"status-publish","4":"has-post-thumbnail","6":"product_cat-reusable-event-cups","8":"first","9":"instock","10":"shipping-taxable","11":"purchasable","12":"product-type-simple"},"_links":{"self":[{"href":"https:\/\/displayproducts.eu\/lv\/wp-json\/wp\/v2\/product\/4202","targetHints":{"allow":["GET"]}}],"collection":[{"href":"https:\/\/displayproducts.eu\/lv\/wp-json\/wp\/v2\/product"}],"about":[{"href":"https:\/\/displayproducts.eu\/lv\/wp-json\/wp\/v2\/types\/product"}],"replies":[{"embeddable":true,"href":"https:\/\/displayproducts.eu\/lv\/wp-json\/wp\/v2\/comments?post=4202"}],"wp:featuredmedia":[{"embeddable":true,"href":"https:\/\/displayproducts.eu\/lv\/wp-json\/wp\/v2\/media\/6639"}],"wp:attachment":[{"href":"https:\/\/displayproducts.eu\/lv\/wp-json\/wp\/v2\/media?parent=4202"}],"wp:term":[{"taxonomy":"product_brand","embeddable":true,"href":"https:\/\/displayproducts.eu\/lv\/wp-json\/wp\/v2\/product_brand?post=4202"},{"taxonomy":"product_cat","embeddable":true,"href":"https:\/\/displayproducts.eu\/lv\/wp-json\/wp\/v2\/product_cat?post=4202"},{"taxonomy":"product_tag","embeddable":true,"href":"https:\/\/displayproducts.eu\/lv\/wp-json\/wp\/v2\/product_tag?post=4202"}],"curies":[{"name":"wp","href":"https:\/\/api.w.org\/{rel}","templated":true}]}}