{"id":4159,"date":"2025-06-04T23:53:14","date_gmt":"2025-06-04T20:53:14","guid":{"rendered":"https:\/\/wristbandfactory.eu\/?post_type=product&#038;p=4159"},"modified":"2026-04-01T21:52:04","modified_gmt":"2026-04-01T18:52:04","slug":"iml-printed-reusable-event-cups-bpa-free","status":"publish","type":"product","link":"https:\/\/displayproducts.eu\/lv\/p\/iml-printed-reusable-event-cups-bpa-free\/","title":{"rendered":"IML apdruk\u0101tas daudzreizlietojam\u0101s kr\u016bzes"},"content":{"rendered":"<p data-path-to-node=\"8\"><span class=\"citation-103 citation-end-103\">Paaugstiniet sava z\u012bmola un ilgtsp\u0113j\u012bbas m\u0113r\u0137us ar m\u016bsu augst\u0101k\u0101s kvalit\u0101tes atk\u0101rtoti lietojamaj\u0101m pas\u0101kumu kr\u016bz\u012bt\u0113m ar augstas iz\u0161\u0137irtsp\u0113jas, pilnkr\u0101su IML druku. <\/span><span class=\"citation-102 citation-end-102\">\u0160is ir lab\u0101kais risin\u0101jums festiv\u0101liem, stadioniem un korpor\u0101cij\u0101m, kas mekl\u0113 ietekm\u012bgu, videi draudz\u012bgu z\u012bmola veido\u0161anas r\u012bku. <\/span><span class=\"citation-101 citation-end-101\">\u0160\u012b tehnolo\u0123ija p\u0101rveido vienk\u0101r\u0161u kr\u016bzi par sp\u0113c\u012bgu, fotore\u0101listisku rekl\u0101mas suven\u012bru, ko apmekl\u0113t\u0101ji v\u0113l\u0113sies patur\u0113t. <\/span><\/p>\n<p data-path-to-node=\"9\">M\u0113s specializ\u0113jamies div\u0101s augstas kvalit\u0101tes iek\u0161\u0113j\u0101s drukas tehnolo\u0123ij\u0101s, lai atbilstu j\u016bsu z\u012bmola vajadz\u012bb\u0101m:<\/p>\n<ol start=\"1\" data-path-to-node=\"10\">\n<li>\n<p data-path-to-node=\"10,0,1\"><b><span class=\"citation-100\">IML (ievietojam\u0101 mar\u0137\u0113juma) druka:<\/span><\/b><span class=\"citation-100 citation-end-100\"> M\u016bsu augst\u0101k\u0101s klases izv\u0113le, kas pied\u0101v\u0101 satrieco\u0161u, fotore\u0101listisku grafiku, kas aptver visu kr\u016bz\u012bti. <\/span><span class=\"citation-99 citation-end-99\">\u0160\u012b unik\u0101l\u0101 tehnolo\u0123ija atdz\u012bvina sare\u017e\u0123\u012btus, pilnkr\u0101su dizainus ar izcil\u0101m deta\u013c\u0101m. <\/span><span class=\"citation-98 citation-end-98\">Pied\u0101v\u0101jam izv\u0113l\u0113ties stil\u012bgu mat\u0113tu vai klasisku caursp\u012bd\u012bgu apdari, lai rad\u012btu perfektu audeklu j\u016bsu z\u012bmolam. <\/span> (Minim\u0101lais pas\u016bt\u012bjums: 1000 vien\u012bbas)<span class=\"citation-97 citation-end-97\">. <\/span><\/p>\n<\/li>\n<li>\n<p data-path-to-node=\"10,1,1\"><b><span class=\"citation-96\">Rot\u0101cijas sietspiede:<\/span><\/b><span class=\"citation-96 citation-end-96\"> \u013boti iztur\u012bgs un izmaksu zi\u0146\u0101 efekt\u012bvs risin\u0101jums, kas ir ide\u0101li piem\u0113rots vektoru logotipiem un vienk\u0101r\u0161\u0101kiem dizainiem. <\/span> \u0160\u012b metode nodro\u0161ina augstas kvalit\u0101tes, ilgsto\u0161u apdruku uz caursp\u012bd\u012bg\u0101m vai kr\u0101sain\u0101m kr\u016bz\u012bt\u0113m. (Minim\u0101lais pas\u016bt\u012bjums: 250 vien\u012bbas)<span class=\"citation-95 citation-end-95\">. <\/span><\/p>\n<\/li>\n<\/ol>\n<p data-path-to-node=\"11\">Papildus z\u012bmola veido\u0161anai \u0161\u012bs kr\u016bzes ir gudrs operat\u012bvais ieguld\u012bjums. <span class=\"citation-94 citation-end-94\">Ra\u017eoti Eirop\u0101, tie ir sertific\u0113ti k\u0101 vesel\u012bbai dro\u0161i, 100% bez BPA, p\u0101rtikas produktiem dro\u0161i un 100% p\u0101rstr\u0101d\u0101jami. <\/span><span class=\"citation-93 citation-end-93\">Daudziem m\u016bsu IML mode\u013ciem (piem\u0113ram, Nicknack s\u0113rijai) ir metrolo\u0123iski p\u0101rbaud\u012bta m\u0113r\u012b\u0161anas skala prec\u012bzai un profesion\u0101lai dz\u0113rienu pasnieg\u0161anai. <\/span><\/p>\n<p data-path-to-node=\"12\"><span class=\"citation-92 citation-end-92\">Iztur\u012bg\u0101 PP plastmasas konstrukcija ir rad\u012bta ilgam kalpo\u0161anas laikam <\/span> un ir piln\u012bb\u0101 dro\u0161s mazg\u0101\u0161anai trauku mazg\u0101jam\u0101 ma\u0161\u012bn\u0101. (Lai IML dizainu apdruka b\u016btu maksim\u0101li iztur\u012bga, ieteicams mazg\u0101t ar rok\u0101m.)<span class=\"citation-91 citation-end-91\">. <\/span><span class=\"citation-90 citation-end-90\">Pieejami da\u017e\u0101dos izm\u0113ros, tostarp 330 ml un 500 ml, tie ir praktisks, sakraujams un vietu taupo\u0161s risin\u0101jums jebkurai norises vietai. <\/span><\/p>\n<p data-path-to-node=\"13\">Tie ir ide\u0101la ilgtsp\u0113j\u012bga izv\u0113le:<\/p>\n<ul data-path-to-node=\"14\">\n<li>\n<p data-path-to-node=\"14,0,0\"><span class=\"citation-89 citation-end-89\">Festiv\u0101li, koncerti un klubi <\/span><\/p>\n<\/li>\n<li>\n<p data-path-to-node=\"14,1,0\"><span class=\"citation-88 citation-end-88\">Sporta ar\u0113nas un komandu pas\u0101kumi <\/span><\/p>\n<\/li>\n<li>\n<p data-path-to-node=\"14,2,0\"><span class=\"citation-87 citation-end-87\">Korporat\u012bvie pas\u0101kumi un tirdzniec\u012bbas izst\u0101des <\/span><\/p>\n<\/li>\n<li>\n<p data-path-to-node=\"14,3,0\"><span class=\"citation-86 citation-end-86\">Pa\u0161vald\u012bbas pas\u0101kumi, gadatirgi un tirgi <\/span><\/p>\n<\/li>\n<\/ul>\n<p data-path-to-node=\"15\">Sazinieties ar mums jau \u0161odien, lai apspriestu savu IML vai sietspiedes projektu un atst\u0101tu palieko\u0161u iespaidu ar sav\u0101m piel\u0101gotaj\u0101m, atk\u0101rtoti lietojamaj\u0101m kr\u016bz\u012bt\u0113m.<\/p>\n<h3 data-path-to-node=\"16\"><b>Galven\u0101s iez\u012bmes:<\/b><\/h3>\n<ul data-path-to-node=\"17\">\n<li>\n<p data-path-to-node=\"17,0,1\"><b><span class=\"citation-85\">Augst\u0101k\u0101s kvalit\u0101tes IML druka:<\/span><\/b><span class=\"citation-85 citation-end-85\"> Pied\u0101v\u0101 fotore\u0101listisku, piln\u012bgu z\u012bmola att\u0113lojumu pa visu kr\u016bz\u012btes virsmu. <\/span><\/p>\n<\/li>\n<li>\n<p data-path-to-node=\"17,1,1\"><b><span class=\"citation-84\">Piel\u0101gotas apdares opcijas:<\/span><\/b><span class=\"citation-84 citation-end-84\"> Pieejams gan mat\u0113t\u0101, gan caursp\u012bd\u012bg\u0101 apdar\u0113 IML dizainiem. <\/span><\/p>\n<\/li>\n<li>\n<p data-path-to-node=\"17,2,1\"><b><span class=\"citation-83\">Iztur\u012bga sietspiede:<\/span><\/b><span class=\"citation-83 citation-end-83\"> Augstas kvalit\u0101tes, ilgsto\u0161a alternat\u012bva vektorgrafikas logotipiem. <\/span><\/p>\n<\/li>\n<li>\n<p data-path-to-node=\"17,3,1\"><b><span class=\"citation-82\">Sertific\u0113ts vesel\u012bbai dro\u0161s:<\/span><\/b><span class=\"citation-82 citation-end-82\"> Izgatavots no 100% BPA nesaturo\u0161as, p\u0101rtikai dro\u0161as un 100% p\u0101rstr\u0101d\u0101jamas PP plastmasas. <\/span><\/p>\n<\/li>\n<li>\n<p data-path-to-node=\"17,4,1\"><b><span class=\"citation-81\">P\u0101rbaud\u012bta m\u0113rskala:<\/span><\/b><span class=\"citation-81 citation-end-81\"> Daudziem mode\u013ciem ir p\u0101rbaud\u012bti svari prec\u012bzai un konsekventai dz\u0113rienu pasnieg\u0161anai. <\/span><\/p>\n<\/li>\n<li>\n<p data-path-to-node=\"17,5,1\"><b><span class=\"citation-80\">Vair\u0101kas ietilp\u012bbas:<\/span><\/b><span class=\"citation-80 citation-end-80\"> Pieejams da\u017e\u0101dos izm\u0113ros (piem\u0113ram, 330 ml, 500 ml), lai atbilstu j\u016bsu vajadz\u012bb\u0101m. <\/span><\/p>\n<\/li>\n<li>\n<p data-path-to-node=\"17,6,1\"><b><span class=\"citation-79\">Augstas kvalit\u0101tes ES produkcija:<\/span><\/b><span class=\"citation-79 citation-end-79\"> Ra\u017eots Eirop\u0101 (piem\u0113ram, \u010cehijas Republik\u0101) atbilsto\u0161i augstiem dro\u0161\u012bbas un kvalit\u0101tes standartiem. <\/span><\/p>\n<\/li>\n<\/ul>","protected":false},"excerpt":{"rendered":"<ul>\n<li data-path-to-node=\"7,0,0\"><span class=\"citation-108 citation-end-108\">Augst\u0101k\u0101s kvalit\u0101tes, pilnkr\u0101su, fotore\u0101listiska IML druka maksim\u0101lai z\u012bmola ietekmei. <\/span><\/li>\n<li data-path-to-node=\"7,0,0\"><span class=\"citation-107 citation-end-107\">Pieejams da\u017e\u0101dos izm\u0113ros (piem\u0113ram, 330 ml, 500 ml) un apdar\u0113 (mat\u0113ts vai caursp\u012bd\u012bgs). <\/span><\/li>\n<li data-path-to-node=\"7,0,0\"><span class=\"citation-106 citation-end-106\">Sertific\u0113ts materi\u0101ls bez BPA, kas ir dro\u0161s vesel\u012bbai <\/span><span class=\"citation-105 citation-end-105\">; daudziem mode\u013ciem ir verific\u0113ta m\u0113r\u012b\u0161anas skala. <\/span><\/li>\n<li data-path-to-node=\"7,0,0\"><span class=\"citation-104 citation-end-104\">Pieejams ar\u012b ar iztur\u012bgu, rentablu rot\u0101cijas sietspiedi vienk\u0101r\u0161\u0101kiem logotipiem. <\/span><\/li>\n<li style=\"list-style-type: none;\"><\/li>\n<\/ul>","protected":false},"featured_media":6517,"comment_status":"closed","ping_status":"closed","template":"","meta":[],"product_brand":[],"product_cat":[111],"product_tag":[],"class_list":{"0":"post-4159","1":"product","2":"type-product","3":"status-publish","4":"has-post-thumbnail","6":"product_cat-reusable-event-cups","8":"first","9":"instock","10":"shipping-taxable","11":"purchasable","12":"product-type-simple"},"_links":{"self":[{"href":"https:\/\/displayproducts.eu\/lv\/wp-json\/wp\/v2\/product\/4159","targetHints":{"allow":["GET"]}}],"collection":[{"href":"https:\/\/displayproducts.eu\/lv\/wp-json\/wp\/v2\/product"}],"about":[{"href":"https:\/\/displayproducts.eu\/lv\/wp-json\/wp\/v2\/types\/product"}],"replies":[{"embeddable":true,"href":"https:\/\/displayproducts.eu\/lv\/wp-json\/wp\/v2\/comments?post=4159"}],"wp:featuredmedia":[{"embeddable":true,"href":"https:\/\/displayproducts.eu\/lv\/wp-json\/wp\/v2\/media\/6517"}],"wp:attachment":[{"href":"https:\/\/displayproducts.eu\/lv\/wp-json\/wp\/v2\/media?parent=4159"}],"wp:term":[{"taxonomy":"product_brand","embeddable":true,"href":"https:\/\/displayproducts.eu\/lv\/wp-json\/wp\/v2\/product_brand?post=4159"},{"taxonomy":"product_cat","embeddable":true,"href":"https:\/\/displayproducts.eu\/lv\/wp-json\/wp\/v2\/product_cat?post=4159"},{"taxonomy":"product_tag","embeddable":true,"href":"https:\/\/displayproducts.eu\/lv\/wp-json\/wp\/v2\/product_tag?post=4159"}],"curies":[{"name":"wp","href":"https:\/\/api.w.org\/{rel}","templated":true}]}}