{"id":4098,"date":"2025-05-09T18:19:48","date_gmt":"2025-05-09T15:19:48","guid":{"rendered":"https:\/\/wristbandfactory.eu\/?post_type=product&#038;p=4098"},"modified":"2026-04-01T21:52:04","modified_gmt":"2026-04-01T18:52:04","slug":"pu-leather-wristbands-with-details","status":"publish","type":"product","link":"https:\/\/displayproducts.eu\/lv\/p\/pu-leather-wristbands-with-details\/","title":{"rendered":"PU \u0101das aproces ar deta\u013c\u0101m"},"content":{"rendered":"<p class=\"\" data-start=\"132\" data-end=\"394\">Pie\u0161\u0137iriet savai aksesu\u0101ru kolekcijai mirdzumu un eleganci ar \u0161o stil\u012bgo PU m\u0101ksl\u012bg\u0101s \u0101das rokasspr\u0101dzi, kurai ir moderns dizains un spilgtas kr\u0101sas krist\u0101liem l\u012bdz\u012bgas deta\u013cas. Aproce ir lieliski piem\u0113rota gan ikdienas valk\u0101\u0161anai, gan k\u0101 augst\u0101k\u0101s kvalit\u0101tes korporat\u012bv\u0101 d\u0101vana.<\/p>\n<p class=\"\" data-start=\"396\" data-end=\"640\">Regul\u0113jam\u0101 siksni\u0146a ar spiedpogu ir piem\u0113rota da\u017e\u0101diem plaukstas loc\u012btavu izm\u0113riem. Aproce ir pieejama tr\u012bs elegantos to\u0146os: zelta, meln\u0101 un sudraba \u2013 katrs no tiem sav\u0101 veid\u0101 izce\u013c valk\u0101t\u0101ja stilu un nodro\u0161ina skaistu fonu mirdzo\u0161ajiem akme\u0146iem.<\/p>\n<p class=\"\" data-start=\"642\" data-end=\"891\">\u0160o produktu var ar\u012b personaliz\u0113t \u2013 apdrukas laukums atrodas aizdares tuvum\u0101, kur, izmantojot vienkr\u0101sainu tampondruku, var pievienot logotipu vai zi\u0146ojumu ar drukas izm\u0113ru 15 \u00d7 12 mm. Tas padara rokasspr\u0101dzi ide\u0101li piem\u0113rotu k\u0101 rekl\u0101mas vai kampa\u0146as d\u0101vanu.<\/p>\n<p class=\"\" data-start=\"893\" data-end=\"912\"><strong data-start=\"893\" data-end=\"912\">Specifik\u0101cijas:<\/strong><\/p>\n<ul data-start=\"913\" data-end=\"1238\">\n<li class=\"\" data-start=\"913\" data-end=\"941\">\n<p class=\"\" data-start=\"915\" data-end=\"941\"><strong data-start=\"915\" data-end=\"928\">Materi\u0101ls:<\/strong> PU \u0101da<\/p>\n<\/li>\n<li class=\"\" data-start=\"942\" data-end=\"995\">\n<p class=\"\" data-start=\"944\" data-end=\"995\"><strong data-start=\"944\" data-end=\"955\">Dizains:<\/strong> Mirdzo\u0161as deta\u013cas ar elegantu apdari<\/p>\n<\/li>\n<li class=\"\" data-start=\"996\" data-end=\"1038\">\n<p class=\"\" data-start=\"998\" data-end=\"1038\"><strong data-start=\"998\" data-end=\"1016\">Kr\u0101su opcijas:<\/strong> Zelts, melns, sudrabs<\/p>\n<\/li>\n<li class=\"\" data-start=\"1039\" data-end=\"1084\">\n<p class=\"\" data-start=\"1041\" data-end=\"1084\"><strong data-start=\"1041\" data-end=\"1051\">Aizdare:<\/strong> Regul\u0113jama spiedpogas aizdare<\/p>\n<\/li>\n<li class=\"\" data-start=\"1085\" data-end=\"1118\">\n<p class=\"\" data-start=\"1087\" data-end=\"1118\"><strong data-start=\"1087\" data-end=\"1102\">Izm\u0113ri:<\/strong> 20,5 \u00d7 2,6 cm<\/p>\n<\/li>\n<li class=\"\" data-start=\"1119\" data-end=\"1138\">\n<p class=\"\" data-start=\"1121\" data-end=\"1138\"><strong data-start=\"1121\" data-end=\"1132\">Svars:<\/strong> 8 g<\/p>\n<\/li>\n<li class=\"\" data-start=\"1139\" data-end=\"1181\">\n<p class=\"\" data-start=\"1141\" data-end=\"1181\"><strong data-start=\"1141\" data-end=\"1156\">Drukas laukums:<\/strong> Blakus aizdarei, 15 \u00d7 12 mm<\/p>\n<\/li>\n<li class=\"\" data-start=\"1182\" data-end=\"1238\">\n<p class=\"\" data-start=\"1184\" data-end=\"1238\"><strong data-start=\"1184\" data-end=\"1207\">Druk\u0101\u0161anas tehnika:<\/strong> Tampondruka (maksim\u0101li 1 kr\u0101sa)<\/p>\n<\/li>\n<\/ul>","protected":false},"excerpt":{"rendered":"<p class=\"\" data-start=\"80\" data-end=\"438\">PU m\u0101ksl\u012bg\u0101s \u0101das aprocei ir uzman\u012bbu piesaisto\u0161as krist\u0101la formas kr\u0101sainas deta\u013cas. Aprocei ir regul\u0113jama spiedpogas aizdare, un t\u0101 ir pieejama tr\u012bs stil\u012bgos to\u0146os: zelta, meln\u0101 un sudrabain\u0101, katrs no tiem izce\u013c valk\u0101t\u0101ja person\u012bbu. Blakus aizdarei var pievienot logotipu vai zi\u0146ojumu, izmantojot tampondruku, padarot to par lielisku kampa\u0146as vai rekl\u0101mas d\u0101vanu.<\/p>","protected":false},"featured_media":6430,"comment_status":"closed","ping_status":"closed","template":"","meta":[],"product_brand":[],"product_cat":[66,117],"product_tag":[],"class_list":{"0":"post-4098","1":"product","2":"type-product","3":"status-publish","4":"has-post-thumbnail","6":"product_cat-wristbands","7":"product_cat-leather-wristbands","9":"first","10":"instock","11":"shipping-taxable","12":"purchasable","13":"product-type-simple"},"_links":{"self":[{"href":"https:\/\/displayproducts.eu\/lv\/wp-json\/wp\/v2\/product\/4098","targetHints":{"allow":["GET"]}}],"collection":[{"href":"https:\/\/displayproducts.eu\/lv\/wp-json\/wp\/v2\/product"}],"about":[{"href":"https:\/\/displayproducts.eu\/lv\/wp-json\/wp\/v2\/types\/product"}],"replies":[{"embeddable":true,"href":"https:\/\/displayproducts.eu\/lv\/wp-json\/wp\/v2\/comments?post=4098"}],"wp:featuredmedia":[{"embeddable":true,"href":"https:\/\/displayproducts.eu\/lv\/wp-json\/wp\/v2\/media\/6430"}],"wp:attachment":[{"href":"https:\/\/displayproducts.eu\/lv\/wp-json\/wp\/v2\/media?parent=4098"}],"wp:term":[{"taxonomy":"product_brand","embeddable":true,"href":"https:\/\/displayproducts.eu\/lv\/wp-json\/wp\/v2\/product_brand?post=4098"},{"taxonomy":"product_cat","embeddable":true,"href":"https:\/\/displayproducts.eu\/lv\/wp-json\/wp\/v2\/product_cat?post=4098"},{"taxonomy":"product_tag","embeddable":true,"href":"https:\/\/displayproducts.eu\/lv\/wp-json\/wp\/v2\/product_tag?post=4098"}],"curies":[{"name":"wp","href":"https:\/\/api.w.org\/{rel}","templated":true}]}}