{"id":4065,"date":"2025-05-09T17:33:44","date_gmt":"2025-05-09T14:33:44","guid":{"rendered":"https:\/\/wristbandfactory.eu\/?post_type=product&#038;p=4065"},"modified":"2026-04-01T21:52:04","modified_gmt":"2026-04-01T18:52:04","slug":"three-strand-leather-wristband-with-light-green-glass-beads","status":"publish","type":"product","link":"https:\/\/displayproducts.eu\/lv\/p\/three-strand-leather-wristband-with-light-green-glass-beads\/","title":{"rendered":"Tr\u012bsda\u013c\u012bga \u0101das aproce ar stikla p\u0113rl\u012bt\u0113m"},"content":{"rendered":"<p data-path-to-node=\"12\">Mekl\u0113jat korporat\u012bvo d\u0101vanu, kas vair\u0101k atg\u0101dina modes aksesu\u0101ru, nevis rekl\u0101mas priek\u0161metu? M\u016bsu <b data-path-to-node=\"12\" data-index-in-node=\"124\">Roku darbs tr\u012bs pavedienu \u0101das aproce<\/b> Apvieno rustik\u0101lu \u0161armu ar eleganci. At\u0161\u0137ir\u012bb\u0101 no standarta silikona vai auduma siksni\u0146\u0101m, \u0161\u012b aproce ir izgatavota no dab\u012bgiem materi\u0101liem, padarot to par lielisku izv\u0113li videi draudz\u012bgiem z\u012bmoliem, butikveida pas\u0101kumiem un darbinieku atzin\u012bbas d\u0101van\u0101m.<\/p>\n<h2 data-path-to-node=\"13\">Galven\u0101s iez\u012bmes<\/h2>\n<ul data-path-to-node=\"14\">\n<li>\n<p data-path-to-node=\"14,0,0\"><b data-path-to-node=\"14,0,0\" data-index-in-node=\"0\">At\u0161\u0137ir\u012bgs trio dizains:<\/b> Aproce apvieno gludu gai\u0161i br\u016bnu \u0101das sloksni, tekstur\u0113tu p\u012btu tum\u0161i br\u016bnu \u0101das aukli\u0146u un centr\u0101lo pavedienu, kas rot\u0101ts ar gai\u0161i za\u013c\u0101m stikla p\u0113rl\u012bt\u0113m.<\/p>\n<\/li>\n<li>\n<p data-path-to-node=\"14,1,0\"><b data-path-to-node=\"14,1,0\" data-index-in-node=\"0\">Firmas iepakojums:<\/b> Piel\u0101go\u0161ana tiek piem\u0113rota <b data-path-to-node=\"14,1,0\" data-index-in-node=\"51\">Kraftpap\u012bra kartons<\/b> turot rokasspr\u0101dzi. M\u0113s izmantojam tampondruku (l\u012bdz 4 kr\u0101s\u0101m), lai j\u016bsu logotipu vai zi\u0146ojumu att\u0113lotu tie\u0161i virs aproces, radot profesion\u0101lu, mazumtirdzniec\u012bbai gatavu prezent\u0101ciju.<\/p>\n<\/li>\n<li>\n<p data-path-to-node=\"14,2,0\"><b data-path-to-node=\"14,2,0\" data-index-in-node=\"0\">Univers\u0101ls komforts:<\/b> Regul\u0113jam\u0101 vaskot\u0101s kokvilnas aizdare nodro\u0161ina \u0113rtu piegul\u0161anu da\u017e\u0101diem plaukstas loc\u012btavas izm\u0113riem, nov\u0113r\u0161ot nepiecie\u0161am\u012bbu p\u0113c sare\u017e\u0123\u012bt\u0101m izm\u0113ru tabul\u0101m.<\/p>\n<\/li>\n<li>\n<p data-path-to-node=\"14,3,0\"><b data-path-to-node=\"14,3,0\" data-index-in-node=\"0\">Gatavs d\u0101vin\u0101\u0161anai:<\/b> Pieg\u0101d\u0101tas uz kart\u012btes, \u0161\u012bs aproces ir uzreiz gatavas pasnieg\u0161anai pas\u0101kumos vai iek\u013cau\u0161anai sagaid\u012b\u0161anas maisi\u0146os.<\/p>\n<\/li>\n<\/ul>\n<h2 data-path-to-node=\"15\">Specifik\u0101cijas<\/h2>\n<ul data-path-to-node=\"16\">\n<li>\n<p data-path-to-node=\"16,0,0\"><b data-path-to-node=\"16,0,0\" data-index-in-node=\"0\">Materi\u0101li:<\/b> \u012asta \u0101da, stikla p\u0113rl\u012btes, vaskota kokvilna.<\/p>\n<\/li>\n<li>\n<p data-path-to-node=\"16,1,0\"><b data-path-to-node=\"16,1,0\" data-index-in-node=\"0\">Izm\u0113ri:<\/b> 26 \u00d7 1,2 cm (regul\u0113jams garums).<\/p>\n<\/li>\n<li>\n<p data-path-to-node=\"16,2,0\"><b data-path-to-node=\"16,2,0\" data-index-in-node=\"0\">Svars:<\/b> 6g.<\/p>\n<\/li>\n<li>\n<p data-path-to-node=\"16,3,0\"><b data-path-to-node=\"16,3,0\" data-index-in-node=\"0\">Z\u012bmola joma:<\/b> 25 \u00d7 15 mm (uz kartes galvenes).<\/p>\n<\/li>\n<li>\n<p data-path-to-node=\"16,4,0\"><b data-path-to-node=\"16,4,0\" data-index-in-node=\"0\">Drukas tehnika:<\/b> Tampondruka (maksimums 4 kr\u0101sas).<\/p>\n<\/li>\n<li>\n<p data-path-to-node=\"16,5,0\"><b data-path-to-node=\"16,5,0\" data-index-in-node=\"0\">Iepakojums:<\/b> Videi draudz\u012bgs kraftpap\u012bra kartons.<\/p>\n<\/li>\n<\/ul>\n<h2 data-path-to-node=\"17\">Lieto\u0161anas gad\u012bjumi<\/h2>\n<ul data-path-to-node=\"18\">\n<li>\n<p data-path-to-node=\"18,0,0\"><b data-path-to-node=\"18,0,0\" data-index-in-node=\"0\">Korporat\u012bv\u0101s d\u0101vanas:<\/b> Stil\u012bga, augstv\u0113rt\u012bga d\u0101vana darbiniekiem vai partneriem.<\/p>\n<\/li>\n<li>\n<p data-path-to-node=\"18,1,0\"><b data-path-to-node=\"18,1,0\" data-index-in-node=\"0\">Festiv\u0101la VIP suven\u012bri:<\/b> Boho \u0161iks aksesu\u0101rs, ko viesi valk\u0101s ilgi p\u0113c pas\u0101kuma.<\/p>\n<\/li>\n<li>\n<p data-path-to-node=\"18,2,0\"><b data-path-to-node=\"18,2,0\" data-index-in-node=\"0\">Labdar\u012bbas kampa\u0146as:<\/b> Neuzkr\u012bto\u0161a, dabas iedvesmota rokasspr\u0101dze vides aizsardz\u012bbas jaut\u0101jumu atbalstam.<\/p>\n<\/li>\n<li>\n<p data-path-to-node=\"18,3,0\"><b data-path-to-node=\"18,3,0\" data-index-in-node=\"0\">Mazumtirdzniec\u012bbas preces:<\/b> Lieliski piem\u0113rots muzeju veikaliem, zoolo\u0123iskajiem d\u0101rziem vai dabas rezerv\u0101tiem p\u0101rdo\u0161anai ar piel\u0101gotu z\u012bmolu.<\/p>\n<\/li>\n<\/ul>\n<p data-path-to-node=\"19\">","protected":false},"excerpt":{"rendered":"<ul>\n<li>\n<p data-path-to-node=\"11,0,0\"><b data-path-to-node=\"11,0,0\" data-index-in-node=\"0\">Roku darbs dizains:<\/b> Iek\u013cautas tr\u012bs at\u0161\u0137ir\u012bgas \u0161\u0137ipsnas \u2014 gluda \u0101da, p\u012bta \u0101da un za\u013cas stikla p\u0113rl\u012btes.<\/p>\n<\/li>\n<li>\n<p data-path-to-node=\"11,1,0\"><b data-path-to-node=\"11,1,0\" data-index-in-node=\"0\">Piel\u0101gots z\u012bmols:<\/b> J\u016bsu logotips ir iespiests uz pievienot\u0101s kraftpap\u012bra displeja kartes ar tampondruku.<\/p>\n<\/li>\n<li>\n<p data-path-to-node=\"11,2,0\"><b data-path-to-node=\"11,2,0\" data-index-in-node=\"0\">Regul\u0113jama piegriezne:<\/b> Piestiprin\u0101ms ar iztur\u012bgu vaskotu kokvilnas b\u012bd\u0101mo mezglu, lai tas der\u0113tu liel\u0101kajai da\u013cai plaukstas loc\u012btavu izm\u0113ru.<\/p>\n<\/li>\n<li>\n<p data-path-to-node=\"11,3,0\"><b data-path-to-node=\"11,3,0\" data-index-in-node=\"0\">Dab\u012bgie materi\u0101li:<\/b> Izgatavots no \u012bstas \u0101das un stikla, lai ieg\u016btu augst\u0101k\u0101s kvalit\u0101tes mazumtirdzniec\u012bbas izskatu.<\/p>\n<\/li>\n<\/ul>","protected":false},"featured_media":6412,"comment_status":"closed","ping_status":"closed","template":"","meta":[],"product_brand":[],"product_cat":[66,117],"product_tag":[],"class_list":{"0":"post-4065","1":"product","2":"type-product","3":"status-publish","4":"has-post-thumbnail","6":"product_cat-wristbands","7":"product_cat-leather-wristbands","9":"first","10":"instock","11":"shipping-taxable","12":"purchasable","13":"product-type-simple"},"_links":{"self":[{"href":"https:\/\/displayproducts.eu\/lv\/wp-json\/wp\/v2\/product\/4065","targetHints":{"allow":["GET"]}}],"collection":[{"href":"https:\/\/displayproducts.eu\/lv\/wp-json\/wp\/v2\/product"}],"about":[{"href":"https:\/\/displayproducts.eu\/lv\/wp-json\/wp\/v2\/types\/product"}],"replies":[{"embeddable":true,"href":"https:\/\/displayproducts.eu\/lv\/wp-json\/wp\/v2\/comments?post=4065"}],"wp:featuredmedia":[{"embeddable":true,"href":"https:\/\/displayproducts.eu\/lv\/wp-json\/wp\/v2\/media\/6412"}],"wp:attachment":[{"href":"https:\/\/displayproducts.eu\/lv\/wp-json\/wp\/v2\/media?parent=4065"}],"wp:term":[{"taxonomy":"product_brand","embeddable":true,"href":"https:\/\/displayproducts.eu\/lv\/wp-json\/wp\/v2\/product_brand?post=4065"},{"taxonomy":"product_cat","embeddable":true,"href":"https:\/\/displayproducts.eu\/lv\/wp-json\/wp\/v2\/product_cat?post=4065"},{"taxonomy":"product_tag","embeddable":true,"href":"https:\/\/displayproducts.eu\/lv\/wp-json\/wp\/v2\/product_tag?post=4065"}],"curies":[{"name":"wp","href":"https:\/\/api.w.org\/{rel}","templated":true}]}}