{"id":4046,"date":"2025-05-09T17:16:59","date_gmt":"2025-05-09T14:16:59","guid":{"rendered":"https:\/\/wristbandfactory.eu\/?post_type=product&#038;p=4046"},"modified":"2026-04-01T21:52:04","modified_gmt":"2026-04-01T18:52:04","slug":"custom-leather-wristbands","status":"publish","type":"product","link":"https:\/\/displayproducts.eu\/lv\/p\/custom-leather-wristbands\/","title":{"rendered":"Piel\u0101gotas \u0101das aproces"},"content":{"rendered":"<p>\u0160\u012b elegant\u0101 rokasspr\u0101dze ir izgatavota no augstas kvalit\u0101tes br\u016bnas \u0101das, akcent\u0113ta ar iztur\u012bg\u0101m vaskot\u0101m kokvilnas aukli\u0146\u0101m un gaum\u012bg\u0101m sudrabot\u0101m p\u0113rl\u012bt\u0113m. Centr\u0101l\u0101 p\u0113rl\u012bte ar univers\u0101lo miera simbolu pie\u0161\u0137ir tai j\u0113gpilnu piesk\u0101rienu, simboliz\u0113jot harmoniju un partner\u012bbu. Dizains ir nostiprin\u0101ts ar pul\u0113tu sudraba to\u0146a met\u0101la sakaus\u0113juma aizdari, nodro\u0161inot gan iztur\u012bbu, gan izsmalcin\u0101tu apdari ikdienas valk\u0101\u0161anai.<\/p>\n<p>T\u0101s v\u0113rt\u012bba k\u0101 rekl\u0101mas r\u012bkam sl\u0113pjas iepakojum\u0101. Katra aproce ir uzmont\u0113ta uz dab\u012bga kraftpap\u012bra kartona, kas kalpo k\u0101 audekls j\u016bsu z\u012bmolam. M\u0113s pied\u0101v\u0101jam prec\u012bzu j\u016bsu uz\u0146\u0113muma logotipa vai piel\u0101gota zi\u0146ojuma tampondruku l\u012bdz pat \u010detr\u0101s kr\u0101s\u0101s 25 \u00d7 15 mm laukum\u0101. \u0160\u012b p\u0101rdom\u0101t\u0101 prezent\u0101cija nodro\u0161ina, ka j\u016bsu z\u012bmols ir priek\u0161pl\u0101n\u0101 un centr\u0101, radot palieko\u0161u iespaidu ilgi p\u0113c d\u0101vanas sa\u0146em\u0161anas.<\/p>\n<p><b>Galven\u0101s iez\u012bmes:<\/b><\/p>\n<ul>\n<li><b>Materi\u0101ls:<\/b> \u012asta \u0101da, vaskota kokvilna un sudrabots sakaus\u0113jums<\/li>\n<li><b>Z\u012bmola veido\u0161ana:<\/b> P\u0113c pas\u016bt\u012bjuma apdruk\u0101ta kraftpap\u012bra pamatkartes<\/li>\n<li><b>Drukas laukums:<\/b> 25 \u00d7 15 mm kartes aug\u0161pus\u0113<\/li>\n<li><b>Druk\u0101\u0161anas metode:<\/b> Augstas kvalit\u0101tes tampondruka (l\u012bdz 4 kr\u0101s\u0101m)<\/li>\n<li><b>Simbolisms:<\/b> Iek\u013cauts miera simbola krelles, kas v\u0113sta vienot\u012bbu<\/li>\n<li><b>Aizdare:<\/b> Dro\u0161a un stil\u012bga sudraba to\u0146a met\u0101la sakaus\u0113juma aizdare<\/li>\n<\/ul>\n<p>&nbsp;<\/p>","protected":false},"excerpt":{"rendered":"<article class=\"text-token-text-primary w-full\" dir=\"auto\" data-testid=\"conversation-turn-440\" data-scroll-anchor=\"true\">\n<div class=\"text-base my-auto mx-auto py-5 [--thread-content-margin:--spacing(4)] @[37rem]:[--thread-content-margin:--spacing(6)] @[72rem]:[--thread-content-margin:--spacing(16)] px-(--thread-content-margin)\">\n<div class=\"[--thread-content-max-width:32rem] @[34rem]:[--thread-content-max-width:40rem] @[64rem]:[--thread-content-max-width:48rem] mx-auto flex max-w-(--thread-content-max-width) flex-1 text-base gap-4 md:gap-5 lg:gap-6 group\/turn-messages focus-visible:outline-hidden\" tabindex=\"-1\">\n<div class=\"group\/conversation-turn relative flex w-full min-w-0 flex-col agent-turn\">\n<div class=\"relative flex-col gap-1 md:gap-3\">\n<div class=\"flex max-w-full flex-col grow\">\n<div class=\"min-h-8 text-message relative flex w-full flex-col items-end gap-2 text-start break-words whitespace-normal [.text-message+&amp;]:mt-5\" dir=\"auto\" data-message-author-role=\"assistant\" data-message-id=\"90623f22-b929-41cf-a2ca-210f95d4ea1a\" data-message-model-slug=\"gpt-4o\">\n<div class=\"flex w-full flex-col gap-1 empty:hidden first:pt-[3px]\">\n<div class=\"markdown prose dark:prose-invert w-full break-words light\">\n<p>Atkl\u0101jiet perfektu korporat\u012bvo d\u0101vanu, kas apvieno m\u016b\u017e\u012bgu stilu ar sp\u0113c\u012bgu z\u012bmola atpaz\u012bstam\u012bbu. M\u016bsu augst\u0101k\u0101s kvalit\u0101tes \u0101das aproces pied\u0101v\u0101 izsmalcin\u0101tu veidu, k\u0101 paust atzin\u012bbu klientiem, apbalvot darbiniekus vai rad\u012bt unik\u0101lus produktus. \u0160is produkts, kas att\u0113lots uz piln\u012bb\u0101 piel\u0101gojamas pamatkartes, p\u0101rveido vienk\u0101r\u0161u \u017eestu par neaizmirstamu z\u012bmola pieredzi.<\/p>\n<\/div>\n<\/div>\n<\/div>\n<\/div>\n<\/div>\n<\/div>\n<\/div>\n<\/div>\n<\/article>\n<div class=\"pointer-events-none h-px w-px\" aria-hidden=\"true\" data-edge=\"true\"><\/div>","protected":false},"featured_media":6404,"comment_status":"closed","ping_status":"closed","template":"","meta":[],"product_brand":[],"product_cat":[66,117],"product_tag":[],"class_list":{"0":"post-4046","1":"product","2":"type-product","3":"status-publish","4":"has-post-thumbnail","6":"product_cat-wristbands","7":"product_cat-leather-wristbands","9":"first","10":"instock","11":"shipping-taxable","12":"purchasable","13":"product-type-simple"},"_links":{"self":[{"href":"https:\/\/displayproducts.eu\/lv\/wp-json\/wp\/v2\/product\/4046","targetHints":{"allow":["GET"]}}],"collection":[{"href":"https:\/\/displayproducts.eu\/lv\/wp-json\/wp\/v2\/product"}],"about":[{"href":"https:\/\/displayproducts.eu\/lv\/wp-json\/wp\/v2\/types\/product"}],"replies":[{"embeddable":true,"href":"https:\/\/displayproducts.eu\/lv\/wp-json\/wp\/v2\/comments?post=4046"}],"wp:featuredmedia":[{"embeddable":true,"href":"https:\/\/displayproducts.eu\/lv\/wp-json\/wp\/v2\/media\/6404"}],"wp:attachment":[{"href":"https:\/\/displayproducts.eu\/lv\/wp-json\/wp\/v2\/media?parent=4046"}],"wp:term":[{"taxonomy":"product_brand","embeddable":true,"href":"https:\/\/displayproducts.eu\/lv\/wp-json\/wp\/v2\/product_brand?post=4046"},{"taxonomy":"product_cat","embeddable":true,"href":"https:\/\/displayproducts.eu\/lv\/wp-json\/wp\/v2\/product_cat?post=4046"},{"taxonomy":"product_tag","embeddable":true,"href":"https:\/\/displayproducts.eu\/lv\/wp-json\/wp\/v2\/product_tag?post=4046"}],"curies":[{"name":"wp","href":"https:\/\/api.w.org\/{rel}","templated":true}]}}