{"id":4024,"date":"2025-05-09T16:57:10","date_gmt":"2025-05-09T13:57:10","guid":{"rendered":"https:\/\/wristbandfactory.eu\/?post_type=product&#038;p=4024"},"modified":"2026-04-01T21:52:36","modified_gmt":"2026-04-01T18:52:36","slug":"custom-engraved-multifunctional-paracord-survival-wristbands","status":"publish","type":"product","link":"https:\/\/displayproducts.eu\/lv\/p\/custom-engraved-multifunctional-paracord-survival-wristbands\/","title":{"rendered":"Paracord aproces ar grav\u0113jumu"},"content":{"rendered":"<p data-path-to-node=\"8\">Padariet savu korporat\u012bvo d\u0101vanu v\u0113l pat\u012bkam\u0101ku ar instrumentu, kas apvieno praktiskumu ar iztur\u012bgu stilu. M\u016bsu daudzfunkcion\u0101l\u0101 parakorda izdz\u012bvo\u0161anas aproce ir vair\u0101k nek\u0101 tikai aksesu\u0101rs; t\u0101 ir kompakta \u0101rk\u0101rtas komplekta komplekts, kas paredz\u0113ts akt\u012bviem cilv\u0113kiem un piedz\u012bvojumu mekl\u0113t\u0101jiem. Neatkar\u012bgi no t\u0101, vai to izmanto p\u0101rg\u0101jienos, kemping\u0101 vai taktiskaj\u0101 treni\u0146\u0101, \u0161\u012b aproce nodro\u0161ina svar\u012bgus instrumentus tie\u0161i uz rokas.<\/p>\n<p data-path-to-node=\"9\">Rokasspr\u0101dzes kodols ir izgatavots no augstas stipr\u012bbas neilona parakorda, ko \u0101rk\u0101rtas situ\u0101cij\u0101s var att\u012bt. Integr\u0113taj\u0101 dro\u0161aj\u0101 spr\u0101dzes aizdarei ir ieb\u016bv\u0113ta ska\u013ca trauksmes svilpe un iekur\u0161anas skr\u0101pis, savuk\u0101rt aug\u0161pus\u0113 ir uzticams kompass un iztur\u012bgs pude\u013cu attais\u0101mais.<\/p>\n<h2 data-path-to-node=\"10\">Galven\u0101s iez\u012bmes<\/h2>\n<ul data-path-to-node=\"11\">\n<li>\n<p data-path-to-node=\"11,0,0\"><b data-path-to-node=\"11,0,0\" data-index-in-node=\"0\">Viss vien\u0101 util\u012bta:<\/b> Pieci svar\u012bgi izdz\u012bvo\u0161anas r\u012bki, kas integr\u0113ti vien\u0101 valk\u0101jam\u0101 dizain\u0101.<\/p>\n<\/li>\n<li>\n<p data-path-to-node=\"11,1,0\"><b data-path-to-node=\"11,1,0\" data-index-in-node=\"0\">Piel\u0101gota l\u0101zergrav\u0113\u0161ana:<\/b> J\u016bsu uz\u0146\u0113muma logotips ir prec\u012bzi iegrav\u0113ts met\u0101la pl\u0101ksn\u0113, nodro\u0161inot, ka z\u012bmols nekad neizbal\u0113 un nenolob\u0101s.<\/p>\n<\/li>\n<li>\n<p data-path-to-node=\"11,2,0\"><b data-path-to-node=\"11,2,0\" data-index-in-node=\"0\">Iztur\u012bga konstrukcija:<\/b> Izgatavots, lai iztur\u0113tu skarbus vides apst\u0101k\u013cus, padarot to par iecien\u012btu \u0101ra aktivit\u0101\u0161u cien\u012bt\u0101ju vid\u016b.<\/p>\n<\/li>\n<li>\n<p data-path-to-node=\"11,3,0\"><b data-path-to-node=\"11,3,0\" data-index-in-node=\"0\">Ergonomisks piegulums:<\/b> Rad\u012bts komfortam ilgsto\u0161as valk\u0101\u0161anas laik\u0101, apr\u012bkots ar dro\u0161u spr\u0101d\u017eu sist\u0113mu.<\/p>\n<\/li>\n<\/ul>\n<h2 data-path-to-node=\"12\">Specifik\u0101cijas<\/h2>\n<ul data-path-to-node=\"13\">\n<li>\n<p data-path-to-node=\"13,0,0\"><b data-path-to-node=\"13,0,0\" data-index-in-node=\"0\">Materi\u0101ls:<\/b> Augstas iztur\u012bbas neilona parakords un met\u0101la komponenti<\/p>\n<\/li>\n<li>\n<p data-path-to-node=\"13,1,0\"><b data-path-to-node=\"13,1,0\" data-index-in-node=\"0\">Izm\u0113ri:<\/b> 25,5 \u00d7 3,4 \u00d7 1,1 cm<\/p>\n<\/li>\n<li>\n<p data-path-to-node=\"13,2,0\"><b data-path-to-node=\"13,2,0\" data-index-in-node=\"0\">Svars:<\/b> 36 g<\/p>\n<\/li>\n<li>\n<p data-path-to-node=\"13,3,0\"><b data-path-to-node=\"13,3,0\" data-index-in-node=\"0\">Integr\u0113t\u0101s funkcijas:<\/b> Aproce, kompass, svilpe, uguns skr\u0101pis, pude\u013cu attais\u0101mais<\/p>\n<\/li>\n<li>\n<p data-path-to-node=\"13,4,0\"><b data-path-to-node=\"13,4,0\" data-index-in-node=\"0\">Piel\u0101go\u0161anas zona:<\/b> 20 \u00d7 10 mm uz met\u0101la pl\u0101ksnes<\/p>\n<\/li>\n<li>\n<p data-path-to-node=\"13,5,0\"><b data-path-to-node=\"13,5,0\" data-index-in-node=\"0\">Tehnika:<\/b> Vienkr\u0101saina l\u0101zergrav\u0113\u0161ana<\/p>\n<\/li>\n<\/ul>\n<h2 data-path-to-node=\"14\">Lieto\u0161anas gad\u012bjumi<\/h2>\n<ul data-path-to-node=\"15\">\n<li>\n<p data-path-to-node=\"15,0,0\"><b data-path-to-node=\"15,0,0\" data-index-in-node=\"0\">Korporat\u012bv\u0101s komandas veido\u0161ana:<\/b> Lieliska d\u0101vana dabas rezerv\u0101tiem un izdz\u012bvo\u0161anas izaicin\u0101jumiem br\u012bv\u0101 dab\u0101.<\/p>\n<\/li>\n<li>\n<p data-path-to-node=\"15,1,0\"><b data-path-to-node=\"15,1,0\" data-index-in-node=\"0\">Piedz\u012bvojumu t\u016brisms:<\/b> Ce\u013cojumu a\u0123ent\u016bras un t\u016brisma operatori saviem klientiem var nodro\u0161in\u0101t firmas ekip\u0113jumu.<\/p>\n<\/li>\n<li>\n<p data-path-to-node=\"15,2,0\"><b data-path-to-node=\"15,2,0\" data-index-in-node=\"0\">Mazumtirdzniec\u012bba un merchandising:<\/b> Lielisks augstas v\u0113rt\u012bbas produkts \u0101ra un sporta pre\u010du veikaliem.<\/p>\n<\/li>\n<li>\n<p data-path-to-node=\"15,3,0\"><b data-path-to-node=\"15,3,0\" data-index-in-node=\"0\">Dro\u0161\u012bbas izpratnes kampa\u0146as:<\/b> Ide\u0101li piem\u0113rots organiz\u0101cij\u0101m, kas koncentr\u0113jas uz sagatavot\u012bbu un \u0101rk\u0101rtas situ\u0101ciju dienestiem.<\/p>\n<\/li>\n<\/ul>","protected":false},"excerpt":{"rendered":"<article class=\"text-token-text-primary w-full\" dir=\"auto\" data-testid=\"conversation-turn-434\" data-scroll-anchor=\"true\">\n<div class=\"text-base my-auto mx-auto py-5 [--thread-content-margin:--spacing(4)] @[37rem]:[--thread-content-margin:--spacing(6)] @[72rem]:[--thread-content-margin:--spacing(16)] px-(--thread-content-margin)\">\n<div class=\"[--thread-content-max-width:32rem] @[34rem]:[--thread-content-max-width:40rem] @[64rem]:[--thread-content-max-width:48rem] mx-auto flex max-w-(--thread-content-max-width) flex-1 text-base gap-4 md:gap-5 lg:gap-6 group\/turn-messages focus-visible:outline-hidden\" tabindex=\"-1\">\n<div class=\"group\/conversation-turn relative flex w-full min-w-0 flex-col agent-turn\">\n<div class=\"relative flex-col gap-1 md:gap-3\">\n<div class=\"flex max-w-full flex-col grow\">\n<div class=\"min-h-8 text-message relative flex w-full flex-col items-end gap-2 text-start break-words whitespace-normal [.text-message+&amp;]:mt-5\" dir=\"auto\" data-message-author-role=\"assistant\" data-message-id=\"209e0cfa-4190-4646-a2b0-a9a360850576\" data-message-model-slug=\"gpt-4o\">\n<div class=\"flex w-full flex-col gap-1 empty:hidden first:pt-[3px]\">\n<div class=\"markdown prose dark:prose-invert w-full break-words light\">\n<ul>\n<li>\n<p data-path-to-node=\"7,0,0\"><b data-path-to-node=\"7,0,0\" data-index-in-node=\"0\">Daudzfunkcion\u0101ls 5-vien\u0101 r\u012bks:<\/b> Komplekt\u0101 ietilpst kompass, svilpe, iekurin\u0101t\u0101js, pude\u013cu attais\u0101mais un iztur\u012bga parakorda aukla.<\/p>\n<\/li>\n<li>\n<p data-path-to-node=\"7,1,0\"><b data-path-to-node=\"7,1,0\" data-index-in-node=\"0\">Augst\u0101k\u0101s kvalit\u0101tes z\u012bmols:<\/b> Profesion\u0101la l\u0101zergrav\u0113\u0161ana uz 20 \u00d7 10 mm met\u0101la pl\u0101ksnes past\u0101v\u012bgai logotipa redzam\u012bbai.<\/p>\n<\/li>\n<li>\n<p data-path-to-node=\"7,2,0\"><b data-path-to-node=\"7,2,0\" data-index-in-node=\"0\">\u012apa\u0161a iztur\u012bba:<\/b> Izgatavots no iztur\u012bga neilona, paredz\u0113ts piedz\u012bvojumiem br\u012bv\u0101 dab\u0101 un gatav\u012bbai \u0101rk\u0101rtas situ\u0101cij\u0101m.<\/p>\n<\/li>\n<li>\n<p data-path-to-node=\"7,3,0\"><b data-path-to-node=\"7,3,0\" data-index-in-node=\"0\">B2B daudzpus\u012bba:<\/b> Ide\u0101li piem\u0113rots ce\u013cojumu a\u0123ent\u016br\u0101m, komandas salied\u0113\u0161anas pas\u0101kumiem un \u0101ra apr\u012bkojuma mazumtirgot\u0101jiem.<\/p>\n<\/li>\n<\/ul>\n<\/div>\n<\/div>\n<\/div>\n<\/div>\n<\/div>\n<\/div>\n<\/div>\n<\/div>\n<\/article>","protected":false},"featured_media":6416,"comment_status":"closed","ping_status":"closed","template":"","meta":[],"product_brand":[],"product_cat":[66,112,45],"product_tag":[],"class_list":{"0":"post-4024","1":"product","2":"type-product","3":"status-publish","4":"has-post-thumbnail","6":"product_cat-wristbands","7":"product_cat-paracord-wristbands","8":"product_cat-other","10":"first","11":"instock","12":"shipping-taxable","13":"purchasable","14":"product-type-simple"},"_links":{"self":[{"href":"https:\/\/displayproducts.eu\/lv\/wp-json\/wp\/v2\/product\/4024","targetHints":{"allow":["GET"]}}],"collection":[{"href":"https:\/\/displayproducts.eu\/lv\/wp-json\/wp\/v2\/product"}],"about":[{"href":"https:\/\/displayproducts.eu\/lv\/wp-json\/wp\/v2\/types\/product"}],"replies":[{"embeddable":true,"href":"https:\/\/displayproducts.eu\/lv\/wp-json\/wp\/v2\/comments?post=4024"}],"wp:featuredmedia":[{"embeddable":true,"href":"https:\/\/displayproducts.eu\/lv\/wp-json\/wp\/v2\/media\/6416"}],"wp:attachment":[{"href":"https:\/\/displayproducts.eu\/lv\/wp-json\/wp\/v2\/media?parent=4024"}],"wp:term":[{"taxonomy":"product_brand","embeddable":true,"href":"https:\/\/displayproducts.eu\/lv\/wp-json\/wp\/v2\/product_brand?post=4024"},{"taxonomy":"product_cat","embeddable":true,"href":"https:\/\/displayproducts.eu\/lv\/wp-json\/wp\/v2\/product_cat?post=4024"},{"taxonomy":"product_tag","embeddable":true,"href":"https:\/\/displayproducts.eu\/lv\/wp-json\/wp\/v2\/product_tag?post=4024"}],"curies":[{"name":"wp","href":"https:\/\/api.w.org\/{rel}","templated":true}]}}