{"id":3986,"date":"2025-05-08T16:58:54","date_gmt":"2025-05-08T13:58:54","guid":{"rendered":"https:\/\/wristbandfactory.eu\/?post_type=product&#038;p=3986"},"modified":"2026-04-01T21:52:04","modified_gmt":"2026-04-01T18:52:04","slug":"custom-printed-sustainable-cork-phone-straps","status":"publish","type":"product","link":"https:\/\/displayproducts.eu\/lv\/p\/custom-printed-sustainable-cork-phone-straps\/","title":{"rendered":"Kor\u0137a telefonu lentas ar logo"},"content":{"rendered":"<p data-path-to-node=\"7\">Pied\u0101v\u0101jiet saviem pas\u0101kuma apmekl\u0113t\u0101jiem un klientiem rekl\u0101mas priek\u0161metu, kas apvieno m\u016bsdien\u012bgu praktiskumu ar atbild\u012bbu pret vidi. M\u016bsu rekl\u0101mas kor\u0137a t\u0101lru\u0146u lentas nodro\u0161ina dro\u0161u un br\u012bvroku veidu, k\u0101 p\u0101rn\u0113s\u0101t viedt\u0101lruni, nodro\u0161inot, ka j\u016bsu z\u012bmols paliek redzams lietot\u0101ja rok\u0101s v\u0113l ilgi p\u0113c pas\u0101kuma beig\u0101m.<\/p>\n<p data-path-to-node=\"8\">Izgatavota no dab\u012bga, augu izcelsmes kor\u0137a, \u0161\u012b aproces siksni\u0146a ir atbild\u012bga izv\u0113le j\u016bsu n\u0101kamajai m\u0101rketinga kampa\u0146ai vai d\u0101vanu maisi\u0146am tirdzniec\u012bbas izst\u0101dei. Meh\u0101nisms ir vienk\u0101r\u0161s, tom\u0113r univers\u0101ls: pl\u0101ns, bet iztur\u012bgs kor\u0137a tur\u0113t\u0101js viegli ievietojas starp t\u0101lruni un t\u0101 maci\u0146u, savienojoties ar siksni\u0146u, izmantojot iztur\u012bgu, rot\u0113jo\u0161u met\u0101la karab\u012bni.<\/p>\n<h2 data-path-to-node=\"9\">Galven\u0101s iez\u012bmes<\/h2>\n<ul data-path-to-node=\"10\">\n<li>\n<p data-path-to-node=\"10,0,0\"><b data-path-to-node=\"10,0,0\" data-index-in-node=\"0\">Videi draudz\u012bgs materi\u0101ls:<\/b> Izgatavots no atjaunojama kor\u0137a, kas nodro\u0161ina m\u012bkstu piesk\u0101riena saj\u016btu un augst\u0101k\u0101s kvalit\u0101tes, dabisku est\u0113tiku.<\/p>\n<\/li>\n<li>\n<p data-path-to-node=\"10,1,0\"><b data-path-to-node=\"10,1,0\" data-index-in-node=\"0\">Daudzpus\u012bgs z\u012bmols:<\/b> M\u0113s pied\u0101v\u0101jam tampondruku, sietspiedi un pilnkr\u0101su p\u0101rnesi. Lai ieg\u016btu patiesi augstas klases saj\u016btu, l\u0101zergrav\u0113jums iegrav\u0113 j\u016bsu logotipu tie\u0161i kor\u0137a tekst\u016br\u0101.<\/p>\n<\/li>\n<li>\n<p data-path-to-node=\"10,2,0\"><b data-path-to-node=\"10,2,0\" data-index-in-node=\"0\">Dro\u0161a aparat\u016bra:<\/b> Apr\u012bkots ar iztur\u012bgu melnu rot\u0113jo\u0161u met\u0101la karab\u012bni dro\u0161ai piestiprin\u0101\u0161anai un vienk\u0101r\u0161ai no\u0146em\u0161anai.<\/p>\n<\/li>\n<li>\n<p data-path-to-node=\"10,3,0\"><b data-path-to-node=\"10,3,0\" data-index-in-node=\"0\">Ra\u017eo\u0161ana ES:<\/b> \u0100tri izpildes laiki stingriem termi\u0146iem, nodro\u0161inot, ka j\u016bsu rekl\u0101mas apr\u012bkojums tiek pieg\u0101d\u0101ts gatavs j\u016bsu n\u0101kamajam lielajam pas\u0101kumam.<\/p>\n<\/li>\n<\/ul>\n<h2 data-path-to-node=\"11\">Specifik\u0101cijas<\/h2>\n<ul data-path-to-node=\"12\">\n<li>\n<p data-path-to-node=\"12,0,0\"><b data-path-to-node=\"12,0,0\" data-index-in-node=\"0\">Materi\u0101ls:<\/b> Dab\u012bga, ilgtsp\u0113j\u012bga kor\u0137a siksni\u0146a ar atbilsto\u0161u t\u0101lru\u0146a tur\u0113t\u0101ja cilni\u0146u.<\/p>\n<\/li>\n<li>\n<p data-path-to-node=\"12,1,0\"><b data-path-to-node=\"12,1,0\" data-index-in-node=\"0\">Izm\u0113ri:<\/b> Kompakts lentas izm\u0113rs (2 x 16,5 cm) ir ide\u0101li piem\u0113rots n\u0113s\u0101\u0161anai uz plaukstas loc\u012btavas.<\/p>\n<\/li>\n<li>\n<p data-path-to-node=\"12,2,0\"><b data-path-to-node=\"12,2,0\" data-index-in-node=\"0\">Svars:<\/b> 8 grami (viegla konstrukcija).<\/p>\n<\/li>\n<li>\n<p data-path-to-node=\"12,3,0\"><b data-path-to-node=\"12,3,0\" data-index-in-node=\"0\">Sader\u012bba:<\/b> Univers\u0101ls der visiem standarta viedt\u0101lru\u0146iem un aizsargv\u0101ci\u0146iem.<\/p>\n<\/li>\n<li>\n<p data-path-to-node=\"12,4,0\"><b data-path-to-node=\"12,4,0\" data-index-in-node=\"0\">Piel\u0101go\u0161ana:<\/b> Tampondruka, l\u0101zergrav\u0113\u0161ana vai pilnkr\u0101su p\u0101rnese.<\/p>\n<\/li>\n<li>\n<p data-path-to-node=\"12,5,0\"><b data-path-to-node=\"12,5,0\" data-index-in-node=\"0\">Minim\u0101lais pas\u016bt\u012bjuma daudzums:<\/b> 100 vien\u012bbas.<\/p>\n<\/li>\n<\/ul>\n<h2 data-path-to-node=\"13\">Lieto\u0161anas gad\u012bjumi<\/h2>\n<ul data-path-to-node=\"14\">\n<li>\n<p data-path-to-node=\"14,0,0\"><b data-path-to-node=\"14,0,0\" data-index-in-node=\"0\">Konferences un tirdzniec\u012bbas izst\u0101des:<\/b> Augstas kvalit\u0101tes d\u0101vanu karte, kas nodro\u0161ina dal\u012bbnieku t\u0101lru\u0146u dro\u0161\u012bbu un pieejam\u012bbu t\u012bklo\u0161an\u0101s laik\u0101.<\/p>\n<\/li>\n<li>\n<p data-path-to-node=\"14,1,0\"><b data-path-to-node=\"14,1,0\" data-index-in-node=\"0\">Korporat\u012bv\u0101s KSA d\u0101vanas:<\/b> Noz\u012bm\u012bga, ilgtsp\u0113j\u012bga d\u0101vana darbiniekiem, kas atbilst za\u013caj\u0101m uz\u0146\u0113muma v\u0113rt\u012bb\u0101m.<\/p>\n<\/li>\n<li>\n<p data-path-to-node=\"14,2,0\"><b data-path-to-node=\"14,2,0\" data-index-in-node=\"0\">Mobilo un tehnolo\u0123iju akcijas:<\/b> Lieliski piem\u0113rots telekomunik\u0101ciju uz\u0146\u0113mumiem vai tehnolo\u0123iju z\u012bmoliem, kas mekl\u0113 unik\u0101lus, videi draudz\u012bgus aksesu\u0101rus.<\/p>\n<\/li>\n<li>\n<p data-path-to-node=\"14,3,0\"><b data-path-to-node=\"14,3,0\" data-index-in-node=\"0\">Ce\u013cojumi un t\u016brisms:<\/b> Praktiski suven\u012bri t\u016bristu grup\u0101m un ce\u013cojumu a\u0123ent\u016br\u0101m.<\/p>\n<\/li>\n<\/ul>","protected":false},"excerpt":{"rendered":"<ul>\n<li>\n<p data-path-to-node=\"6,0,0\"><b data-path-to-node=\"6,0,0\" data-index-in-node=\"0\">Ilgtsp\u0113j\u012bgs z\u012bmola t\u0113ls:<\/b> Izgatavots no dab\u012bga un atjaunojama kor\u0137a 100%, pied\u0101v\u0101jot videi draudz\u012bgu alternat\u012bvu sint\u0113tiskiem mobilo t\u0101lru\u0146u aksesu\u0101riem.<\/p>\n<\/li>\n<li>\n<p data-path-to-node=\"6,1,0\"><b data-path-to-node=\"6,1,0\" data-index-in-node=\"0\">Univers\u0101ls B2B risin\u0101jums:<\/b> Gudrais ievieto\u0161anas cilnes dizains nodro\u0161ina sader\u012bbu ar visiem viedt\u0101lru\u0146u mode\u013ciem un maci\u0146iem, neaizsprostojot uzl\u0101des portus.<\/p>\n<\/li>\n<li>\n<p data-path-to-node=\"6,2,0\"><b data-path-to-node=\"6,2,0\" data-index-in-node=\"0\">Premium l\u012bme\u0146a piel\u0101go\u0161ana:<\/b> Pieejams ar augstas klases l\u0101zergrav\u0113jumu neuzkr\u012bto\u0161am izskatam vai spilgtu pilnkr\u0101su p\u0101rneses druku atbilsto\u0161i korporat\u012bvaj\u0101m vadl\u012bnij\u0101m.<\/p>\n<\/li>\n<li>\n<p data-path-to-node=\"6,3,0\"><b data-path-to-node=\"6,3,0\" data-index-in-node=\"0\">\u012apa\u0161i viegls lietder\u012bgums:<\/b> Sverot tikai 8 gramus, tas nodro\u0161ina dro\u0161u, br\u012bvroku t\u0101lru\u0146a n\u0113s\u0101\u0161anu pas\u0101kuma apmekl\u0113t\u0101jiem un darbiniekiem, nepalielinot ier\u012bces apjomu.<\/p>\n<\/li>\n<\/ul>","protected":false},"featured_media":6649,"comment_status":"closed","ping_status":"closed","template":"","meta":[],"product_brand":[],"product_cat":[128,108],"product_tag":[],"class_list":{"0":"post-3986","1":"product","2":"type-product","3":"status-publish","4":"has-post-thumbnail","6":"product_cat-mobile-tech-accessories","7":"product_cat-multifunctional-lanyards","9":"first","10":"instock","11":"shipping-taxable","12":"purchasable","13":"product-type-simple"},"_links":{"self":[{"href":"https:\/\/displayproducts.eu\/lv\/wp-json\/wp\/v2\/product\/3986","targetHints":{"allow":["GET"]}}],"collection":[{"href":"https:\/\/displayproducts.eu\/lv\/wp-json\/wp\/v2\/product"}],"about":[{"href":"https:\/\/displayproducts.eu\/lv\/wp-json\/wp\/v2\/types\/product"}],"replies":[{"embeddable":true,"href":"https:\/\/displayproducts.eu\/lv\/wp-json\/wp\/v2\/comments?post=3986"}],"wp:featuredmedia":[{"embeddable":true,"href":"https:\/\/displayproducts.eu\/lv\/wp-json\/wp\/v2\/media\/6649"}],"wp:attachment":[{"href":"https:\/\/displayproducts.eu\/lv\/wp-json\/wp\/v2\/media?parent=3986"}],"wp:term":[{"taxonomy":"product_brand","embeddable":true,"href":"https:\/\/displayproducts.eu\/lv\/wp-json\/wp\/v2\/product_brand?post=3986"},{"taxonomy":"product_cat","embeddable":true,"href":"https:\/\/displayproducts.eu\/lv\/wp-json\/wp\/v2\/product_cat?post=3986"},{"taxonomy":"product_tag","embeddable":true,"href":"https:\/\/displayproducts.eu\/lv\/wp-json\/wp\/v2\/product_tag?post=3986"}],"curies":[{"name":"wp","href":"https:\/\/api.w.org\/{rel}","templated":true}]}}