{"id":3908,"date":"2025-05-08T15:38:19","date_gmt":"2025-05-08T12:38:19","guid":{"rendered":"https:\/\/wristbandfactory.eu\/?post_type=product&#038;p=3908"},"modified":"2026-04-01T21:52:36","modified_gmt":"2026-04-01T18:52:36","slug":"phone-wrist-straps-with-bamboo-holder","status":"publish","type":"product","link":"https:\/\/displayproducts.eu\/lv\/p\/phone-wrist-straps-with-bamboo-holder\/","title":{"rendered":"T\u0101lru\u0146a plaukstas lentas ar bambusa tur\u0113t\u0101ju"},"content":{"rendered":"<p>Sag\u0101d\u0101jiet funkcion\u0101lu un videi draudz\u012bgu korporat\u012bvo d\u0101vanu ar m\u016bsu kokvilnas t\u0101lru\u0146a siksni\u0146u plaukstas loc\u012btavai. \u0160\u012b praktisk\u0101 lieta ir ide\u0101li piem\u0113rota viedt\u0101lru\u0146u dro\u0161\u012bbai un pieejam\u012bbai ros\u012bgu konferen\u010du, tirdzniec\u012bbas izst\u0101\u017eu vai korporat\u012bvo komandu pas\u0101kumu laik\u0101, \u013caujot br\u012bvi p\u0101rvietoties.<\/p>\n<p>Siksni\u0146a ir izgatavota no m\u012bkstas, iztur\u012bgas kokvilnas, savuk\u0101rt t\u0101lru\u0146a tur\u0113t\u0101ja elements ir darin\u0101ts no ilgtsp\u0113j\u012bga bambusa. \u0160\u012b bambusa da\u013ca pied\u0101v\u0101 elegantu un izcilu virsmu z\u012bmola izvieto\u0161anai, kas ir lieliski piem\u0113rota prec\u012bzai j\u016bsu uz\u0146\u0113muma logotipa l\u0101zergrav\u0113\u0161anai.<\/p>\n<p>Komplekt\u0101 ietilpst mont\u0101\u017eas r\u012bks, kas diskr\u0113ti piegu\u013c starp t\u0101lruni un t\u0101 maci\u0146u, nodro\u0161inot dro\u0161u piestiprin\u0101\u0161anu. Uzsverot j\u016bsu organiz\u0101cijas ap\u0146em\u0161anos nodro\u0161in\u0101t ilgtsp\u0113j\u012bbu, katra siksni\u0146a ir atsevi\u0161\u0137i iepakota p\u0101rstr\u0101d\u0101ta pap\u012bra maisi\u0146\u0101, padarot to par ide\u0101lu d\u0101vanu videi draudz\u012bgiem z\u012bmoliem.<\/p>\n<p><b>Galven\u0101s iez\u012bmes:<\/b><\/p>\n<ul>\n<li><b>Praktisks br\u012bvroku risin\u0101jums:<\/b> Nodro\u0161ina viedt\u0101lru\u0146u dro\u0161\u012bbu un pieejam\u012bbu korporat\u012bvajos pas\u0101kumos.<\/li>\n<li><b>Videi draudz\u012bgi materi\u0101li:<\/b> Izgatavots no m\u012bkstas kokvilnas un ilgtsp\u0113j\u012bga bambusa tur\u0113t\u0101ja.<\/li>\n<li><b>Augst\u0101k\u0101s kvalit\u0101tes z\u012bmola virsma:<\/b> Bambusa tur\u0113t\u0101js ir ide\u0101li piem\u0113rots piel\u0101gotai l\u0101zergrav\u0113\u0161anai vai tampondrukai.<\/li>\n<li><b>Regul\u0113jams dizains:<\/b> \u0112rti piegu\u013c visu izm\u0113ru plaukstas loc\u012btav\u0101m univers\u0101lai lieto\u0161anai.<\/li>\n<li><b>Ilgtsp\u0113j\u012bgs iepakojums:<\/b> Individu\u0101li iepakots p\u0101rstr\u0101d\u0101ta pap\u012bra maisi\u0146\u0101, kas uzsver j\u016bsu videi draudz\u012bgo v\u0113st\u012bjumu.<\/li>\n<li><b>Daudzpus\u012bga druk\u0101\u0161ana:<\/b> Personaliz\u0113jiet ar l\u0101zergrav\u0113jumu, tampondruku vai p\u0101rneses druku.<\/li>\n<\/ul>","protected":false},"excerpt":{"rendered":"<ul>\n<li>Videi draudz\u012bga korporat\u012bv\u0101 d\u0101vana, kas izgatavota no m\u012bkstas kokvilnas un ilgtsp\u0113j\u012bga bambusa.<\/li>\n<li>Nodro\u0161ina br\u012bvroku piek\u013cuvi t\u0101lrunim, kas ir ide\u0101li piem\u0113rots konferenc\u0113m un akt\u012bviem pas\u0101kumiem.<\/li>\n<li>Bambusa tur\u0113t\u0101js ir lieliski piem\u0113rots j\u016bsu logotipa l\u0101zergrav\u0113\u0161anai.<\/li>\n<li>Individu\u0101li iepakots p\u0101rstr\u0101d\u0101ta pap\u012bra maisi\u0146\u0101, lai b\u016btu viegl\u0101k izplat\u012bt.<\/li>\n<\/ul>","protected":false},"featured_media":6657,"comment_status":"closed","ping_status":"closed","template":"","meta":[],"product_brand":[],"product_cat":[128],"product_tag":[],"class_list":{"0":"post-3908","1":"product","2":"type-product","3":"status-publish","4":"has-post-thumbnail","6":"product_cat-mobile-tech-accessories","8":"first","9":"instock","10":"shipping-taxable","11":"purchasable","12":"product-type-simple"},"_links":{"self":[{"href":"https:\/\/displayproducts.eu\/lv\/wp-json\/wp\/v2\/product\/3908","targetHints":{"allow":["GET"]}}],"collection":[{"href":"https:\/\/displayproducts.eu\/lv\/wp-json\/wp\/v2\/product"}],"about":[{"href":"https:\/\/displayproducts.eu\/lv\/wp-json\/wp\/v2\/types\/product"}],"replies":[{"embeddable":true,"href":"https:\/\/displayproducts.eu\/lv\/wp-json\/wp\/v2\/comments?post=3908"}],"wp:featuredmedia":[{"embeddable":true,"href":"https:\/\/displayproducts.eu\/lv\/wp-json\/wp\/v2\/media\/6657"}],"wp:attachment":[{"href":"https:\/\/displayproducts.eu\/lv\/wp-json\/wp\/v2\/media?parent=3908"}],"wp:term":[{"taxonomy":"product_brand","embeddable":true,"href":"https:\/\/displayproducts.eu\/lv\/wp-json\/wp\/v2\/product_brand?post=3908"},{"taxonomy":"product_cat","embeddable":true,"href":"https:\/\/displayproducts.eu\/lv\/wp-json\/wp\/v2\/product_cat?post=3908"},{"taxonomy":"product_tag","embeddable":true,"href":"https:\/\/displayproducts.eu\/lv\/wp-json\/wp\/v2\/product_tag?post=3908"}],"curies":[{"name":"wp","href":"https:\/\/api.w.org\/{rel}","templated":true}]}}