{"id":3867,"date":"2025-05-07T17:40:16","date_gmt":"2025-05-07T14:40:16","guid":{"rendered":"https:\/\/wristbandfactory.eu\/?post_type=product&#038;p=3867"},"modified":"2026-04-01T21:52:04","modified_gmt":"2026-04-01T18:52:04","slug":"tie-on-ribbon-wristbands","status":"publish","type":"product","link":"https:\/\/displayproducts.eu\/lv\/p\/tie-on-ribbon-wristbands\/","title":{"rendered":"Piesienamas lentes aproces"},"content":{"rendered":"<p>Atbalstiet savu m\u0113r\u0137i vai veiciniet savu rekl\u0101mu ar m\u016bsu vienk\u0101r\u0161aj\u0101m un efekt\u012bvaj\u0101m piesienamaj\u0101m lent\u012b\u0161u aproc\u0113m. \u0160\u012bs lentes ir klasiska izv\u0113le informat\u012bv\u0101m kampa\u0146\u0101m, labdar\u012bbas l\u012bdzek\u013cu v\u0101k\u0161anas pas\u0101kumiem un korporat\u012bv\u0101s atbild\u012bbas pas\u0101kumiem, pied\u0101v\u0101jot \u013coti redzamu z\u012bmola veido\u0161anas r\u012bku par izdev\u012bgu cenu.<\/p>\n<p>Izgatavotas no m\u012bkstas poliestera lentes ar gludu sat\u012bna apdari, \u0161\u012bs aproces ir paredz\u0113tas lietot\u0101jam pa\u0161am piesienamas, nodro\u0161inot \u0113rtu, univers\u0101lu risin\u0101jumu. Vienk\u0101r\u0161\u0101 piesienam\u0101 aizdare padara t\u0101s ide\u0101li piem\u0113rotas masveida izplat\u012b\u0161anai tirdzniec\u012bbas izst\u0101d\u0113s, konferenc\u0113s vai sabiedr\u012bbas inform\u0113\u0161anas kampa\u0146\u0101s.<\/p>\n<p>Glud\u0101 virsma ir ide\u0101li piem\u0113rota piel\u0101gotai druk\u0101\u0161anai, \u013caujot skaidri att\u0113lot j\u016bsu logotipu, kampa\u0146as saukli vai zi\u0146ojumu. Tie kalpo k\u0101 sp\u0113c\u012bgs un redzams atbalsta simbols korporat\u012bv\u0101m iniciat\u012bv\u0101m vai bezpe\u013c\u0146as organiz\u0101cij\u0101m.<\/p>\n<p><b>Galven\u0101s iez\u012bmes:<\/b><\/p>\n<ul>\n<li><b>Pa\u0161saisto\u0161a aizdare:<\/b> Vienk\u0101r\u0161s, regul\u0113jams piesienams dizains \u0113rtai izsnieg\u0161anai un univers\u0101lai piegul\u0161anai.<\/li>\n<li><b>M\u012bkstas lentes materi\u0101ls:<\/b> \u0112rta poliestera lente ar sat\u012bna apdari, piem\u0113rota \u012bslaic\u012bgai valk\u0101\u0161anai.<\/li>\n<li><b>Ide\u0101li piem\u0113rots apzin\u0101t\u012bbai:<\/b> Klasiska izv\u0113le labdar\u012bbas, bezpe\u013c\u0146as un korporat\u012bv\u0101s inform\u0113t\u012bbas kampa\u0146\u0101m.<\/li>\n<li><b>Piel\u0101gojama virsma:<\/b> Lieliski piem\u0113rots sietspiedes logotipa vai rekl\u0101mas zi\u0146ojuma pievieno\u0161anai.<\/li>\n<li><b>Izmaksu zi\u0146\u0101 efekt\u012bva z\u012bmola veido\u0161ana:<\/b> Lielisks risin\u0101jums vairumtirdzniec\u012bbas pas\u016bt\u012bjumiem un liela m\u0113roga rekl\u0101mas izplat\u012b\u0161anai.<\/li>\n<\/ul>","protected":false},"excerpt":{"rendered":"<article class=\"text-token-text-primary w-full\" dir=\"auto\" data-testid=\"conversation-turn-2\" data-scroll-anchor=\"true\">\n<div class=\"text-base my-auto mx-auto py-5 [--thread-content-margin:--spacing(4)] @[37rem]:[--thread-content-margin:--spacing(6)] @[72rem]:[--thread-content-margin:--spacing(16)] px-(--thread-content-margin)\">\n<div class=\"[--thread-content-max-width:32rem] @[34rem]:[--thread-content-max-width:40rem] @[64rem]:[--thread-content-max-width:48rem] mx-auto flex max-w-(--thread-content-max-width) flex-1 text-base gap-4 md:gap-5 lg:gap-6 group\/turn-messages focus-visible:outline-hidden\" tabindex=\"-1\">\n<div class=\"group\/conversation-turn relative flex w-full min-w-0 flex-col agent-turn\">\n<div class=\"relative flex-col gap-1 md:gap-3\">\n<div class=\"flex max-w-full flex-col grow\">\n<div class=\"min-h-8 text-message relative flex w-full flex-col items-end gap-2 text-start break-words whitespace-normal [.text-message+&amp;]:mt-5\" dir=\"auto\" data-message-author-role=\"assistant\" data-message-id=\"d5fd0877-4229-4aba-9632-b344fd91f147\" data-message-model-slug=\"gpt-4o\">\n<div class=\"flex w-full flex-col gap-1 empty:hidden first:pt-[3px]\">\n<div class=\"markdown prose dark:prose-invert w-full break-words light\">\n<ul>\n<li>Vienk\u0101r\u0161a, pa\u0161saisto\u0161a aizdare \u0113rtai masas sadal\u012b\u0161anai.<\/li>\n<li>M\u012bksts, sat\u012bna apdares poliestera lentes materi\u0101ls.<\/li>\n<li>Lieliski piem\u0113rots informat\u012bv\u0101m kampa\u0146\u0101m, bezpe\u013c\u0146as organiz\u0101cij\u0101m un pas\u0101kumu d\u0101vanu izloz\u0113m.<\/li>\n<li>Piel\u0101gojiet ar savas organiz\u0101cijas logotipu vai zi\u0146ojumu.<\/li>\n<\/ul>\n<\/div>\n<\/div>\n<\/div>\n<\/div>\n<\/div>\n<\/div>\n<\/div>\n<\/div>\n<\/article>","protected":false},"featured_media":6255,"comment_status":"closed","ping_status":"closed","template":"","meta":[],"product_brand":[],"product_cat":[66,96],"product_tag":[],"class_list":{"0":"post-3867","1":"product","2":"type-product","3":"status-publish","4":"has-post-thumbnail","6":"product_cat-wristbands","7":"product_cat-ribbons","9":"first","10":"instock","11":"shipping-taxable","12":"purchasable","13":"product-type-simple"},"_links":{"self":[{"href":"https:\/\/displayproducts.eu\/lv\/wp-json\/wp\/v2\/product\/3867","targetHints":{"allow":["GET"]}}],"collection":[{"href":"https:\/\/displayproducts.eu\/lv\/wp-json\/wp\/v2\/product"}],"about":[{"href":"https:\/\/displayproducts.eu\/lv\/wp-json\/wp\/v2\/types\/product"}],"replies":[{"embeddable":true,"href":"https:\/\/displayproducts.eu\/lv\/wp-json\/wp\/v2\/comments?post=3867"}],"wp:featuredmedia":[{"embeddable":true,"href":"https:\/\/displayproducts.eu\/lv\/wp-json\/wp\/v2\/media\/6255"}],"wp:attachment":[{"href":"https:\/\/displayproducts.eu\/lv\/wp-json\/wp\/v2\/media?parent=3867"}],"wp:term":[{"taxonomy":"product_brand","embeddable":true,"href":"https:\/\/displayproducts.eu\/lv\/wp-json\/wp\/v2\/product_brand?post=3867"},{"taxonomy":"product_cat","embeddable":true,"href":"https:\/\/displayproducts.eu\/lv\/wp-json\/wp\/v2\/product_cat?post=3867"},{"taxonomy":"product_tag","embeddable":true,"href":"https:\/\/displayproducts.eu\/lv\/wp-json\/wp\/v2\/product_tag?post=3867"}],"curies":[{"name":"wp","href":"https:\/\/api.w.org\/{rel}","templated":true}]}}