{"id":3823,"date":"2025-05-06T18:09:47","date_gmt":"2025-05-06T15:09:47","guid":{"rendered":"https:\/\/wristbandfactory.eu\/?post_type=product&#038;p=3823"},"modified":"2026-04-01T21:52:36","modified_gmt":"2026-04-01T18:52:36","slug":"tyvek-safety-wristbands-for-children","status":"publish","type":"product","link":"https:\/\/displayproducts.eu\/lv\/p\/tyvek-safety-wristbands-for-children\/","title":{"rendered":"Tyvek dro\u0161\u012bbas aproces b\u0113rniem"},"content":{"rendered":"<p>Pas\u0101kumu, kuros piedal\u0101s b\u0113rni, organiz\u0113\u0161ana prasa papildu dro\u0161\u012bbas l\u012bmeni. M\u016bsu b\u0113rnu Tyvek dro\u0161\u012bbas aproces nodro\u0161ina vienk\u0101r\u0161u, efekt\u012bvu un labi redzamu risin\u0101jumu, lai nodro\u0161in\u0101tu jauno dal\u012bbnieku dro\u0161\u012bbu, atbild\u012bbu un vieglu identific\u0113\u0161anu, sniedzot darbiniekiem un vec\u0101kiem v\u0113rt\u012bgu sirdsmieru.<\/p>\n<p>\u0160\u012bs aproces ir \u012bpa\u0161i izstr\u0101d\u0101tas, lai \u0113rti un dro\u0161i piegul\u0113tu maz\u0101kiem plaukstas loc\u012btav\u0101m. Izgatavotas no \u012bsta DuPont\u2122 Tyvek\u00ae materi\u0101la, t\u0101s ir neticami vieglas, tom\u0113r pietiekami iztur\u012bgas, lai iztur\u0113tu ener\u0123iskas aktivit\u0101tes, nepl\u012bstot. \u016adensnecaurlaid\u012bgais materi\u0101ls padara t\u0101s ide\u0101li piem\u0113rotas jebkuram pas\u0101kumam, s\u0101kot no skolas ekskursij\u0101m l\u012bdz vasaras nometn\u0113m un akvaparkiem.<\/p>\n<p>Katrai aprocei ir dro\u0161s, vienreiz lietojams l\u012bm\u0113jo\u0161s aizdares elements, kas nov\u0113r\u0161 t\u0101s p\u0101rne\u0161anu, kas ir svar\u012bgi prec\u012bzas cilv\u0113ku skait\u012b\u0161anas un uzticamas piek\u013cuves kontroles nodro\u0161in\u0101\u0161anai. \u012apa\u0161ais 60 x 20 mm drukas laukums \u013cauj pievienot svar\u012bgu inform\u0101ciju, piem\u0113ram, grupas nosaukumu, \u0101rk\u0101rtas kontaktnumuru vai aler\u0123ijas br\u012bdin\u0101jumus, p\u0101rv\u0113r\u0161ot vienk\u0101r\u0161u identifik\u0101cijas r\u012bku par svar\u012bgu dro\u0161\u012bbas ier\u012bci.<\/p>\n<p><b>Galven\u0101s iez\u012bmes:<\/b><\/p>\n<ul>\n<li><b>\u012asts Tyvek\u00ae materi\u0101ls:<\/b> Iztur\u012bgs, viegls, \u016bdensnecaurlaid\u012bgs un pl\u012bsumiztur\u012bgs, lai iztur\u0113tu akt\u012bvu valk\u0101\u0161anu visas dienas garum\u0101.<\/li>\n<li><b>B\u0113rniem specifiski izm\u0113ri:<\/b> Izstr\u0101d\u0101ts dro\u0161ai un \u0113rtai piegul\u0161anai uz maz\u0101k\u0101m plaukstas loc\u012btav\u0101m.<\/li>\n<li><b>Dro\u0161a sl\u0113g\u0161ana:<\/b> Aizsardz\u012bba pret viltojumiem ar l\u012bmlenti un dro\u0161\u012bbas aizdari nov\u0113r\u0161 p\u0101rne\u0161anu starp b\u0113rniem.<\/li>\n<li><b>Piel\u0101gota dro\u0161\u012bbas druka:<\/b> 60 x 20 mm laukums svar\u012bgas inform\u0101cijas, piem\u0113ram, kontaktinform\u0101cijas vai aler\u0123ijas br\u012bdin\u0101jumu, pievieno\u0161anai.<\/li>\n<li><b>Augstas redzam\u012bbas kr\u0101sas:<\/b> Pieejams spilgti zil\u0101, sarkan\u0101 un dzelten\u0101 kr\u0101s\u0101, lai viegli vizu\u0101li identific\u0113tu grupas.<\/li>\n<li><b>Vienk\u0101r\u0161a izplat\u012b\u0161ana:<\/b> Pieg\u0101d\u0101ts 10 loksn\u0113s efekt\u012bvai apstr\u0101dei un druk\u0101\u0161anai.<\/li>\n<\/ul>","protected":false},"excerpt":{"rendered":"<ul>\n<li>\u012apa\u0161i piel\u0101gots izm\u0113rs dro\u0161ai un \u0113rtai piegul\u0161anai b\u0113rnu plaukstas loc\u012btav\u0101m.<\/li>\n<li>Iztur\u012bgs, \u016bdensnecaurlaid\u012bgs un pl\u012bsumiztur\u012bgs Tyvek\u00ae materi\u0101ls sp\u0113l\u0113m visas dienas garum\u0101.<\/li>\n<li>Dro\u0161a, pret viltojumiem aizsarg\u0101ta l\u012bmpl\u0113ves aizdare ar dro\u0161\u012bbas fiksatoru.<\/li>\n<li>Piel\u0101gojiet ar \u0101rk\u0101rtas kontaktu numuriem vai inform\u0101ciju par aler\u0123ij\u0101m (60x20 mm drukas laukums).<\/li>\n<\/ul>","protected":false},"featured_media":6124,"comment_status":"closed","ping_status":"closed","template":"","meta":[],"product_brand":[],"product_cat":[66,41,68],"product_tag":[],"class_list":{"0":"post-3823","1":"product","2":"type-product","3":"status-publish","4":"has-post-thumbnail","6":"product_cat-wristbands","7":"product_cat-tyvek","8":"product_cat-event-supplies","10":"first","11":"instock","12":"shipping-taxable","13":"purchasable","14":"product-type-simple"},"_links":{"self":[{"href":"https:\/\/displayproducts.eu\/lv\/wp-json\/wp\/v2\/product\/3823","targetHints":{"allow":["GET"]}}],"collection":[{"href":"https:\/\/displayproducts.eu\/lv\/wp-json\/wp\/v2\/product"}],"about":[{"href":"https:\/\/displayproducts.eu\/lv\/wp-json\/wp\/v2\/types\/product"}],"replies":[{"embeddable":true,"href":"https:\/\/displayproducts.eu\/lv\/wp-json\/wp\/v2\/comments?post=3823"}],"wp:featuredmedia":[{"embeddable":true,"href":"https:\/\/displayproducts.eu\/lv\/wp-json\/wp\/v2\/media\/6124"}],"wp:attachment":[{"href":"https:\/\/displayproducts.eu\/lv\/wp-json\/wp\/v2\/media?parent=3823"}],"wp:term":[{"taxonomy":"product_brand","embeddable":true,"href":"https:\/\/displayproducts.eu\/lv\/wp-json\/wp\/v2\/product_brand?post=3823"},{"taxonomy":"product_cat","embeddable":true,"href":"https:\/\/displayproducts.eu\/lv\/wp-json\/wp\/v2\/product_cat?post=3823"},{"taxonomy":"product_tag","embeddable":true,"href":"https:\/\/displayproducts.eu\/lv\/wp-json\/wp\/v2\/product_tag?post=3823"}],"curies":[{"name":"wp","href":"https:\/\/api.w.org\/{rel}","templated":true}]}}