{"id":3583,"date":"2025-03-24T15:51:08","date_gmt":"2025-03-24T12:51:08","guid":{"rendered":"https:\/\/wristbandfactory.eu\/?post_type=product&#038;p=3583"},"modified":"2026-04-01T21:52:36","modified_gmt":"2026-04-01T18:52:36","slug":"rpet-lanyards-with-wheat-straw-breakaway","status":"publish","type":"product","link":"https:\/\/displayproducts.eu\/lv\/p\/rpet-lanyards-with-wheat-straw-breakaway\/","title":{"rendered":"rPET kakla lentas ar kvie\u0161u salmu spr\u0101dzi"},"content":{"rendered":"<p data-path-to-node=\"11\">Padariet savas organiz\u0101cijas ap\u0146em\u0161anos nodro\u0161in\u0101t ilgtsp\u0113j\u012bbu redzamu l\u012bdz p\u0113d\u0113jai deta\u013cai ar m\u016bsu pal\u012bdz\u012bbu <b>rPET aukli\u0146as ar kvie\u0161u salmu atdal\u0101mu aizdari<\/b>. \u0160\u012b nav tikai kakla siksni\u0146a; tas ir piln\u012bgs videi draudz\u012bgs identifik\u0101cijas komplekts, kas paredz\u0113ts uz\u0146\u0113mumiem, kuri v\u0113las piln\u012bb\u0101 atteikties no neapstr\u0101d\u0101tas plastmasas savos pas\u0101kumos.<\/p>\n<p data-path-to-node=\"12\">Siksni\u0146a ir izgatavota no <b>100% p\u0101rstr\u0101d\u0101ts PET (rPET)<\/b>, pie\u0161\u0137irot jaunu dz\u012bvi izlietot\u0101m plastmasas pudel\u0113m. At\u0161\u0137ir\u012bb\u0101 no standarta opcij\u0101m, \u0161is modelis atrisina \u201csl\u0113pt\u0101s plastmasas\u201d probl\u0113mu: papildu dro\u0161\u012bbas atdal\u0101mais klipsis ir izgatavots no <b>iztur\u012bgi kvie\u0161u salmi<\/b>, biolo\u0123iski no\u0101rd\u0101ms augu izcelsmes blakusprodukts. \u0160is dab\u012bgais kompoz\u012btmateri\u0101ls ir tikpat iztur\u012bgs k\u0101 plastmasa, bet iev\u0113rojami samazina ietekmi uz vidi.<\/p>\n<p data-path-to-node=\"13\">Lai pabeigtu komplektu, m\u0113s iek\u013caujam vieglu <b>p\u0101rstr\u0101d\u0101jama pap\u012bra ID maci\u0146\u0161<\/b>, nodro\u0161inot, ka pat noz\u012bm\u012btes ietvars atbilst j\u016bsu za\u013caj\u0101m v\u0113rt\u012bb\u0101m. Gludais rPET audums ir ide\u0101li piem\u0113rots <b>pilnkr\u0101su kr\u0101su sublim\u0101cija<\/b>, kas \u013cauj jums demonstr\u0113t savu vizu\u0101lo identit\u0101ti ar as\u0101m, fotore\u0101listisk\u0101m deta\u013c\u0101m ab\u0101s lentass pus\u0113s. \u0160\u012b ir ide\u0101la izv\u0113le augsta l\u012bme\u0146a \u201cza\u013caj\u0101m konferenc\u0113m\u201d, kur katra deta\u013ca ir svar\u012bga.<\/p>\n<p data-path-to-node=\"14\"><b>Galven\u0101s iez\u012bmes:<\/b><\/p>\n<ul data-path-to-node=\"15\">\n<li>\n<p data-path-to-node=\"15,0,0\"><b>\u0160\u0146or\u012btes materi\u0101ls:<\/b> 100% rPET (p\u0101rstr\u0101d\u0101ts no izlietot\u0101m PET pudel\u0113m).<\/p>\n<\/li>\n<li>\n<p data-path-to-node=\"15,1,0\"><b>Inov\u0101cija:<\/b> Dro\u0161\u012bbas atdal\u0101mais materi\u0101ls ir biolo\u0123iski no\u0101rd\u0101ms <b>Kvie\u0161u salmi<\/b>.<\/p>\n<\/li>\n<li>\n<p data-path-to-node=\"15,2,0\"><b>Druk\u0101\u0161ana:<\/b> Pilnkr\u0101su, divpus\u0113ja kr\u0101su sublim\u0101cija sare\u017e\u0123\u012btai grafikai.<\/p>\n<\/li>\n<li>\n<p data-path-to-node=\"15,3,0\"><b>Pilns komplekts:<\/b> Standarta komplekt\u0101 ietilpst p\u0101rstr\u0101d\u0101jams pap\u012bra ID tur\u0113t\u0101js.<\/p>\n<\/li>\n<li>\n<p data-path-to-node=\"15,4,0\"><b>Ekolo\u0123iski apzin\u012bgs:<\/b> Apvieno p\u0101rstr\u0101d\u0101tus atkritumus un atjaunojamus augu materi\u0101lus.<\/p>\n<\/li>\n<li>\n<p data-path-to-node=\"15,5,0\"><b>Dro\u0161\u012bba:<\/b> Kvie\u0161u salmu klipsis atbr\u012bvojas nospriegojuma ietekm\u0113, lai nov\u0113rstu traumas.<\/p>\n<\/li>\n<\/ul>","protected":false},"excerpt":{"rendered":"<ul data-path-to-node=\"9\">\n<li>\n<p data-path-to-node=\"9,0,0\"><b>Plastmasas nesaturo\u0161a furnit\u016bra:<\/b> Apr\u012bkots ar unik\u0101lu dro\u0161\u012bbas atdal\u0101mu klipsi, kas izgatavots no biolo\u0123iski no\u0101rd\u0101mas <b>kvie\u0161u salmi<\/b> standarta plastmasas viet\u0101.<\/p>\n<\/li>\n<li>\n<p data-path-to-node=\"9,1,0\"><b>Pilns eko komplekts:<\/b> Komplekt\u0101 ietilpst 100% p\u0101rstr\u0101d\u0101ta PET kakla siksni\u0146a un p\u0101rstr\u0101d\u0101jams <b>pap\u012bra ID tur\u0113t\u0101js<\/b> lai ieg\u016btu piln\u012bb\u0101 ilgtsp\u0113j\u012bgu risin\u0101jumu.<\/p>\n<\/li>\n<li>\n<p data-path-to-node=\"9,2,0\"><b>Pilnkr\u0101su z\u012bmols:<\/b> Augstas iz\u0161\u0137irtsp\u0113jas sublim\u0101cijas druka \u013cauj ieg\u016bt spilgtus, no malas l\u012bdz malai eso\u0161us dizainus ab\u0101s pus\u0113s.<\/p>\n<\/li>\n<li>\n<p data-path-to-node=\"9,3,0\"><b>Aprites ekonomika:<\/b> Pie\u0161\u0137ir jaunu dz\u012bvi plastmasas atkritumiem (1 kakla siksni\u0146a \u2248 1 plastmasas pudele), vienlaikus izmantojot atjaunojamus augu materi\u0101lus.<\/p>\n<\/li>\n<\/ul>","protected":false},"featured_media":6632,"comment_status":"closed","ping_status":"closed","template":"","meta":[],"product_brand":[],"product_cat":[104,106,107,68],"product_tag":[],"class_list":{"0":"post-3583","1":"product","2":"type-product","3":"status-publish","4":"has-post-thumbnail","6":"product_cat-custom-printed-lanyards","7":"product_cat-breakaway-lanyards","8":"product_cat-eco-friendly-lanyards","9":"product_cat-event-supplies","11":"first","12":"instock","13":"shipping-taxable","14":"purchasable","15":"product-type-simple"},"_links":{"self":[{"href":"https:\/\/displayproducts.eu\/lv\/wp-json\/wp\/v2\/product\/3583","targetHints":{"allow":["GET"]}}],"collection":[{"href":"https:\/\/displayproducts.eu\/lv\/wp-json\/wp\/v2\/product"}],"about":[{"href":"https:\/\/displayproducts.eu\/lv\/wp-json\/wp\/v2\/types\/product"}],"replies":[{"embeddable":true,"href":"https:\/\/displayproducts.eu\/lv\/wp-json\/wp\/v2\/comments?post=3583"}],"wp:featuredmedia":[{"embeddable":true,"href":"https:\/\/displayproducts.eu\/lv\/wp-json\/wp\/v2\/media\/6632"}],"wp:attachment":[{"href":"https:\/\/displayproducts.eu\/lv\/wp-json\/wp\/v2\/media?parent=3583"}],"wp:term":[{"taxonomy":"product_brand","embeddable":true,"href":"https:\/\/displayproducts.eu\/lv\/wp-json\/wp\/v2\/product_brand?post=3583"},{"taxonomy":"product_cat","embeddable":true,"href":"https:\/\/displayproducts.eu\/lv\/wp-json\/wp\/v2\/product_cat?post=3583"},{"taxonomy":"product_tag","embeddable":true,"href":"https:\/\/displayproducts.eu\/lv\/wp-json\/wp\/v2\/product_tag?post=3583"}],"curies":[{"name":"wp","href":"https:\/\/api.w.org\/{rel}","templated":true}]}}