{"id":3045,"date":"2025-02-05T15:13:29","date_gmt":"2025-02-05T12:13:29","guid":{"rendered":"https:\/\/wristbandfactory.eu\/toode\/silicone-printed-keychain\/"},"modified":"2026-04-01T21:52:04","modified_gmt":"2026-04-01T18:52:04","slug":"silicone-print-nylon-keychains","status":"publish","type":"product","link":"https:\/\/displayproducts.eu\/lv\/p\/silicone-print-nylon-keychains\/","title":{"rendered":"Neilona atsl\u0113gu piekari\u0146i ar silikona druku"},"content":{"rendered":"<p data-path-to-node=\"12\">Uzlabojiet savas rekl\u0101mas preces ar m\u016bsu <b data-path-to-node=\"12\" data-index-in-node=\"71\">Piel\u0101gotas silikona drukas neilona atsl\u0113gu piekari\u0146i<\/b>. T\u0101s nav tikai standarta kakla lentas; tie ir augstas iztur\u012bbas aksesu\u0101ri, kas paredz\u0113ti ilgsto\u0161ai lieto\u0161anai. Izcil\u0101k\u0101 iez\u012bme ir <b data-path-to-node=\"12\" data-index-in-node=\"240\">reljefa silikona drukas tehnolo\u0123ija<\/b>, kas uz neilona lentas uzkl\u0101j biezu, elast\u012bgu silikona sl\u0101ni. Tas rada spilgtu, taust\u0101mu 3D efektu, ko nav iesp\u0113jams ignor\u0113t, un tas ir \u013coti iztur\u012bgs pret izbal\u0113\u0161anu, plais\u0101\u0161anu vai lob\u012b\u0161anos.<\/p>\n<h2 data-path-to-node=\"13\">Galven\u0101s iez\u012bmes<\/h2>\n<ul data-path-to-node=\"14\">\n<li>\n<p data-path-to-node=\"14,0,0\"><b data-path-to-node=\"14,0,0\" data-index-in-node=\"0\">Augst\u0101k\u0101s kvalit\u0101tes silikona apdruka:<\/b> At\u0161\u0137ir\u012bb\u0101 no mat\u0113t\u0101s tintes, m\u016bsu silikona druka pie\u0161\u0137ir j\u016bsu logotipam tekst\u016bru un dimensiju, pie\u0161\u0137irot tam augstas klases izskatu un saj\u016btu.<\/p>\n<\/li>\n<li>\n<p data-path-to-node=\"14,1,1\"><span data-path-to-node=\"14,1,1,0\"><b data-path-to-node=\"14,1,1,0\" data-index-in-node=\"0\"><span class=\"citation-9\">Iztur\u012bga neilona konstrukcija:<\/span><\/b><span class=\"citation-9\"> Izgatavots no augstas iztur\u012bbas neilona lentass<\/span><\/span><span data-path-to-node=\"14,1,1,2\">, \u0160\u012b lentas ir izstr\u0101d\u0101ta, lai iztur\u0113tu ikdienas valk\u0101\u0161anu, padarot to ide\u0101li piem\u0113rotu \u0101ra aktivit\u0101\u0161u z\u012bmoliem, autob\u016bves uz\u0146\u0113mumiem un akt\u012bv\u0101m komand\u0101m.<\/span><\/p>\n<\/li>\n<li>\n<p data-path-to-node=\"14,2,0\"><b data-path-to-node=\"14,2,0\" data-index-in-node=\"0\">Divk\u0101r\u0161a piestiprin\u0101\u0161anas sist\u0113ma:<\/b> Maksim\u0101la daudzpus\u012bba tiek nodro\u0161in\u0101ta ar iztur\u012bgu <b data-path-to-node=\"14,2,0\" data-index-in-node=\"69\">karab\u012bne<\/b> jostas cilp\u0101m vai som\u0101m, k\u0101 ar\u012b klasisks <b data-path-to-node=\"14,2,0\" data-index-in-node=\"118\">sadal\u012bts gredzens<\/b> atsl\u0113g\u0101m.<\/p>\n<\/li>\n<li>\n<p data-path-to-node=\"14,3,0\"><b data-path-to-node=\"14,3,0\" data-index-in-node=\"0\">Pantone precizit\u0101te:<\/b> M\u0113s pied\u0101v\u0101jam piln\u012bgu kr\u0101su saska\u0146o\u0161anu neilona lentasi, lai nodro\u0161in\u0101tu, ka t\u0101 lieliski atbilst j\u016bsu korporat\u012bvajai identit\u0101tei.<\/p>\n<\/li>\n<\/ul>\n<h2 data-path-to-node=\"15\">Specifik\u0101cijas<\/h2>\n<ul data-path-to-node=\"16\">\n<li>\n<p data-path-to-node=\"16,0,0\"><b data-path-to-node=\"16,0,0\" data-index-in-node=\"0\">Materi\u0101ls:<\/b> Iztur\u012bga neilona lentas.<\/p>\n<\/li>\n<li>\n<p data-path-to-node=\"16,1,0\"><b data-path-to-node=\"16,1,0\" data-index-in-node=\"0\">Drukas tehnika:<\/b> Reljefs silikona apdruka (3D efekts).<\/p>\n<\/li>\n<li>\n<p data-path-to-node=\"16,2,0\"><b data-path-to-node=\"16,2,0\" data-index-in-node=\"0\">Izm\u0113ri:<\/b> Standarta 25 x 150 mm (pieejami piel\u0101goti izm\u0113ri).<\/p>\n<\/li>\n<li>\n<p data-path-to-node=\"16,3,0\"><b data-path-to-node=\"16,3,0\" data-index-in-node=\"0\">Armat\u016bra:<\/b> Met\u0101la karab\u012bnes \u0101\u0137is + sadal\u012bts gredzens.<\/p>\n<\/li>\n<li>\n<p data-path-to-node=\"16,4,0\"><b data-path-to-node=\"16,4,0\" data-index-in-node=\"0\">Minim\u0101lais pas\u016bt\u012bjuma daudzums:<\/b> 100 vien\u012bbas.<\/p>\n<\/li>\n<li>\n<p data-path-to-node=\"16,5,0\"><b data-path-to-node=\"16,5,0\" data-index-in-node=\"0\">Ra\u017eo\u0161anas laiks:<\/b> Aptuveni 18\u201320 dienas.<\/p>\n<\/li>\n<\/ul>\n<h2 data-path-to-node=\"17\">Lieto\u0161anas gad\u012bjumi<\/h2>\n<ul data-path-to-node=\"18\">\n<li>\n<p data-path-to-node=\"18,0,0\"><b data-path-to-node=\"18,0,0\" data-index-in-node=\"0\">Automobi\u013cu tirdzniec\u012bbas vietas:<\/b> V\u0113rt\u012bga balva jaun\u0101m automa\u0161\u012bnas atsl\u0113g\u0101m, kuras klienti izmantos katru dienu.<\/p>\n<\/li>\n<li>\n<p data-path-to-node=\"18,1,0\"><b data-path-to-node=\"18,1,0\" data-index-in-node=\"0\">\u0100ra aktivit\u0101\u0161u un piedz\u012bvojumu z\u012bmoli:<\/b> Iztur\u012bgais neilons un karab\u012bne lieliski piest\u0101v akt\u012bva dz\u012bvesveida t\u0113lam.<\/p>\n<\/li>\n<li>\n<p data-path-to-node=\"18,2,0\"><b data-path-to-node=\"18,2,0\" data-index-in-node=\"0\">Korporat\u012bv\u0101s d\u0101vanas:<\/b> Taustei piem\u0113rota, augst\u0101k\u0101s kvalit\u0101tes alternat\u012bva standarta poliestera atsl\u0113gu piekari\u0146iem darbinieku sagaid\u012b\u0161anas komplektiem.<\/p>\n<\/li>\n<li>\n<p data-path-to-node=\"18,3,0\"><b data-path-to-node=\"18,3,0\" data-index-in-node=\"0\">Nekustam\u0101 \u012bpa\u0161uma a\u0123enti:<\/b> Iztur\u012bgs un atmi\u0146\u0101 palieko\u0161s atsl\u0113gu piekari\u0146\u0161 jaun\u0101 m\u0101jok\u013ca nodo\u0161anai ekspluat\u0101cij\u0101.<\/p>\n<\/li>\n<\/ul>","protected":false},"excerpt":{"rendered":"<ul>\n<li>\n<p data-path-to-node=\"11,0,0\"><b data-path-to-node=\"11,0,0\" data-index-in-node=\"0\">3D taktilais z\u012bmols:<\/b> Reljefs silikona apdruka rada augst\u0101k\u0101s kvalit\u0101tes, iztur\u012bgu logotipa efektu.<\/p>\n<\/li>\n<li>\n<p data-path-to-node=\"11,1,0\"><b data-path-to-node=\"11,1,0\" data-index-in-node=\"0\">Iztur\u012bgs materi\u0101ls:<\/b> Izgatavots no iztur\u012bgas, nodilumiztur\u012bgas neilona lentass.<\/p>\n<\/li>\n<li>\n<p data-path-to-node=\"11,2,0\"><b data-path-to-node=\"11,2,0\" data-index-in-node=\"0\">Daudzpus\u012bgs stiprin\u0101jums:<\/b> N\u0101k komplekt\u0101 gan karab\u012bne, gan standarta sadal\u012bt\u0101jlentas.<\/p>\n<\/li>\n<li>\n<p data-path-to-node=\"11,3,0\"><b data-path-to-node=\"11,3,0\" data-index-in-node=\"0\">Piln\u012bb\u0101 piel\u0101gots:<\/b> Lentasi un apdrukai pieejama Pantone kr\u0101su saska\u0146o\u0161ana.<\/p>\n<\/li>\n<\/ul>","protected":false},"featured_media":6655,"comment_status":"closed","ping_status":"closed","template":"","meta":[],"product_brand":[],"product_cat":[94],"product_tag":[],"class_list":{"0":"post-3045","1":"product","2":"type-product","3":"status-publish","4":"has-post-thumbnail","6":"product_cat-keychains","8":"first","9":"instock","10":"shipping-taxable","11":"purchasable","12":"product-type-simple"},"_links":{"self":[{"href":"https:\/\/displayproducts.eu\/lv\/wp-json\/wp\/v2\/product\/3045","targetHints":{"allow":["GET"]}}],"collection":[{"href":"https:\/\/displayproducts.eu\/lv\/wp-json\/wp\/v2\/product"}],"about":[{"href":"https:\/\/displayproducts.eu\/lv\/wp-json\/wp\/v2\/types\/product"}],"replies":[{"embeddable":true,"href":"https:\/\/displayproducts.eu\/lv\/wp-json\/wp\/v2\/comments?post=3045"}],"wp:featuredmedia":[{"embeddable":true,"href":"https:\/\/displayproducts.eu\/lv\/wp-json\/wp\/v2\/media\/6655"}],"wp:attachment":[{"href":"https:\/\/displayproducts.eu\/lv\/wp-json\/wp\/v2\/media?parent=3045"}],"wp:term":[{"taxonomy":"product_brand","embeddable":true,"href":"https:\/\/displayproducts.eu\/lv\/wp-json\/wp\/v2\/product_brand?post=3045"},{"taxonomy":"product_cat","embeddable":true,"href":"https:\/\/displayproducts.eu\/lv\/wp-json\/wp\/v2\/product_cat?post=3045"},{"taxonomy":"product_tag","embeddable":true,"href":"https:\/\/displayproducts.eu\/lv\/wp-json\/wp\/v2\/product_tag?post=3045"}],"curies":[{"name":"wp","href":"https:\/\/api.w.org\/{rel}","templated":true}]}}