{"id":2765,"date":"2025-01-07T16:34:40","date_gmt":"2025-01-07T13:34:40","guid":{"rendered":"https:\/\/wristbandfactory.eu\/toode\/nylon-deep-woven-lanyard\/"},"modified":"2026-04-01T21:52:36","modified_gmt":"2026-04-01T18:52:36","slug":"nylon-deep-woven-lanyard","status":"publish","type":"product","link":"https:\/\/displayproducts.eu\/lv\/p\/nylon-deep-woven-lanyard\/","title":{"rendered":"Neilona dzi\u013ci austi kakla lentas ar piel\u0101gotu logotipu"},"content":{"rendered":"<p data-path-to-node=\"8\">Paaugstiniet sava z\u012bmola profesion\u0101lo t\u0113lu ar m\u016bsu dzi\u013ci austaj\u0101m neilona kakla siksni\u0146\u0101m. At\u0161\u0137ir\u012bb\u0101 no standarta druk\u0101taj\u0101m iesp\u0113j\u0101m, \u0161\u012bm kakla siksni\u0146\u0101m ir vienkr\u0101sains logotips, kas ir ieausts tie\u0161i neilona lent\u0113. \u0160\u012b &quot;dzi\u013c\u0101s au\u0161anas&quot; tehnika rada smalku ieliektu efektu, pie\u0161\u0137irot produktam izsmalcin\u0101tu, tekstur\u0113tu izskatu, kas pau\u017e kvalit\u0101ti un uzman\u012bbu deta\u013c\u0101m.<\/p>\n<h2 data-path-to-node=\"9\">Galven\u0101s iez\u012bmes<\/h2>\n<ul data-path-to-node=\"10\">\n<li>\n<p data-path-to-node=\"10,0,0\"><b data-path-to-node=\"10,0,0\" data-index-in-node=\"0\">Augst\u0101k\u0101s kvalit\u0101tes materi\u0101ls:<\/b> Izgatavots no bl\u012bva 100% neilona, kas nodro\u0161ina glud\u0101ku un sp\u012bd\u012bg\u0101ku apdari nek\u0101 standarta poliesters.<\/p>\n<\/li>\n<li>\n<p data-path-to-node=\"10,1,0\"><b data-path-to-node=\"10,1,0\" data-index-in-node=\"0\">Austa logotipa integr\u0101cija:<\/b> Logo ir da\u013ca no auduma, kas noz\u012bm\u0113, ka tas nekad neizbal\u0113s, nelob\u012bsies un neplais\u0101s pat p\u0113c ilgsto\u0161as lieto\u0161anas.<\/p>\n<\/li>\n<li>\n<p data-path-to-node=\"10,2,0\"><b data-path-to-node=\"10,2,0\" data-index-in-node=\"0\">Ieliekta est\u0113tika:<\/b> Padzi\u013cin\u0101tais logotips rada profesion\u0101lu, tr\u012bsdimensiju saj\u016btu bez tradicion\u0101l\u0101 reljefa trausluma.<\/p>\n<\/li>\n<li>\n<p data-path-to-node=\"10,3,0\"><b data-path-to-node=\"10,3,0\" data-index-in-node=\"0\">Aparat\u016bras sader\u012bba:<\/b> Papildin\u0101ts ar iztur\u012bgu melnu karab\u012bni (ATT5\/H) vai citiem piel\u0101gotiem stiprin\u0101jumiem, piem\u0113ram, dro\u0161\u012bbas bremz\u0113m un spr\u0101dz\u0113m.<\/p>\n<\/li>\n<li>\n<p data-path-to-node=\"10,4,0\"><b data-path-to-node=\"10,4,0\" data-index-in-node=\"0\">Divpus\u0113js z\u012bmola att\u0113lojums:<\/b> Pieska\u0146otu austu dizainu iesp\u0113jas ab\u0101s pus\u0113s, lai pan\u0101ktu vienotu izskatu.<\/p>\n<\/li>\n<\/ul>\n<h2 data-path-to-node=\"11\">Specifik\u0101cijas<\/h2>\n<ul data-path-to-node=\"12\">\n<li>\n<p data-path-to-node=\"12,0,0\"><b data-path-to-node=\"12,0,0\" data-index-in-node=\"0\">Materi\u0101ls:<\/b> 100% iztur\u012bgs augstas kvalit\u0101tes neilons.<\/p>\n<\/li>\n<li>\n<p data-path-to-node=\"12,1,0\"><b data-path-to-node=\"12,1,0\" data-index-in-node=\"0\">Platums:<\/b> 25 mm vai 30 mm (optim\u0101li sare\u017e\u0123\u012btiem logotipiem).<\/p>\n<\/li>\n<li>\n<p data-path-to-node=\"12,2,0\"><b data-path-to-node=\"12,2,0\" data-index-in-node=\"0\">Garums:<\/b> Parasts (900 mm) vai \u012bss (200 mm).<\/p>\n<\/li>\n<li>\n<p data-path-to-node=\"12,3,0\"><b data-path-to-node=\"12,3,0\" data-index-in-node=\"0\">Logotipa dizains:<\/b> Vienkr\u0101sains austs (padzi\u013cin\u0101ts\/ieliekts efekts).<\/p>\n<\/li>\n<li>\n<p data-path-to-node=\"12,4,0\"><b data-path-to-node=\"12,4,0\" data-index-in-node=\"0\">Pamatkr\u0101sa:<\/b> Standarta melna (p\u0113c piepras\u012bjuma pieejami piel\u0101goti Pantone to\u0146i).<\/p>\n<\/li>\n<li>\n<p data-path-to-node=\"12,5,0\"><b data-path-to-node=\"12,5,0\" data-index-in-node=\"0\">Minim\u0101lais pas\u016bt\u012bjuma daudzums:<\/b> 100 gabali.<\/p>\n<\/li>\n<\/ul>","protected":false},"excerpt":{"rendered":"<p data-path-to-node=\"6\">Uzlabojiet savu korporat\u012bvo identit\u0101ti ar m\u016bsu augst\u0101k\u0101s kvalit\u0101tes neilona dzi\u013ci austaj\u0101m kakla siksni\u0146\u0101m. \u0160\u012bs kakla lentas pied\u0101v\u0101 unik\u0101lu, taust\u0101mu apdari, kur j\u016bsu logotips ir tie\u0161i integr\u0113ts auduma pinum\u0101, lai nodro\u0161in\u0101tu maksim\u0101lu ilgm\u016b\u017e\u012bbu.<\/p>\n<ul data-path-to-node=\"7\">\n<li>\n<p data-path-to-node=\"7,0,0\"><b data-path-to-node=\"7,0,0\" data-index-in-node=\"0\">Izcila iztur\u012bba:<\/b> 100% augstas kvalit\u0101tes neilons, kas paredz\u0113ts intens\u012bvai ikdienas lieto\u0161anai.<\/p>\n<\/li>\n<li>\n<p data-path-to-node=\"7,1,0\"><b data-path-to-node=\"7,1,0\" data-index-in-node=\"0\">Ekskluz\u012bvs z\u012bmols:<\/b> Ieb\u016bv\u0113tais austais logotips rada augstas klases, reljefainu izskatu.<\/p>\n<\/li>\n<li>\n<p data-path-to-node=\"7,2,0\"><b data-path-to-node=\"7,2,0\" data-index-in-node=\"0\">Daudzpus\u012bgas iesp\u0113jas:<\/b> Pieejams standarta un \u012bsos garumos da\u017e\u0101diem B2B lietojumiem.<\/p>\n<\/li>\n<li>\n<p data-path-to-node=\"7,3,0\"><b data-path-to-node=\"7,3,0\" data-index-in-node=\"0\">Piln\u012bga piel\u0101go\u0161ana:<\/b> Izv\u0113lieties no vair\u0101kiem platumiem un piel\u0101gotas Pantone kr\u0101su saska\u0146o\u0161anas.<\/p>\n<\/li>\n<\/ul>","protected":false},"featured_media":2748,"comment_status":"closed","ping_status":"closed","template":"","meta":[],"product_brand":[],"product_cat":[43,108],"product_tag":[],"class_list":{"0":"post-2765","1":"product","2":"type-product","3":"status-publish","4":"has-post-thumbnail","6":"product_cat-lanyards","7":"product_cat-multifunctional-lanyards","9":"first","10":"instock","11":"shipping-taxable","12":"purchasable","13":"product-type-simple"},"_links":{"self":[{"href":"https:\/\/displayproducts.eu\/lv\/wp-json\/wp\/v2\/product\/2765","targetHints":{"allow":["GET"]}}],"collection":[{"href":"https:\/\/displayproducts.eu\/lv\/wp-json\/wp\/v2\/product"}],"about":[{"href":"https:\/\/displayproducts.eu\/lv\/wp-json\/wp\/v2\/types\/product"}],"replies":[{"embeddable":true,"href":"https:\/\/displayproducts.eu\/lv\/wp-json\/wp\/v2\/comments?post=2765"}],"wp:featuredmedia":[{"embeddable":true,"href":"https:\/\/displayproducts.eu\/lv\/wp-json\/wp\/v2\/media\/2748"}],"wp:attachment":[{"href":"https:\/\/displayproducts.eu\/lv\/wp-json\/wp\/v2\/media?parent=2765"}],"wp:term":[{"taxonomy":"product_brand","embeddable":true,"href":"https:\/\/displayproducts.eu\/lv\/wp-json\/wp\/v2\/product_brand?post=2765"},{"taxonomy":"product_cat","embeddable":true,"href":"https:\/\/displayproducts.eu\/lv\/wp-json\/wp\/v2\/product_cat?post=2765"},{"taxonomy":"product_tag","embeddable":true,"href":"https:\/\/displayproducts.eu\/lv\/wp-json\/wp\/v2\/product_tag?post=2765"}],"curies":[{"name":"wp","href":"https:\/\/api.w.org\/{rel}","templated":true}]}}