{"id":1382,"date":"2024-07-17T13:03:02","date_gmt":"2024-07-17T10:03:02","guid":{"rendered":"https:\/\/wristbandfactory.eu\/toode\/lanyard-made-of-1-5-cm-rpet-with-cup-holder-sublimation-print\/"},"modified":"2026-04-01T21:52:36","modified_gmt":"2026-04-01T18:52:36","slug":"printed-lanyards-with-cup-holder","status":"publish","type":"product","link":"https:\/\/displayproducts.eu\/lv\/p\/printed-lanyards-with-cup-holder\/","title":{"rendered":"Apdruk\u0101tas kakla lentas ar kr\u016bzes tur\u0113t\u0101ju"},"content":{"rendered":"<div class=\"flex flex-grow flex-col max-w-full\">\n<div class=\"min-h-[20px] text-message flex flex-col items-start whitespace-pre-wrap break-words [.text-message+&amp;]:mt-5 juice:w-full juice:items-end overflow-x-auto gap-2\" dir=\"auto\" data-message-author-role=\"assistant\" data-message-id=\"29d0cc2f-9703-4b46-a2f3-f0401257c60f\">\n<div class=\"flex w-full flex-col gap-1 juice:empty:hidden juice:first:pt-[3px]\">\n<div class=\"markdown prose w-full break-words dark:prose-invert light\">\n<p>Uzlabojiet apmekl\u0113t\u0101ju pieredzi sav\u0101 n\u0101kamaj\u0101 festiv\u0101l\u0101, konferenc\u0113 vai pas\u0101kum\u0101 br\u012bv\u0101 dab\u0101. M\u016bsu apdruk\u0101t\u0101s kakla lentas ar kr\u016bz\u012b\u0161u tur\u0113t\u0101jiem pied\u0101v\u0101 \u013coti praktisku risin\u0101jumu, \u013caujot j\u016bsu viesiem, darbiniekiem vai VIP person\u0101m palikt br\u012bv\u0101m rok\u0101m, vienlaikus saglab\u0101jot j\u016bsu z\u012bmola redzam\u012bbu.<\/p>\n<p>\u0160\u012b funkcion\u0101l\u0101 kakla siksni\u0146a ir izgatavota no iztur\u012bga, austa RPET poliestera, kas apliecina j\u016bsu z\u012bmola ap\u0146em\u0161anos izv\u0113l\u0113ties ilgtsp\u0113j\u012bgu materi\u0101lu. Cen\u0101 iek\u013cauta spilgta, pilnkr\u0101su sublim\u0101cijas druka ab\u0101s pus\u0113s, kas ir ide\u0101li piem\u0113rota sare\u017e\u0123\u012btiem logotipiem, detaliz\u0113tiem dizainiem un neierobe\u017eotai kr\u0101su izv\u0113lei. Elast\u012bgais, univers\u0101lais silikona kr\u016bz\u012b\u0161u tur\u0113t\u0101js (6 cm diametrs) dro\u0161i tur liel\u0101ko da\u013cu standarta pas\u0101kumu kr\u016bz\u012b\u0161u (piez\u012bme: kr\u016bz\u012btes nav iek\u013cautas). \u0160\u012b kakla siksni\u0146a ir ide\u0101ls aksesu\u0101rs jebkuram pas\u0101kumam, kur\u0101 tiek pasniegti dz\u0113rieni, nodro\u0161inot, ka j\u016bsu z\u012bmols paliek uzman\u012bbas centr\u0101.<\/p>\n<p><b>Galven\u0101s iez\u012bmes:<\/b><\/p>\n<ul>\n<li><b>Materi\u0101ls:<\/b> 1,5 cm biezs, austs RPET (p\u0101rstr\u0101d\u0101ts poliesters) audums<\/li>\n<li><b>Tur\u0113t\u0101js:<\/b> Univers\u0101ls silikons (\u00d8 6 cm)<\/li>\n<li><b>Druk\u0101\u0161ana:<\/b> Pilnkr\u0101su sublim\u0101cijas druka (iek\u013cauts ab\u0101s pus\u0113s)<\/li>\n<li><b>Ieguvums:<\/b> Br\u012bvas rokas; ide\u0101li piem\u0113rots atk\u0101rtoti lietojam\u0101m kr\u016bz\u012b\u0161u programm\u0101m<\/li>\n<li><b>Ide\u0101li piem\u0113rots:<\/b> Festiv\u0101li, koncerti, tirdzniec\u012bbas izst\u0101des un korporat\u012bvie pas\u0101kumi<\/li>\n<li><b>Izcelsme:<\/b> Ra\u017eots Eirop\u0101<\/li>\n<\/ul>\n<p>&nbsp;<\/p>\n<\/div>\n<\/div>\n<\/div>\n<\/div>","protected":false},"excerpt":{"rendered":"<ul>\n<li>Nodro\u0161ina br\u012bvroku \u0113rt\u012bbas festiv\u0101los un pas\u0101kumos br\u012bv\u0101 dab\u0101.<\/li>\n<li>Pilnkr\u0101su, divpus\u0113ja sublim\u0101cijas druka maksim\u0101lai z\u012bmola atpaz\u012bstam\u012bbai.<\/li>\n<li>Izgatavots no iztur\u012bga, videi draudz\u012bga RPET (p\u0101rstr\u0101d\u0101ta) materi\u0101la.<\/li>\n<li>Univers\u0101ls silikona tur\u0113t\u0101js (\u00d8 6 cm) ir piem\u0113rots liel\u0101kajai da\u013cai atk\u0101rtoti lietojamo kr\u016bz\u012b\u0161u.<\/li>\n<\/ul>","protected":false},"featured_media":6564,"comment_status":"closed","ping_status":"closed","template":"","meta":[],"product_brand":[],"product_cat":[43,108,68,119],"product_tag":[],"class_list":{"0":"post-1382","1":"product","2":"type-product","3":"status-publish","4":"has-post-thumbnail","6":"product_cat-lanyards","7":"product_cat-multifunctional-lanyards","8":"product_cat-event-supplies","9":"product_cat-drinkware-accessories","11":"first","12":"instock","13":"shipping-taxable","14":"purchasable","15":"product-type-simple"},"_links":{"self":[{"href":"https:\/\/displayproducts.eu\/lv\/wp-json\/wp\/v2\/product\/1382","targetHints":{"allow":["GET"]}}],"collection":[{"href":"https:\/\/displayproducts.eu\/lv\/wp-json\/wp\/v2\/product"}],"about":[{"href":"https:\/\/displayproducts.eu\/lv\/wp-json\/wp\/v2\/types\/product"}],"replies":[{"embeddable":true,"href":"https:\/\/displayproducts.eu\/lv\/wp-json\/wp\/v2\/comments?post=1382"}],"wp:featuredmedia":[{"embeddable":true,"href":"https:\/\/displayproducts.eu\/lv\/wp-json\/wp\/v2\/media\/6564"}],"wp:attachment":[{"href":"https:\/\/displayproducts.eu\/lv\/wp-json\/wp\/v2\/media?parent=1382"}],"wp:term":[{"taxonomy":"product_brand","embeddable":true,"href":"https:\/\/displayproducts.eu\/lv\/wp-json\/wp\/v2\/product_brand?post=1382"},{"taxonomy":"product_cat","embeddable":true,"href":"https:\/\/displayproducts.eu\/lv\/wp-json\/wp\/v2\/product_cat?post=1382"},{"taxonomy":"product_tag","embeddable":true,"href":"https:\/\/displayproducts.eu\/lv\/wp-json\/wp\/v2\/product_tag?post=1382"}],"curies":[{"name":"wp","href":"https:\/\/api.w.org\/{rel}","templated":true}]}}