{"id":1318,"date":"2024-07-15T16:02:04","date_gmt":"2024-07-15T13:02:04","guid":{"rendered":"https:\/\/wristbandfactory.eu\/toode\/reflective-wristbands-with-your-logo-or-text\/"},"modified":"2026-04-01T21:52:36","modified_gmt":"2026-04-01T18:52:36","slug":"custom-reflective-wristbands","status":"publish","type":"product","link":"https:\/\/displayproducts.eu\/lv\/p\/custom-reflective-wristbands\/","title":{"rendered":"Piel\u0101gotas atstarojo\u0161as aproces"},"content":{"rendered":"<div id=\"row-1593974699\" class=\"row\">\n<div id=\"col-995438329\" class=\"col large-12\">\n<div class=\"col-inner\">\n<div id=\"row-791971907\" class=\"row\">\n<div id=\"col-16588895\" class=\"col medium-6 small-12 large-6\">\n<div class=\"col-inner\">\n<p>Atstarojo\u0161\u0101 aproce ir \u012bsts ce\u013cu satiksmes dro\u0161\u012bbas s\u012bkr\u012bks, ta\u010du vienlaikus t\u0101 ir lieliska lieta, kas pie\u0161\u0137ir kr\u0101su jebkuram gad\u012bjumam un noteikti var piesaist\u012bt uzman\u012bbu. Uz t\u0101s eso\u0161ais apdruka nepaliks nepaman\u012bta!<\/p>\n<\/div>\n<\/div>\n<\/div>\n<\/div>\n<\/div>\n<\/div>\n<div id=\"row-409931730\" class=\"row row-collapse row-full-width\">\n<div id=\"col-2034900180\" class=\"col medium-6 small-12 large-6\">\n<div class=\"col-inner\">\n<div id=\"banner-1604496982\" class=\"banner has-hover\">\n<div class=\"banner-inner fill\">\n<div class=\"banner-bg fill\">\n<div id=\"col-1323287833\" class=\"col medium-6 small-12 large-6\">\n<div class=\"col-inner\">\n<div id=\"banner-2078467548\" class=\"banner has-hover\">\n<div class=\"banner-inner fill\">\n<div class=\"banner-layers container\">\n<div id=\"text-box-1244032241\" class=\"text-box banner-layer x50 md-x50 lg-x50 y50 md-y50 lg-y50 res-text\">\n<div class=\"text-box-content text\">\n<div class=\"text-inner text-left\">\n<p>Aproces lieliski darbojas visu diennakti, \u012bpa\u0161i nakt\u012b, kad var redz\u0113t to atstarojo\u0161\u0101s \u012bpa\u0161\u012bbas. T\u0101d\u0113j\u0101di uz siksni\u0146\u0101m uzliktais logotips b\u016bs skaidri redzams gan dien\u0101, gan p\u0113c tumsas iest\u0101\u0161an\u0101s!<\/p>\n<\/div>\n<\/div>\n<\/div>\n<\/div>\n<\/div>\n<\/div>\n<\/div>\n<\/div>\n<div id=\"col-127032908\" class=\"col medium-6 small-12 large-6 small-col-first\">\n<div class=\"col-inner\">\n<div id=\"banner-57269498\" class=\"banner has-hover\">\n<div class=\"banner-inner fill\">\n<div class=\"banner-bg fill\">\n<div id=\"row-949958656\" class=\"row row-collapse row-full-width\">\n<div id=\"col-29993759\" class=\"col medium-6 small-12 large-6\">\n<div class=\"col-inner\">\n<div id=\"banner-473447867\" class=\"banner has-hover\">\n<div class=\"banner-inner fill\">\n<div class=\"banner-layers container\">\n<div id=\"text-box-1373704033\" class=\"text-box banner-layer x50 md-x50 lg-x50 y50 md-y50 lg-y50 res-text\">\n<div class=\"text-box-content text\">\n<div class=\"text-inner text-center\">\n<p>Atstarojo\u0161as aproces ir neaizst\u0101jams ap\u0123\u0113rba gabals sliktos laikapst\u0101k\u013cos un vakar\u0101 \u2013 pateicoties t\u0101m, satiksmes dal\u012bbnieki b\u016bs lab\u0101k redzami un l\u012bdz ar to dro\u0161\u0101k\u0101 st\u0101vokl\u012b.<\/p>\n<\/div>\n<\/div>\n<\/div>\n<\/div>\n<\/div>\n<\/div>\n<\/div>\n<\/div>\n<\/div>\n<div id=\"row-402527630\" class=\"row row-collapse row-full-width\">\n<div id=\"col-2059071681\" class=\"col medium-6 small-12 large-6\">\n<div class=\"col-inner\">\n<div id=\"banner-1670317913\" class=\"banner has-hover\">\n<div class=\"banner-inner fill\">\n<div class=\"banner-bg fill\">\n<div id=\"col-2059071681\" class=\"col medium-6 small-12 large-6\">\n<div class=\"col-inner\">\n<div id=\"banner-1670317913\" class=\"banner has-hover\">\n<div class=\"banner-inner fill\">\n<div class=\"banner-layers container\">\n<div id=\"text-box-659831637\" class=\"text-box banner-layer x50 md-x50 lg-x50 y50 md-y50 lg-y50 res-text\">\n<div class=\"text-box-content text\">\n<div class=\"text-inner text-left\">\n<p>Pateicoties spiedpogu aizdarei, lentes ir \u013coti viegli uzlikt \u2013 t\u0101s var n\u0113s\u0101t uz plaukstas loc\u012btavas, pot\u012btes, k\u0101jas vai rokas. T\u0101s var izmantot g\u0101j\u0113ji, motociklisti un velosip\u0113disti.<\/p>\n<\/div>\n<\/div>\n<\/div>\n<\/div>\n<\/div>\n<\/div>\n<\/div>\n<\/div>\n<div id=\"col-1243778745\" class=\"col medium-6 small-12 large-6 small-col-first\">\n<div class=\"col-inner\">\n<div id=\"banner-1632419446\" class=\"banner has-hover\">\n<div class=\"banner-inner fill\">\n<div class=\"banner-bg fill\">\n<p>Pied\u0101v\u0101jam aproces 3 izm\u0113ros \u2014 30, 34 un 40 cm, uz kur\u0101m uzdruk\u0101jam j\u016bsu tekstu vai grafiku. Ja jums nav projekta, m\u0113s to izdar\u012bsim j\u016bsu viet\u0101! Lentes apak\u0161\u0113jo sl\u0101ni var izgatavot no PVC vai jebkuras kr\u0101sas samta. Atstarojo\u0161\u0101s lentes pieg\u0101d\u0101jam l\u0113ti un \u0101tri, ra\u017eo\u0161anas laiks no 2 darba dien\u0101m. Minim\u0101lais pas\u016bt\u012bjums ir no 100 gabaliem.<\/p>\n<p><strong>Tehniskie dati:<\/strong><\/p>\n<ul>\n<li>Lentes izm\u0113ri: 30 x 3 cm, 34 x 3 cm, 40 x 3 cm<\/li>\n<li>Materi\u0101ls: PVC \/ Plastmasa \/ Met\u0101ls<\/li>\n<li>Mar\u0137\u0113\u0161anas tehnolo\u0123ija: Tampondruka<\/li>\n<li>Drukas elementu izm\u0113rs: 55 x 18 mm<\/li>\n<li>Drukas elementu kr\u0101sa: jebkura no Pantone kr\u0101su paletes<\/li>\n<\/ul>\n<\/div>\n<\/div>\n<\/div>\n<\/div>\n<\/div>\n<\/div>\n<\/div>\n<\/div>\n<\/div>\n<\/div>\n<\/div>\n<\/div>\n<\/div>\n<\/div>\n<\/div>\n<\/div>\n<\/div>\n<\/div>\n<\/div>\n<\/div>\n<\/div>\n<\/div>","protected":false},"excerpt":{"rendered":"<div>\n<p class=\"text-gray-500\">Atstarojo\u0161\u0101 aproce ir \u012bsts ce\u013cu satiksmes dro\u0161\u012bbas s\u012bkr\u012bks, ta\u010du vienlaikus t\u0101 ir lieliska lieta, kas pie\u0161\u0137ir kr\u0101su jebkuram gad\u012bjumam un noteikti var piesaist\u012bt uzman\u012bbu. Uz t\u0101s eso\u0161ais apdruka nepaliks nepaman\u012bta!<\/p>\n<\/div>","protected":false},"featured_media":465,"comment_status":"closed","ping_status":"closed","template":"","meta":[],"product_brand":[],"product_cat":[45],"product_tag":[],"class_list":{"0":"post-1318","1":"product","2":"type-product","3":"status-publish","4":"has-post-thumbnail","6":"product_cat-other","8":"first","9":"instock","10":"shipping-taxable","11":"purchasable","12":"product-type-simple"},"_links":{"self":[{"href":"https:\/\/displayproducts.eu\/lv\/wp-json\/wp\/v2\/product\/1318","targetHints":{"allow":["GET"]}}],"collection":[{"href":"https:\/\/displayproducts.eu\/lv\/wp-json\/wp\/v2\/product"}],"about":[{"href":"https:\/\/displayproducts.eu\/lv\/wp-json\/wp\/v2\/types\/product"}],"replies":[{"embeddable":true,"href":"https:\/\/displayproducts.eu\/lv\/wp-json\/wp\/v2\/comments?post=1318"}],"wp:featuredmedia":[{"embeddable":true,"href":"https:\/\/displayproducts.eu\/lv\/wp-json\/wp\/v2\/media\/465"}],"wp:attachment":[{"href":"https:\/\/displayproducts.eu\/lv\/wp-json\/wp\/v2\/media?parent=1318"}],"wp:term":[{"taxonomy":"product_brand","embeddable":true,"href":"https:\/\/displayproducts.eu\/lv\/wp-json\/wp\/v2\/product_brand?post=1318"},{"taxonomy":"product_cat","embeddable":true,"href":"https:\/\/displayproducts.eu\/lv\/wp-json\/wp\/v2\/product_cat?post=1318"},{"taxonomy":"product_tag","embeddable":true,"href":"https:\/\/displayproducts.eu\/lv\/wp-json\/wp\/v2\/product_tag?post=1318"}],"curies":[{"name":"wp","href":"https:\/\/api.w.org\/{rel}","templated":true}]}}