{"id":1307,"date":"2024-10-27T11:53:50","date_gmt":"2024-10-27T08:53:50","guid":{"rendered":"https:\/\/wristbandfactory.eu\/toode\/glow-in-the-dark-silicone-wristbands\/"},"modified":"2026-04-01T21:52:36","modified_gmt":"2026-04-01T18:52:36","slug":"glow-in-the-dark-silicone-wristbands","status":"publish","type":"product","link":"https:\/\/displayproducts.eu\/lv\/p\/glow-in-the-dark-silicone-wristbands\/","title":{"rendered":"Tums\u0101 sp\u012bdo\u0161as silikona aproces"},"content":{"rendered":"<div class=\"mx-12 md:mx-24 lg:mx-48\">\n<div class=\"container my-8 svelte-zlsknf\">\n<div class=\"my-24 rounded-lg border-0 border-gray-700 bg-gray-100 px-16 py-24\">\n<div class=\"mt-11 !text-gray-500\">\n<p>Nodro\u0161iniet, lai j\u016bsu z\u012bmols izceltos ilgi p\u0113c saulrieta ar m\u016bsu tums\u0101 sp\u012bdo\u0161aj\u0101m silikona aproc\u0113m. \u0160\u012bs aproces ir galven\u0101 izv\u0113le pas\u0101kumu organizatoriem, festiv\u0101lu r\u012bkot\u0101jiem un korporat\u012bvo pas\u0101kumu vad\u012bt\u0101jiem, kuriem nepiecie\u0161ama augsta redzam\u012bba v\u0101j\u0101 apgaismojum\u0101. T\u0101s kalpo k\u0101 efekt\u012bvs z\u012bmola veido\u0161anas r\u012bks un piek\u013cuves caurlaide naktsklubiem, koncertiem un vakara ball\u012bt\u0113m.<\/p>\n<p>Silikonam tiek pievienots mirdzuma efekts, kas gaismas ietekm\u0113 uzl\u0101d\u0113jas. Lai sasniegtu lab\u0101kos rezult\u0101tus, stingri iesak\u0101m izv\u0113l\u0113ties spilgtas pamatkr\u0101sas (piem\u0113ram, baltu, za\u013cu, roz\u0101), jo mirdzuma efekts uz tum\u0161\u0101kas kr\u0101sas silikona ir maz\u0101k efekt\u012bvs.<\/p>\n<p>\u0160o efektu var kombin\u0113t ar cit\u0101m piel\u0101go\u0161anas metod\u0113m, tostarp druk\u0101tiem, iespiedgrunt\u0113tiem un reljefiem dizainiem, \u013caujot jums izveidot unik\u0101lu un funkcion\u0101lu aproci savam pas\u0101kumam. Pateicoties \u0101trai ra\u017eo\u0161anai un pieg\u0101dei, m\u0113s varam iek\u013cauties j\u016bsu stingrajos termi\u0146os.<\/p>\n<p><b>Galven\u0101s iez\u012bmes:<\/b><\/p>\n<ul>\n<li><b>Augstas redzam\u012bbas mirdzums:<\/b> Uzl\u0101d\u0113jas gaism\u0101, lai nodro\u0161in\u0101tu spilgtu mirdzumu, kas ir ide\u0101li piem\u0113rots naktsklubiem un vakara pas\u0101kumiem.<\/li>\n<li><b>Iztur\u012bgs 100% silikons:<\/b> \u016adensiztur\u012bgs, iztur\u012bgs un \u0113rts vair\u0101ku stundu lieto\u0161anai.<\/li>\n<li><b>Pla\u0161as piel\u0101go\u0161anas iesp\u0113jas:<\/b> Var kombin\u0113t ar druk\u0101t\u0101m, iespiedgrunt\u0113t\u0101m vai reljef\u0101m z\u012bmola veido\u0161anas metod\u0113m.<\/li>\n<li><b>\u0100tra apgroz\u012bjuma:<\/b> \u0100tra ra\u017eo\u0161ana un pieg\u0101de, lai iek\u013cautos stingros pas\u0101kumu termi\u0146os.<\/li>\n<li><b>Profesion\u0101ls padoms:<\/b> Vislab\u0101k darbojas uz spilgtas kr\u0101sas silikona pamatn\u0113m, lai pan\u0101ktu sp\u0113c\u012bg\u0101ko efektu.<\/li>\n<\/ul>\n<\/div>\n<\/div>\n<\/div>\n<\/div>","protected":false},"excerpt":{"rendered":"<ul>\n<li>Augstas redzam\u012bbas mirdzuma efekts nodro\u0161ina, ka j\u016bsu z\u012bmols ir redzams nakt\u012b.<\/li>\n<li>Ide\u0101li piem\u0113rots festiv\u0101liem, naktsklubiem un vakara korporat\u012bvajiem pas\u0101kumiem.<\/li>\n<li>\u0100tra ra\u017eo\u0161ana un pieg\u0101de \u0101trai pas\u0101kumu pl\u0101no\u0161anai.<\/li>\n<li>Vislab\u0101kie rezult\u0101ti sasniegti uz spilgtas kr\u0101sas silikona pamatn\u0113m.<\/li>\n<\/ul>","protected":false},"featured_media":6131,"comment_status":"closed","ping_status":"closed","template":"","meta":[],"product_brand":[],"product_cat":[66,49],"product_tag":[],"class_list":{"0":"post-1307","1":"product","2":"type-product","3":"status-publish","4":"has-post-thumbnail","6":"product_cat-wristbands","7":"product_cat-silicone","9":"first","10":"instock","11":"shipping-taxable","12":"purchasable","13":"product-type-simple"},"_links":{"self":[{"href":"https:\/\/displayproducts.eu\/lv\/wp-json\/wp\/v2\/product\/1307","targetHints":{"allow":["GET"]}}],"collection":[{"href":"https:\/\/displayproducts.eu\/lv\/wp-json\/wp\/v2\/product"}],"about":[{"href":"https:\/\/displayproducts.eu\/lv\/wp-json\/wp\/v2\/types\/product"}],"replies":[{"embeddable":true,"href":"https:\/\/displayproducts.eu\/lv\/wp-json\/wp\/v2\/comments?post=1307"}],"wp:featuredmedia":[{"embeddable":true,"href":"https:\/\/displayproducts.eu\/lv\/wp-json\/wp\/v2\/media\/6131"}],"wp:attachment":[{"href":"https:\/\/displayproducts.eu\/lv\/wp-json\/wp\/v2\/media?parent=1307"}],"wp:term":[{"taxonomy":"product_brand","embeddable":true,"href":"https:\/\/displayproducts.eu\/lv\/wp-json\/wp\/v2\/product_brand?post=1307"},{"taxonomy":"product_cat","embeddable":true,"href":"https:\/\/displayproducts.eu\/lv\/wp-json\/wp\/v2\/product_cat?post=1307"},{"taxonomy":"product_tag","embeddable":true,"href":"https:\/\/displayproducts.eu\/lv\/wp-json\/wp\/v2\/product_tag?post=1307"}],"curies":[{"name":"wp","href":"https:\/\/api.w.org\/{rel}","templated":true}]}}