{"id":1304,"date":"2024-10-27T11:53:50","date_gmt":"2024-10-27T08:53:50","guid":{"rendered":"https:\/\/wristbandfactory.eu\/toode\/silicone-wristbands\/"},"modified":"2026-04-01T21:52:04","modified_gmt":"2026-04-01T18:52:04","slug":"wide-printed-silicone-wristbands-25mm","status":"publish","type":"product","link":"https:\/\/displayproducts.eu\/lv\/p\/wide-printed-silicone-wristbands-25mm\/","title":{"rendered":"Platas apdruk\u0101tas silikona aproces (25 mm)"},"content":{"rendered":"<p>\u0160\u012bs 25 mm plat\u0101s aproces, kas paredz\u0113tas maksim\u0101lai redzam\u012bbai, ir lab\u0101k\u0101 izv\u0113le pas\u0101kumu un festiv\u0101lu organizatoriem, kuriem nepiecie\u0161ams, lai vi\u0146u z\u012bmols izceltos p\u016bl\u012b. Pla\u0161\u0101 virsma ir ide\u0101li piem\u0113rota sare\u017e\u0123\u012btiem logotipiem, detaliz\u0113tam tekstam un uzman\u012bbu piesaisto\u0161iem dizainiem. Izgatavotas no iztur\u012bga 100% silikona, \u0161\u012bs aproces ir \u0113rtas vair\u0101ku dienu valk\u0101\u0161anai, \u016bdensiztur\u012bgas un veidotas t\u0101, lai kalpotu k\u0101 taust\u0101ms atg\u0101din\u0101jums par j\u016bsu pas\u0101kumu vai kampa\u0146u.<\/p>\n<p>M\u0113s pied\u0101v\u0101jam piln\u012bgu piel\u0101go\u0161anu, lai perfekti atbilstu j\u016bsu z\u012bmola identit\u0101tei. M\u016bsu silikons ir Pantone kr\u0101s\u0101, garant\u0113jot prec\u012bzu j\u016bsu z\u012bmola vadl\u012bniju kr\u0101su atveido\u0161anu. J\u016bs varat izv\u0113l\u0113ties no pla\u0161a piel\u0101go\u0161anas stilu kl\u0101sta, lai sasniegtu v\u0113lamo izskatu, s\u0101kot no klasisk\u0101s sietspiedes l\u012bdz izsmalcin\u0101tiem reljefa efektiem, ar kr\u0101su aizpild\u012bjuma iesp\u0113j\u0101m, lai j\u016bsu dizains b\u016btu patiesi izteiksm\u012bgs.<\/p>\n<p><b>Galven\u0101s iez\u012bmes:<\/b><\/p>\n<ul>\n<li><b>\u012apa\u0161i plata virsma:<\/b> 25 mm platums maksim\u0101lai dizaina un logotipa redzam\u012bbai.<\/li>\n<li><b>Materi\u0101ls:<\/b> 100% augstas kvalit\u0101tes, iztur\u012bgs silikons.<\/li>\n<li><b>Piel\u0101go\u0161anas iesp\u0113jas:<\/b> Pieejams apdruk\u0101ts, ar reljefu, ar reljefu un kr\u0101su pild\u012bjumu, reljefs un ar reljefu apdruku.<\/li>\n<li><b>Pantone\u00ae atbilst\u012bba:<\/b> Prec\u012bza kr\u0101su saska\u0146o\u0161ana ar j\u016bsu z\u012bmola specifik\u0101cij\u0101m.<\/li>\n<li><b>Minim\u0101lais pas\u016bt\u012bjums:<\/b> S\u0101kot no tikai 100 gabaliem.<\/li>\n<li><b>Iepakojums:<\/b> Katra aproce ir atsevi\u0161\u0137i iepakota aizsarg\u0101jo\u0161\u0101 polietil\u0113na maisi\u0146\u0101.<\/li>\n<li><b>Pievienot\u0101 v\u0113rt\u012bba:<\/b> Bezmaksas dizaina pal\u012bdz\u012bba j\u016bsu m\u0101kslas darba pilnveido\u0161anai.<\/li>\n<\/ul>","protected":false},"excerpt":{"rendered":"<p>Ja ar standarta rekl\u0101mas materi\u0101liem vien nepietiek, radiet liel\u0101ku iespaidu ar m\u016bsu plataj\u0101m, piel\u0101gotaj\u0101m silikona aproc\u0113m. \u0160\u012bs 25 mm aproces, kuru virsmas laukums ir divreiz liel\u0101ks nek\u0101 standarta aproc\u0113m, nodro\u0161ina iespaid\u012bgu pamatu j\u016bsu z\u012bmola demonstr\u0113\u0161anai, nodro\u0161inot, ka j\u016bsu logotipu vai v\u0113st\u012bjumu nav iesp\u0113jams nepaman\u012bt un atceraties ilgi p\u0113c pas\u0101kuma.<\/p>","protected":false},"featured_media":5976,"comment_status":"closed","ping_status":"closed","template":"","meta":[],"product_brand":[],"product_cat":[66,49],"product_tag":[],"class_list":{"0":"post-1304","1":"product","2":"type-product","3":"status-publish","4":"has-post-thumbnail","6":"product_cat-wristbands","7":"product_cat-silicone","9":"first","10":"instock","11":"shipping-taxable","12":"purchasable","13":"product-type-simple"},"_links":{"self":[{"href":"https:\/\/displayproducts.eu\/lv\/wp-json\/wp\/v2\/product\/1304","targetHints":{"allow":["GET"]}}],"collection":[{"href":"https:\/\/displayproducts.eu\/lv\/wp-json\/wp\/v2\/product"}],"about":[{"href":"https:\/\/displayproducts.eu\/lv\/wp-json\/wp\/v2\/types\/product"}],"replies":[{"embeddable":true,"href":"https:\/\/displayproducts.eu\/lv\/wp-json\/wp\/v2\/comments?post=1304"}],"wp:featuredmedia":[{"embeddable":true,"href":"https:\/\/displayproducts.eu\/lv\/wp-json\/wp\/v2\/media\/5976"}],"wp:attachment":[{"href":"https:\/\/displayproducts.eu\/lv\/wp-json\/wp\/v2\/media?parent=1304"}],"wp:term":[{"taxonomy":"product_brand","embeddable":true,"href":"https:\/\/displayproducts.eu\/lv\/wp-json\/wp\/v2\/product_brand?post=1304"},{"taxonomy":"product_cat","embeddable":true,"href":"https:\/\/displayproducts.eu\/lv\/wp-json\/wp\/v2\/product_cat?post=1304"},{"taxonomy":"product_tag","embeddable":true,"href":"https:\/\/displayproducts.eu\/lv\/wp-json\/wp\/v2\/product_tag?post=1304"}],"curies":[{"name":"wp","href":"https:\/\/api.w.org\/{rel}","templated":true}]}}