{"id":1303,"date":"2024-07-15T21:28:59","date_gmt":"2024-07-15T18:28:59","guid":{"rendered":"https:\/\/wristbandfactory.eu\/toode\/vivid-wrist-silicone-keyholders-2\/"},"modified":"2026-04-01T21:52:04","modified_gmt":"2026-04-01T18:52:04","slug":"silicone-bangle-keyholders","status":"publish","type":"product","link":"https:\/\/displayproducts.eu\/lv\/p\/silicone-bangle-keyholders\/","title":{"rendered":"Silikona aproces atsl\u0113gu tur\u0113t\u0101ji"},"content":{"rendered":"<p>Apvienojiet praktiskumu ar labi redzamu z\u012bmolu, izmantojot m\u016bsu silikona atsl\u0113gu tur\u0113t\u0101jus ar aproci. \u0160is produkts ir efekt\u012bvs rekl\u0101mas r\u012bks korporat\u012bvajiem pas\u0101kumiem, nekustamo \u012bpa\u0161umu a\u0123ent\u016br\u0101m vai k\u0101 funkcion\u0101la d\u0101vana darbiniekiem un klientiem.<\/p>\n<p>Liel\u0101 8,6 cm diametra aproce, kas paredz\u0113ta \u0113rtai n\u0113s\u0101\u0161anai uz plaukstas loc\u012btavas, nodro\u0161ina atsl\u0113gu dro\u0161\u012bbu un br\u012bvroku piek\u013cuvi t\u0101m. \u0160is dizains ir \u013coti praktisks aiz\u0146emtiem profesion\u0101\u013ciem, pas\u0101kumu apmekl\u0113t\u0101jiem vai darbiniekiem, kuriem bie\u017ei nepiecie\u0161ama piek\u013cuve atsl\u0113g\u0101m vai piekari\u0146iem.<\/p>\n<p>Izgatavots no augstas kvalit\u0101tes, iztur\u012bga silikona, \u0161is atsl\u0113gu tur\u0113t\u0101js ir paredz\u0113ts ikdienas lieto\u0161anai. Katra vien\u012bba ir apr\u012bkota ar iztur\u012bgu met\u0101la gredzenu, lai dro\u0161i sak\u0101rtotu vair\u0101kas atsl\u0113gas vai piek\u013cuves kartes. \u0160ie atsl\u0113gu tur\u0113t\u0101ji ir pieejami pla\u0161\u0101 kr\u0101su izv\u0113l\u0113, un tos var viegli pieska\u0146ot j\u016bsu korporat\u012bvajai identit\u0101tei, nodro\u0161inot, ka j\u016bsu z\u012bmols paliek redzams un noder\u012bgs ar\u012b ilgi p\u0113c pas\u0101kuma.<\/p>\n<p><b>Galven\u0101s iez\u012bmes:<\/b><\/p>\n<ul>\n<li><b>Iztur\u012bga silikona aproce:<\/b> Liels 8,6 cm diametra gredzens viegli piegu\u013c plaukstas loc\u012btavai, nodro\u0161inot br\u012bvroku lieto\u0161anas \u0113rt\u012bbas.<\/li>\n<li><b>Augstas kvalit\u0101tes materi\u0101ls:<\/b> Izgatavots no augst\u0101k\u0101s kvalit\u0101tes, iztur\u012bga silikona, kas paredz\u0113ts profesion\u0101lai ikdienas lieto\u0161anai.<\/li>\n<li><b>Dro\u0161s met\u0101la atsl\u0113gu piekari\u0146\u0161:<\/b> Apr\u012bkots ar iztur\u012bgu met\u0101la gredzenu atsl\u0113gu un piek\u013cuves piekari\u0146u dro\u0161\u012bbai.<\/li>\n<li><b>Augstas redzam\u012bbas z\u012bmola veido\u0161ana:<\/b> Praktiska d\u0101vana, kas \u013cauj j\u016bsu z\u012bmolam vienm\u0113r b\u016bt pa rokai vai uz rokas.<\/li>\n<li><b>Vair\u0101kas kr\u0101su opcijas:<\/b> Pieejams pla\u0161\u0101 kr\u0101su gamm\u0101, lai atbilstu j\u016bsu uz\u0146\u0113muma z\u012bmolam.<\/li>\n<\/ul>","protected":false},"excerpt":{"rendered":"<ul>\n<li>Nodro\u0161ina \u0113rtu atsl\u0113gu pieejam\u012bbu uz plaukstas loc\u012btavas, lai t\u0101s var\u0113tu lietot bez rok\u0101m.<\/li>\n<li>Iztur\u012bga, augstas kvalit\u0101tes silikona konstrukcija ikdienas lieto\u0161anai.<\/li>\n<li>Pieejams pla\u0161\u0101 kr\u0101su gamm\u0101, lai atbilstu j\u016bsu korporat\u012bvajai identit\u0101tei.<\/li>\n<li>Praktisks un labi redzams rekl\u0101mas priek\u0161mets tirdzniec\u012bbas izst\u0101d\u0113m.<\/li>\n<\/ul>","protected":false},"featured_media":6668,"comment_status":"closed","ping_status":"closed","template":"","meta":[],"product_brand":[],"product_cat":[94],"product_tag":[],"class_list":{"0":"post-1303","1":"product","2":"type-product","3":"status-publish","4":"has-post-thumbnail","6":"product_cat-keychains","8":"first","9":"instock","10":"shipping-taxable","11":"purchasable","12":"product-type-simple"},"_links":{"self":[{"href":"https:\/\/displayproducts.eu\/lv\/wp-json\/wp\/v2\/product\/1303","targetHints":{"allow":["GET"]}}],"collection":[{"href":"https:\/\/displayproducts.eu\/lv\/wp-json\/wp\/v2\/product"}],"about":[{"href":"https:\/\/displayproducts.eu\/lv\/wp-json\/wp\/v2\/types\/product"}],"replies":[{"embeddable":true,"href":"https:\/\/displayproducts.eu\/lv\/wp-json\/wp\/v2\/comments?post=1303"}],"wp:featuredmedia":[{"embeddable":true,"href":"https:\/\/displayproducts.eu\/lv\/wp-json\/wp\/v2\/media\/6668"}],"wp:attachment":[{"href":"https:\/\/displayproducts.eu\/lv\/wp-json\/wp\/v2\/media?parent=1303"}],"wp:term":[{"taxonomy":"product_brand","embeddable":true,"href":"https:\/\/displayproducts.eu\/lv\/wp-json\/wp\/v2\/product_brand?post=1303"},{"taxonomy":"product_cat","embeddable":true,"href":"https:\/\/displayproducts.eu\/lv\/wp-json\/wp\/v2\/product_cat?post=1303"},{"taxonomy":"product_tag","embeddable":true,"href":"https:\/\/displayproducts.eu\/lv\/wp-json\/wp\/v2\/product_tag?post=1303"}],"curies":[{"name":"wp","href":"https:\/\/api.w.org\/{rel}","templated":true}]}}