{"id":1299,"date":"2024-10-27T11:53:51","date_gmt":"2024-10-27T08:53:51","guid":{"rendered":"https:\/\/wristbandfactory.eu\/toode\/slim-silicone-wristbands\/"},"modified":"2026-04-01T21:52:04","modified_gmt":"2026-04-01T18:52:04","slug":"slim-silicone-wristbands","status":"publish","type":"product","link":"https:\/\/displayproducts.eu\/lv\/p\/slim-silicone-wristbands\/","title":{"rendered":"Pl\u0101nas silikona aproces"},"content":{"rendered":"<p>Paaugstiniet sava korporat\u012bv\u0101 z\u012bmola vai atpaz\u012bstam\u012bbas kampa\u0146u ar m\u016bsu pl\u0101naj\u0101m silikona aproc\u0113m. To elegantais 5 mm profils pied\u0101v\u0101 neuzkr\u012bto\u0161u un modernu alternat\u012bvu standarta aproc\u0113m, padarot t\u0101s par iecien\u012btu izv\u0113li korporat\u012bviem pas\u0101kumiem, labdar\u012bbas akcij\u0101m un rekl\u0101mas d\u0101van\u0101m, kur nepiecie\u0161ams izsmalcin\u0101t\u0101ks izskats.<\/p>\n<p>M\u0113s pied\u0101v\u0101jam piln\u012bgu piel\u0101go\u0161anu, lai tas atbilstu j\u016bsu z\u012bmola identit\u0101tei. Pats silikons ir saska\u0146ots ar Pantone kr\u0101su gammu, lai nodro\u0161in\u0101tu prec\u012bzu kr\u0101su precizit\u0101ti. J\u016bs varat v\u0113l vair\u0101k piel\u0101got savu v\u0113st\u012bjumu ar vair\u0101k\u0101m augstas kvalit\u0101tes iesp\u0113j\u0101m: t\u012bru vienkr\u0101sas sietspiedi, iztur\u012bgu iegremd\u0113tu logotipu, augst\u0101k\u0101s kvalit\u0101tes reljefu logotipu vai iegremd\u0113tu dizainu ar vienkr\u0101sainu aizpild\u012bjumu maksim\u0101lam kontrastam un redzam\u012bbai.<\/p>\n<p>Izgatavotas no augstas kvalit\u0101tes, iztur\u012bga silikona, \u0161\u012bs lentas ir \u0113rtas ikdienas valk\u0101\u0161anai un piln\u012bb\u0101 atbilst visiem attiec\u012bgajiem dro\u0161\u012bbas noteikumiem, nodro\u0161inot sirdsmieru gan j\u016bsu organiz\u0101cijai, gan dal\u012bbniekiem.<\/p>\n<p><b>Galven\u0101s iez\u012bmes:<\/b><\/p>\n<ul>\n<li><b>Elegants 5 mm profils:<\/b> \u0160aurs, moderns dizains (pieejams 200x5x2 mm vai 180x5x2 mm izm\u0113r\u0101) neuzkr\u012bto\u0161am z\u012bmola izteiksmes veidam.<\/li>\n<li><b>Piln\u012bga piel\u0101go\u0161ana:<\/b> Izv\u0113lieties vienkr\u0101sainu druku, iegremd\u0113tu, reljefu vai ar tinti pild\u012btu iegrebtu dizainu.<\/li>\n<li><b>Prec\u012bza Pantone atbilst\u012bba:<\/b> Garant\u0113, ka silikona kr\u0101sa perfekti atbilst j\u016bsu korporat\u012bvajai identit\u0101tei.<\/li>\n<li><b>Atbilst dro\u0161\u012bbas pras\u012bb\u0101m:<\/b> Izgatavots no augstas kvalit\u0101tes silikona, kas atbilst visiem attiec\u012bgajiem dro\u0161\u012bbas standartiem.<\/li>\n<li><b>Lielapjoma iepakojums:<\/b> Minim\u0101lais pas\u016bt\u012bjums ir 100 vien\u012bbas, p\u0113c noklus\u0113juma iepakotas vairum\u0101. Individu\u0101ls polietil\u0113na iepakojums ir pieejams p\u0113c piepras\u012bjuma.<\/li>\n<\/ul>","protected":false},"excerpt":{"rendered":"<ul>\n<li>Tam ir elegants, \u0161aurs 5 mm profils, kas pie\u0161\u0137ir neuzkr\u012bto\u0161u, modernu izskatu.<\/li>\n<li>Piln\u012bb\u0101 piel\u0101gojams: izv\u0113lieties druk\u0101tus, iespiedgrav\u0113tus vai reljefus logotipus.<\/li>\n<li>Pantone saska\u0146ots silikons nodro\u0161ina perfektu z\u012bmola kr\u0101su konsekvenci.<\/li>\n<li>Minim\u0101lais pas\u016bt\u012bjuma daudzums: 100 vien\u012bbas katram dizainam.<\/li>\n<\/ul>","protected":false},"featured_media":5953,"comment_status":"closed","ping_status":"closed","template":"","meta":[],"product_brand":[],"product_cat":[66,49],"product_tag":[],"class_list":{"0":"post-1299","1":"product","2":"type-product","3":"status-publish","4":"has-post-thumbnail","6":"product_cat-wristbands","7":"product_cat-silicone","9":"first","10":"instock","11":"shipping-taxable","12":"purchasable","13":"product-type-simple"},"_links":{"self":[{"href":"https:\/\/displayproducts.eu\/lv\/wp-json\/wp\/v2\/product\/1299","targetHints":{"allow":["GET"]}}],"collection":[{"href":"https:\/\/displayproducts.eu\/lv\/wp-json\/wp\/v2\/product"}],"about":[{"href":"https:\/\/displayproducts.eu\/lv\/wp-json\/wp\/v2\/types\/product"}],"replies":[{"embeddable":true,"href":"https:\/\/displayproducts.eu\/lv\/wp-json\/wp\/v2\/comments?post=1299"}],"wp:featuredmedia":[{"embeddable":true,"href":"https:\/\/displayproducts.eu\/lv\/wp-json\/wp\/v2\/media\/5953"}],"wp:attachment":[{"href":"https:\/\/displayproducts.eu\/lv\/wp-json\/wp\/v2\/media?parent=1299"}],"wp:term":[{"taxonomy":"product_brand","embeddable":true,"href":"https:\/\/displayproducts.eu\/lv\/wp-json\/wp\/v2\/product_brand?post=1299"},{"taxonomy":"product_cat","embeddable":true,"href":"https:\/\/displayproducts.eu\/lv\/wp-json\/wp\/v2\/product_cat?post=1299"},{"taxonomy":"product_tag","embeddable":true,"href":"https:\/\/displayproducts.eu\/lv\/wp-json\/wp\/v2\/product_tag?post=1299"}],"curies":[{"name":"wp","href":"https:\/\/api.w.org\/{rel}","templated":true}]}}