{"id":1292,"date":"2024-07-15T22:03:57","date_gmt":"2024-07-15T19:03:57","guid":{"rendered":"https:\/\/wristbandfactory.eu\/toode\/tyvek-wristbands-for-hospitals\/"},"modified":"2026-04-01T21:52:36","modified_gmt":"2026-04-01T18:52:36","slug":"direct-thermal-hospital-wristbands","status":"publish","type":"product","link":"https:\/\/displayproducts.eu\/lv\/p\/direct-thermal-hospital-wristbands\/","title":{"rendered":"Antibakteri\u0101las medic\u012bnisk\u0101s aproces"},"content":{"rendered":"<p data-path-to-node=\"8\">Paaugstiniet pacientu identifik\u0101cijas standartus sav\u0101 iest\u0101d\u0113 ar m\u016bsu tie\u0161\u0101s termisk\u0101s slimn\u012bcas aproc\u0113m. \u0160\u012bs aproces ir paredz\u0113tas neman\u0101mai integr\u0101cijai eso\u0161aj\u0101s vesel\u012bbas apr\u016bpes darbpl\u016bsm\u0101s, un t\u0101s nov\u0113r\u0161 rokraksta k\u013c\u016bdu risku, \u013caujot nekav\u0113joties druk\u0101t sv\u012btrkodus, tekstu un pacientu fotoatt\u0113lus. 29x290 mm pieaugu\u0161o izm\u0113rs pied\u0101v\u0101 \u0113rtu piegul\u0161anu, vienlaikus nodro\u0161inot lielu virsmas laukumu sken\u0113jamiem datiem, nodro\u0161inot efektivit\u0101ti no \u0161\u0137iro\u0161anas l\u012bdz izrakst\u012b\u0161anai.<\/p>\n<h2 data-path-to-node=\"9\">Galven\u0101s iez\u012bmes<\/h2>\n<ul data-path-to-node=\"10\">\n<li>\n<p data-path-to-node=\"10,0,0\"><b data-path-to-node=\"10,0,0\" data-index-in-node=\"0\">Antibakteri\u0101la aizsardz\u012bba:<\/b> Tam ir specializ\u0113ts p\u0101rkl\u0101jums, kas akt\u012bvi kav\u0113 bakt\u0113riju aug\u0161anu, kas ir b\u016btiska pras\u012bba kl\u012bniskaj\u0101 vid\u0113.<\/p>\n<\/li>\n<li>\n<p data-path-to-node=\"10,1,0\"><b data-path-to-node=\"10,1,0\" data-index-in-node=\"0\">Iztur\u012bba pret izsm\u0113r\u0113\u0161anos:<\/b> Augstas kvalit\u0101tes polipropil\u0113na pl\u0113ve fiks\u0113 termodruku, saglab\u0101jot pacienta datus salas\u0101mus pat p\u0113c saskares ar \u016bdeni, spirtu vai roku dezinfekcijas l\u012bdzek\u013ciem.<\/p>\n<\/li>\n<li>\n<p data-path-to-node=\"10,2,0\"><b data-path-to-node=\"10,2,0\" data-index-in-node=\"0\">Aizsardz\u012bba pret viltojumiem:<\/b> Izmanto augstas lip\u012bguma l\u012bmi, kas sapl\u012bst, ja tiek m\u0113\u0123in\u0101ts no\u0146emt vai p\u0101rvietot joslu.<\/p>\n<\/li>\n<li>\n<p data-path-to-node=\"10,3,0\"><b data-path-to-node=\"10,3,0\" data-index-in-node=\"0\">Bez lateksa un hipoaler\u0123isks:<\/b> Dro\u0161s visiem \u0101das tipiem, samazinot aler\u0123isku reakciju risku ilgsto\u0161as stacion\u0101ras apr\u016bpes laik\u0101.<\/p>\n<\/li>\n<\/ul>\n<h2 data-path-to-node=\"11\">Specifik\u0101cijas<\/h2>\n<ul data-path-to-node=\"12\">\n<li>\n<p data-path-to-node=\"12,0,0\"><b data-path-to-node=\"12,0,0\" data-index-in-node=\"0\">Izm\u0113ri:<\/b> 29 mm x 290 mm (standarta pieaugu\u0161o izm\u0113rs).<\/p>\n<\/li>\n<li>\n<p data-path-to-node=\"12,1,0\"><b data-path-to-node=\"12,1,0\" data-index-in-node=\"0\">Materi\u0101ls:<\/b> Polipropil\u0113ns ar antibakteri\u0101lu p\u0101rkl\u0101jumu.<\/p>\n<\/li>\n<li>\n<p data-path-to-node=\"12,2,0\"><b data-path-to-node=\"12,2,0\" data-index-in-node=\"0\">Drukas tehnolo\u0123ija:<\/b> Tie\u0161\u0101 termisk\u0101 druka (nav nepiecie\u0161ama lente vai tinte).<\/p>\n<\/li>\n<li>\n<p data-path-to-node=\"12,3,0\"><b data-path-to-node=\"12,3,0\" data-index-in-node=\"0\">Sader\u012bba:<\/b> Optimiz\u0113ts Zebra (GK-888T, TLP2824), Brother (TD-2020) un TSC galda printeriem.<\/p>\n<\/li>\n<li>\n<p data-path-to-node=\"12,4,0\"><b data-path-to-node=\"12,4,0\" data-index-in-node=\"0\">Iepakojums:<\/b> 100 apro\u010du ru\u013c\u013ci ar 25 mm (1 collas) serdi.<\/p>\n<\/li>\n<li>\n<p data-path-to-node=\"12,5,0\"><b data-path-to-node=\"12,5,0\" data-index-in-node=\"0\">Minim\u0101lais pas\u016bt\u012bjuma daudzums (MOQ):<\/b> 100 vien\u012bbas.<\/p>\n<\/li>\n<\/ul>\n<h2 data-path-to-node=\"13\">Lieto\u0161anas gad\u012bjumi<\/h2>\n<ul data-path-to-node=\"14\">\n<li>\n<p data-path-to-node=\"14,0,0\"><b data-path-to-node=\"14,0,0\" data-index-in-node=\"0\">Liela apjoma uz\u0146em\u0161ana:<\/b> Ide\u0101li piem\u0113rots neatliekam\u0101s pal\u012bdz\u012bbas noda\u013c\u0101m (NRP) un steidzam\u0101s apr\u016bpes centriem, kuriem nepiecie\u0161ama \u0101tra identifik\u0101cijas \u0123ener\u0113\u0161ana.<\/p>\n<\/li>\n<li>\n<p data-path-to-node=\"14,1,0\"><b data-path-to-node=\"14,1,0\" data-index-in-node=\"0\">Stacion\u0101r\u0101 apr\u016bpe:<\/b> Ilgtermi\u0146a identifik\u0101cija medikamentu ievad\u012b\u0161anai un sken\u0113\u0161anai pie gultas.<\/p>\n<\/li>\n<li>\n<p data-path-to-node=\"14,2,0\"><b data-path-to-node=\"14,2,0\" data-index-in-node=\"0\">Ambulator\u0101s proced\u016bras:<\/b> Dro\u0161a mar\u0137\u0113\u0161ana vienas dienas oper\u0101cij\u0101m un diagnostikas testiem.<\/p>\n<\/li>\n<li>\n<p data-path-to-node=\"14,3,0\"><b data-path-to-node=\"14,3,0\" data-index-in-node=\"0\">Dzemd\u012bbu un pediatrijas noda\u013cas:<\/b> Uzticama identifik\u0101cija, kur dro\u0161\u012bba un komforts ir vissvar\u012bg\u0101kie.<\/p>\n<\/li>\n<\/ul>\n<p data-path-to-node=\"15\">","protected":false},"excerpt":{"rendered":"<p data-path-to-node=\"6\">Racionaliz\u0113jiet pacientu uz\u0146em\u0161anas procesu ar m\u016bsu tie\u0161\u0101s termisk\u0101s aproc\u0113m slimn\u012bcu aproc\u0113m, kas izstr\u0101d\u0101tas m\u016bsdien\u012bg\u0101m vesel\u012bbas apr\u016bpes iest\u0101d\u0113m, kur\u0101m nepiecie\u0161ama t\u016bl\u012bt\u0113ja, augstas iz\u0161\u0137irtsp\u0113jas datu druk\u0101\u0161ana tie\u0161i no uz\u0146em\u0161anas sist\u0113m\u0101m.<\/p>\n<ul data-path-to-node=\"7\">\n<li>\n<p data-path-to-node=\"7,0,0\"><b data-path-to-node=\"7,0,0\" data-index-in-node=\"0\">Printeru sader\u012bba:<\/b> Piln\u012bb\u0101 optimiz\u0113ts nozares standarta tie\u0161\u0101s termisk\u0101s drukas printeriem, piem\u0113ram, Zebra, Brother un TSC.<\/p>\n<\/li>\n<li>\n<p data-path-to-node=\"7,1,0\"><b data-path-to-node=\"7,1,0\" data-index-in-node=\"0\">Infekcijas kontrole:<\/b> Specializ\u0113ts antibakteri\u0101ls p\u0101rkl\u0101jums kav\u0113 bakt\u0113riju aug\u0161anu, iev\u0113rojot stingrus slimn\u012bcas higi\u0113nas protokolus.<\/p>\n<\/li>\n<li>\n<p data-path-to-node=\"7,2,0\"><b data-path-to-node=\"7,2,0\" data-index-in-node=\"0\">Maksim\u0101l\u0101 dro\u0161\u012bba:<\/b> Akrila l\u012bme ar izgrieztu aizdari, kas nodro\u0161ina pret viltojumiem dro\u0161u p\u0101rvieto\u0161anu, nov\u0113r\u0161 p\u0101rne\u0161anu un pacienta identifik\u0101cijas integrit\u0101ti.<\/p>\n<\/li>\n<li>\n<p data-path-to-node=\"7,3,0\"><b data-path-to-node=\"7,3,0\" data-index-in-node=\"0\">B2B efektivit\u0101te:<\/b> Pieg\u0101d\u0101ts 100 lentu ru\u013c\u013cos \u0101trai iel\u0101dei un liela apjoma uz\u0146em\u0161anas apstr\u0101dei.<\/p>\n<\/li>\n<\/ul>","protected":false},"featured_media":631,"comment_status":"closed","ping_status":"closed","template":"","meta":[],"product_brand":[],"product_cat":[66,72],"product_tag":[],"class_list":{"0":"post-1292","1":"product","2":"type-product","3":"status-publish","4":"has-post-thumbnail","6":"product_cat-wristbands","7":"product_cat-medical-and-hospital","9":"first","10":"instock","11":"shipping-taxable","12":"purchasable","13":"product-type-simple"},"_links":{"self":[{"href":"https:\/\/displayproducts.eu\/lv\/wp-json\/wp\/v2\/product\/1292","targetHints":{"allow":["GET"]}}],"collection":[{"href":"https:\/\/displayproducts.eu\/lv\/wp-json\/wp\/v2\/product"}],"about":[{"href":"https:\/\/displayproducts.eu\/lv\/wp-json\/wp\/v2\/types\/product"}],"replies":[{"embeddable":true,"href":"https:\/\/displayproducts.eu\/lv\/wp-json\/wp\/v2\/comments?post=1292"}],"wp:featuredmedia":[{"embeddable":true,"href":"https:\/\/displayproducts.eu\/lv\/wp-json\/wp\/v2\/media\/631"}],"wp:attachment":[{"href":"https:\/\/displayproducts.eu\/lv\/wp-json\/wp\/v2\/media?parent=1292"}],"wp:term":[{"taxonomy":"product_brand","embeddable":true,"href":"https:\/\/displayproducts.eu\/lv\/wp-json\/wp\/v2\/product_brand?post=1292"},{"taxonomy":"product_cat","embeddable":true,"href":"https:\/\/displayproducts.eu\/lv\/wp-json\/wp\/v2\/product_cat?post=1292"},{"taxonomy":"product_tag","embeddable":true,"href":"https:\/\/displayproducts.eu\/lv\/wp-json\/wp\/v2\/product_tag?post=1292"}],"curies":[{"name":"wp","href":"https:\/\/api.w.org\/{rel}","templated":true}]}}