{"id":1291,"date":"2024-10-27T11:53:51","date_gmt":"2024-10-27T08:53:51","guid":{"rendered":"https:\/\/wristbandfactory.eu\/toode\/cord-lanyards-with-pvc-slider\/"},"modified":"2026-04-01T21:52:36","modified_gmt":"2026-04-01T18:52:36","slug":"custom-round-cord-lanyards-with-pvc-slider-metal-carabiner","status":"publish","type":"product","link":"https:\/\/displayproducts.eu\/lv\/p\/custom-round-cord-lanyards-with-pvc-slider-metal-carabiner\/","title":{"rendered":"Apa\u013cas kakla lentas ar PVC sl\u012bdni un karab\u012bni"},"content":{"rendered":"<div class=\"mx-12 md:mx-24 lg:mx-48\">\n<div class=\"container my-8 svelte-zlsknf\">\n<div class=\"my-24 rounded-lg border-0 border-gray-700 bg-gray-100 px-16 py-24\">\n<div class=\"mt-11 !text-gray-500\">\n<p data-path-to-node=\"12\">Optimiz\u0113jiet savu korporat\u012bvo identifik\u0101ciju un pas\u0101kumu dro\u0161\u012bbu ar m\u016bsu pal\u012bdz\u012bbu <b>Piel\u0101gotas apa\u013cas auklas aukli\u0146as<\/b>. \u0160\u012b kakla siksni\u0146a, kas paredz\u0113ta profesion\u0101\u013ciem, kuriem nepiecie\u0161ams minim\u0101listisks, bet iztur\u012bgs identifik\u0101cijas risin\u0101jums, pied\u0101v\u0101 izsmalcin\u0101tu alternat\u012bvu plakan\u0101m lent\u0113m, padarot to par ide\u0101lu izv\u0113li ikdienas lieto\u0161anai biroj\u0101, konferenc\u0113s un tirdzniec\u012bbas izst\u0101\u017eu darbiniekiem.<\/p>\n<p data-path-to-node=\"13\">Izgatavota no augstas kvalit\u0101tes, iztur\u012bga poliestera, apa\u013c\u0101 auklas profils ir paredz\u0113ts komfortam ilgsto\u0161as valk\u0101\u0161anas laik\u0101, nov\u0113r\u0161ot kairin\u0101jumu ap kaklu. At\u0161\u0137ir\u012bb\u0101 no standarta plakan\u0101m kakla siksni\u0146\u0101m, virves stils pied\u0101v\u0101 augst\u0101k\u0101s kvalit\u0101tes, diskr\u0113tu izskatu, kas papildina lieti\u0161\u0137o ap\u0123\u0113rbu.<\/p>\n<p data-path-to-node=\"14\">\u0160\u012b mode\u013ca rakstur\u012bg\u0101 iez\u012bme ir funkcionalit\u0101te <b>PVC sl\u012bdnis<\/b>. Lai gan standarta komplekt\u0101cij\u0101 tas ir pieejams ar gludu, caursp\u012bd\u012bgu apdari, vairumtirdzniec\u012bbas pas\u016bt\u012bjumiem m\u0113s pied\u0101v\u0101jam piel\u0101gotu kr\u0101su izgatavo\u0161anu, \u013caujot jums stingri saska\u0146ot aparat\u016bru ar j\u016bsu korporat\u012bv\u0101 z\u012bmola identit\u0101ti. Katra kakla siksni\u0146a ir apstr\u0101d\u0101ta ar iztur\u012bgu apdari. <b>met\u0101la karab\u012bne<\/b>, nodro\u0161inot uzticamu un \u0113rti lietojamu piestiprin\u0101\u0161anas punktu ID kart\u0113m, piek\u013cuves kontroles kart\u0113m vai atsl\u0113g\u0101m. \u0160\u012b iztur\u012bbas un profesion\u0101l\u0101s est\u0113tikas kombin\u0101cija padara to par iecien\u012btu izv\u0113li organiz\u0101cij\u0101m, kas mekl\u0113 augstas klases ID glab\u0101\u0161anas risin\u0101jumu.<\/p>\n<p data-path-to-node=\"15\"><b>Galven\u0101s iez\u012bmes:<\/b><\/p>\n<ul data-path-to-node=\"16\">\n<li>\n<p data-path-to-node=\"16,0,0\"><b>Iztur\u012bgs poliestera vads:<\/b> Apa\u013c\u0161 virves profils ir ide\u0101li piem\u0113rots \u0113rtai valk\u0101\u0161anai visas dienas garum\u0101, neveidojot nodilumu.<\/p>\n<\/li>\n<li>\n<p data-path-to-node=\"16,1,0\"><b>Regul\u0113jams PVC sl\u012bdnis:<\/b> Standarta caursp\u012bd\u012bg\u0101 apdare pied\u0101v\u0101 modernu izskatu; piel\u0101gotas kr\u0101sas ir pieejamas p\u0113c piepras\u012bjuma.<\/p>\n<\/li>\n<li>\n<p data-path-to-node=\"16,2,0\"><b>Z\u012bmola saska\u0146o\u0161ana:<\/b> Iesp\u0113ja piel\u0101got sl\u012bd\u0146a kr\u0101su j\u016bsu z\u012bmola identit\u0101tei kvalific\u0113tiem vairumtirdzniec\u012bbas daudzumiem.<\/p>\n<\/li>\n<li>\n<p data-path-to-node=\"16,3,0\"><b>Iztur\u012bgs stiprin\u0101jums:<\/b> Iek\u013cauts dro\u0161s met\u0101la karab\u012bnes klipsis, lai aizsarg\u0101tu akredit\u0101cijas datus.<\/p>\n<\/li>\n<li>\n<p data-path-to-node=\"16,4,0\"><b>Daudzpus\u012bgs pielietojums:<\/b> Praktisks, augstas klases risin\u0101jums VIP pas\u0101kumiem, darbinieku identifik\u0101cijai un korporat\u012bvai videi.<\/p>\n<\/li>\n<\/ul>\n<\/div>\n<\/div>\n<\/div>\n<\/div>","protected":false},"excerpt":{"rendered":"<ul>\n<li>\n<p data-path-to-node=\"10,0,0\"><b>Profesion\u0101lais profils:<\/b> Minim\u0101listisks 5 mm apa\u013ca vada dizains, kas ir ide\u0101li piem\u0113rots biroja videi un VIP pas\u0101kumiem.<\/p>\n<\/li>\n<li>\n<p data-path-to-node=\"10,1,0\"><b>Piel\u0101gota aparat\u016bra:<\/b> Iek\u013cauts PVC sl\u012bdnis (pieejamas piel\u0101gojamas kr\u0101sas) z\u012bmola izl\u012bdzin\u0101\u0161anai.<\/p>\n<\/li>\n<li>\n<p data-path-to-node=\"10,2,0\"><b>Dro\u0161a piestiprin\u0101\u0161ana:<\/b> Iztur\u012bga met\u0101la karab\u012bne nodro\u0161ina identifik\u0101cijas kar\u0161u un atsl\u0113gu dro\u0161\u012bbu.<\/p>\n<\/li>\n<li>\n<p data-path-to-node=\"10,3,0\"><b>Iztur\u012bgs komforts:<\/b> M\u012bksta poliestera virve nov\u0113r\u0161 kakla kairin\u0101jumu visas dienas garum\u0101.<\/p>\n<\/li>\n<\/ul>","protected":false},"featured_media":6691,"comment_status":"closed","ping_status":"closed","template":"","meta":[],"product_brand":[],"product_cat":[125],"product_tag":[],"class_list":{"0":"post-1291","1":"product","2":"type-product","3":"status-publish","4":"has-post-thumbnail","6":"product_cat-cord-lanyards","8":"first","9":"instock","10":"shipping-taxable","11":"purchasable","12":"product-type-simple"},"_links":{"self":[{"href":"https:\/\/displayproducts.eu\/lv\/wp-json\/wp\/v2\/product\/1291","targetHints":{"allow":["GET"]}}],"collection":[{"href":"https:\/\/displayproducts.eu\/lv\/wp-json\/wp\/v2\/product"}],"about":[{"href":"https:\/\/displayproducts.eu\/lv\/wp-json\/wp\/v2\/types\/product"}],"replies":[{"embeddable":true,"href":"https:\/\/displayproducts.eu\/lv\/wp-json\/wp\/v2\/comments?post=1291"}],"wp:featuredmedia":[{"embeddable":true,"href":"https:\/\/displayproducts.eu\/lv\/wp-json\/wp\/v2\/media\/6691"}],"wp:attachment":[{"href":"https:\/\/displayproducts.eu\/lv\/wp-json\/wp\/v2\/media?parent=1291"}],"wp:term":[{"taxonomy":"product_brand","embeddable":true,"href":"https:\/\/displayproducts.eu\/lv\/wp-json\/wp\/v2\/product_brand?post=1291"},{"taxonomy":"product_cat","embeddable":true,"href":"https:\/\/displayproducts.eu\/lv\/wp-json\/wp\/v2\/product_cat?post=1291"},{"taxonomy":"product_tag","embeddable":true,"href":"https:\/\/displayproducts.eu\/lv\/wp-json\/wp\/v2\/product_tag?post=1291"}],"curies":[{"name":"wp","href":"https:\/\/api.w.org\/{rel}","templated":true}]}}