{"id":1288,"date":"2024-10-27T11:53:51","date_gmt":"2024-10-27T08:53:51","guid":{"rendered":"https:\/\/wristbandfactory.eu\/toode\/full-colour-cord-lanyards-with-woven-label\/"},"modified":"2026-04-01T21:52:36","modified_gmt":"2026-04-01T18:52:36","slug":"sublimation-cord-lanyards-with-woven-label","status":"publish","type":"product","link":"https:\/\/displayproducts.eu\/lv\/p\/sublimation-cord-lanyards-with-woven-label\/","title":{"rendered":"Sublim\u0101cijas auklas kakla lentass ar austu eti\u0137eti"},"content":{"rendered":"<div class=\"mx-12 md:mx-24 lg:mx-48\">\n<div class=\"container my-8 svelte-zlsknf\">\n<div class=\"my-24 rounded-lg border-0 border-gray-700 bg-gray-100 px-16 py-24\">\n<div class=\"mt-11 !text-gray-500\">\n<p>Sasniedziet maksim\u0101lu z\u012bmola ietekmi ar m\u016bsu augst\u0101k\u0101s kvalit\u0101tes sublim\u0101cijas auklas kakla siksni\u0146\u0101m. \u0160is modelis apvieno divas augstas kvalit\u0101tes z\u012bmola veido\u0161anas metodes: spilgtu, pilnkr\u0101su sublim\u0101cijas druku uz auklas un iztur\u012bgu, \u010detrkr\u0101su austu eti\u0137eti j\u016bsu galvenajam logotipam.<\/p>\n<p>90 cm gar\u0101 poliestera aukla s\u0101kotn\u0113ji ir balta un tiek piln\u012bb\u0101 apdruk\u0101ta ar j\u016bsu dizainu, izmantojot sublim\u0101cijas tehniku. \u0160\u012b metode ir ide\u0101li piem\u0113rota sare\u017e\u0123\u012btiem, pilnkr\u0101su rakstiem vai atk\u0101rtotiem logotipiem, lai gan, l\u016bdzu, \u0146emiet v\u0113r\u0101, ka prec\u012bza logotipa pozicion\u0113\u0161ana uz auklas netiek garant\u0113ta.<\/p>\n<p>Augstas iz\u0161\u0137irtsp\u0113jas 4 kr\u0101su austa eti\u0137ete nodro\u0161ina asu, profesion\u0101lu j\u016bsu z\u012bmola uzman\u012bbas centr\u0101 eso\u0161o elementu, kas neizbal\u0113s un nesaskr\u0101p\u0113sies. \u0160\u012b augstas klases kakla siksni\u0146a ir lieliska izv\u0113le korporat\u012bviem pas\u0101kumiem, darbinieku identifik\u0101cijai vai augst\u0101k\u0101s klases konferen\u010du caurlaid\u0113m, kur nepiecie\u0161ama iztur\u012bga un izsmalcin\u0101ta z\u012bmola prezent\u0101cija. Katra kakla siksni\u0146a standarta apr\u012bkojum\u0101 ir apr\u012bkota ar met\u0101la karab\u012bni, un ir pieejamas ar\u012b citas klip\u0161u iesp\u0113jas.<\/p>\n<p><b>Galven\u0101s iez\u012bmes:<\/b><\/p>\n<ul>\n<li><b>Divk\u0101r\u0161s z\u012bmols:<\/b> Apvieno pilnkr\u0101su sublim\u0101cijas druk\u0101tu auklu ar augst\u0101k\u0101s kvalit\u0101tes 4 kr\u0101su austu eti\u0137eti.<\/li>\n<li><b>Spilgta sublim\u0101cija:<\/b> 90 cm gar\u0101 balt\u0101 poliestera aukla ir ide\u0101li piem\u0113rota pilnkr\u0101su rakstu atk\u0101rto\u0161anai.<\/li>\n<li><b>Augst\u0101k\u0101s kvalit\u0101tes austa eti\u0137ete:<\/b> Pied\u0101v\u0101 iztur\u012bgu, augstas iz\u0161\u0137irtsp\u0113jas logotipu (l\u012bdz 4 kr\u0101s\u0101m).<\/li>\n<li><b>Met\u0101la karab\u012bne:<\/b> Komplekt\u0101 iek\u013cauta iztur\u012bga met\u0101la karab\u012bne, pieejamas ar\u012b citas stiprin\u0101juma iesp\u0113jas.<\/li>\n<li><b>Augstas ietekmes ID:<\/b> Augst\u0101k\u0101s klases risin\u0101jums korporat\u012bvajam z\u012bmolam, darbinieku identifik\u0101cijai un premium pas\u0101kumiem.<\/li>\n<\/ul>\n<\/div>\n<\/div>\n<\/div>\n<\/div>","protected":false},"excerpt":{"rendered":"<ul>\n<li>Apr\u012bkots ar pilnkr\u0101su sublim\u0101cijas drukas auklu spilgtiem, atk\u0101rtotiem rakstiem.<\/li>\n<li>Iek\u013cauta augst\u0101k\u0101s kvalit\u0101tes, 4 kr\u0101su austa eti\u0137ete iztur\u012bgam logotipam.<\/li>\n<li>Iztur\u012bga 90 cm poliestera aukla ar standarta met\u0101la karab\u012bni.<\/li>\n<li>Ide\u0101li piem\u0113rots korporat\u012bviem pas\u0101kumiem, darbinieku apliec\u012bb\u0101m un tirdzniec\u012bbas izst\u0101d\u0113m.<\/li>\n<\/ul>","protected":false},"featured_media":6794,"comment_status":"closed","ping_status":"closed","template":"","meta":[],"product_brand":[],"product_cat":[43],"product_tag":[],"class_list":{"0":"post-1288","1":"product","2":"type-product","3":"status-publish","4":"has-post-thumbnail","6":"product_cat-lanyards","8":"first","9":"instock","10":"shipping-taxable","11":"purchasable","12":"product-type-simple"},"_links":{"self":[{"href":"https:\/\/displayproducts.eu\/lv\/wp-json\/wp\/v2\/product\/1288","targetHints":{"allow":["GET"]}}],"collection":[{"href":"https:\/\/displayproducts.eu\/lv\/wp-json\/wp\/v2\/product"}],"about":[{"href":"https:\/\/displayproducts.eu\/lv\/wp-json\/wp\/v2\/types\/product"}],"replies":[{"embeddable":true,"href":"https:\/\/displayproducts.eu\/lv\/wp-json\/wp\/v2\/comments?post=1288"}],"wp:featuredmedia":[{"embeddable":true,"href":"https:\/\/displayproducts.eu\/lv\/wp-json\/wp\/v2\/media\/6794"}],"wp:attachment":[{"href":"https:\/\/displayproducts.eu\/lv\/wp-json\/wp\/v2\/media?parent=1288"}],"wp:term":[{"taxonomy":"product_brand","embeddable":true,"href":"https:\/\/displayproducts.eu\/lv\/wp-json\/wp\/v2\/product_brand?post=1288"},{"taxonomy":"product_cat","embeddable":true,"href":"https:\/\/displayproducts.eu\/lv\/wp-json\/wp\/v2\/product_cat?post=1288"},{"taxonomy":"product_tag","embeddable":true,"href":"https:\/\/displayproducts.eu\/lv\/wp-json\/wp\/v2\/product_tag?post=1288"}],"curies":[{"name":"wp","href":"https:\/\/api.w.org\/{rel}","templated":true}]}}