{"id":1287,"date":"2024-10-27T11:53:51","date_gmt":"2024-10-27T08:53:51","guid":{"rendered":"https:\/\/wristbandfactory.eu\/toode\/3-in-1-charging-cable-lanyards\/"},"modified":"2026-04-01T21:52:04","modified_gmt":"2026-04-01T18:52:04","slug":"sublimation-3-in-1-charging-lanyards","status":"publish","type":"product","link":"https:\/\/displayproducts.eu\/lv\/p\/sublimation-3-in-1-charging-lanyards\/","title":{"rendered":"Sublim\u0101cijas 3-in-1 uzl\u0101des aukli\u0146as"},"content":{"rendered":"<p>Pied\u0101v\u0101jiet sava pas\u0101kuma apmekl\u0113t\u0101jiem rekl\u0101mas priek\u0161metu, ko vi\u0146i patie\u0161\u0101m izmantos. M\u016bsu sublim\u0101cijas 3-in-1 uzl\u0101des kabe\u013cu kaklarotas apvieno pas\u0101kuma caurlaides tur\u0113t\u0101ja funkciju ar daudzkontaktu uzl\u0101des kabe\u013ca lietder\u012bbu, nodro\u0161inot maksim\u0101lu z\u012bmola atpaz\u012bstam\u012bbu.<\/p>\n<p>\u0160\u012bs kakla lentas ir izgatavotas no iztur\u012bga poliestera un t\u0101m ir spilgta, pilnkr\u0101su sublim\u0101cijas druka ab\u0101s pus\u0113s, nodro\u0161inot lielu laukumu sare\u017e\u0123\u012btiem logotipiem un pas\u0101kumu z\u012bmola izvieto\u0161anai. Integr\u0113tajam kabelim ir USB-A, Micro-B un Type-C savienot\u0101ji, kas pied\u0101v\u0101 \u0113rtu uzl\u0101des risin\u0101jumu liel\u0101kajai da\u013cai moderno ier\u012b\u010du.<\/p>\n<p>\u0160\u012bs kakla lentas ir ide\u0101li piem\u0113rotas tehnolo\u0123iju konferenc\u0113m, tirdzniec\u012bbas izst\u0101d\u0113m vai k\u0101 funkcion\u0101la d\u0101vana darbiniekiem, un t\u0101s ir paredz\u0113tas <b>tikai uzl\u0101des nol\u016bkos (nevis datu p\u0101rs\u016bt\u012b\u0161anai)<\/b>. Katra kakla siksni\u0146a ir iepakota atsevi\u0161\u0137\u0101 polietil\u0113na maisi\u0146\u0101, lai to b\u016btu viegli izplat\u012bt, un t\u0101 ir pieejama tr\u012bs da\u017e\u0101dos garumos, lai atbilstu j\u016bsu \u012bpa\u0161aj\u0101m pras\u012bb\u0101m.<\/p>\n<p><b>Galven\u0101s iez\u012bmes:<\/b><\/p>\n<ul>\n<li><b>3-in-1 uzl\u0101des savienot\u0101ji:<\/b> Apr\u012bkots ar USB-A, Micro-B un C tipa savienot\u0101jiem \u0113rtai uzl\u0101dei (nevis datu p\u0101rs\u016bt\u012b\u0161anai).<\/li>\n<li><b>Divpus\u0113ja sublim\u0101cija:<\/b> Spilgta, pilnkr\u0101su apdruka no malas l\u012bdz malai ab\u0101s pus\u0113s maksim\u0101lai z\u012bmola atpaz\u012bstam\u012bbai.<\/li>\n<li><b>Iztur\u012bgs poliestera materi\u0101ls:<\/b> Iztur\u012bga, \u0113rta lentas, kas ir ide\u0101li piem\u0113rota vair\u0101ku dienu konferenc\u0113m un tirdzniec\u012bbas izst\u0101d\u0113m.<\/li>\n<li><b>Funkcion\u0101ls rekl\u0101mas priek\u0161mets:<\/b> \u013boti praktiska kakla siksni\u0146a apmekl\u0113t\u0101jiem, kas nodro\u0161ina augstu lietder\u012bbu un z\u012bmola notur\u012bbu.<\/li>\n<li><b>Gatavs izplat\u012b\u0161anai:<\/b> Katra kakla siksni\u0146a ir iepakota atsevi\u0161\u0137i polietil\u0113na maisi\u0146\u0101 un pieejama 3 da\u017e\u0101dos garumos.<\/li>\n<\/ul>","protected":false},"excerpt":{"rendered":"<ul>\n<li>Att\u0113lojiet savu logotipu ar spilgtu, divpus\u0113ju pilnkr\u0101su sublim\u0101ciju.<\/li>\n<li>Apr\u012bkots ar 3\u00a0vien\u0101 uzl\u0101des savienot\u0101jiem: USB-A uz Micro-B un Type-C.<\/li>\n<li>\u013boti praktisks rekl\u0101mas priek\u0161mets tehnolo\u0123iju konferenc\u0113m un tirdzniec\u012bbas izst\u0101d\u0113m.<\/li>\n<li>(Piez\u012bme: paredz\u0113ts tikai uzl\u0101dei, nevis datu p\u0101rs\u016bt\u012b\u0161anai).<\/li>\n<\/ul>","protected":false},"featured_media":6789,"comment_status":"closed","ping_status":"closed","template":"","meta":[],"product_brand":[],"product_cat":[43],"product_tag":[],"class_list":{"0":"post-1287","1":"product","2":"type-product","3":"status-publish","4":"has-post-thumbnail","6":"product_cat-lanyards","8":"first","9":"instock","10":"shipping-taxable","11":"purchasable","12":"product-type-simple"},"_links":{"self":[{"href":"https:\/\/displayproducts.eu\/lv\/wp-json\/wp\/v2\/product\/1287","targetHints":{"allow":["GET"]}}],"collection":[{"href":"https:\/\/displayproducts.eu\/lv\/wp-json\/wp\/v2\/product"}],"about":[{"href":"https:\/\/displayproducts.eu\/lv\/wp-json\/wp\/v2\/types\/product"}],"replies":[{"embeddable":true,"href":"https:\/\/displayproducts.eu\/lv\/wp-json\/wp\/v2\/comments?post=1287"}],"wp:featuredmedia":[{"embeddable":true,"href":"https:\/\/displayproducts.eu\/lv\/wp-json\/wp\/v2\/media\/6789"}],"wp:attachment":[{"href":"https:\/\/displayproducts.eu\/lv\/wp-json\/wp\/v2\/media?parent=1287"}],"wp:term":[{"taxonomy":"product_brand","embeddable":true,"href":"https:\/\/displayproducts.eu\/lv\/wp-json\/wp\/v2\/product_brand?post=1287"},{"taxonomy":"product_cat","embeddable":true,"href":"https:\/\/displayproducts.eu\/lv\/wp-json\/wp\/v2\/product_cat?post=1287"},{"taxonomy":"product_tag","embeddable":true,"href":"https:\/\/displayproducts.eu\/lv\/wp-json\/wp\/v2\/product_tag?post=1287"}],"curies":[{"name":"wp","href":"https:\/\/api.w.org\/{rel}","templated":true}]}}