{"id":1284,"date":"2024-10-27T11:53:51","date_gmt":"2024-10-27T08:53:51","guid":{"rendered":"https:\/\/wristbandfactory.eu\/toode\/3-tone-lanyards-with-pvc-badge\/"},"modified":"2026-04-01T21:52:36","modified_gmt":"2026-04-01T18:52:36","slug":"3-tone-cord-lanyards-with-pvc-badge","status":"publish","type":"product","link":"https:\/\/displayproducts.eu\/lv\/p\/3-tone-cord-lanyards-with-pvc-badge\/","title":{"rendered":"Tr\u012bskr\u0101su auklu kakla lentas ar PVC noz\u012bm\u012bti"},"content":{"rendered":"<div class=\"mx-12 md:mx-24 lg:mx-48\">\n<div class=\"container my-8 svelte-zlsknf\">\n<div class=\"my-24 rounded-lg border-0 border-gray-700 bg-gray-100 px-16 py-24\">\n<div class=\"mt-11 !text-gray-500\">\n<p>Izveidojiet at\u0161\u0137ir\u012bgu un labi redzamu identifik\u0101cijas risin\u0101jumu savai komandai vai pas\u0101kuma dal\u012bbniekiem ar m\u016bsu tr\u012bskr\u0101su aukli\u0146u. \u0160\u012b kakla siksni\u0146a apvieno iespaid\u012bgu z\u012bmolu ar iztur\u012bgu, praktisku dizainu.<\/p>\n<p>90 cm gar\u0101 aukla ir izgatavota no iztur\u012bga poliestera un to var piln\u012bb\u0101 piel\u0101got, izv\u0113loties vienu no trim da\u017e\u0101d\u0101m kr\u0101s\u0101m, kas \u013cauj perfekti atbilst j\u016bsu korporat\u012bvajai identit\u0101tei vai pas\u0101kuma t\u0113mai.<\/p>\n<p>Galven\u0101 iez\u012bme ir piel\u0101gota PVC noz\u012bm\u012bte, kuru var veidot ar j\u016bsu logotipu vai dizainu, izmantojot l\u012bdz pat tr\u012bs kr\u0101s\u0101s. T\u0101 nodro\u0161ina iztur\u012bgu, taust\u0101mu un augst\u0101k\u0101s kvalit\u0101tes alternat\u012bvu standarta druk\u0101tajai caurlaidei. Katrai kakla siksni\u0146ai ir iztur\u012bgs met\u0101la gredzens, un ir pieejamas ar\u012b citas klip\u0161u iesp\u0113jas, lai t\u0101s atbilstu j\u016bsu personas apliec\u012bbas tur\u0113t\u0101ja vai piek\u013cuves kartes \u012bpa\u0161aj\u0101m pras\u012bb\u0101m. Tas padara t\u0101s par lielisku izv\u0113li korporat\u012bvo darbinieku, tirdzniec\u012bbas izst\u0101\u017eu identifik\u0101cijas vai vair\u0101ku dienu pas\u0101kumu caurlaid\u0113m.<\/p>\n<p><b>Galven\u0101s iez\u012bmes:<\/b><\/p>\n<ul>\n<li><b>Tr\u012bskr\u0101su piel\u0101go\u0161ana:<\/b> Izv\u0113lieties jebkuras tr\u012bs kr\u0101sas 90 cm poliestera auklai, kas atbilst j\u016bsu z\u012bmolam.<\/li>\n<li><b>Piel\u0101gota PVC noz\u012bm\u012bte:<\/b> Apr\u012bkots ar piel\u0101gotu PVC embl\u0113mu j\u016bsu logotipam (l\u012bdz 3 kr\u0101s\u0101m).<\/li>\n<li><b>Iztur\u012bgs poliestera vads:<\/b> Izveidots darbinieku ikdienas lieto\u0161anai vai vair\u0101ku dienu pas\u0101kumiem.<\/li>\n<li><b>Daudzpus\u012bgi stiprin\u0101jumi:<\/b> Standarta komplekt\u0101cij\u0101 ietilpst met\u0101la gredzens, vai ar\u012b varat izv\u0113l\u0113ties k\u0101du no cit\u0101m klip\u0161a iesp\u0113j\u0101m.<\/li>\n<li><b>Augstas ietekmes ID:<\/b> Ide\u0101li piem\u0113rots person\u0101la, VIP personu vai pas\u0101kumu komandu vizu\u0101lai segment\u0113\u0161anai.<\/li>\n<\/ul>\n<\/div>\n<\/div>\n<\/div>\n<\/div>","protected":false},"excerpt":{"rendered":"<ul>\n<li>Apr\u012bkots ar iztur\u012bgu tr\u012bs to\u0146u poliestera auklu (izv\u0113lieties 3 kr\u0101sas).<\/li>\n<li>Iek\u013cauta piel\u0101gota PVC noz\u012bm\u012bte (l\u012bdz 3 kr\u0101s\u0101m) j\u016bsu logotipam.<\/li>\n<li>Standarta komplekt\u0101cij\u0101 ietilpst met\u0101la gredzens, ir pieejamas ar\u012b citas klip\u0161a iesp\u0113jas.<\/li>\n<li>Ide\u0101li piem\u0113rots at\u0161\u0137ir\u012bgai darbinieku identifik\u0101cijai vai korporat\u012bvo pas\u0101kumu caurlaid\u0113m.<\/li>\n<\/ul>","protected":false},"featured_media":6820,"comment_status":"closed","ping_status":"closed","template":"","meta":[],"product_brand":[],"product_cat":[43],"product_tag":[],"class_list":{"0":"post-1284","1":"product","2":"type-product","3":"status-publish","4":"has-post-thumbnail","6":"product_cat-lanyards","8":"first","9":"instock","10":"shipping-taxable","11":"purchasable","12":"product-type-simple"},"_links":{"self":[{"href":"https:\/\/displayproducts.eu\/lv\/wp-json\/wp\/v2\/product\/1284","targetHints":{"allow":["GET"]}}],"collection":[{"href":"https:\/\/displayproducts.eu\/lv\/wp-json\/wp\/v2\/product"}],"about":[{"href":"https:\/\/displayproducts.eu\/lv\/wp-json\/wp\/v2\/types\/product"}],"replies":[{"embeddable":true,"href":"https:\/\/displayproducts.eu\/lv\/wp-json\/wp\/v2\/comments?post=1284"}],"wp:featuredmedia":[{"embeddable":true,"href":"https:\/\/displayproducts.eu\/lv\/wp-json\/wp\/v2\/media\/6820"}],"wp:attachment":[{"href":"https:\/\/displayproducts.eu\/lv\/wp-json\/wp\/v2\/media?parent=1284"}],"wp:term":[{"taxonomy":"product_brand","embeddable":true,"href":"https:\/\/displayproducts.eu\/lv\/wp-json\/wp\/v2\/product_brand?post=1284"},{"taxonomy":"product_cat","embeddable":true,"href":"https:\/\/displayproducts.eu\/lv\/wp-json\/wp\/v2\/product_cat?post=1284"},{"taxonomy":"product_tag","embeddable":true,"href":"https:\/\/displayproducts.eu\/lv\/wp-json\/wp\/v2\/product_tag?post=1284"}],"curies":[{"name":"wp","href":"https:\/\/api.w.org\/{rel}","templated":true}]}}