{"id":1280,"date":"2024-10-27T11:53:51","date_gmt":"2024-10-27T08:53:51","guid":{"rendered":"https:\/\/wristbandfactory.eu\/toode\/3-tone-lanyards-with-woven-label\/"},"modified":"2026-04-01T21:52:36","modified_gmt":"2026-04-01T18:52:36","slug":"3-tone-cord-lanyards-with-woven-label","status":"publish","type":"product","link":"https:\/\/displayproducts.eu\/lv\/p\/3-tone-cord-lanyards-with-woven-label\/","title":{"rendered":"Tr\u012bskr\u0101su aukli\u0146as ar austu eti\u0137eti"},"content":{"rendered":"<div class=\"mx-12 md:mx-24 lg:mx-48\">\n<div class=\"container my-8 svelte-zlsknf\">\n<div class=\"my-24 rounded-lg border-0 border-gray-700 bg-gray-100 px-16 py-24\">\n<div class=\"mt-11 !text-gray-500\">\n<p>Paaugstiniet sava uz\u0146\u0113muma identit\u0101ti ar m\u016bsu tr\u012bs to\u0146u aukli\u0146u kakla siksni\u0146\u0101m, kur\u0101m ir augst\u0101k\u0101s kvalit\u0101tes austa eti\u0137ete. \u0160\u012b kakla siksni\u0146a pied\u0101v\u0101 izsmalcin\u0101tu un \u013coti iztur\u012bgu alternat\u012bvu standarta druk\u0101taj\u0101m iesp\u0113j\u0101m, padarot to ide\u0101li piem\u0113rotu darbinieku identifik\u0101cijai vai vair\u0101ku dienu konferenc\u0113m.<\/p>\n<p>\u0160arn\u012brs ir izgatavots no iztur\u012bgas 90 cm garas, tr\u012bs to\u0146u poliestera auklas, kuru var piln\u012bb\u0101 piel\u0101got, izv\u0113loties vienu no trim kr\u0101s\u0101m, lai t\u0101 atbilstu j\u016bsu z\u012bmola identit\u0101tei.<\/p>\n<p>Druk\u0101tas noz\u012bm\u012btes viet\u0101 \u0161im modelim ir augstas iz\u0161\u0137irtsp\u0113jas austa eti\u0137ete, kas dro\u0161i piestiprin\u0101ta pie auklas ar iztur\u012bgu elast\u012bgu stiprin\u0101jumu (pieejama balt\u0101 vai meln\u0101 kr\u0101s\u0101). \u0160\u012b aust\u0101 eti\u0137ete var att\u0113lot j\u016bsu logotipu vai dizainu l\u012bdz pat 4 kr\u0101s\u0101s, nodro\u0161inot ilgsto\u0161u, profesion\u0101lu apdari, kas neizbal\u0113s un nesaskr\u0101p\u0113sies. Katrai aukl\u012btei standarta apr\u012bkojum\u0101 ir met\u0101la gredzens, un ir pieejamas ar\u012b citas klip\u0161u iesp\u0113jas.<\/p>\n<p><b>Galven\u0101s iez\u012bmes:<\/b><\/p>\n<ul>\n<li><b>Piel\u0101gots 3 to\u0146u vads:<\/b> Izv\u0113lieties jebkuras 3 kr\u0101sas 90 cm poliestera auklai, kas atbilst j\u016bsu uz\u0146\u0113muma z\u012bmolam.<\/li>\n<li><b>Augst\u0101k\u0101s kvalit\u0101tes austa eti\u0137ete:<\/b> Apr\u012bkota ar augstas iz\u0161\u0137irtsp\u0113jas austu eti\u0137eti j\u016bsu logotipam (l\u012bdz 4 kr\u0101s\u0101m), kas nodro\u0161ina augst\u0101k\u0101s kvalit\u0101tes un iztur\u012bgu apdari.<\/li>\n<li><b>Iztur\u012bgs stiprin\u0101jums:<\/b> Eti\u0137ete ir dro\u0161i piestiprin\u0101ta ar baltu vai melnu elast\u012bgo stiprin\u0101jumu.<\/li>\n<li><b>Daudzpus\u012bga aparat\u016bra:<\/b> Standarta komplekt\u0101cij\u0101 ietilpst met\u0101la gredzens, ta\u010du ir pieejamas ar\u012b citas klip\u0161a iesp\u0113jas, lai tas der\u0113tu jebkuram ID tur\u0113t\u0101jam.<\/li>\n<li><b>Ilgsto\u0161s z\u012bmols:<\/b> Lieliska izv\u0113le ikdienas darbinieku lieto\u0161anai vai vair\u0101ku dienu pas\u0101kumu identifik\u0101cijai.<\/li>\n<\/ul>\n<\/div>\n<\/div>\n<\/div>\n<\/div>","protected":false},"excerpt":{"rendered":"<ul>\n<li>Apr\u012bkots ar iztur\u012bgu 90 cm poliestera auklu (izv\u0113lieties 3 piel\u0101gotas kr\u0101sas).<\/li>\n<li>Iek\u013cauta augstas kvalit\u0101tes, augst\u0101k\u0101s kvalit\u0101tes austa eti\u0137ete j\u016bsu logotipam (l\u012bdz 4 kr\u0101s\u0101m).<\/li>\n<li>N\u0101k komplekt\u0101 ar met\u0101la gredzenu vai cit\u0101m klip\u0161a iesp\u0113j\u0101m daudzpus\u012bgai lieto\u0161anai.<\/li>\n<li>Ide\u0101li piem\u0113rots iztur\u012bgam, ilgm\u016b\u017e\u012bgam korporat\u012bv\u0101s identifik\u0101cijas vai pas\u0101kumu caurlaides risin\u0101jumam.<\/li>\n<\/ul>","protected":false},"featured_media":6823,"comment_status":"closed","ping_status":"closed","template":"","meta":[],"product_brand":[],"product_cat":[43],"product_tag":[],"class_list":{"0":"post-1280","1":"product","2":"type-product","3":"status-publish","4":"has-post-thumbnail","6":"product_cat-lanyards","8":"first","9":"instock","10":"shipping-taxable","11":"purchasable","12":"product-type-simple"},"_links":{"self":[{"href":"https:\/\/displayproducts.eu\/lv\/wp-json\/wp\/v2\/product\/1280","targetHints":{"allow":["GET"]}}],"collection":[{"href":"https:\/\/displayproducts.eu\/lv\/wp-json\/wp\/v2\/product"}],"about":[{"href":"https:\/\/displayproducts.eu\/lv\/wp-json\/wp\/v2\/types\/product"}],"replies":[{"embeddable":true,"href":"https:\/\/displayproducts.eu\/lv\/wp-json\/wp\/v2\/comments?post=1280"}],"wp:featuredmedia":[{"embeddable":true,"href":"https:\/\/displayproducts.eu\/lv\/wp-json\/wp\/v2\/media\/6823"}],"wp:attachment":[{"href":"https:\/\/displayproducts.eu\/lv\/wp-json\/wp\/v2\/media?parent=1280"}],"wp:term":[{"taxonomy":"product_brand","embeddable":true,"href":"https:\/\/displayproducts.eu\/lv\/wp-json\/wp\/v2\/product_brand?post=1280"},{"taxonomy":"product_cat","embeddable":true,"href":"https:\/\/displayproducts.eu\/lv\/wp-json\/wp\/v2\/product_cat?post=1280"},{"taxonomy":"product_tag","embeddable":true,"href":"https:\/\/displayproducts.eu\/lv\/wp-json\/wp\/v2\/product_tag?post=1280"}],"curies":[{"name":"wp","href":"https:\/\/api.w.org\/{rel}","templated":true}]}}