{"id":1279,"date":"2024-10-27T11:53:51","date_gmt":"2024-10-27T08:53:51","guid":{"rendered":"https:\/\/wristbandfactory.eu\/toode\/glitter-lanyards\/"},"modified":"2026-04-01T21:52:36","modified_gmt":"2026-04-01T18:52:36","slug":"printed-glitter-lanyards-vip-gala-events","status":"publish","type":"product","link":"https:\/\/displayproducts.eu\/lv\/p\/printed-glitter-lanyards-vip-gala-events\/","title":{"rendered":"Mirdzo\u0161as kakla lentas ar apdruku (Glitter)"},"content":{"rendered":"<div class=\"mx-12 md:mx-24 lg:mx-48\">\n<div class=\"container my-8 svelte-zlsknf\">\n<div class=\"my-24 rounded-lg border-0 border-gray-700 bg-gray-100 px-16 py-24\">\n<div class=\"mt-11 !text-gray-500\">\n<p data-path-to-node=\"11\">Lietojiet savam z\u012bmolam mirdzumu un nodro\u0161iniet viesiem ekskluz\u012bvu saj\u016btu ar m\u016bsu pal\u012bdz\u012bbu. <b>Piel\u0101gotas druk\u0101tas mirdzo\u0161as kakla lentas<\/b>. \u0160\u012b kakla siksni\u0146a ir lab\u0101k\u0101 izv\u0113le apbalvo\u0161anas vakariem, VIP ball\u0113m, m\u016bzikas festiv\u0101liem un korporat\u012bv\u0101m svin\u012bb\u0101m, kur standarta kakla lentas vienk\u0101r\u0161i sapl\u016bst ar fonu.<\/p>\n<p data-path-to-node=\"12\">\u0160\u0146ore ir izgatavota no iztur\u012bgas 90 cm garas poliestera lentes pamatnes, kas p\u0113c tam ir p\u0101rkl\u0101ta ar at\u0161\u0137ir\u012bgu <b>materi\u0101ls ar augstu sp\u012bdumu un mirdzumiem<\/b>. Tas rada unik\u0101lu, \u017eilbino\u0161u audeklu, kas uztver norises vietas apgaismojumu un nodro\u0161ina labu redzam\u012bbu pat v\u0101j\u0101 vid\u0113. Tas ir lielisks r\u012bks apsardzes un viesm\u012bl\u012bbas komand\u0101m, lai \u0101tri identific\u0113tu VIP personas, aizkuli\u0161u person\u0101lu vai augsta l\u012bme\u0146a sponsorus.<\/p>\n<p data-path-to-node=\"13\">M\u0113s uzdruk\u0101jam j\u016bsu logotipu uz vienas mirdzo\u0161\u0101s virsmas puses, izmantojot <b>prec\u012bza Pantone kr\u0101su saska\u0146o\u0161ana<\/b>. Mirdzumu tekst\u016bras d\u0113\u013c m\u0113s iesak\u0101m izmantot treknrakst\u0101 izceltus, vienk\u0101r\u0161us logotipus, lai nodro\u0161in\u0101tu vislab\u0101ko salas\u0101m\u012bbu. Katra kakla siksni\u0146a standarta komplekt\u0101cij\u0101 ir apr\u012bkota ar iztur\u012bgu <b>met\u0101la karab\u012bne<\/b>, pie\u0161\u0137irot produktam profesion\u0101lu svaru un saj\u016btu, lai gan ir pieejamas ar\u012b citas piestiprin\u0101\u0161anas iesp\u0113jas, kas atbilst j\u016bsu \u012bpa\u0161aj\u0101m personas apliec\u012bbas pras\u012bb\u0101m.<\/p>\n<p data-path-to-node=\"14\"><b>Galven\u0101s iez\u012bmes:<\/b><\/p>\n<ul data-path-to-node=\"15\">\n<li>\n<p data-path-to-node=\"15,0,0\"><b>Materi\u0101ls:<\/b> Poliestera pamatne ar kaus\u0113tu, \u013coti sp\u012bd\u012bgu mirdzumu p\u0101rkl\u0101jumu.<\/p>\n<\/li>\n<li>\n<p data-path-to-node=\"15,1,0\"><b>Vizu\u0101lais efekts:<\/b> Mirdzo\u0161s apdares dizains pied\u0101v\u0101 augst\u0101k\u0101s klases est\u0113tiku augstas klases pas\u0101kumiem.<\/p>\n<\/li>\n<li>\n<p data-path-to-node=\"15,2,0\"><b>Druk\u0101\u0161ana:<\/b> Vienpus\u0113ja piel\u0101gota sietspiede ar Pantone kr\u0101su saska\u0146o\u0161anu (vislab\u0101k piem\u0113rota trekniem logotipiem).<\/p>\n<\/li>\n<li>\n<p data-path-to-node=\"15,3,0\"><b>Pielietojums:<\/b> Ide\u0101li piem\u0113rots VIP viesu, run\u0101t\u0101ju un person\u0101la izcel\u0161anai ball\u012bt\u0113s un svin\u012bg\u0101s svin\u012bb\u0101s.<\/p>\n<\/li>\n<li>\n<p data-path-to-node=\"15,4,0\"><b>Aparat\u016bra:<\/b> Iek\u013cauta iztur\u012bga met\u0101la karab\u012bne dro\u0161ai noz\u012bm\u012btes fiks\u0113\u0161anai.<\/p>\n<\/li>\n<\/ul>\n<\/div>\n<\/div>\n<\/div>\n<\/div>","protected":false},"excerpt":{"rendered":"<ul>\n<li>\n<p data-path-to-node=\"9,0,0\"><b>Sp\u0113c\u012bga dzirksts:<\/b> Augst\u0101k\u0101s kvalit\u0101tes mirdzo\u0161s p\u0101rkl\u0101jums rada mirdzo\u0161u, uzman\u012bbu piesaisto\u0161u apdari, kas ir ide\u0101li piem\u0113rota vakara pas\u0101kumiem.<\/p>\n<\/li>\n<li>\n<p data-path-to-node=\"9,1,0\"><b>VIP diferenci\u0101cija:<\/b> At\u0161\u0137ir\u012bgais vizu\u0101lais izskats acumirkl\u012b at\u0161\u0137ir \u012bpa\u0161os viesus, darbiniekus vai balvu ieguv\u0113jus.<\/p>\n<\/li>\n<li>\n<p data-path-to-node=\"9,2,0\"><b>Piel\u0101gots z\u012bmols:<\/b> J\u016bsu logotips tiek sietspied\u0113 uzdruk\u0101ts vien\u0101 kr\u0101s\u0101 (Pantone kr\u0101s\u0101) tie\u0161i uz mirdzo\u0161\u0101s virsmas.<\/p>\n<\/li>\n<li>\n<p data-path-to-node=\"9,3,0\"><b>Iztur\u012bgs komforts:<\/b> Izgatavots uz iztur\u012bgas 90 cm poliestera pamatnes, kas nodro\u0161ina iztur\u012bbu, neapdraudot stilu.<\/p>\n<\/li>\n<\/ul>","protected":false},"featured_media":6741,"comment_status":"closed","ping_status":"closed","template":"","meta":[],"product_brand":[],"product_cat":[104],"product_tag":[],"class_list":{"0":"post-1279","1":"product","2":"type-product","3":"status-publish","4":"has-post-thumbnail","6":"product_cat-custom-printed-lanyards","8":"first","9":"instock","10":"shipping-taxable","11":"purchasable","12":"product-type-simple"},"_links":{"self":[{"href":"https:\/\/displayproducts.eu\/lv\/wp-json\/wp\/v2\/product\/1279","targetHints":{"allow":["GET"]}}],"collection":[{"href":"https:\/\/displayproducts.eu\/lv\/wp-json\/wp\/v2\/product"}],"about":[{"href":"https:\/\/displayproducts.eu\/lv\/wp-json\/wp\/v2\/types\/product"}],"replies":[{"embeddable":true,"href":"https:\/\/displayproducts.eu\/lv\/wp-json\/wp\/v2\/comments?post=1279"}],"wp:featuredmedia":[{"embeddable":true,"href":"https:\/\/displayproducts.eu\/lv\/wp-json\/wp\/v2\/media\/6741"}],"wp:attachment":[{"href":"https:\/\/displayproducts.eu\/lv\/wp-json\/wp\/v2\/media?parent=1279"}],"wp:term":[{"taxonomy":"product_brand","embeddable":true,"href":"https:\/\/displayproducts.eu\/lv\/wp-json\/wp\/v2\/product_brand?post=1279"},{"taxonomy":"product_cat","embeddable":true,"href":"https:\/\/displayproducts.eu\/lv\/wp-json\/wp\/v2\/product_cat?post=1279"},{"taxonomy":"product_tag","embeddable":true,"href":"https:\/\/displayproducts.eu\/lv\/wp-json\/wp\/v2\/product_tag?post=1279"}],"curies":[{"name":"wp","href":"https:\/\/api.w.org\/{rel}","templated":true}]}}