{"id":1276,"date":"2024-10-27T11:53:51","date_gmt":"2024-10-27T08:53:51","guid":{"rendered":"https:\/\/wristbandfactory.eu\/toode\/round-lanyard-with-domed-slider\/"},"modified":"2026-04-01T21:52:36","modified_gmt":"2026-04-01T18:52:36","slug":"round-cord-lanyards-with-dome-logo-slider-epoxy-3d","status":"publish","type":"product","link":"https:\/\/displayproducts.eu\/lv\/p\/round-cord-lanyards-with-dome-logo-slider-epoxy-3d\/","title":{"rendered":"Apa\u013cas auklas kakla lentas ar kupola logotipa sl\u012bdni (epoks\u012bda 3D)"},"content":{"rendered":"<div class=\"mx-12 md:mx-24 lg:mx-48\">\n<div class=\"container my-8 svelte-zlsknf\">\n<div class=\"my-24 rounded-lg border-0 border-gray-700 bg-gray-100 px-16 py-24\">\n<div class=\"mt-11 !text-gray-500\">\n<p data-path-to-node=\"7\">Pied\u0101v\u0101jam elegantu, modernu un augstas klases identifik\u0101cijas veidu ar m\u016bsu apa\u013caj\u0101m aukl\u0101m un kupolveida logotipa sl\u012bdni. \u0160o minim\u0101listisko dizainu iecien\u012bju\u0161i tehnolo\u0123iju uz\u0146\u0113mumi, jaunuz\u0146\u0113mumi un augst\u0101k\u0101s klases konferen\u010du organizatori, kuri v\u0113las atteikties no tradicion\u0101laj\u0101m plataj\u0101m \u201crekl\u0101mas stenda\u201d kakla siksn\u0101m.<\/p>\n<p data-path-to-node=\"8\"><b>&quot;Kupola&quot; priek\u0161roc\u012bba<\/b> \u0160\u012b produkta izcil\u0101k\u0101 iez\u012bme ir z\u012bmola sl\u012bdnis. At\u0161\u0137ir\u012bb\u0101 no standarta plakan\u0101s drukas, j\u016bsu logotips ir p\u0101rkl\u0101ts ar caursp\u012bd\u012bgu epoks\u012bdsve\u0137u sl\u0101ni (kupolveida apdruku). Tas rada palielin\u0101mo elementu. <b>3D efekts<\/b> kas padara kr\u0101sas ko\u0161\u0101kas un pie\u0161\u0137ir z\u012bmolam rotaslietai l\u012bdz\u012bgu, augstas kvalit\u0101tes apdari. Sve\u0137i ar\u012b aizsarg\u0101 logotipu no skr\u0101p\u0113jumiem, izbal\u0113\u0161anas vai \u016bdens boj\u0101jumiem, nodro\u0161inot, ka j\u016bsu z\u012bmols ilgsto\u0161i izskat\u0101s nevainojams.<\/p>\n<p data-path-to-node=\"9\"><b>Komforts un iztur\u012bba<\/b> Izgatavota no iztur\u012bgas poliestera auklas (~5 mm biezum\u0101), \u0161\u012b kakla siksni\u0146a ir viegla un \u0113rta ap kaklu. Standarta komplekt\u0101cij\u0101 t\u0101 ir apr\u012bkota ar augstas kvalit\u0101tes met\u0101la karab\u012bni, lai dro\u0161i notur\u0113tu identifik\u0101cijas kartes, atsl\u0113gas vai piek\u013cuves piekari\u0146us. Lai gan sl\u012bd\u0146a korpuss standarta kr\u0101s\u0101 ir melns, liel\u0101kiem pas\u016bt\u012bjumiem m\u0113s to varam izgatavot ar\u012b piel\u0101got\u0101s z\u012bmola kr\u0101s\u0101s, nodro\u0161inot perfektu atbilst\u012bbu j\u016bsu korporat\u012bvajai identit\u0101tei.<\/p>\n<p data-path-to-node=\"10\"><b>Galven\u0101s iez\u012bmes:<\/b><\/p>\n<ul data-path-to-node=\"11\">\n<li>\n<p data-path-to-node=\"11,0,0\"><b>Epoks\u012bda kupola sl\u012bdnis:<\/b> Ar sve\u0137iem p\u0101rkl\u0101t\u0101 z\u012bmola zona rada augst\u0101k\u0101s kvalit\u0101tes, pret skr\u0101p\u0113jumiem iztur\u012bgu 3D izskatu.<\/p>\n<\/li>\n<li>\n<p data-path-to-node=\"11,1,0\"><b>Apa\u013ca poliestera aukla:<\/b> Iztur\u012bga un \u0113rta alternat\u012bva plakan\u0101m kakla siksni\u0146\u0101m.<\/p>\n<\/li>\n<li>\n<p data-path-to-node=\"11,2,0\"><b>Spilgts z\u012bmols:<\/b> Ide\u0101li piem\u0113rots kr\u0101sainiem logotipiem, kuriem j\u0101izce\u013cas.<\/p>\n<\/li>\n<li>\n<p data-path-to-node=\"11,3,0\"><b>Met\u0101la karab\u012bne:<\/b> Iztur\u012bgs klipsis nodro\u0161ina dro\u0161u noz\u012bm\u012b\u0161u un atsl\u0113gu piestiprin\u0101\u0161anu.<\/p>\n<\/li>\n<li>\n<p data-path-to-node=\"11,4,0\"><b>Profesion\u0101la est\u0113tika:<\/b> Minim\u0101listisks dizains, kas piem\u0113rots VIP person\u0101m un korporat\u012bvajiem darbiniekiem.<\/p>\n<\/li>\n<\/ul>\n<\/div>\n<\/div>\n<\/div>\n<\/div>","protected":false},"excerpt":{"rendered":"<ul>\n<li>\n<p data-path-to-node=\"6,0,0\"><b>Augst\u0101k\u0101s kvalit\u0101tes z\u012bmols:<\/b> B\u012bd\u0101majam logotipa diskam ir krist\u0101ldzidrs epoks\u012bdsve\u0137u p\u0101rkl\u0101jums (kupolveida forma), kas rada 3D efektu.<\/p>\n<\/li>\n<li>\n<p data-path-to-node=\"6,1,0\"><b>Pilnkr\u0101su druka:<\/b> \u013bauj izveidot spilgtus, detaliz\u0113tus logotipus, kas ir pasarg\u0101ti no skr\u0101p\u0113jumiem un izbal\u0113\u0161anas.<\/p>\n<\/li>\n<li>\n<p data-path-to-node=\"6,2,0\"><b>Elegants dizains:<\/b> 90 cm gara apa\u013ca poliestera aukla pied\u0101v\u0101 modernu, minim\u0101listisku alternat\u012bvu plakan\u0101m lent\u0113m.<\/p>\n<\/li>\n<li>\n<p data-path-to-node=\"6,3,0\"><b>Dro\u0161a piestiprin\u0101\u0161ana:<\/b> Standarta apr\u012bkojum\u0101 ietilpst iztur\u012bga met\u0101la karab\u012bne ID kart\u0113m.<\/p>\n<\/li>\n<li><\/li>\n<\/ul>","protected":false},"featured_media":6765,"comment_status":"closed","ping_status":"closed","template":"","meta":[],"product_brand":[],"product_cat":[43,125,104],"product_tag":[],"class_list":{"0":"post-1276","1":"product","2":"type-product","3":"status-publish","4":"has-post-thumbnail","6":"product_cat-lanyards","7":"product_cat-cord-lanyards","8":"product_cat-custom-printed-lanyards","10":"first","11":"instock","12":"shipping-taxable","13":"purchasable","14":"product-type-simple"},"_links":{"self":[{"href":"https:\/\/displayproducts.eu\/lv\/wp-json\/wp\/v2\/product\/1276","targetHints":{"allow":["GET"]}}],"collection":[{"href":"https:\/\/displayproducts.eu\/lv\/wp-json\/wp\/v2\/product"}],"about":[{"href":"https:\/\/displayproducts.eu\/lv\/wp-json\/wp\/v2\/types\/product"}],"replies":[{"embeddable":true,"href":"https:\/\/displayproducts.eu\/lv\/wp-json\/wp\/v2\/comments?post=1276"}],"wp:featuredmedia":[{"embeddable":true,"href":"https:\/\/displayproducts.eu\/lv\/wp-json\/wp\/v2\/media\/6765"}],"wp:attachment":[{"href":"https:\/\/displayproducts.eu\/lv\/wp-json\/wp\/v2\/media?parent=1276"}],"wp:term":[{"taxonomy":"product_brand","embeddable":true,"href":"https:\/\/displayproducts.eu\/lv\/wp-json\/wp\/v2\/product_brand?post=1276"},{"taxonomy":"product_cat","embeddable":true,"href":"https:\/\/displayproducts.eu\/lv\/wp-json\/wp\/v2\/product_cat?post=1276"},{"taxonomy":"product_tag","embeddable":true,"href":"https:\/\/displayproducts.eu\/lv\/wp-json\/wp\/v2\/product_tag?post=1276"}],"curies":[{"name":"wp","href":"https:\/\/api.w.org\/{rel}","templated":true}]}}