{"id":1275,"date":"2024-10-27T11:53:51","date_gmt":"2024-10-27T08:53:51","guid":{"rendered":"https:\/\/wristbandfactory.eu\/toode\/reflective-lanyards\/"},"modified":"2026-04-01T21:52:36","modified_gmt":"2026-04-01T18:52:36","slug":"printed-reflective-lanyards","status":"publish","type":"product","link":"https:\/\/displayproducts.eu\/lv\/p\/printed-reflective-lanyards\/","title":{"rendered":"Apdruk\u0101tas atstarojo\u0161as aukli\u0146as"},"content":{"rendered":"<div class=\"mx-12 md:mx-24 lg:mx-48\">\n<div class=\"container my-8 svelte-zlsknf\">\n<div class=\"my-24 rounded-lg border-0 border-gray-700 bg-gray-100 px-16 py-24\">\n<div class=\"mt-11 !text-gray-500\">\n<p>Maksim\u0101li palieliniet savas komandas dro\u0161\u012bbu un redzam\u012bbu ar m\u016bsu pal\u012bdz\u012bbu <b>Apdruk\u0101tas atstarojo\u0161as aukli\u0146as<\/b>. \u0160is produkts ir \u013coti svar\u012bgs instruments jebkurai organiz\u0101cijai, kurai nepiecie\u0161ama augsta darbinieku redzam\u012bba, piem\u0113ram, vakara pas\u0101kumos, b\u016bvlaukumos vai lo\u0123istik\u0101.<\/p>\n<p>\u0160\u012b 90 cm gar\u0101 kakla siksni\u0146a ir izgatavota no iztur\u012bgas poliestera lentes, kas p\u0113c tam ir p\u0101rkl\u0101ta ar <b>pel\u0113ks atstarojo\u0161s p\u0101rkl\u0101jums<\/b>. \u0160is pilnais p\u0101rkl\u0101jums nodro\u0161ina maksim\u0101lu virsmas laukumu gaismas uztver\u0161anai tum\u0161os apst\u0101k\u013cos, padarot valk\u0101t\u0101ju \u013coti redzamu.<\/p>\n<p>J\u016bsu organiz\u0101cijas logotips p\u0113c tam tiek uzdruk\u0101ts tie\u0161i uz \u0161\u012bs atstarojo\u0161\u0101s virsmas j\u016bsu \u012bpa\u0161aj\u0101s Pantone kr\u0101s\u0101s. Tas nodro\u0161ina, ka j\u016bsu z\u012bmols ir skaidrs un profesion\u0101ls, vienlaikus saglab\u0101jot kakla lentas galveno dro\u0161\u012bbas funkciju. Katrai kakla siksni\u0146ai standarta komplekt\u0101cij\u0101 ir met\u0101la karab\u012bne ID kar\u0161u vai piek\u013cuves kar\u0161u dro\u0161ai piestiprin\u0101\u0161anai.<\/p>\n<p><b>Galven\u0101s iez\u012bmes:<\/b><\/p>\n<ul>\n<li><b>Piln\u012bb\u0101 atstarojo\u0161s p\u0101rkl\u0101jums:<\/b> Apr\u012bkots ar pel\u0113ku atstarojo\u0161u p\u0101rkl\u0101jumu 360 gr\u0101du redzam\u012bbai v\u0101ja apgaismojuma apst\u0101k\u013cos.<\/li>\n<li><b>Piel\u0101gota vienpus\u0113ja druk\u0101\u0161ana:<\/b> J\u016bsu logotips tiek druk\u0101ts tie\u0161i uz atstarojo\u0161\u0101s virsmas, izmantojot Pantone kr\u0101su saska\u0146o\u0161anu.<\/li>\n<li><b>Iztur\u012bga poliestera pamatne:<\/b> 90 cm gara poliestera lente nodro\u0161ina iztur\u012bgu un \u0113rtu pamatu.<\/li>\n<li><b>Pastiprin\u0101ta dro\u0161\u012bba:<\/b> Ide\u0101li piem\u0113rots darbiniekiem, vakara pas\u0101kumiem vai jebkurai citai videi, kur nepiecie\u0161ama augsta redzam\u012bba.<\/li>\n<li><b>Standarta met\u0101la karab\u012bne:<\/b> Iek\u013cauta dro\u0161a met\u0101la karab\u012bne (pieejamas ar\u012b citas klip\u0161a iesp\u0113jas).<\/li>\n<\/ul>\n<p>&nbsp;<\/p>\n<\/div>\n<\/div>\n<\/div>\n<\/div>","protected":false},"excerpt":{"rendered":"<ul>\n<li>Apr\u012bkots ar pilna platuma pel\u0113ku atstarojo\u0161u p\u0101rkl\u0101jumu maksim\u0101lai redzam\u012bbai.<\/li>\n<li>Piel\u0101gots Pantone logotips vien\u0101 pus\u0113.<\/li>\n<li>Ide\u0101li piem\u0113rots pas\u0101kumu darbiniekiem, b\u016bvniec\u012bbas vai korporat\u012bvaj\u0101m dro\u0161\u012bbas programm\u0101m.<\/li>\n<li>Iztur\u012bga 90 cm poliestera lentas ar met\u0101la karab\u012bni.<\/li>\n<\/ul>","protected":false},"featured_media":6750,"comment_status":"closed","ping_status":"closed","template":"","meta":[],"product_brand":[],"product_cat":[43,109],"product_tag":[],"class_list":{"0":"post-1275","1":"product","2":"type-product","3":"status-publish","4":"has-post-thumbnail","6":"product_cat-lanyards","7":"product_cat-reflective-lanyards","9":"first","10":"instock","11":"shipping-taxable","12":"purchasable","13":"product-type-simple"},"_links":{"self":[{"href":"https:\/\/displayproducts.eu\/lv\/wp-json\/wp\/v2\/product\/1275","targetHints":{"allow":["GET"]}}],"collection":[{"href":"https:\/\/displayproducts.eu\/lv\/wp-json\/wp\/v2\/product"}],"about":[{"href":"https:\/\/displayproducts.eu\/lv\/wp-json\/wp\/v2\/types\/product"}],"replies":[{"embeddable":true,"href":"https:\/\/displayproducts.eu\/lv\/wp-json\/wp\/v2\/comments?post=1275"}],"wp:featuredmedia":[{"embeddable":true,"href":"https:\/\/displayproducts.eu\/lv\/wp-json\/wp\/v2\/media\/6750"}],"wp:attachment":[{"href":"https:\/\/displayproducts.eu\/lv\/wp-json\/wp\/v2\/media?parent=1275"}],"wp:term":[{"taxonomy":"product_brand","embeddable":true,"href":"https:\/\/displayproducts.eu\/lv\/wp-json\/wp\/v2\/product_brand?post=1275"},{"taxonomy":"product_cat","embeddable":true,"href":"https:\/\/displayproducts.eu\/lv\/wp-json\/wp\/v2\/product_cat?post=1275"},{"taxonomy":"product_tag","embeddable":true,"href":"https:\/\/displayproducts.eu\/lv\/wp-json\/wp\/v2\/product_tag?post=1275"}],"curies":[{"name":"wp","href":"https:\/\/api.w.org\/{rel}","templated":true}]}}