{"id":1272,"date":"2024-10-27T11:53:51","date_gmt":"2024-10-27T08:53:51","guid":{"rendered":"https:\/\/wristbandfactory.eu\/toode\/flat-polyester-lanyards-with-metal-bottle-opener\/"},"modified":"2026-04-01T21:52:04","modified_gmt":"2026-04-01T18:52:04","slug":"polyester-lanyards-with-bottle-opener","status":"publish","type":"product","link":"https:\/\/displayproducts.eu\/lv\/p\/polyester-lanyards-with-bottle-opener\/","title":{"rendered":"Poliestera kakla lentas ar pude\u013cu attais\u0101mo"},"content":{"rendered":"<div class=\"mx-12 md:mx-24 lg:mx-48\">\n<div class=\"container my-8 svelte-zlsknf\">\n<div class=\"my-24 rounded-lg border-0 border-gray-700 bg-gray-100 px-16 py-24\">\n<div class=\"mt-11 !text-gray-500\">\n<p>Apvienojiet z\u012bmola atpaz\u012bstam\u012bbu ar praktisku pielietojumu ar m\u016bsu poliestera kakla siksni\u0146\u0101m, kur\u0101m ir ieb\u016bv\u0113ts pude\u013cu attais\u0101mais. \u0160\u012b daudzfunkcion\u0101l\u0101 kakla siksni\u0146a ir lielisks rekl\u0101mas r\u012bks festiv\u0101liem, viesm\u012bl\u012bbas pas\u0101kumiem, tirdzniec\u012bbas izst\u0101d\u0113m un korporat\u012bvaj\u0101m ball\u012bt\u0113m, nodro\u0161inot, ka j\u016bsu z\u012bmols vienm\u0113r ir paman\u0101ms.<\/p>\n<p>Izgatavota no iztur\u012bga 90 cm poliestera, lente nodro\u0161ina lielu, gludu virsmu j\u016bsu logotipam. M\u0113s varam izdruk\u0101t j\u016bsu dizainu ar prec\u012bzu Pantone kr\u0101su saska\u0146o\u0161anu vien\u0101 vai ab\u0101s pus\u0113s.<\/p>\n<p>\u0160\u012b kakla siksni\u0146a ir izstr\u0101d\u0101ta maksim\u0101lai funkcionalit\u0101tei. Taj\u0101 ir iek\u013cauts gan iztur\u012bgs met\u0101la pude\u013cu attais\u0101mais, gan atsevi\u0161\u0137a met\u0101la karab\u012bne, kas \u013cauj dal\u012bbniekiem izvietot savu ID karti, vienlaikus nodro\u0161inot praktisku r\u012bku. Tas padara to par neaizmirstamu un efekt\u012bvu d\u0101vanu, ko klienti un dal\u012bbnieki glab\u0101s un izmantos.<\/p>\n<p><b>Galven\u0101s iez\u012bmes:<\/b><\/p>\n<ul>\n<li><b>Integr\u0113ts pude\u013cu attais\u0101mais:<\/b> Apr\u012bkots ar iztur\u012bgu, ieb\u016bv\u0113tu met\u0101la pude\u013cu attais\u0101mo, kas ir \u013coti praktisks rekl\u0101mas priek\u0161mets.<\/li>\n<li><b>Divk\u0101r\u0161ie pielikumi:<\/b> Komplekt\u0101 ietilpst gan pude\u013cu attais\u0101mais, gan met\u0101la karab\u012bne, kas \u013cauj vienlaikus izmantot k\u0101 personas apliec\u012bbas tur\u0113t\u0101ju.<\/li>\n<li><b>Piel\u0101gota poliestera lentas:<\/b> Iztur\u012bga 90 cm lentas, kas ir individu\u0101li apdruk\u0101ta ar j\u016bsu Pantone atbilsto\u0161u logotipu.<\/li>\n<li><b>Vienpus\u0113ja vai divpus\u0113ja druk\u0101\u0161ana:<\/b> Izv\u0113lieties starp vienpus\u0113ju vai divpus\u0113ju druk\u0101\u0161anu, lai nodro\u0161in\u0101tu maksim\u0101lu z\u012bmola atpaz\u012bstam\u012bbu.<\/li>\n<li><b>Ide\u0101la pas\u0101kuma d\u0101vana:<\/b> \u013boti praktisks un neaizmirstams priek\u0161mets festiv\u0101liem, tirdzniec\u012bbas izst\u0101d\u0113m un korporat\u012bvajiem pas\u0101kumiem.<\/li>\n<\/ul>\n<\/div>\n<\/div>\n<\/div>\n<\/div>","protected":false},"excerpt":{"rendered":"<ul>\n<li>Apr\u012bkots ar funkcion\u0101lu, integr\u0113tu met\u0101la pude\u013cu attais\u0101mo augstas praktiskuma nodro\u0161in\u0101\u0161anai.<\/li>\n<li>Iztur\u012bga 90 cm poliestera lentas, uz kuras ir individu\u0101li apdruk\u0101ts j\u016bsu logotips.<\/li>\n<li>Pantone kr\u0101su tonim atbilsto\u0161a logotipa apdruka pieejama vien\u0101 vai ab\u0101s pus\u0113s.<\/li>\n<li>Iek\u013cauta atsevi\u0161\u0137a met\u0101la karab\u012bne personas apliec\u012bb\u0101m vai atsl\u0113g\u0101m.<\/li>\n<\/ul>","protected":false},"featured_media":6724,"comment_status":"closed","ping_status":"closed","template":"","meta":[],"product_brand":[],"product_cat":[43,108],"product_tag":[],"class_list":{"0":"post-1272","1":"product","2":"type-product","3":"status-publish","4":"has-post-thumbnail","6":"product_cat-lanyards","7":"product_cat-multifunctional-lanyards","9":"first","10":"instock","11":"shipping-taxable","12":"purchasable","13":"product-type-simple"},"_links":{"self":[{"href":"https:\/\/displayproducts.eu\/lv\/wp-json\/wp\/v2\/product\/1272","targetHints":{"allow":["GET"]}}],"collection":[{"href":"https:\/\/displayproducts.eu\/lv\/wp-json\/wp\/v2\/product"}],"about":[{"href":"https:\/\/displayproducts.eu\/lv\/wp-json\/wp\/v2\/types\/product"}],"replies":[{"embeddable":true,"href":"https:\/\/displayproducts.eu\/lv\/wp-json\/wp\/v2\/comments?post=1272"}],"wp:featuredmedia":[{"embeddable":true,"href":"https:\/\/displayproducts.eu\/lv\/wp-json\/wp\/v2\/media\/6724"}],"wp:attachment":[{"href":"https:\/\/displayproducts.eu\/lv\/wp-json\/wp\/v2\/media?parent=1272"}],"wp:term":[{"taxonomy":"product_brand","embeddable":true,"href":"https:\/\/displayproducts.eu\/lv\/wp-json\/wp\/v2\/product_brand?post=1272"},{"taxonomy":"product_cat","embeddable":true,"href":"https:\/\/displayproducts.eu\/lv\/wp-json\/wp\/v2\/product_cat?post=1272"},{"taxonomy":"product_tag","embeddable":true,"href":"https:\/\/displayproducts.eu\/lv\/wp-json\/wp\/v2\/product_tag?post=1272"}],"curies":[{"name":"wp","href":"https:\/\/api.w.org\/{rel}","templated":true}]}}