{"id":1271,"date":"2024-10-27T11:53:52","date_gmt":"2024-10-27T08:53:52","guid":{"rendered":"https:\/\/wristbandfactory.eu\/toode\/fine-polyester-lanyards-with-metallic-foil-stamped-design\/"},"modified":"2026-04-01T21:52:36","modified_gmt":"2026-04-01T18:52:36","slug":"metallic-foil-printed-lanyards-premium-vip-branding","status":"publish","type":"product","link":"https:\/\/displayproducts.eu\/lv\/p\/metallic-foil-printed-lanyards-premium-vip-branding\/","title":{"rendered":"Kakla lentas ar met\u0101lisku folijas apdruku"},"content":{"rendered":"<div class=\"mx-12 md:mx-24 lg:mx-48\">\n<div class=\"container my-8 svelte-zlsknf\">\n<div class=\"my-24 rounded-lg border-0 border-gray-700 bg-gray-100 px-16 py-24\">\n<div class=\"mt-11 !text-gray-500\">\n<p data-path-to-node=\"11\">Paaugstiniet sava z\u012bmola identit\u0101ti un izceliet savus svar\u012bg\u0101kos viesus ar m\u016bsu pal\u012bdz\u012bbu <b>Met\u0101la folijas apdruk\u0101tas kakla lentas<\/b>. \u0160\u012bs kakla lentas, kas \u012bpa\u0161i izstr\u0101d\u0101tas augsta l\u012bme\u0146a pas\u0101kumiem, apbalvo\u0161anas ceremonij\u0101m un VIP piek\u013cuves kontrolei, pied\u0101v\u0101 izsmalcin\u0101t\u012bbas l\u012bmeni, kam standarta sietspiede nesp\u0113j l\u012bdzin\u0101ties.<\/p>\n<p data-path-to-node=\"12\">\u0160\u012b produkta rakstur\u012bg\u0101 iez\u012bme ir t\u0101, <b>met\u0101la folijas \u0161tanc\u0113\u0161anas process<\/b>. Tradicion\u0101l\u0101s tintes viet\u0101 m\u0113s uzspie\u017eam j\u016bsu logotipu tie\u0161i uz lentes, izmantojot karst\u0101s pres\u0113\u0161anas tehniku ar spilgt\u0101m met\u0101lisk\u0101m folij\u0101m (parasti zelta vai sudraba kr\u0101s\u0101). Tas rada asu, \u013coti atstarojo\u0161u apdari, kas mirdz pas\u0101kuma apgaismojum\u0101, nekav\u0113joties piesaistot uzman\u012bbu j\u016bsu z\u012bmolam. Tas ir lab\u0101kais risin\u0101jums kategoriz\u0113\u0161anai. <b>VIP viesi, sponsori un pas\u0101kuma darbinieki<\/b> kam j\u0101izce\u013cas no kop\u0113j\u0101 p\u016b\u013ca.<\/p>\n<p data-path-to-node=\"13\">Izgatavots no <b>augstas kvalit\u0101tes smalks poliesters<\/b>, aukli\u0146as lentas ir \u0101rk\u0101rt\u012bgi gluda un m\u012bksta, nodro\u0161inot komfortu visas dienas valk\u0101\u0161anai ar form\u0101lu ap\u0123\u0113rbu. Katra ier\u012bce standarta komplekt\u0101cij\u0101 ir apr\u012bkota ar uzticamu <b>met\u0101la karab\u012bne<\/b>, pastiprinot augst\u0101k\u0101s klases izskatu un saj\u016btu. Organizatoriem, kas mekl\u0113 patiesi \u201cluksusa\u201d identifik\u0101cijas risin\u0101jumu, \u0161\u012b ir gal\u012bg\u0101 izv\u0113le.<\/p>\n<p data-path-to-node=\"14\"><b>Galven\u0101s iez\u012bmes:<\/b><\/p>\n<ul data-path-to-node=\"15\">\n<li>\n<p data-path-to-node=\"15,0,0\"><b>Druk\u0101\u0161anas metode:<\/b> Augst\u0101k\u0101s kvalit\u0101tes met\u0101liska folijas apdruka rada sp\u012bd\u012bgu, atstarojo\u0161u un augstv\u0113rt\u012bgu logotipa apdari.<\/p>\n<\/li>\n<li>\n<p data-path-to-node=\"15,1,0\"><b>Materi\u0101ls:<\/b> Smalki austs, gluds poliesters pied\u0101v\u0101 lab\u0101ku taustes saj\u016btu sal\u012bdzin\u0101jum\u0101 ar standarta rievotaj\u0101m kakla siksni\u0146\u0101m.<\/p>\n<\/li>\n<li>\n<p data-path-to-node=\"15,2,0\"><b>M\u0113r\u0137auditorija:<\/b> Ide\u0101li piem\u0113rots VIP person\u0101m, uz\u0146\u0113mumu vad\u012bt\u0101jiem, augsta l\u012bme\u0146a sponsoriem un vakara svin\u012bb\u0101m.<\/p>\n<\/li>\n<li>\n<p data-path-to-node=\"15,3,0\"><b>Vizu\u0101l\u0101 ietekme:<\/b> Atstarojo\u0161\u0101 druka nodro\u0161ina, ka logotips ir redzams un piesaista uzman\u012bbu pat v\u0101j\u0101 apgaismojum\u0101.<\/p>\n<\/li>\n<\/ul>\n<\/div>\n<\/div>\n<\/div>\n<\/div>","protected":false},"excerpt":{"rendered":"<ul>\n<li>\n<p data-path-to-node=\"9,0,0\"><b>Ekskluz\u012bva apdare:<\/b> Augstas klases met\u0101liska folijas apdruka (zelta, sudraba u.\u00a0c. kr\u0101s\u0101) rada satrieco\u0161u atstarojo\u0161a logotipa efektu.<\/p>\n<\/li>\n<li>\n<p data-path-to-node=\"9,1,0\"><b>VIP aicin\u0101jums:<\/b> Lieliska izv\u0113le sponsoriem, run\u0101t\u0101jiem un VIP viesiem, kuriem nepiecie\u0161ama at\u0161\u0137ir\u012bga identifik\u0101cija.<\/p>\n<\/li>\n<li>\n<p data-path-to-node=\"9,2,0\"><b>Augst\u0101k\u0101s kvalit\u0101tes materi\u0101ls:<\/b> Izgatavots no gluda, smalki austa poliestera, kas ir grezns un \u0113rts pret \u0101du.<\/p>\n<\/li>\n<li>\n<p data-path-to-node=\"9,3,0\"><b>Augsta redzam\u012bba:<\/b> Mirdzo\u0161ais apdruka uztver gaismu, nodro\u0161inot, ka j\u016bsu z\u012bmols izce\u013cas jebkuros apgaismojuma apst\u0101k\u013cos.<\/p>\n<\/li>\n<li><\/li>\n<\/ul>","protected":false},"featured_media":6716,"comment_status":"closed","ping_status":"closed","template":"","meta":[],"product_brand":[],"product_cat":[43,104],"product_tag":[],"class_list":{"0":"post-1271","1":"product","2":"type-product","3":"status-publish","4":"has-post-thumbnail","6":"product_cat-lanyards","7":"product_cat-custom-printed-lanyards","9":"first","10":"instock","11":"shipping-taxable","12":"purchasable","13":"product-type-simple"},"_links":{"self":[{"href":"https:\/\/displayproducts.eu\/lv\/wp-json\/wp\/v2\/product\/1271","targetHints":{"allow":["GET"]}}],"collection":[{"href":"https:\/\/displayproducts.eu\/lv\/wp-json\/wp\/v2\/product"}],"about":[{"href":"https:\/\/displayproducts.eu\/lv\/wp-json\/wp\/v2\/types\/product"}],"replies":[{"embeddable":true,"href":"https:\/\/displayproducts.eu\/lv\/wp-json\/wp\/v2\/comments?post=1271"}],"wp:featuredmedia":[{"embeddable":true,"href":"https:\/\/displayproducts.eu\/lv\/wp-json\/wp\/v2\/media\/6716"}],"wp:attachment":[{"href":"https:\/\/displayproducts.eu\/lv\/wp-json\/wp\/v2\/media?parent=1271"}],"wp:term":[{"taxonomy":"product_brand","embeddable":true,"href":"https:\/\/displayproducts.eu\/lv\/wp-json\/wp\/v2\/product_brand?post=1271"},{"taxonomy":"product_cat","embeddable":true,"href":"https:\/\/displayproducts.eu\/lv\/wp-json\/wp\/v2\/product_cat?post=1271"},{"taxonomy":"product_tag","embeddable":true,"href":"https:\/\/displayproducts.eu\/lv\/wp-json\/wp\/v2\/product_tag?post=1271"}],"curies":[{"name":"wp","href":"https:\/\/api.w.org\/{rel}","templated":true}]}}