{"id":1268,"date":"2024-10-27T11:53:52","date_gmt":"2024-10-27T08:53:52","guid":{"rendered":"https:\/\/wristbandfactory.eu\/toode\/lanyards-with-reflective-threads\/"},"modified":"2026-04-01T21:52:36","modified_gmt":"2026-04-01T18:52:36","slug":"lanyards-with-reflective-threads","status":"publish","type":"product","link":"https:\/\/displayproducts.eu\/lv\/p\/lanyards-with-reflective-threads\/","title":{"rendered":"Kaklasaites ar atstarojo\u0161iem diegiem"},"content":{"rendered":"<div class=\"mx-12 md:mx-24 lg:mx-48\">\n<div class=\"container my-8 svelte-zlsknf\">\n<div class=\"my-24 rounded-lg border-0 border-gray-700 bg-gray-100 px-16 py-24\">\n<div class=\"mt-11 !text-gray-500\">\n<p>Palieliniet savas komandas dro\u0161\u012bbu un redzam\u012bbu vakara pas\u0101kumos, darba viet\u0101s vai korporat\u012bvajos pas\u0101kumos ar m\u016bsu pal\u012bdz\u012bbu <b>Kaklasaites ar atstarojo\u0161iem diegiem<\/b>. \u0160\u012b kakla siksni\u0146a ir meistar\u012bgi izstr\u0101d\u0101ta, lai apvienotu iespaid\u012bgu z\u012bmola t\u0113lu ar svar\u012bgu dro\u0161\u012bbas funkciju.<\/p>\n<p>Katra 90 cm gar\u0101 aukli\u0146a ir izgatavota no iztur\u012bga poliestera. At\u0161\u0137ir\u012bb\u0101 no piln\u012bb\u0101 atstarojo\u0161\u0101m aukli\u0146\u0101m, \u0161im modelim ir <b>atstarojo\u0161i diegi, kas ieausti tie\u0161i lentes materi\u0101l\u0101<\/b>. \u0160ie diegi uztver gaismu tum\u0161os vai v\u0101ja apgaismojuma apst\u0101k\u013cos, padarot valk\u0101t\u0101ju iev\u0113rojami redzam\u0101ku, neapdraudot kakla lentas komfortu vai profesion\u0101lo izskatu.<\/p>\n<p>Poliestera lentas nodro\u0161ina lielisku virsmu z\u012bmola izvieto\u0161anai. M\u0113s varam individu\u0101li uzdruk\u0101t j\u016bsu logotipu vai zi\u0146ojumu uz vienas vai div\u0101m pus\u0113m, izmantojot prec\u012bzu Pantone kr\u0101su saska\u0146o\u0161anu. Katra siksni\u0146a standarta apr\u012bkojum\u0101 ir apr\u012bkota ar uzticamu met\u0101la karab\u012bni, padarot to par funkcion\u0101lu risin\u0101jumu identifik\u0101cijas kar\u0161u, atsl\u0113gu vai piek\u013cuves kar\u0161u glab\u0101\u0161anai.<\/p>\n<p><b>Galven\u0101s iez\u012bmes:<\/b><\/p>\n<ul>\n<li><b>Ieausti atstarojo\u0161i diegi:<\/b> Diegi ir ieausti tie\u0161i poliester\u0101, lai nodro\u0161in\u0101tu labu redzam\u012bbu v\u0101j\u0101 apgaismojum\u0101.<\/li>\n<li><b>Piel\u0101gota Pantone druka:<\/b> J\u016bsu logotips tiek druk\u0101ts no vienas vai div\u0101m pus\u0113m ar prec\u012bzu Pantone kr\u0101su saska\u0146o\u0161anu.<\/li>\n<li><b>Iztur\u012bga poliestera lentas:<\/b> 90 cm gara lentas ir \u0113rta un paredz\u0113ta ikdienas lieto\u0161anai korporat\u012bvos vai pas\u0101kumu vid\u0113s.<\/li>\n<li><b>Pastiprin\u0101ta dro\u0161\u012bba:<\/b> Ide\u0101li piem\u0113rots darbiniekiem, vakara pas\u0101kumiem vai jebkurai citai videi, kur priorit\u0101te ir augsta redzam\u012bba.<\/li>\n<li><b>Standarta met\u0101la karab\u012bne:<\/b> Iek\u013cauta dro\u0161a met\u0101la karab\u012bne, pieejamas ar\u012b citas klip\u0161u iesp\u0113jas.<\/li>\n<\/ul>\n<\/div>\n<\/div>\n<\/div>\n<\/div>","protected":false},"excerpt":{"rendered":"<ul>\n<li>Apr\u012bkots ar augstas redzam\u012bbas atstarojo\u0161iem diegiem, kas ieausti tie\u0161i poliestera siksn\u0101.<\/li>\n<li>Ide\u0101li piem\u0113rots darbinieku un dal\u012bbnieku dro\u0161\u012bbas uzlabo\u0161anai vakara pas\u0101kumos.<\/li>\n<li>Piel\u0101goti izdruk\u0101jiet savu Pantone atbilsto\u0161u logotipu uz vienas vai div\u0101m pus\u0113m.<\/li>\n<li>Iztur\u012bga 90 cm lentas ar standarta met\u0101la karab\u012bni.<\/li>\n<\/ul>","protected":false},"featured_media":6719,"comment_status":"closed","ping_status":"closed","template":"","meta":[],"product_brand":[],"product_cat":[43,109],"product_tag":[],"class_list":{"0":"post-1268","1":"product","2":"type-product","3":"status-publish","4":"has-post-thumbnail","6":"product_cat-lanyards","7":"product_cat-reflective-lanyards","9":"first","10":"instock","11":"shipping-taxable","12":"purchasable","13":"product-type-simple"},"_links":{"self":[{"href":"https:\/\/displayproducts.eu\/lv\/wp-json\/wp\/v2\/product\/1268","targetHints":{"allow":["GET"]}}],"collection":[{"href":"https:\/\/displayproducts.eu\/lv\/wp-json\/wp\/v2\/product"}],"about":[{"href":"https:\/\/displayproducts.eu\/lv\/wp-json\/wp\/v2\/types\/product"}],"replies":[{"embeddable":true,"href":"https:\/\/displayproducts.eu\/lv\/wp-json\/wp\/v2\/comments?post=1268"}],"wp:featuredmedia":[{"embeddable":true,"href":"https:\/\/displayproducts.eu\/lv\/wp-json\/wp\/v2\/media\/6719"}],"wp:attachment":[{"href":"https:\/\/displayproducts.eu\/lv\/wp-json\/wp\/v2\/media?parent=1268"}],"wp:term":[{"taxonomy":"product_brand","embeddable":true,"href":"https:\/\/displayproducts.eu\/lv\/wp-json\/wp\/v2\/product_brand?post=1268"},{"taxonomy":"product_cat","embeddable":true,"href":"https:\/\/displayproducts.eu\/lv\/wp-json\/wp\/v2\/product_cat?post=1268"},{"taxonomy":"product_tag","embeddable":true,"href":"https:\/\/displayproducts.eu\/lv\/wp-json\/wp\/v2\/product_tag?post=1268"}],"curies":[{"name":"wp","href":"https:\/\/api.w.org\/{rel}","templated":true}]}}